{"id":2423,"date":"2015-05-22T10:17:51","date_gmt":"2015-05-22T09:17:51","guid":{"rendered":"http:\/\/www.bau-styl.hu\/?page_id=2423"},"modified":"2024-11-20T09:30:18","modified_gmt":"2024-11-20T08:30:18","slug":"laufen","status":"publish","type":"page","link":"https:\/\/www.bau-styl.hu\/furdoszobaszalon\/laufen\/","title":{"rendered":"Laufen"},"content":{"rendered":"<div  class='flex_column av-2giz9xz-08e134c7f94e94426ac9f7eed899c826 av_one_fifth  avia-builder-el-0  el_before_av_four_fifth  avia-builder-el-first  first flex_column_div  '     ><style type=\"text\/css\" data-created_by=\"avia_inline_auto\" id=\"style-css-av-2fn8893-3486d64707470f914dcb69eaa7f76d30\">\n.avia-image-container.av-2fn8893-3486d64707470f914dcb69eaa7f76d30 img.avia_image{\nbox-shadow:none;\n}\n.avia-image-container.av-2fn8893-3486d64707470f914dcb69eaa7f76d30 .av-image-caption-overlay-center{\ncolor:#ffffff;\n}\n<\/style>\n<div  class='avia-image-container av-2fn8893-3486d64707470f914dcb69eaa7f76d30 av-styling- avia-align-center  avia-builder-el-1  avia-builder-el-no-sibling '   itemprop=\"image\" itemscope=\"itemscope\" itemtype=\"https:\/\/schema.org\/ImageObject\" ><div class=\"avia-image-container-inner\"><div class=\"avia-image-overlay-wrap\"><img decoding=\"async\" fetchpriority=\"high\" class='wp-image-291 avia-img-lazy-loading-not-291 avia_image ' src=\"https:\/\/www.bau-styl.hu\/furdoszobaszalon\/wp-content\/uploads\/2015\/05\/logo_laufen-180x180.jpg\" alt='Laufen logo' title='logo_laufen'  height=\"180\" width=\"180\"  itemprop=\"thumbnailUrl\" srcset=\"https:\/\/www.bau-styl.hu\/furdoszobaszalon\/wp-content\/uploads\/2015\/05\/logo_laufen-180x180.jpg 180w, https:\/\/www.bau-styl.hu\/furdoszobaszalon\/wp-content\/uploads\/2015\/05\/logo_laufen-80x80.jpg 80w, https:\/\/www.bau-styl.hu\/furdoszobaszalon\/wp-content\/uploads\/2015\/05\/logo_laufen-36x36.jpg 36w, https:\/\/www.bau-styl.hu\/furdoszobaszalon\/wp-content\/uploads\/2015\/05\/logo_laufen-120x120.jpg 120w, https:\/\/www.bau-styl.hu\/furdoszobaszalon\/wp-content\/uploads\/2015\/05\/logo_laufen.jpg 300w\" sizes=\"(max-width: 180px) 100vw, 180px\" \/><\/div><\/div><\/div><\/div>\n\n<style type=\"text\/css\" data-created_by=\"avia_inline_auto\" id=\"style-css-av-2dp9so7-21bec2d3df2e901f415eb530c6fc61dd\">\n.flex_column.av-2dp9so7-21bec2d3df2e901f415eb530c6fc61dd{\nborder-radius:0px 0px 0px 0px;\npadding:0px 0px 0px 0px;\n}\n<\/style>\n<div  class='flex_column av-2dp9so7-21bec2d3df2e901f415eb530c6fc61dd av_four_fifth  avia-builder-el-2  el_after_av_one_fifth  el_before_av_one_third  flex_column_div av-zero-column-padding  '     ><section  class='av_textblock_section av-2b586jr-e332f5495248391f35d44f691ea5f500 '   itemscope=\"itemscope\" itemtype=\"https:\/\/schema.org\/CreativeWork\" ><div class='avia_textblock'  itemprop=\"text\" ><p><strong>LAUFEN<\/strong><\/p>\n<hr \/>\n<p style=\"text-align: justify;\">A Laufen 1892-ban alakult Sv\u00e1jcban. Az imm\u00e1r t\u00f6bb, mint 120 \u00e9ve m\u0171k\u00f6d\u0151 v\u00e1llalat rengeteg\u00a0v\u00e1ltoz\u00e1son esett \u00e1t az \u00e9vek alatt, de ennek k\u00f6sz\u00f6nhet\u0151, hogy ez a m\u00e1rka t\u00f6k\u00e9letesen t\u00fckr\u00f6zi a\u00a0design, a min\u0151s\u00e9g \u00e9s a funkcionalit\u00e1s szimbi\u00f3zis\u00e1t. A c\u00e9g f\u0151kompetenci\u00e1ja a szaniterek gy\u00e1rt\u00e1sa. Ami\u00a0a term\u00e9keket els\u0151 l\u00e1t\u00e1sra is egyediv\u00e9 teszi, hogy a sv\u00e1jci tervez\u00e9s egyes\u00edti a k\u00e9t nagy design trendet:\u00a0az \u00e9rzelmes olasz design-t \u00e9s az \u00e9szaki hagyom\u00e1ny tervez\u00e9si pontoss\u00e1g\u00e1t.<\/p>\n<\/div><\/section><\/div>\n<div  class='flex_column av-22u2pxj-532a14629f8d1b0ca9abaff09524e080 av_one_third  avia-builder-el-4  el_after_av_four_fifth  el_before_av_one_third  first flex_column_div  '     ><p><section  class='av_textblock_section av-21492h3-5ea3cc4f773e1424d159ef5113ae410b '   itemscope=\"itemscope\" itemtype=\"https:\/\/schema.org\/CreativeWork\" ><div class='avia_textblock'  itemprop=\"text\" ><p><strong>CITYPLUS<\/strong><\/p>\n<\/div><\/section><br \/>\n\n<style type=\"text\/css\" data-created_by=\"avia_inline_auto\" id=\"style-css-av-1zv21xz-1dcc6401168ca4f294da4f96f66547c5\">\n.avia-image-container.av-1zv21xz-1dcc6401168ca4f294da4f96f66547c5 img.avia_image{\nbox-shadow:none;\n}\n.avia-image-container.av-1zv21xz-1dcc6401168ca4f294da4f96f66547c5 .av-image-caption-overlay-center{\ncolor:#ffffff;\n}\n<\/style>\n<div  class='avia-image-container av-1zv21xz-1dcc6401168ca4f294da4f96f66547c5 av-styling- av-hover-grow av-hide-overflow av-img-linked avia-align-center  avia-builder-el-6  el_after_av_textblock  avia-builder-el-last '   itemprop=\"image\" itemscope=\"itemscope\" itemtype=\"https:\/\/schema.org\/ImageObject\" ><div class=\"avia-image-container-inner\"><div class=\"avia-image-overlay-wrap\"><a href=\"https:\/\/www.bau-styl.hu\/furdoszobaszalon\/laufen-cityplus\/\" class='avia_image '  aria-label='Laufen Cityplus'><img decoding=\"async\" fetchpriority=\"high\" class='wp-image-11990 avia-img-lazy-loading-not-11990 avia_image ' src=\"https:\/\/www.bau-styl.hu\/furdoszobaszalon\/wp-content\/uploads\/2018\/03\/Laufen_Cityplus-8-495x400.jpeg\" alt='Laufen Cityplus' title='Laufen Cityplus'  height=\"400\" width=\"495\"  itemprop=\"thumbnailUrl\"  \/><\/a><\/div><\/div><\/div><\/p><\/div>\n<div  class='flex_column av-1xv3lrr-e4e13859a3e07066f49bd19f52ddf890 av_one_third  avia-builder-el-7  el_after_av_one_third  el_before_av_one_third  flex_column_div  '     ><p><section  class='av_textblock_section av-1wkji9j-f85c46846e212efdfe67bc870ea26a8b '   itemscope=\"itemscope\" itemtype=\"https:\/\/schema.org\/CreativeWork\" ><div class='avia_textblock'  itemprop=\"text\" ><p><strong>CLEANET RIVA<\/strong><\/p>\n<\/div><\/section><br \/>\n\n<style type=\"text\/css\" data-created_by=\"avia_inline_auto\" id=\"style-css-av-1v1g9nr-d4f9571c6116b1f5dc593602bd9f48c1\">\n.avia-image-container.av-1v1g9nr-d4f9571c6116b1f5dc593602bd9f48c1 img.avia_image{\nbox-shadow:none;\n}\n.avia-image-container.av-1v1g9nr-d4f9571c6116b1f5dc593602bd9f48c1 .av-image-caption-overlay-center{\ncolor:#ffffff;\n}\n<\/style>\n<div  class='avia-image-container av-1v1g9nr-d4f9571c6116b1f5dc593602bd9f48c1 av-styling- av-hover-grow av-hide-overflow av-img-linked avia-align-center  avia-builder-el-9  el_after_av_textblock  avia-builder-el-last '   itemprop=\"image\" itemscope=\"itemscope\" itemtype=\"https:\/\/schema.org\/ImageObject\" ><div class=\"avia-image-container-inner\"><div class=\"avia-image-overlay-wrap\"><a href=\"https:\/\/www.bau-styl.hu\/furdoszobaszalon\/laufen-cleanet-riva\/\" class='avia_image '  aria-label='Laufen Cleanet Riva'><img decoding=\"async\" fetchpriority=\"high\" class='wp-image-12122 avia-img-lazy-loading-not-12122 avia_image ' src=\"https:\/\/www.bau-styl.hu\/furdoszobaszalon\/wp-content\/uploads\/2018\/03\/Laufen-Cleanet-Riva-4-495x400.jpg\" alt='Laufen Cleanet Riva' title='Laufen Cleanet Riva'  height=\"400\" width=\"495\"  itemprop=\"thumbnailUrl\" srcset=\"https:\/\/www.bau-styl.hu\/furdoszobaszalon\/wp-content\/uploads\/2018\/03\/Laufen-Cleanet-Riva-4-495x400.jpg 495w, https:\/\/www.bau-styl.hu\/furdoszobaszalon\/wp-content\/uploads\/2018\/03\/Laufen-Cleanet-Riva-4-845x684.jpg 845w\" sizes=\"(max-width: 495px) 100vw, 495px\" \/><\/a><\/div><\/div><\/div><\/p><\/div>\n\n<style type=\"text\/css\" data-created_by=\"avia_inline_auto\" id=\"style-css-av-1j55vxj-a1a388eaf77f48ee327296405872898f\">\n.flex_column.av-1j55vxj-a1a388eaf77f48ee327296405872898f{\nborder-radius:0px 0px 0px 0px;\npadding:0px 0px 0px 0px;\n}\n<\/style>\n<div  class='flex_column av-1j55vxj-a1a388eaf77f48ee327296405872898f av_one_third  avia-builder-el-10  el_after_av_one_third  el_before_av_one_third  flex_column_div av-zero-column-padding  '     ><p><section  class='av_textblock_section av-1hba9uf-90a2d835c064d5c0430656e81d04a95f '   itemscope=\"itemscope\" itemtype=\"https:\/\/schema.org\/CreativeWork\" ><div class='avia_textblock'  itemprop=\"text\" ><p><strong>INO<\/strong><\/p>\n<\/div><\/section><br \/>\n\n<style type=\"text\/css\" data-created_by=\"avia_inline_auto\" id=\"style-css-av-1gl6793-b530b0dd611c8623b3d7ba09e96f3f75\">\n.avia-image-container.av-1gl6793-b530b0dd611c8623b3d7ba09e96f3f75 img.avia_image{\nbox-shadow:none;\n}\n.avia-image-container.av-1gl6793-b530b0dd611c8623b3d7ba09e96f3f75 .av-image-caption-overlay-center{\ncolor:#ffffff;\n}\n<\/style>\n<div  class='avia-image-container av-1gl6793-b530b0dd611c8623b3d7ba09e96f3f75 av-styling- av-hover-grow av-hide-overflow av-img-linked avia-align-center  avia-builder-el-12  el_after_av_textblock  avia-builder-el-last '   itemprop=\"image\" itemscope=\"itemscope\" itemtype=\"https:\/\/schema.org\/ImageObject\" ><div class=\"avia-image-container-inner\"><div class=\"avia-image-overlay-wrap\"><a href=\"https:\/\/www.bau-styl.hu\/furdoszobaszalon\/laufen-ino\/\" class='avia_image '  aria-label='Laufen Ino'><img decoding=\"async\" fetchpriority=\"high\" class='wp-image-26278 avia-img-lazy-loading-not-26278 avia_image ' src=\"https:\/\/www.bau-styl.hu\/furdoszobaszalon\/wp-content\/uploads\/2020\/09\/Laufen-Ino-5-495x400.jpeg\" alt='Laufen Ino' title='Laufen Ino'  height=\"400\" width=\"495\"  itemprop=\"thumbnailUrl\" srcset=\"https:\/\/www.bau-styl.hu\/furdoszobaszalon\/wp-content\/uploads\/2020\/09\/Laufen-Ino-5-495x400.jpeg 495w, https:\/\/www.bau-styl.hu\/furdoszobaszalon\/wp-content\/uploads\/2020\/09\/Laufen-Ino-5-845x684.jpeg 845w\" sizes=\"(max-width: 495px) 100vw, 495px\" \/><\/a><\/div><\/div><\/div><\/p><\/div>\n\n<style type=\"text\/css\" data-created_by=\"avia_inline_auto\" id=\"style-css-av-1a9hedj-ca1fd8aceacc233244b0af487fd5120a\">\n.flex_column.av-1a9hedj-ca1fd8aceacc233244b0af487fd5120a{\nborder-radius:0px 0px 0px 0px;\npadding:0px 0px 0px 0px;\n}\n<\/style>\n<div  class='flex_column av-1a9hedj-ca1fd8aceacc233244b0af487fd5120a av_one_third  avia-builder-el-13  el_after_av_one_third  el_before_av_one_third  first flex_column_div av-zero-column-padding  column-top-margin'     ><p><section  class='av_textblock_section av-17hw0av-f6153012d145ab4818b8864d9735041a '   itemscope=\"itemscope\" itemtype=\"https:\/\/schema.org\/CreativeWork\" ><div class='avia_textblock'  itemprop=\"text\" ><p><strong>PRO<\/strong><\/p>\n<\/div><\/section><br \/>\n\n<style type=\"text\/css\" data-created_by=\"avia_inline_auto\" id=\"style-css-av-15y5enb-3e066ca3e8c4d6386d7970f427936f2f\">\n.avia-image-container.av-15y5enb-3e066ca3e8c4d6386d7970f427936f2f img.avia_image{\nbox-shadow:none;\n}\n.avia-image-container.av-15y5enb-3e066ca3e8c4d6386d7970f427936f2f .av-image-caption-overlay-center{\ncolor:#ffffff;\n}\n<\/style>\n<div  class='avia-image-container av-15y5enb-3e066ca3e8c4d6386d7970f427936f2f av-styling- av-hover-grow av-hide-overflow av-img-linked avia-align-center  avia-builder-el-15  el_after_av_textblock  avia-builder-el-last '   itemprop=\"image\" itemscope=\"itemscope\" itemtype=\"https:\/\/schema.org\/ImageObject\" ><div class=\"avia-image-container-inner\"><div class=\"avia-image-overlay-wrap\"><a href=\"https:\/\/www.bau-styl.hu\/furdoszobaszalon\/laufen-laufenpro\/\" class='avia_image '  aria-label='Laufen - Pro (27)'><img decoding=\"async\" fetchpriority=\"high\" class='wp-image-29966 avia-img-lazy-loading-not-29966 avia_image ' src=\"https:\/\/www.bau-styl.hu\/furdoszobaszalon\/wp-content\/uploads\/2021\/01\/Laufen-Pro-27-495x400.jpg\" alt='Laufen - Pro' title='Laufen - Pro (27)'  height=\"400\" width=\"495\"  itemprop=\"thumbnailUrl\"  \/><\/a><\/div><\/div><\/div><\/p><\/div>\n\n<style type=\"text\/css\" data-created_by=\"avia_inline_auto\" id=\"style-css-av-15c32yv-e455bd5ec89487f8490fd909acc61731\">\n.flex_column.av-15c32yv-e455bd5ec89487f8490fd909acc61731{\nborder-radius:0px 0px 0px 0px;\npadding:0px 0px 0px 0px;\n}\n<\/style>\n<div  class='flex_column av-15c32yv-e455bd5ec89487f8490fd909acc61731 av_one_third  avia-builder-el-16  el_after_av_one_third  el_before_av_one_third  flex_column_div av-zero-column-padding  column-top-margin'     ><p><section  class='av_textblock_section av-12dix47-56d2336664441d64d81fef718ab2a53c '   itemscope=\"itemscope\" itemtype=\"https:\/\/schema.org\/CreativeWork\" ><div class='avia_textblock'  itemprop=\"text\" ><p><strong>PRO S<\/strong><\/p>\n<\/div><\/section><br \/>\n\n<style type=\"text\/css\" data-created_by=\"avia_inline_auto\" id=\"style-css-av-11hmiiv-3faac16bb1c2ac89e18ffdf846c07351\">\n.avia-image-container.av-11hmiiv-3faac16bb1c2ac89e18ffdf846c07351 img.avia_image{\nbox-shadow:none;\n}\n.avia-image-container.av-11hmiiv-3faac16bb1c2ac89e18ffdf846c07351 .av-image-caption-overlay-center{\ncolor:#ffffff;\n}\n<\/style>\n<div  class='avia-image-container av-11hmiiv-3faac16bb1c2ac89e18ffdf846c07351 av-styling- av-hover-grow av-hide-overflow av-img-linked avia-align-center  avia-builder-el-18  el_after_av_textblock  avia-builder-el-last '   itemprop=\"image\" itemscope=\"itemscope\" itemtype=\"https:\/\/schema.org\/ImageObject\" ><div class=\"avia-image-container-inner\"><div class=\"avia-image-overlay-wrap\"><a href=\"https:\/\/www.bau-styl.hu\/furdoszobaszalon\/laufen-pro-s\/\" class='avia_image '  aria-label='Laufen Pro S'><img decoding=\"async\" fetchpriority=\"high\" class='wp-image-26212 avia-img-lazy-loading-not-26212 avia_image ' src=\"https:\/\/www.bau-styl.hu\/furdoszobaszalon\/wp-content\/uploads\/2020\/09\/Laufen-Pro-S-4-495x400.jpeg\" alt='Laufen Pro S' title='Laufen Pro S'  height=\"400\" width=\"495\"  itemprop=\"thumbnailUrl\"  \/><\/a><\/div><\/div><\/div><\/p><\/div>\n\n<style type=\"text\/css\" data-created_by=\"avia_inline_auto\" id=\"style-css-av-100r0af-4a5a1796f39ef7dda2a7eef62d34a8f6\">\n.flex_column.av-100r0af-4a5a1796f39ef7dda2a7eef62d34a8f6{\nborder-radius:0px 0px 0px 0px;\npadding:0px 0px 0px 0px;\n}\n<\/style>\n<div  class='flex_column av-100r0af-4a5a1796f39ef7dda2a7eef62d34a8f6 av_one_third  avia-builder-el-19  el_after_av_one_third  el_before_av_one_third  flex_column_div av-zero-column-padding  column-top-margin'     ><p><section  class='av_textblock_section av-xgalrb-c5f6cecd6d1310de2662d0a39a74253d '   itemscope=\"itemscope\" itemtype=\"https:\/\/schema.org\/CreativeWork\" ><div class='avia_textblock'  itemprop=\"text\" ><p><strong>LAURIN<\/strong><\/p>\n<\/div><\/section><br \/>\n\n<style type=\"text\/css\" data-created_by=\"avia_inline_auto\" id=\"style-css-av-wnyl2v-f98034a3e3f1f0fdcc6ecf073dc54165\">\n.avia-image-container.av-wnyl2v-f98034a3e3f1f0fdcc6ecf073dc54165 img.avia_image{\nbox-shadow:none;\n}\n.avia-image-container.av-wnyl2v-f98034a3e3f1f0fdcc6ecf073dc54165 .av-image-caption-overlay-center{\ncolor:#ffffff;\n}\n<\/style>\n<div  class='avia-image-container av-wnyl2v-f98034a3e3f1f0fdcc6ecf073dc54165 av-styling- av-hover-grow av-hide-overflow av-img-linked avia-align-center  avia-builder-el-21  el_after_av_textblock  avia-builder-el-last '   itemprop=\"image\" itemscope=\"itemscope\" itemtype=\"https:\/\/schema.org\/ImageObject\" ><div class=\"avia-image-container-inner\"><div class=\"avia-image-overlay-wrap\"><a href=\"https:\/\/www.bau-styl.hu\/furdoszobaszalon\/laufen-laurin\/\" class='avia_image '  aria-label='Laufen Laurin (1)'><img decoding=\"async\" fetchpriority=\"high\" class='wp-image-30096 avia-img-lazy-loading-not-30096 avia_image ' src=\"https:\/\/www.bau-styl.hu\/furdoszobaszalon\/wp-content\/uploads\/2021\/02\/Laufen-Laurin-1-495x400.jpeg\" alt='Laufen Laurin' title='Laufen Laurin (1)'  height=\"400\" width=\"495\"  itemprop=\"thumbnailUrl\"  \/><\/a><\/div><\/div><\/div><\/p><\/div>\n\n<style type=\"text\/css\" data-created_by=\"avia_inline_auto\" id=\"style-css-av-uuwc3b-6fe6205452277025d967baf80bba3253\">\n.flex_column.av-uuwc3b-6fe6205452277025d967baf80bba3253{\nborder-radius:0px 0px 0px 0px;\npadding:0px 0px 0px 0px;\n}\n<\/style>\n<div  class='flex_column av-uuwc3b-6fe6205452277025d967baf80bba3253 av_one_third  avia-builder-el-22  el_after_av_one_third  el_before_av_one_third  first flex_column_div av-zero-column-padding  column-top-margin'     ><p><section  class='av_textblock_section av-t52omv-f0f68d7312e6440d27262ccb112ae2c6 '   itemscope=\"itemscope\" itemtype=\"https:\/\/schema.org\/CreativeWork\" ><div class='avia_textblock'  itemprop=\"text\" ><p><strong>LIVING<\/strong><\/p>\n<\/div><\/section><br \/>\n\n<style type=\"text\/css\" data-created_by=\"avia_inline_auto\" id=\"style-css-av-r0ok07-e38d9ba348ae054797f426154a87bc82\">\n.avia-image-container.av-r0ok07-e38d9ba348ae054797f426154a87bc82 img.avia_image{\nbox-shadow:none;\n}\n.avia-image-container.av-r0ok07-e38d9ba348ae054797f426154a87bc82 .av-image-caption-overlay-center{\ncolor:#ffffff;\n}\n<\/style>\n<div  class='avia-image-container av-r0ok07-e38d9ba348ae054797f426154a87bc82 av-styling- av-hover-grow av-hide-overflow av-img-linked avia-align-center  avia-builder-el-24  el_after_av_textblock  avia-builder-el-last '   itemprop=\"image\" itemscope=\"itemscope\" itemtype=\"https:\/\/schema.org\/ImageObject\" ><div class=\"avia-image-container-inner\"><div class=\"avia-image-overlay-wrap\"><a href=\"https:\/\/www.bau-styl.hu\/furdoszobaszalon\/laufen-living\/\" class='avia_image '  aria-label='Laufen Living'><img decoding=\"async\" fetchpriority=\"high\" class='wp-image-26447 avia-img-lazy-loading-not-26447 avia_image ' src=\"https:\/\/www.bau-styl.hu\/furdoszobaszalon\/wp-content\/uploads\/2020\/09\/Laufen-Living-28-495x400.jpeg\" alt='Laufen Living' title='Laufen Living'  height=\"400\" width=\"495\"  itemprop=\"thumbnailUrl\"  \/><\/a><\/div><\/div><\/div><\/p><\/div>\n\n<style type=\"text\/css\" data-created_by=\"avia_inline_auto\" id=\"style-css-av-g85prr-7eeb03e98e0f805d8a88507d84e9a8e4\">\n.flex_column.av-g85prr-7eeb03e98e0f805d8a88507d84e9a8e4{\nborder-radius:0px 0px 0px 0px;\npadding:0px 0px 0px 0px;\n}\n<\/style>\n<div  class='flex_column av-g85prr-7eeb03e98e0f805d8a88507d84e9a8e4 av_one_third  avia-builder-el-25  el_after_av_one_third  el_before_av_one_third  flex_column_div av-zero-column-padding  column-top-margin'     ><p><section  class='av_textblock_section av-1fcwif-81e396d4ff81975dcd91765f3414c2ee '   itemscope=\"itemscope\" itemtype=\"https:\/\/schema.org\/CreativeWork\" ><div class='avia_textblock'  itemprop=\"text\" ><p><strong>PALOMBA<\/strong><\/p>\n<\/div><\/section><br \/>\n\n<style type=\"text\/css\" data-created_by=\"avia_inline_auto\" id=\"style-css-av-bvdurb-d92ae396a56369bfb45478e9c534c978\">\n.avia-image-container.av-bvdurb-d92ae396a56369bfb45478e9c534c978 img.avia_image{\nbox-shadow:none;\n}\n.avia-image-container.av-bvdurb-d92ae396a56369bfb45478e9c534c978 .av-image-caption-overlay-center{\ncolor:#ffffff;\n}\n<\/style>\n<div  class='avia-image-container av-bvdurb-d92ae396a56369bfb45478e9c534c978 av-styling- av-hover-grow av-hide-overflow av-img-linked avia-align-center  avia-builder-el-27  el_after_av_textblock  avia-builder-el-last '   itemprop=\"image\" itemscope=\"itemscope\" itemtype=\"https:\/\/schema.org\/ImageObject\" ><div class=\"avia-image-container-inner\"><div class=\"avia-image-overlay-wrap\"><a href=\"https:\/\/www.bau-styl.hu\/furdoszobaszalon\/laufen-palomba\/\" class='avia_image '  aria-label='Laufen Palomba'><img decoding=\"async\" fetchpriority=\"high\" class='wp-image-2342 avia-img-lazy-loading-not-2342 avia_image ' src=\"https:\/\/www.bau-styl.hu\/furdoszobaszalon\/wp-content\/uploads\/2015\/05\/laufen_palomba_-22-495x400.jpg\" alt='Laufen Palomba' title='Laufen Palomba'  height=\"400\" width=\"495\"  itemprop=\"thumbnailUrl\"  \/><\/a><\/div><\/div><\/div><\/p><\/div>\n\n<style type=\"text\/css\" data-created_by=\"avia_inline_auto\" id=\"style-css-av-5c527r-6ba605a65ce4612af2a217834862371a\">\n.flex_column.av-5c527r-6ba605a65ce4612af2a217834862371a{\nborder-radius:0px 0px 0px 0px;\npadding:0px 0px 0px 0px;\n}\n<\/style>\n<div  class='flex_column av-5c527r-6ba605a65ce4612af2a217834862371a av_one_third  avia-builder-el-28  el_after_av_one_third  el_before_av_one_third  flex_column_div av-zero-column-padding  column-top-margin'     ><p><section  class='av_textblock_section av-fkr1z-a536e74b50f27c2effe533646a201699 '   itemscope=\"itemscope\" itemtype=\"https:\/\/schema.org\/CreativeWork\" ><div class='avia_textblock'  itemprop=\"text\" ><p><strong>THE NEW CLASSIC<\/strong><\/p>\n<\/div><\/section><br \/>\n\n<style type=\"text\/css\" data-created_by=\"avia_inline_auto\" id=\"style-css-av-25dbxj-84985e3f129482a12f2b928dfbc6f9d2\">\n.avia-image-container.av-25dbxj-84985e3f129482a12f2b928dfbc6f9d2 img.avia_image{\nbox-shadow:none;\n}\n.avia-image-container.av-25dbxj-84985e3f129482a12f2b928dfbc6f9d2 .av-image-caption-overlay-center{\ncolor:#ffffff;\n}\n<\/style>\n<div  class='avia-image-container av-25dbxj-84985e3f129482a12f2b928dfbc6f9d2 av-styling- av-hover-grow av-hide-overflow av-img-linked avia-align-center  avia-builder-el-30  el_after_av_textblock  avia-builder-el-last '   itemprop=\"image\" itemscope=\"itemscope\" itemtype=\"https:\/\/schema.org\/ImageObject\" ><div class=\"avia-image-container-inner\"><div class=\"avia-image-overlay-wrap\"><a href=\"https:\/\/www.bau-styl.hu\/furdoszobaszalon\/laufen-the-new-classic\/\" class='avia_image '  aria-label='Laufen - The New Classic (52)'><img decoding=\"async\" fetchpriority=\"high\" class='wp-image-29935 avia-img-lazy-loading-not-29935 avia_image ' src=\"https:\/\/www.bau-styl.hu\/furdoszobaszalon\/wp-content\/uploads\/2021\/01\/Laufen-The-New-Classic-52-495x400.jpg\" alt='Laufen - The New Classic' title='Laufen - The New Classic (52)'  height=\"400\" width=\"495\"  itemprop=\"thumbnailUrl\"  \/><\/a><\/div><\/div><\/div><\/p><\/div>\n\n<style type=\"text\/css\" data-created_by=\"avia_inline_auto\" id=\"style-css-av-5c527r-3-5b517634f9307e50c2191c54aa99b933\">\n.flex_column.av-5c527r-3-5b517634f9307e50c2191c54aa99b933{\nborder-radius:0px 0px 0px 0px;\npadding:0px 0px 0px 0px;\n}\n<\/style>\n<div  class='flex_column av-5c527r-3-5b517634f9307e50c2191c54aa99b933 av_one_third  avia-builder-el-31  el_after_av_one_third  avia-builder-el-last  first flex_column_div av-zero-column-padding  column-top-margin'     ><p><section  class='av_textblock_section av-fkr1z-2-a0821a9c5f23176097cb7150c1804a0d '   itemscope=\"itemscope\" itemtype=\"https:\/\/schema.org\/CreativeWork\" ><div class='avia_textblock'  itemprop=\"text\" ><p><strong>VAL<\/strong><\/p>\n<\/div><\/section><br \/>\n\n<style type=\"text\/css\" data-created_by=\"avia_inline_auto\" id=\"style-css-av-25dbxj-1-49299ae879b71377b98aee981a440b3f\">\n.avia-image-container.av-25dbxj-1-49299ae879b71377b98aee981a440b3f img.avia_image{\nbox-shadow:none;\n}\n.avia-image-container.av-25dbxj-1-49299ae879b71377b98aee981a440b3f .av-image-caption-overlay-center{\ncolor:#ffffff;\n}\n<\/style>\n<div  class='avia-image-container av-25dbxj-1-49299ae879b71377b98aee981a440b3f av-styling- av-hover-grow av-hide-overflow av-img-linked avia-align-center  avia-builder-el-33  el_after_av_textblock  avia-builder-el-last '   itemprop=\"image\" itemscope=\"itemscope\" itemtype=\"https:\/\/schema.org\/ImageObject\" ><div class=\"avia-image-container-inner\"><div class=\"avia-image-overlay-wrap\"><a href=\"https:\/\/www.bau-styl.hu\/furdoszobaszalon\/laufen-val\/\" class='avia_image '  aria-label='Laufen Val'><img decoding=\"async\" fetchpriority=\"high\" class='wp-image-7594 avia-img-lazy-loading-not-7594 avia_image ' src=\"https:\/\/www.bau-styl.hu\/furdoszobaszalon\/wp-content\/uploads\/2016\/10\/Laufen-Val-6-495x400.jpeg\" alt='Laufen Val' title='Laufen Val'  height=\"400\" width=\"495\"  itemprop=\"thumbnailUrl\" srcset=\"https:\/\/www.bau-styl.hu\/furdoszobaszalon\/wp-content\/uploads\/2016\/10\/Laufen-Val-6-495x400.jpeg 495w, https:\/\/www.bau-styl.hu\/furdoszobaszalon\/wp-content\/uploads\/2016\/10\/Laufen-Val-6-845x684.jpeg 845w\" sizes=\"(max-width: 495px) 100vw, 495px\" \/><\/a><\/div><\/div><\/div><\/p><\/div>\n","protected":false},"excerpt":{"rendered":"","protected":false},"author":2,"featured_media":0,"parent":0,"menu_order":0,"comment_status":"closed","ping_status":"closed","template":"","meta":{"footnotes":""},"class_list":["post-2423","page","type-page","status-publish","hentry"],"aioseo_notices":[],"_links":{"self":[{"href":"https:\/\/www.bau-styl.hu\/furdoszobaszalon\/wp-json\/wp\/v2\/pages\/2423","targetHints":{"allow":["GET"]}}],"collection":[{"href":"https:\/\/www.bau-styl.hu\/furdoszobaszalon\/wp-json\/wp\/v2\/pages"}],"about":[{"href":"https:\/\/www.bau-styl.hu\/furdoszobaszalon\/wp-json\/wp\/v2\/types\/page"}],"author":[{"embeddable":true,"href":"https:\/\/www.bau-styl.hu\/furdoszobaszalon\/wp-json\/wp\/v2\/users\/2"}],"replies":[{"embeddable":true,"href":"https:\/\/www.bau-styl.hu\/furdoszobaszalon\/wp-json\/wp\/v2\/comments?post=2423"}],"version-history":[{"count":0,"href":"https:\/\/www.bau-styl.hu\/furdoszobaszalon\/wp-json\/wp\/v2\/pages\/2423\/revisions"}],"wp:attachment":[{"href":"https:\/\/www.bau-styl.hu\/furdoszobaszalon\/wp-json\/wp\/v2\/media?parent=2423"}],"curies":[{"name":"wp","href":"https:\/\/api.w.org\/{rel}","templated":true}]}}