{"id":2427,"date":"2015-05-22T10:24:42","date_gmt":"2015-05-22T09:24:42","guid":{"rendered":"http:\/\/www.bau-styl.hu\/?page_id=2427"},"modified":"2024-11-20T09:07:59","modified_gmt":"2024-11-20T08:07:59","slug":"bugnatese","status":"publish","type":"page","link":"https:\/\/www.bau-styl.hu\/furdoszobaszalon\/bugnatese\/","title":{"rendered":"Bugnatese"},"content":{"rendered":"<div  class='flex_column av-2u3w4b-10996049a581ae6d2d317d3a676d6fe6 av_one_fifth  avia-builder-el-0  el_before_av_four_fifth  avia-builder-el-first  first flex_column_div  '     ><style type=\"text\/css\" data-created_by=\"avia_inline_auto\" id=\"style-css-av-rakcnf-eb36887e924e3b26f3188cc27f6c504e\">\n.avia-image-container.av-rakcnf-eb36887e924e3b26f3188cc27f6c504e img.avia_image{\nbox-shadow:none;\n}\n.avia-image-container.av-rakcnf-eb36887e924e3b26f3188cc27f6c504e .av-image-caption-overlay-center{\ncolor:#ffffff;\n}\n<\/style>\n<div  class='avia-image-container av-rakcnf-eb36887e924e3b26f3188cc27f6c504e av-styling- avia-align-center  avia-builder-el-1  avia-builder-el-no-sibling '   itemprop=\"image\" itemscope=\"itemscope\" itemtype=\"https:\/\/schema.org\/ImageObject\" ><div class=\"avia-image-container-inner\"><div class=\"avia-image-overlay-wrap\"><img decoding=\"async\" fetchpriority=\"high\" class='wp-image-2428 avia-img-lazy-loading-not-2428 avia_image ' src=\"https:\/\/www.bau-styl.hu\/furdoszobaszalon\/wp-content\/uploads\/2015\/05\/logo_bugnatese-180x180.jpg\" alt='Bugnatese logo' title='logo_bugnatese'  height=\"180\" width=\"180\"  itemprop=\"thumbnailUrl\" srcset=\"https:\/\/www.bau-styl.hu\/furdoszobaszalon\/wp-content\/uploads\/2015\/05\/logo_bugnatese-180x180.jpg 180w, https:\/\/www.bau-styl.hu\/furdoszobaszalon\/wp-content\/uploads\/2015\/05\/logo_bugnatese-80x80.jpg 80w, https:\/\/www.bau-styl.hu\/furdoszobaszalon\/wp-content\/uploads\/2015\/05\/logo_bugnatese-36x36.jpg 36w, https:\/\/www.bau-styl.hu\/furdoszobaszalon\/wp-content\/uploads\/2015\/05\/logo_bugnatese-120x120.jpg 120w, https:\/\/www.bau-styl.hu\/furdoszobaszalon\/wp-content\/uploads\/2015\/05\/logo_bugnatese.jpg 300w\" sizes=\"(max-width: 180px) 100vw, 180px\" \/><\/div><\/div><\/div><\/div>\n\n<style type=\"text\/css\" data-created_by=\"avia_inline_auto\" id=\"style-css-av-q6j5xn-7a77204b25a0b5c0dcd2199040de0d23\">\n.flex_column.av-q6j5xn-7a77204b25a0b5c0dcd2199040de0d23{\nborder-radius:0px 0px 0px 0px;\npadding:0px 0px 0px 0px;\n}\n<\/style>\n<div  class='flex_column av-q6j5xn-7a77204b25a0b5c0dcd2199040de0d23 av_four_fifth  avia-builder-el-2  el_after_av_one_fifth  el_before_av_hr  flex_column_div av-zero-column-padding  '     ><section  class='av_textblock_section av-o1lbff-2da811f87ddb6bf55b44eac6ff7111d1 '   itemscope=\"itemscope\" itemtype=\"https:\/\/schema.org\/CreativeWork\" ><div class='avia_textblock'  itemprop=\"text\" ><p><strong>BUGNATESE<\/strong><\/p>\n<hr \/>\n<p style=\"text-align: justify;\">A Bugnatese csaptelep gy\u00e1rat Cipriano Marietta alap\u00edtotta 1950\u00ad-ben Olaszorsz\u00e1gban. Ennek a\u00a0kiv\u00e1l\u00f3 csaptelepgy\u00e1rt\u00f3nak rendk\u00edv\u00fcl sz\u00e9les a term\u00e9kpalett\u00e1ja, melyben nagy v\u00e1laszt\u00e9kban\u00a0tal\u00e1lhatunk klasszikus, mediterr\u00e1n vagy modern st\u00edlus\u00fa csaptelepet hatalmas sz\u00ednv\u00e1laszt\u00e9kban. A\u00a0Bugnatese term\u00e9kek mind magukon hordozz\u00e1k a hozz\u00e1\u00e9rt\u00e9st \u00e9s az olasz \u00e9let\u00e9rz\u00e9st, valamint\u00a0mind megfelelnek a legmagasabb min\u0151s\u00e9gi elv\u00e1r\u00e1soknak.<\/p>\n<\/div><\/section><\/div>\n\n<style type=\"text\/css\" data-created_by=\"avia_inline_auto\" id=\"style-css-av-28wuzf-cc43255bc93cc481fe7e68c5d6ec1a17\">\n#top .hr.hr-invisible.av-28wuzf-cc43255bc93cc481fe7e68c5d6ec1a17{\nheight:50px;\n}\n<\/style>\n<div  class='hr av-28wuzf-cc43255bc93cc481fe7e68c5d6ec1a17 hr-invisible  avia-builder-el-4  el_after_av_four_fifth  el_before_av_one_third '><span class='hr-inner '><span class=\"hr-inner-style\"><\/span><\/span><\/div>\n\n<style type=\"text\/css\" data-created_by=\"avia_inline_auto\" id=\"style-css-av-kxfw7f-e8386fe5c8fa3b1950b6e8e397c45258\">\n.flex_column.av-kxfw7f-e8386fe5c8fa3b1950b6e8e397c45258{\nborder-radius:0px 0px 0px 0px;\npadding:0px 0px 0px 0px;\n}\n<\/style>\n<div  class='flex_column av-kxfw7f-e8386fe5c8fa3b1950b6e8e397c45258 av_one_third  avia-builder-el-5  el_after_av_hr  el_before_av_one_third  first flex_column_div av-zero-column-padding avia-link-column av-column-link  '    data-link-column-url=\"https:\/\/www.bau-styl.hu\/furdoszobaszalon\/bugnatese-athena\/\"   ><a class=\"av-screen-reader-only\" href=https:\/\/www.bau-styl.hu\/furdoszobaszalon\/bugnatese-athena\/ >Link to: Bugnatese &#8211; Athena<\/a><p><section  class='av_textblock_section av-1xdwpn-7da6b081438424e32ca564a37f4670f8 '   itemscope=\"itemscope\" itemtype=\"https:\/\/schema.org\/CreativeWork\" ><div class='avia_textblock'  itemprop=\"text\" ><p><strong>ATHENA<\/strong><\/p>\n<\/div><\/section><br \/>\n\n<style type=\"text\/css\" data-created_by=\"avia_inline_auto\" id=\"style-css-av-hwkct7-0eb1b59925688c1c9ae2c46952969946\">\n.avia-image-container.av-hwkct7-0eb1b59925688c1c9ae2c46952969946 img.avia_image{\nbox-shadow:none;\n}\n.avia-image-container.av-hwkct7-0eb1b59925688c1c9ae2c46952969946 .av-image-caption-overlay-center{\ncolor:#ffffff;\n}\n<\/style>\n<div  class='avia-image-container av-hwkct7-0eb1b59925688c1c9ae2c46952969946 av-styling- av-hover-grow av-hide-overflow av-img-linked avia-align-center  avia-builder-el-7  el_after_av_textblock  avia-builder-el-last '   itemprop=\"image\" itemscope=\"itemscope\" itemtype=\"https:\/\/schema.org\/ImageObject\" ><div class=\"avia-image-container-inner\"><div class=\"avia-image-overlay-wrap\"><a href=\"https:\/\/www.bau-styl.hu\/furdoszobaszalon\/bugnatese-athena\/\" class='avia_image '  aria-label='Bugnatese Athena'><img decoding=\"async\" fetchpriority=\"high\" class='wp-image-25985 avia-img-lazy-loading-not-25985 avia_image ' src=\"https:\/\/www.bau-styl.hu\/furdoszobaszalon\/wp-content\/uploads\/2020\/09\/Athena-3-495x400.jpg\" alt='Bugnatese Athena' title='Bugnatese Athena'  height=\"400\" width=\"495\"  itemprop=\"thumbnailUrl\"  \/><\/a><\/div><\/div><\/div><\/p><\/div>\n\n<style type=\"text\/css\" data-created_by=\"avia_inline_auto\" id=\"style-css-av-5c7uiz-7ccda3d31375b33977c62bdc2a161a64\">\n.flex_column.av-5c7uiz-7ccda3d31375b33977c62bdc2a161a64{\nborder-radius:0px 0px 0px 0px;\npadding:0px 0px 0px 0px;\n}\n<\/style>\n<div  class='flex_column av-5c7uiz-7ccda3d31375b33977c62bdc2a161a64 av_one_third  avia-builder-el-8  el_after_av_one_third  el_before_av_one_third  flex_column_div av-zero-column-padding  '     ><p><section  class='av_textblock_section av-1xdwpn-20-bfa5c8fc1d6c2163db3657b955ff4607 '   itemscope=\"itemscope\" itemtype=\"https:\/\/schema.org\/CreativeWork\" ><div class='avia_textblock'  itemprop=\"text\" ><p><strong>KIRVY STEEL<\/strong><\/p>\n<\/div><\/section><br \/>\n\n<style type=\"text\/css\" data-created_by=\"avia_inline_auto\" id=\"style-css-av-hwkct7-19-44dfff454d5a776972120cd45f37da8b\">\n.avia-image-container.av-hwkct7-19-44dfff454d5a776972120cd45f37da8b img.avia_image{\nbox-shadow:none;\n}\n.avia-image-container.av-hwkct7-19-44dfff454d5a776972120cd45f37da8b .av-image-caption-overlay-center{\ncolor:#ffffff;\n}\n<\/style>\n<div  class='avia-image-container av-hwkct7-19-44dfff454d5a776972120cd45f37da8b av-styling- av-hover-grow av-hide-overflow av-img-linked avia-align-center  avia-builder-el-10  el_after_av_textblock  avia-builder-el-last '   itemprop=\"image\" itemscope=\"itemscope\" itemtype=\"https:\/\/schema.org\/ImageObject\" ><div class=\"avia-image-container-inner\"><div class=\"avia-image-overlay-wrap\"><a href=\"https:\/\/www.bau-styl.hu\/furdoszobaszalon\/bugnatese-kirvy-steel\/\" class='avia_image '  aria-label='Bugnatese Kirvy Steel'><img decoding=\"async\" fetchpriority=\"high\" class='wp-image-26002 avia-img-lazy-loading-not-26002 avia_image ' src=\"https:\/\/www.bau-styl.hu\/furdoszobaszalon\/wp-content\/uploads\/2020\/09\/Kirvy-Steel-2-495x400.jpg\" alt='Bugnatese Kirvy Steel' title='Bugnatese Kirvy Steel'  height=\"400\" width=\"495\"  itemprop=\"thumbnailUrl\"  \/><\/a><\/div><\/div><\/div><\/p><\/div>\n\n<style type=\"text\/css\" data-created_by=\"avia_inline_auto\" id=\"style-css-av-fj2xrv-5c6024a42e632f9ddc76c99e21c4d13a\">\n.flex_column.av-fj2xrv-5c6024a42e632f9ddc76c99e21c4d13a{\nborder-radius:0px 0px 0px 0px;\npadding:0px 0px 0px 0px;\n}\n<\/style>\n<div  class='flex_column av-fj2xrv-5c6024a42e632f9ddc76c99e21c4d13a av_one_third  avia-builder-el-11  el_after_av_one_third  el_before_av_one_third  flex_column_div av-zero-column-padding  '     ><p><section  class='av_textblock_section av-dwpdwr-9ed3283c3bfb2008f22a3e31ecd9dc6a '   itemscope=\"itemscope\" itemtype=\"https:\/\/schema.org\/CreativeWork\" ><div class='avia_textblock'  itemprop=\"text\" ><p><strong>LEM<\/strong><\/p>\n<\/div><\/section><br \/>\n\n<style type=\"text\/css\" data-created_by=\"avia_inline_auto\" id=\"style-css-av-cc09yz-014764f1fc839674434164bf7bb1d49e\">\n.avia-image-container.av-cc09yz-014764f1fc839674434164bf7bb1d49e img.avia_image{\nbox-shadow:none;\n}\n.avia-image-container.av-cc09yz-014764f1fc839674434164bf7bb1d49e .av-image-caption-overlay-center{\ncolor:#ffffff;\n}\n<\/style>\n<div  class='avia-image-container av-cc09yz-014764f1fc839674434164bf7bb1d49e av-styling- av-hover-grow av-hide-overflow av-img-linked avia-align-center  avia-builder-el-13  el_after_av_textblock  avia-builder-el-last '   itemprop=\"image\" itemscope=\"itemscope\" itemtype=\"https:\/\/schema.org\/ImageObject\" ><div class=\"avia-image-container-inner\"><div class=\"avia-image-overlay-wrap\"><a href=\"https:\/\/www.bau-styl.hu\/furdoszobaszalon\/bugnatese-lem\/\" class='avia_image '  aria-label='Bugnatese Lem'><img decoding=\"async\" fetchpriority=\"high\" class='wp-image-1660 avia-img-lazy-loading-not-1660 avia_image ' src=\"https:\/\/www.bau-styl.hu\/furdoszobaszalon\/wp-content\/uploads\/2015\/05\/lem_-3-495x400.jpg\" alt='Bugnatese Lem' title='Bugnatese Lem'  height=\"400\" width=\"495\"  itemprop=\"thumbnailUrl\" srcset=\"https:\/\/www.bau-styl.hu\/furdoszobaszalon\/wp-content\/uploads\/2015\/05\/lem_-3-495x400.jpg 495w, https:\/\/www.bau-styl.hu\/furdoszobaszalon\/wp-content\/uploads\/2015\/05\/lem_-3-845x684.jpg 845w\" sizes=\"(max-width: 495px) 100vw, 495px\" \/><\/a><\/div><\/div><\/div><\/p><\/div>\n\n<style type=\"text\/css\" data-created_by=\"avia_inline_auto\" id=\"style-css-av-4up9wr-ec1918e713cf01b0c1543ae97ce7a123\">\n.flex_column.av-4up9wr-ec1918e713cf01b0c1543ae97ce7a123{\nborder-radius:0px 0px 0px 0px;\npadding:0px 0px 0px 0px;\n}\n<\/style>\n<div  class='flex_column av-4up9wr-ec1918e713cf01b0c1543ae97ce7a123 av_one_third  avia-builder-el-14  el_after_av_one_third  el_before_av_one_third  first flex_column_div av-zero-column-padding  column-top-margin'     ><p><section  class='av_textblock_section av-1xdwpn-18-6a3ebf282ec931422abba566064702ca '   itemscope=\"itemscope\" itemtype=\"https:\/\/schema.org\/CreativeWork\" ><div class='avia_textblock'  itemprop=\"text\" ><p><strong>MILLENOVECINQUANTA<\/strong><\/p>\n<\/div><\/section><br \/>\n\n<style type=\"text\/css\" data-created_by=\"avia_inline_auto\" id=\"style-css-av-hwkct7-17-a8011a8648cb34a7b6b09d00932b1ace\">\n.avia-image-container.av-hwkct7-17-a8011a8648cb34a7b6b09d00932b1ace img.avia_image{\nbox-shadow:none;\n}\n.avia-image-container.av-hwkct7-17-a8011a8648cb34a7b6b09d00932b1ace .av-image-caption-overlay-center{\ncolor:#ffffff;\n}\n<\/style>\n<div  class='avia-image-container av-hwkct7-17-a8011a8648cb34a7b6b09d00932b1ace av-styling- av-hover-grow av-hide-overflow av-img-linked avia-align-center  avia-builder-el-16  el_after_av_textblock  avia-builder-el-last '   itemprop=\"image\" itemscope=\"itemscope\" itemtype=\"https:\/\/schema.org\/ImageObject\" ><div class=\"avia-image-container-inner\"><div class=\"avia-image-overlay-wrap\"><a href=\"https:\/\/www.bau-styl.hu\/furdoszobaszalon\/bugnatese-millenovecinquanta\/\" class='avia_image '  aria-label='Bugnatese Millenoecinquanta'><img decoding=\"async\" fetchpriority=\"high\" class='wp-image-26012 avia-img-lazy-loading-not-26012 avia_image ' src=\"https:\/\/www.bau-styl.hu\/furdoszobaszalon\/wp-content\/uploads\/2020\/09\/Millenoecinquanta-2-495x400.jpg\" alt='Bugnatese Millenoecinquanta' title='Bugnatese Millenoecinquanta'  height=\"400\" width=\"495\"  itemprop=\"thumbnailUrl\"  \/><\/a><\/div><\/div><\/div><\/p><\/div>\n\n<style type=\"text\/css\" data-created_by=\"avia_inline_auto\" id=\"style-css-av-2am5rv-8adc379414f44f4b31be0e10a1eb1d4b\">\n.flex_column.av-2am5rv-8adc379414f44f4b31be0e10a1eb1d4b{\nborder-radius:0px 0px 0px 0px;\npadding:0px 0px 0px 0px;\n}\n<\/style>\n<div  class='flex_column av-2am5rv-8adc379414f44f4b31be0e10a1eb1d4b av_one_third  avia-builder-el-17  el_after_av_one_third  el_before_av_one_third  flex_column_div av-zero-column-padding  column-top-margin'     ><p><section  class='av_textblock_section av-1xdwpn-14-2375adfb69bd61ecc20c6f07b6e830db '   itemscope=\"itemscope\" itemtype=\"https:\/\/schema.org\/CreativeWork\" ><div class='avia_textblock'  itemprop=\"text\" ><p><strong>MOON<\/strong><\/p>\n<\/div><\/section><br \/>\n\n<style type=\"text\/css\" data-created_by=\"avia_inline_auto\" id=\"style-css-av-hwkct7-13-7e8dff63687f42913b3ad618364abc9b\">\n.avia-image-container.av-hwkct7-13-7e8dff63687f42913b3ad618364abc9b img.avia_image{\nbox-shadow:none;\n}\n.avia-image-container.av-hwkct7-13-7e8dff63687f42913b3ad618364abc9b .av-image-caption-overlay-center{\ncolor:#ffffff;\n}\n<\/style>\n<div  class='avia-image-container av-hwkct7-13-7e8dff63687f42913b3ad618364abc9b av-styling- av-hover-grow av-hide-overflow av-img-linked avia-align-center  avia-builder-el-19  el_after_av_textblock  avia-builder-el-last '   itemprop=\"image\" itemscope=\"itemscope\" itemtype=\"https:\/\/schema.org\/ImageObject\" ><div class=\"avia-image-container-inner\"><div class=\"avia-image-overlay-wrap\"><a href=\"https:\/\/www.bau-styl.hu\/furdoszobaszalon\/bugnatese-moon\/\" class='avia_image '  aria-label='Bugnatese Moon'><img decoding=\"async\" fetchpriority=\"high\" class='wp-image-26018 avia-img-lazy-loading-not-26018 avia_image ' src=\"https:\/\/www.bau-styl.hu\/furdoszobaszalon\/wp-content\/uploads\/2020\/09\/Moon-1-495x400.jpg\" alt='Bugnatese Moon' title='Bugnatese Moon'  height=\"400\" width=\"495\"  itemprop=\"thumbnailUrl\"  \/><\/a><\/div><\/div><\/div><\/p><\/div>\n<div  class='flex_column av-kxfw7f-23-6ac56f7f03acc50a5f91e97f90bb4112 av_one_third  avia-builder-el-20  el_after_av_one_third  el_before_av_one_third  flex_column_div  column-top-margin'     ><p><section  class='av_textblock_section av-1xdwpn-12-82a8104bbfc82bdb9d20e1a582ce4637 '   itemscope=\"itemscope\" itemtype=\"https:\/\/schema.org\/CreativeWork\" ><div class='avia_textblock'  itemprop=\"text\" ><p><strong>LADY<\/strong><\/p>\n<\/div><\/section><br \/>\n\n<style type=\"text\/css\" data-created_by=\"avia_inline_auto\" id=\"style-css-av-hwkct7-11-29e55fc1a5ffb3dcb428a885c9996b3f\">\n.avia-image-container.av-hwkct7-11-29e55fc1a5ffb3dcb428a885c9996b3f img.avia_image{\nbox-shadow:none;\n}\n.avia-image-container.av-hwkct7-11-29e55fc1a5ffb3dcb428a885c9996b3f .av-image-caption-overlay-center{\ncolor:#ffffff;\n}\n<\/style>\n<div  class='avia-image-container av-hwkct7-11-29e55fc1a5ffb3dcb428a885c9996b3f av-styling- av-hover-grow av-hide-overflow av-img-linked avia-align-center  avia-builder-el-22  el_after_av_textblock  avia-builder-el-last '   itemprop=\"image\" itemscope=\"itemscope\" itemtype=\"https:\/\/schema.org\/ImageObject\" ><div class=\"avia-image-container-inner\"><div class=\"avia-image-overlay-wrap\"><a href=\"https:\/\/www.bau-styl.hu\/furdoszobaszalon\/bugnatese-lady\/\" class='avia_image '  aria-label='Bugnatese Lady (6)'><img decoding=\"async\" fetchpriority=\"high\" class='wp-image-46807 avia-img-lazy-loading-not-46807 avia_image ' src=\"https:\/\/www.bau-styl.hu\/furdoszobaszalon\/wp-content\/uploads\/2024\/10\/Bugnatese-Lady-6-495x400.jpg\" alt='' title='Bugnatese Lady (6)'  height=\"400\" width=\"495\"  itemprop=\"thumbnailUrl\" srcset=\"https:\/\/www.bau-styl.hu\/furdoszobaszalon\/wp-content\/uploads\/2024\/10\/Bugnatese-Lady-6-495x400.jpg 495w, https:\/\/www.bau-styl.hu\/furdoszobaszalon\/wp-content\/uploads\/2024\/10\/Bugnatese-Lady-6-845x684.jpg 845w\" sizes=\"(max-width: 495px) 100vw, 495px\" \/><\/a><\/div><\/div><\/div><\/p><\/div>\n\n<style type=\"text\/css\" data-created_by=\"avia_inline_auto\" id=\"style-css-av-12jfuz-e7bea6f325f7b6b4115c4659a629d7fe\">\n.flex_column.av-12jfuz-e7bea6f325f7b6b4115c4659a629d7fe{\nborder-radius:0px 0px 0px 0px;\npadding:0px 0px 0px 0px;\n}\n<\/style>\n<div  class='flex_column av-12jfuz-e7bea6f325f7b6b4115c4659a629d7fe av_one_third  avia-builder-el-23  el_after_av_one_third  el_before_av_one_third  first flex_column_div av-zero-column-padding  column-top-margin'     ><p><section  class='av_textblock_section av-dwpdwr-16-5d84f60560774ccb107b27cc4c477222 '   itemscope=\"itemscope\" itemtype=\"https:\/\/schema.org\/CreativeWork\" ><div class='avia_textblock'  itemprop=\"text\" ><p><strong>OLYMPIA<\/strong><\/p>\n<\/div><\/section><br \/>\n\n<style type=\"text\/css\" data-created_by=\"avia_inline_auto\" id=\"style-css-av-cc09yz-15-717d1c12fcf58b9190dc658c183cd74f\">\n.avia-image-container.av-cc09yz-15-717d1c12fcf58b9190dc658c183cd74f img.avia_image{\nbox-shadow:none;\n}\n.avia-image-container.av-cc09yz-15-717d1c12fcf58b9190dc658c183cd74f .av-image-caption-overlay-center{\ncolor:#ffffff;\n}\n<\/style>\n<div  class='avia-image-container av-cc09yz-15-717d1c12fcf58b9190dc658c183cd74f av-styling- av-hover-grow av-hide-overflow av-img-linked avia-align-center  avia-builder-el-25  el_after_av_textblock  avia-builder-el-last '   itemprop=\"image\" itemscope=\"itemscope\" itemtype=\"https:\/\/schema.org\/ImageObject\" ><div class=\"avia-image-container-inner\"><div class=\"avia-image-overlay-wrap\"><a href=\"https:\/\/www.bau-styl.hu\/furdoszobaszalon\/bugnatese-olympia\/\" class='avia_image '  aria-label='Bugnatese Olympia'><img decoding=\"async\" fetchpriority=\"high\" class='wp-image-26026 avia-img-lazy-loading-not-26026 avia_image ' src=\"https:\/\/www.bau-styl.hu\/furdoszobaszalon\/wp-content\/uploads\/2020\/09\/Olympia-3-495x400.jpg\" alt='Bugnatese Olympia' title='Bugnatese Olympia'  height=\"400\" width=\"495\"  itemprop=\"thumbnailUrl\"  \/><\/a><\/div><\/div><\/div><\/p><\/div>\n\n<style type=\"text\/css\" data-created_by=\"avia_inline_auto\" id=\"style-css-av-12jfuz-10-117ac82f036ec2ac8fa82855be731bdd\">\n.flex_column.av-12jfuz-10-117ac82f036ec2ac8fa82855be731bdd{\nborder-radius:0px 0px 0px 0px;\npadding:0px 0px 0px 0px;\n}\n<\/style>\n<div  class='flex_column av-12jfuz-10-117ac82f036ec2ac8fa82855be731bdd av_one_third  avia-builder-el-26  el_after_av_one_third  el_before_av_one_third  flex_column_div av-zero-column-padding  column-top-margin'     ><p><section  class='av_textblock_section av-98escb-432dad3217bc3c3b8fe9c7bc173d08eb '   itemscope=\"itemscope\" itemtype=\"https:\/\/schema.org\/CreativeWork\" ><div class='avia_textblock'  itemprop=\"text\" ><p><strong>OXFORD<\/strong><\/p>\n<\/div><\/section><br \/>\n\n<style type=\"text\/css\" data-created_by=\"avia_inline_auto\" id=\"style-css-av-7bqnff-4bb7b8d34486dd9b77a32f57100e09f6\">\n.avia-image-container.av-7bqnff-4bb7b8d34486dd9b77a32f57100e09f6 img.avia_image{\nbox-shadow:none;\n}\n.avia-image-container.av-7bqnff-4bb7b8d34486dd9b77a32f57100e09f6 .av-image-caption-overlay-center{\ncolor:#ffffff;\n}\n<\/style>\n<div  class='avia-image-container av-7bqnff-4bb7b8d34486dd9b77a32f57100e09f6 av-styling- av-hover-grow av-hide-overflow av-img-linked avia-align-center  avia-builder-el-28  el_after_av_textblock  avia-builder-el-last '   itemprop=\"image\" itemscope=\"itemscope\" itemtype=\"https:\/\/schema.org\/ImageObject\" ><div class=\"avia-image-container-inner\"><div class=\"avia-image-overlay-wrap\"><a href=\"https:\/\/www.bau-styl.hu\/furdoszobaszalon\/bugnatese-oxford\/\" class='avia_image '  aria-label='Bugnatese Oxford'><img decoding=\"async\" fetchpriority=\"high\" class='wp-image-1662 avia-img-lazy-loading-not-1662 avia_image ' src=\"https:\/\/www.bau-styl.hu\/furdoszobaszalon\/wp-content\/uploads\/2015\/05\/bugnatese_oxford-3-495x400.jpg\" alt='Bugnatese Oxford' title='Bugnatese Oxford'  height=\"400\" width=\"495\"  itemprop=\"thumbnailUrl\"  \/><\/a><\/div><\/div><\/div><\/p><\/div>\n<div  class='flex_column av-675qu3-9-64640ff250ffc5c76232b4d4cd62ffbc av_one_third  avia-builder-el-29  el_after_av_one_third  el_before_av_one_third  flex_column_div  column-top-margin'     ><p><section  class='av_textblock_section av-49roa3-8-0e699530c4db9038bfcb8d6036814a4d '   itemscope=\"itemscope\" itemtype=\"https:\/\/schema.org\/CreativeWork\" ><div class='avia_textblock'  itemprop=\"text\" ><p><strong>SIMPLE<\/strong><\/p>\n<\/div><\/section><br \/>\n\n<style type=\"text\/css\" data-created_by=\"avia_inline_auto\" id=\"style-css-av-257bvv-7-9ffed81084a266494813d396ac29bb76\">\n.avia-image-container.av-257bvv-7-9ffed81084a266494813d396ac29bb76 img.avia_image{\nbox-shadow:none;\n}\n.avia-image-container.av-257bvv-7-9ffed81084a266494813d396ac29bb76 .av-image-caption-overlay-center{\ncolor:#ffffff;\n}\n<\/style>\n<div  class='avia-image-container av-257bvv-7-9ffed81084a266494813d396ac29bb76 av-styling- av-hover-grow av-hide-overflow av-img-linked avia-align-center  avia-builder-el-31  el_after_av_textblock  avia-builder-el-last '   itemprop=\"image\" itemscope=\"itemscope\" itemtype=\"https:\/\/schema.org\/ImageObject\" ><div class=\"avia-image-container-inner\"><div class=\"avia-image-overlay-wrap\"><a href=\"https:\/\/www.bau-styl.hu\/furdoszobaszalon\/bugnatese-simple\/\" class='avia_image '  aria-label='Bugnatese Simple (6)'><img decoding=\"async\" fetchpriority=\"high\" class='wp-image-46840 avia-img-lazy-loading-not-46840 avia_image ' src=\"https:\/\/www.bau-styl.hu\/furdoszobaszalon\/wp-content\/uploads\/2024\/10\/Bugnatese-Simple-6-495x400.jpg\" alt='' title='Bugnatese Simple (6)'  height=\"400\" width=\"495\"  itemprop=\"thumbnailUrl\"  \/><\/a><\/div><\/div><\/div><\/p><\/div>\n<div  class='flex_column av-675qu3-3-93ad7ac7a864a221a9b48f63760573f4 av_one_third  avia-builder-el-32  el_after_av_one_third  avia-builder-el-last  first flex_column_div  column-top-margin'     ><p><section  class='av_textblock_section av-49roa3-2-12da6652cabe90477b3db2d824e26476 '   itemscope=\"itemscope\" itemtype=\"https:\/\/schema.org\/CreativeWork\" ><div class='avia_textblock'  itemprop=\"text\" ><p><strong>TETRIS<\/strong><\/p>\n<\/div><\/section><br \/>\n\n<style type=\"text\/css\" data-created_by=\"avia_inline_auto\" id=\"style-css-av-257bvv-1-1742e9a7d9510d2eeef36b18ae8ab79e\">\n.avia-image-container.av-257bvv-1-1742e9a7d9510d2eeef36b18ae8ab79e img.avia_image{\nbox-shadow:none;\n}\n.avia-image-container.av-257bvv-1-1742e9a7d9510d2eeef36b18ae8ab79e .av-image-caption-overlay-center{\ncolor:#ffffff;\n}\n<\/style>\n<div  class='avia-image-container av-257bvv-1-1742e9a7d9510d2eeef36b18ae8ab79e av-styling- av-hover-grow av-hide-overflow av-img-linked avia-align-center  avia-builder-el-34  el_after_av_textblock  avia-builder-el-last '   itemprop=\"image\" itemscope=\"itemscope\" itemtype=\"https:\/\/schema.org\/ImageObject\" ><div class=\"avia-image-container-inner\"><div class=\"avia-image-overlay-wrap\"><a href=\"https:\/\/www.bau-styl.hu\/furdoszobaszalon\/bugnatese-tetris\/\" class='avia_image '  aria-label='Bugnatese Tetris (3)'><img decoding=\"async\" fetchpriority=\"high\" class='wp-image-46848 avia-img-lazy-loading-not-46848 avia_image ' src=\"https:\/\/www.bau-styl.hu\/furdoszobaszalon\/wp-content\/uploads\/2024\/10\/Bugnatese-Tetris-3-495x400.jpg\" alt='' title='Bugnatese Tetris (3)'  height=\"400\" width=\"495\"  itemprop=\"thumbnailUrl\"  \/><\/a><\/div><\/div><\/div><\/p><\/div>\n","protected":false},"excerpt":{"rendered":"","protected":false},"author":2,"featured_media":0,"parent":0,"menu_order":0,"comment_status":"closed","ping_status":"closed","template":"","meta":{"footnotes":""},"class_list":["post-2427","page","type-page","status-publish","hentry"],"aioseo_notices":[],"_links":{"self":[{"href":"https:\/\/www.bau-styl.hu\/furdoszobaszalon\/wp-json\/wp\/v2\/pages\/2427","targetHints":{"allow":["GET"]}}],"collection":[{"href":"https:\/\/www.bau-styl.hu\/furdoszobaszalon\/wp-json\/wp\/v2\/pages"}],"about":[{"href":"https:\/\/www.bau-styl.hu\/furdoszobaszalon\/wp-json\/wp\/v2\/types\/page"}],"author":[{"embeddable":true,"href":"https:\/\/www.bau-styl.hu\/furdoszobaszalon\/wp-json\/wp\/v2\/users\/2"}],"replies":[{"embeddable":true,"href":"https:\/\/www.bau-styl.hu\/furdoszobaszalon\/wp-json\/wp\/v2\/comments?post=2427"}],"version-history":[{"count":0,"href":"https:\/\/www.bau-styl.hu\/furdoszobaszalon\/wp-json\/wp\/v2\/pages\/2427\/revisions"}],"wp:attachment":[{"href":"https:\/\/www.bau-styl.hu\/furdoszobaszalon\/wp-json\/wp\/v2\/media?parent=2427"}],"curies":[{"name":"wp","href":"https:\/\/api.w.org\/{rel}","templated":true}]}}