{"id":24897,"date":"2020-08-12T14:25:57","date_gmt":"2020-08-12T13:25:57","guid":{"rendered":"https:\/\/www.bau-styl.hu\/furdoszobaszalon\/?page_id=24897"},"modified":"2025-04-09T15:38:59","modified_gmt":"2025-04-09T14:38:59","slug":"femes-hatasu-burkolatok","status":"publish","type":"page","link":"https:\/\/www.bau-styl.hu\/furdoszobaszalon\/femes-hatasu-burkolatok\/","title":{"rendered":"F\u00e9mes hat\u00e1s\u00fa burkolatok"},"content":{"rendered":"\n<style type=\"text\/css\" data-created_by=\"avia_inline_auto\" id=\"style-css-av-kbxib2h5-62f7786fe30a5c2dfcc9a546f9c0ccb4\">\n.avia-section.av-kbxib2h5-62f7786fe30a5c2dfcc9a546f9c0ccb4{\nbackground-repeat:no-repeat;\nbackground-image:url(https:\/\/www.bau-styl.hu\/furdoszobaszalon\/wp-content\/uploads\/2020\/04\/Saime-Ferrocemento-11.jpg);\nbackground-position:50% 50%;\nbackground-attachment:scroll;\n}\n.avia-section.av-kbxib2h5-62f7786fe30a5c2dfcc9a546f9c0ccb4 .av-section-color-overlay{\nopacity:0.5;\nbackground-color:#000000;\n}\n<\/style>\n<div id='av_section_1'  class='avia-section av-kbxib2h5-62f7786fe30a5c2dfcc9a546f9c0ccb4 main_color avia-section-default avia-no-shadow  avia-builder-el-0  el_before_av_one_full  avia-builder-el-first  avia-full-stretch avia-bg-style-scroll av-section-color-overlay-active container_wrap sidebar_right'  data-section-bg-repeat='stretch'><div class=\"av-section-color-overlay-wrap\"><div class=\"av-section-color-overlay\"><\/div><div class='container av-section-cont-open' ><main  role=\"main\" itemprop=\"mainContentOfPage\"  class='template-page content  av-content-small alpha units'><div class='post-entry post-entry-type-page post-entry-24897'><div class='entry-content-wrapper clearfix'>\n\n<style type=\"text\/css\" data-created_by=\"avia_inline_auto\" id=\"style-css-av-138a1-6b0f0afd0d775d14741529dc320ff9c9\">\n#top .hr.hr-invisible.av-138a1-6b0f0afd0d775d14741529dc320ff9c9{\nheight:50px;\n}\n<\/style>\n<div  class='hr av-138a1-6b0f0afd0d775d14741529dc320ff9c9 hr-invisible  avia-builder-el-1  el_before_av_heading  avia-builder-el-first '><span class='hr-inner '><span class=\"hr-inner-style\"><\/span><\/span><\/div>\n\n<style type=\"text\/css\" data-created_by=\"avia_inline_auto\" id=\"style-css-av-kfs8jttq-46a01bbcb0f447a6f7196783ede98fc4\">\n#top .av-special-heading.av-kfs8jttq-46a01bbcb0f447a6f7196783ede98fc4{\npadding-bottom:10px;\ncolor:#ffffff;\n}\nbody .av-special-heading.av-kfs8jttq-46a01bbcb0f447a6f7196783ede98fc4 .av-special-heading-tag .heading-char{\nfont-size:25px;\n}\n.av-special-heading.av-kfs8jttq-46a01bbcb0f447a6f7196783ede98fc4 .special-heading-inner-border{\nborder-color:#ffffff;\n}\n.av-special-heading.av-kfs8jttq-46a01bbcb0f447a6f7196783ede98fc4 .av-subheading{\nfont-size:15px;\n}\n<\/style>\n<div  class='av-special-heading av-kfs8jttq-46a01bbcb0f447a6f7196783ede98fc4 av-special-heading-h1 custom-color-heading blockquote modern-quote modern-centered  avia-builder-el-2  el_after_av_hr  el_before_av_hr '><h1 class='av-special-heading-tag '  itemprop=\"headline\"  >F\u00c9MES HAT\u00c1S\u00da BURKOLATOK<\/h1><div class='av_custom_color av-subheading av-subheading_below'><p>&#8211; HAT\u00c1SOK &#8211;<\/p>\n<\/div><div class=\"special-heading-border\"><div class=\"special-heading-inner-border\"><\/div><\/div><\/div>\n\n<style type=\"text\/css\" data-created_by=\"avia_inline_auto\" id=\"style-css-av-rqebj5-4bdc0ea9bea7eed0b35d1c8d947d145e\">\n#top .hr.hr-invisible.av-rqebj5-4bdc0ea9bea7eed0b35d1c8d947d145e{\nheight:50px;\n}\n<\/style>\n<div  class='hr av-rqebj5-4bdc0ea9bea7eed0b35d1c8d947d145e hr-invisible  avia-builder-el-3  el_after_av_heading  avia-builder-el-last '><span class='hr-inner '><span class=\"hr-inner-style\"><\/span><\/span><\/div>\n<\/div><\/div><\/main><!-- close content main element --><\/div><\/div><\/div><div id='after_section_1'  class='main_color av_default_container_wrap container_wrap sidebar_right'  ><div class='container av-section-cont-open' ><div class='template-page content  av-content-small alpha units'><div class='post-entry post-entry-type-page post-entry-24897'><div class='entry-content-wrapper clearfix'>\n<div  class='flex_column av-qcx75t-a6a15f7b221303da53fbe0d4c951c59f av_one_full  avia-builder-el-4  el_after_av_section  el_before_av_one_third  avia-builder-el-first  first flex_column_div  '     ><section  class='av_textblock_section av-l87c5k5e-ba894ab0c8eadd5c7f71a15538f2af65 '   itemscope=\"itemscope\" itemtype=\"https:\/\/schema.org\/CreativeWork\" ><div class='avia_textblock'  itemprop=\"text\" ><p>A f\u00e9mes hat\u00e1s\u00fa burkolatok k\u00f6z\u00f6tt tal\u00e1lunk olyan darabokat, amelyek mark\u00e1ns rozsdanyomokkal vagy oxid\u00e1l\u00f3dott r\u00e9szekkel gazdagodtak, de olyanokat is, amelyben a f\u00e9m eleg\u00e1ns csillog\u00e1sa kel \u00e9letre.<br \/>\nA k\u00e9pre kattintva jobban megismerheti az adott burkolatcsal\u00e1dot \u00e9s v\u00e1ltozatos sz\u00edn- illetve m\u00e9retpalett\u00e1j\u00e1t!<\/p>\n<\/div><\/section><\/div>\n\n<style type=\"text\/css\" data-created_by=\"avia_inline_auto\" id=\"style-css-av-4w09mp-4f4a2ecafb1241a068f1fb9435ac22d5\">\n.flex_column.av-4w09mp-4f4a2ecafb1241a068f1fb9435ac22d5{\nborder-radius:0px 0px 0px 0px;\npadding:0px 0px 0px 0px;\n}\n<\/style>\n<div  class='flex_column av-4w09mp-4f4a2ecafb1241a068f1fb9435ac22d5 av_one_third  avia-builder-el-6  el_after_av_one_full  el_before_av_one_third  first flex_column_div av-zero-column-padding  column-top-margin'     ><p><section  class='av_textblock_section av-lnnj8vpq-0b8971a74b5eb2f1990fd2b4d1894d4c '   itemscope=\"itemscope\" itemtype=\"https:\/\/schema.org\/CreativeWork\" ><div class='avia_textblock'  itemprop=\"text\" ><p><strong>SANT&#8217; AGOSTINO SABLE<\/strong><\/p>\n<\/div><\/section><br \/>\n\n<style type=\"text\/css\" data-created_by=\"avia_inline_auto\" id=\"style-css-av-2a8hup-b4c33c64b3f1dc4410829ff9995022be\">\n.avia-image-container.av-2a8hup-b4c33c64b3f1dc4410829ff9995022be img.avia_image{\nbox-shadow:none;\n}\n.avia-image-container.av-2a8hup-b4c33c64b3f1dc4410829ff9995022be .av-image-caption-overlay-center{\ncolor:#ffffff;\n}\n<\/style>\n<div  class='avia-image-container av-2a8hup-b4c33c64b3f1dc4410829ff9995022be av-styling- av-hover-grow av-hide-overflow av-img-linked avia-align-center  avia-builder-el-8  el_after_av_textblock  avia-builder-el-last '   itemprop=\"image\" itemscope=\"itemscope\" itemtype=\"https:\/\/schema.org\/ImageObject\" ><div class=\"avia-image-container-inner\"><div class=\"avia-image-overlay-wrap\"><a href=\"https:\/\/www.bau-styl.hu\/furdoszobaszalon\/sant-agostino-sable\/\" class='avia_image '  aria-label='Sant&#039;Agostino Sable (4)'><img decoding=\"async\" fetchpriority=\"high\" class='wp-image-43165 avia-img-lazy-loading-not-43165 avia_image ' src=\"https:\/\/www.bau-styl.hu\/furdoszobaszalon\/wp-content\/uploads\/2023\/10\/SantAgostino-Sable-4-495x400.jpg\" alt='' title='Sant&#039;Agostino Sable (4)'  height=\"400\" width=\"495\"  itemprop=\"thumbnailUrl\"  \/><\/a><\/div><\/div><\/div><\/p><\/div>\n\n<style type=\"text\/css\" data-created_by=\"avia_inline_auto\" id=\"style-css-av-1jdzdb5-ebea2078a8d5a5a5397db1b9a0b12676\">\n.flex_column.av-1jdzdb5-ebea2078a8d5a5a5397db1b9a0b12676{\nborder-radius:0px 0px 0px 0px;\npadding:0px 0px 0px 0px;\n}\n<\/style>\n<div  class='flex_column av-1jdzdb5-ebea2078a8d5a5a5397db1b9a0b12676 av_one_third  avia-builder-el-9  el_after_av_one_third  el_before_av_one_third  flex_column_div av-zero-column-padding  column-top-margin'     ><p><section  class='av_textblock_section av-13ag129-1acee1484df01a9bb609f07be84e5b5a '   itemscope=\"itemscope\" itemtype=\"https:\/\/schema.org\/CreativeWork\" ><div class='avia_textblock'  itemprop=\"text\" ><p><strong>SANT&#8217; AGOSTINO OXIDART<\/strong><\/p>\n<\/div><\/section><br \/>\n\n<style type=\"text\/css\" data-created_by=\"avia_inline_auto\" id=\"style-css-av-nscald-13f3dc7476f86a231aa9bd633f0a4795\">\n.avia-image-container.av-nscald-13f3dc7476f86a231aa9bd633f0a4795 img.avia_image{\nbox-shadow:none;\n}\n.avia-image-container.av-nscald-13f3dc7476f86a231aa9bd633f0a4795 .av-image-caption-overlay-center{\ncolor:#ffffff;\n}\n<\/style>\n<div  class='avia-image-container av-nscald-13f3dc7476f86a231aa9bd633f0a4795 av-styling- av-hover-grow av-hide-overflow av-img-linked avia-align-center  avia-builder-el-11  el_after_av_textblock  avia-builder-el-last '   itemprop=\"image\" itemscope=\"itemscope\" itemtype=\"https:\/\/schema.org\/ImageObject\" ><div class=\"avia-image-container-inner\"><div class=\"avia-image-overlay-wrap\"><a href=\"https:\/\/www.bau-styl.hu\/furdoszobaszalon\/sant-agostino-oxidart\/\" class='avia_image '  aria-label='Sant&#039;Agostino Oxidart (5)'><img decoding=\"async\" fetchpriority=\"high\" class='wp-image-43157 avia-img-lazy-loading-not-43157 avia_image ' src=\"https:\/\/www.bau-styl.hu\/furdoszobaszalon\/wp-content\/uploads\/2023\/10\/SantAgostino-Oxidart-5-495x400.jpg\" alt='' title='Sant&#039;Agostino Oxidart (5)'  height=\"400\" width=\"495\"  itemprop=\"thumbnailUrl\" srcset=\"https:\/\/www.bau-styl.hu\/furdoszobaszalon\/wp-content\/uploads\/2023\/10\/SantAgostino-Oxidart-5-495x400.jpg 495w, https:\/\/www.bau-styl.hu\/furdoszobaszalon\/wp-content\/uploads\/2023\/10\/SantAgostino-Oxidart-5-845x684.jpg 845w\" sizes=\"(max-width: 495px) 100vw, 495px\" \/><\/a><\/div><\/div><\/div><\/p><\/div>\n\n<style type=\"text\/css\" data-created_by=\"avia_inline_auto\" id=\"style-css-av-qb96o1-6b96fd42e2e2986009828ef51e128a52\">\n.flex_column.av-qb96o1-6b96fd42e2e2986009828ef51e128a52{\nborder-radius:0px 0px 0px 0px;\npadding:0px 0px 0px 0px;\n}\n<\/style>\n<div  class='flex_column av-qb96o1-6b96fd42e2e2986009828ef51e128a52 av_one_third  avia-builder-el-12  el_after_av_one_third  el_before_av_one_third  flex_column_div av-zero-column-padding  column-top-margin'     ><p><section  class='av_textblock_section av-lsjbu6i3-a677e84b816179a0deb2d521d4369ff6 '   itemscope=\"itemscope\" itemtype=\"https:\/\/schema.org\/CreativeWork\" ><div class='avia_textblock'  itemprop=\"text\" ><p><strong>SANT&#8217; AGOSTINO DRIPART<\/strong><\/p>\n<\/div><\/section><br \/>\n\n<style type=\"text\/css\" data-created_by=\"avia_inline_auto\" id=\"style-css-av-lsjburij-ca550b83acd56bc8aaffe3af692de357\">\n.avia-image-container.av-lsjburij-ca550b83acd56bc8aaffe3af692de357 img.avia_image{\nbox-shadow:none;\n}\n.avia-image-container.av-lsjburij-ca550b83acd56bc8aaffe3af692de357 .av-image-caption-overlay-center{\ncolor:#ffffff;\n}\n<\/style>\n<div  class='avia-image-container av-lsjburij-ca550b83acd56bc8aaffe3af692de357 av-styling- av-hover-grow av-hide-overflow av-img-linked avia-align-center  avia-builder-el-14  el_after_av_textblock  avia-builder-el-last '   itemprop=\"image\" itemscope=\"itemscope\" itemtype=\"https:\/\/schema.org\/ImageObject\" ><div class=\"avia-image-container-inner\"><div class=\"avia-image-overlay-wrap\"><a href=\"https:\/\/www.bau-styl.hu\/furdoszobaszalon\/sant-agostino-dripart\/\" class='avia_image '  aria-label='Sant Agostino Dripart (18)'><img decoding=\"async\" fetchpriority=\"high\" class='wp-image-45184 avia-img-lazy-loading-not-45184 avia_image ' src=\"https:\/\/www.bau-styl.hu\/furdoszobaszalon\/wp-content\/uploads\/2024\/02\/Sant-Agostino-Dripart-18-495x400.jpg\" alt='' title='Sant Agostino Dripart (18)'  height=\"400\" width=\"495\"  itemprop=\"thumbnailUrl\"  \/><\/a><\/div><\/div><\/div><\/p><\/div>\n\n<style type=\"text\/css\" data-created_by=\"avia_inline_auto\" id=\"style-css-av-5owsc7-fa2e468717d57269e6a3f31f9ce982e7\">\n.flex_column.av-5owsc7-fa2e468717d57269e6a3f31f9ce982e7{\nborder-radius:0px 0px 0px 0px;\npadding:0px 0px 0px 0px;\n}\n<\/style>\n<div  class='flex_column av-5owsc7-fa2e468717d57269e6a3f31f9ce982e7 av_one_third  avia-builder-el-15  el_after_av_one_third  el_before_av_one_third  first flex_column_div av-zero-column-padding  column-top-margin'     ><p><section  class='av_textblock_section av-3weonr-8bd86494dfa4d865b5512ff46c105592 '   itemscope=\"itemscope\" itemtype=\"https:\/\/schema.org\/CreativeWork\" ><div class='avia_textblock'  itemprop=\"text\" ><p><strong>SAIME FERROCEMENTO<\/strong><\/p>\n<\/div><\/section><br \/>\n\n<style type=\"text\/css\" data-created_by=\"avia_inline_auto\" id=\"style-css-av-2054fr-afe1968b0f88b7781eda61e99db9f698\">\n.avia-image-container.av-2054fr-afe1968b0f88b7781eda61e99db9f698 img.avia_image{\nbox-shadow:none;\n}\n.avia-image-container.av-2054fr-afe1968b0f88b7781eda61e99db9f698 .av-image-caption-overlay-center{\ncolor:#ffffff;\n}\n<\/style>\n<div  class='avia-image-container av-2054fr-afe1968b0f88b7781eda61e99db9f698 av-styling- av-hover-grow av-hide-overflow av-img-linked avia-align-center  avia-builder-el-17  el_after_av_textblock  avia-builder-el-last '   itemprop=\"image\" itemscope=\"itemscope\" itemtype=\"https:\/\/schema.org\/ImageObject\" ><div class=\"avia-image-container-inner\"><div class=\"avia-image-overlay-wrap\"><a href=\"https:\/\/www.bau-styl.hu\/furdoszobaszalon\/saime-ferrocemento\/\" class='avia_image '  aria-label='Saime Ferrocemento'><img decoding=\"async\" fetchpriority=\"high\" class='wp-image-19887 avia-img-lazy-loading-not-19887 avia_image ' src=\"https:\/\/www.bau-styl.hu\/furdoszobaszalon\/wp-content\/uploads\/2020\/04\/Saime-Ferrocemento-11-495x400.jpg\" alt='Saime Ferrocemento' title='Saime Ferrocemento'  height=\"400\" width=\"495\"  itemprop=\"thumbnailUrl\" srcset=\"https:\/\/www.bau-styl.hu\/furdoszobaszalon\/wp-content\/uploads\/2020\/04\/Saime-Ferrocemento-11-495x400.jpg 495w, https:\/\/www.bau-styl.hu\/furdoszobaszalon\/wp-content\/uploads\/2020\/04\/Saime-Ferrocemento-11-845x684.jpg 845w\" sizes=\"(max-width: 495px) 100vw, 495px\" \/><\/a><\/div><\/div><\/div><\/p><\/div>\n\n<style type=\"text\/css\" data-created_by=\"avia_inline_auto\" id=\"style-css-av-m939nl-1975bcd865c7e3192599686bdb823ab6\">\n.flex_column.av-m939nl-1975bcd865c7e3192599686bdb823ab6{\nborder-radius:0px 0px 0px 0px;\npadding:0px 0px 0px 0px;\n}\n<\/style>\n<div  class='flex_column av-m939nl-1975bcd865c7e3192599686bdb823ab6 av_one_third  avia-builder-el-18  el_after_av_one_third  el_before_av_one_third  flex_column_div av-zero-column-padding  column-top-margin'     ><p><section  class='av_textblock_section av-l84vbc1h-59a9bd84fff8f39708591cb3c44b3e59 '   itemscope=\"itemscope\" itemtype=\"https:\/\/schema.org\/CreativeWork\" ><div class='avia_textblock'  itemprop=\"text\" ><p><strong>FAP SHEER<\/strong><\/p>\n<\/div><\/section><br \/>\n\n<style type=\"text\/css\" data-created_by=\"avia_inline_auto\" id=\"style-css-av-l84vc0h0-3ab266d6d5b305b543aa340991ae179e\">\n.avia-image-container.av-l84vc0h0-3ab266d6d5b305b543aa340991ae179e img.avia_image{\nbox-shadow:none;\n}\n.avia-image-container.av-l84vc0h0-3ab266d6d5b305b543aa340991ae179e .av-image-caption-overlay-center{\ncolor:#ffffff;\n}\n<\/style>\n<div  class='avia-image-container av-l84vc0h0-3ab266d6d5b305b543aa340991ae179e av-styling- av-hover-grow av-hide-overflow av-img-linked avia-align-center  avia-builder-el-20  el_after_av_textblock  avia-builder-el-last '   itemprop=\"image\" itemscope=\"itemscope\" itemtype=\"https:\/\/schema.org\/ImageObject\" ><div class=\"avia-image-container-inner\"><div class=\"avia-image-overlay-wrap\"><a href=\"https:\/\/www.bau-styl.hu\/furdoszobaszalon\/fap-sheer\/\" class='avia_image '  aria-label='FAP Sheer (1)'><img decoding=\"async\" fetchpriority=\"high\" class='wp-image-32655 avia-img-lazy-loading-not-32655 avia_image ' src=\"https:\/\/www.bau-styl.hu\/furdoszobaszalon\/wp-content\/uploads\/2021\/06\/FAP-Sheer-1-495x400.jpg\" alt='' title='FAP Sheer (1)'  height=\"400\" width=\"495\"  itemprop=\"thumbnailUrl\" srcset=\"https:\/\/www.bau-styl.hu\/furdoszobaszalon\/wp-content\/uploads\/2021\/06\/FAP-Sheer-1-495x400.jpg 495w, https:\/\/www.bau-styl.hu\/furdoszobaszalon\/wp-content\/uploads\/2021\/06\/FAP-Sheer-1-845x684.jpg 845w\" sizes=\"(max-width: 495px) 100vw, 495px\" \/><\/a><\/div><\/div><\/div><\/p><\/div>\n\n<style type=\"text\/css\" data-created_by=\"avia_inline_auto\" id=\"style-css-av-av_one_third-e671fab5613f317ef63eb9ab712c64a3\">\n.flex_column.av-av_one_third-e671fab5613f317ef63eb9ab712c64a3{\nborder-radius:0px 0px 0px 0px;\npadding:0px 0px 0px 0px;\n}\n<\/style>\n<div  class='flex_column av-av_one_third-e671fab5613f317ef63eb9ab712c64a3 av_one_third  avia-builder-el-21  el_after_av_one_third  el_before_av_one_full  flex_column_div av-zero-column-padding  column-top-margin'     ><p><section  class='av_textblock_section av-m9a1asao-be2d2939afcc2a494cabb7e4ed07ef62 '   itemscope=\"itemscope\" itemtype=\"https:\/\/schema.org\/CreativeWork\" ><div class='avia_textblock'  itemprop=\"text\" ><p><strong>FAP OXIDE<\/strong><\/p>\n<\/div><\/section><br \/>\n\n<style type=\"text\/css\" data-created_by=\"avia_inline_auto\" id=\"style-css-av-m9a1bjo5-46661640a685e3d4ae87d350fdfde9b1\">\n.avia-image-container.av-m9a1bjo5-46661640a685e3d4ae87d350fdfde9b1 img.avia_image{\nbox-shadow:none;\n}\n.avia-image-container.av-m9a1bjo5-46661640a685e3d4ae87d350fdfde9b1 .av-image-caption-overlay-center{\ncolor:#ffffff;\n}\n<\/style>\n<div  class='avia-image-container av-m9a1bjo5-46661640a685e3d4ae87d350fdfde9b1 av-styling- av-hover-grow av-hide-overflow av-img-linked avia-align-center  avia-builder-el-23  el_after_av_textblock  avia-builder-el-last '   itemprop=\"image\" itemscope=\"itemscope\" itemtype=\"https:\/\/schema.org\/ImageObject\" ><div class=\"avia-image-container-inner\"><div class=\"avia-image-overlay-wrap\"><a href=\"https:\/\/www.bau-styl.hu\/furdoszobaszalon\/fap-oxide\/\" class='avia_image '  aria-label='FAP Oxide (11)'><img decoding=\"async\" fetchpriority=\"high\" class='wp-image-47723 avia-img-lazy-loading-not-47723 avia_image ' src=\"https:\/\/www.bau-styl.hu\/furdoszobaszalon\/wp-content\/uploads\/2025\/04\/FAP-Oxide-11-495x400.jpg\" alt='' title='FAP Oxide (11)'  height=\"400\" width=\"495\"  itemprop=\"thumbnailUrl\" srcset=\"https:\/\/www.bau-styl.hu\/furdoszobaszalon\/wp-content\/uploads\/2025\/04\/FAP-Oxide-11-495x400.jpg 495w, https:\/\/www.bau-styl.hu\/furdoszobaszalon\/wp-content\/uploads\/2025\/04\/FAP-Oxide-11-845x684.jpg 845w\" sizes=\"(max-width: 495px) 100vw, 495px\" \/><\/a><\/div><\/div><\/div><\/p><\/div><div  class='flex_column av-1h3cejl-0a8ce0f89a9318ec9bf491487724efee av_one_full  avia-builder-el-24  el_after_av_one_third  avia-builder-el-last  first flex_column_div  column-top-margin'     ><p>\n<style type=\"text\/css\" data-created_by=\"avia_inline_auto\" id=\"style-css-av-13njkdd-f0e1ce722c6e12a7818054c495c1e4ce\">\n#top .hr.hr-invisible.av-13njkdd-f0e1ce722c6e12a7818054c495c1e4ce{\nheight:50px;\n}\n<\/style>\n<div  class='hr av-13njkdd-f0e1ce722c6e12a7818054c495c1e4ce hr-invisible  avia-builder-el-25  el_before_av_promobox  avia-builder-el-first '><span class='hr-inner '><span class=\"hr-inner-style\"><\/span><\/span><\/div><br \/>\n<div  class='av_promobox av-m9quf5-5ec85ce2108248bf068b5d863f907513 avia-button-yes  avia-builder-el-26  el_after_av_hr  avia-builder-el-last '><div class='avia-promocontent'><p>\n<strong>Ha elnyerte tetsz\u00e9s\u00e9t valamelyik kollekci\u00f3, sok szeretettel v\u00e1rjuk szem\u00e9lyesen is szalonunkban!<\/strong><br \/>\nFoglaljon id\u0151pontot \u00e9rt\u00e9kes\u00edt\u0151nkh\u00f6z, \u00edgy mindenben teljes k\u00f6r\u0171en tudunk seg\u00edteni!<\/p>\n<\/div><div  class='avia-button-wrap av-m9quf5-99eed08e92e4faee50c36724bc58840b-wrap avia-button-right '><a href='https:\/\/www.bau-styl.hu\/furdoszobaszalon\/rolunk\/#foglalas'  class='avia-button av-m9quf5-99eed08e92e4faee50c36724bc58840b av-link-btn avia-icon_select-no avia-size-large avia-position-right avia-color-theme-color'   aria-label=\"ID\u0150PONTOT FOGLALOK!\"><span class='avia_iconbox_title' >ID\u0150PONTOT FOGLALOK!<\/span><\/a><\/div><\/div><\/p><\/div><\/p>\n","protected":false},"excerpt":{"rendered":"","protected":false},"author":2,"featured_media":0,"parent":0,"menu_order":0,"comment_status":"closed","ping_status":"closed","template":"","meta":{"footnotes":""},"class_list":["post-24897","page","type-page","status-publish","hentry"],"aioseo_notices":[],"_links":{"self":[{"href":"https:\/\/www.bau-styl.hu\/furdoszobaszalon\/wp-json\/wp\/v2\/pages\/24897","targetHints":{"allow":["GET"]}}],"collection":[{"href":"https:\/\/www.bau-styl.hu\/furdoszobaszalon\/wp-json\/wp\/v2\/pages"}],"about":[{"href":"https:\/\/www.bau-styl.hu\/furdoszobaszalon\/wp-json\/wp\/v2\/types\/page"}],"author":[{"embeddable":true,"href":"https:\/\/www.bau-styl.hu\/furdoszobaszalon\/wp-json\/wp\/v2\/users\/2"}],"replies":[{"embeddable":true,"href":"https:\/\/www.bau-styl.hu\/furdoszobaszalon\/wp-json\/wp\/v2\/comments?post=24897"}],"version-history":[{"count":0,"href":"https:\/\/www.bau-styl.hu\/furdoszobaszalon\/wp-json\/wp\/v2\/pages\/24897\/revisions"}],"wp:attachment":[{"href":"https:\/\/www.bau-styl.hu\/furdoszobaszalon\/wp-json\/wp\/v2\/media?parent=24897"}],"curies":[{"name":"wp","href":"https:\/\/api.w.org\/{rel}","templated":true}]}}