{"id":24905,"date":"2020-08-12T14:35:00","date_gmt":"2020-08-12T13:35:00","guid":{"rendered":"https:\/\/www.bau-styl.hu\/furdoszobaszalon\/?page_id=24905"},"modified":"2024-01-28T13:09:56","modified_gmt":"2024-01-28T12:09:56","slug":"teglahatasu-burkolatok-tegla-meretu-falicsempek","status":"publish","type":"page","link":"https:\/\/www.bau-styl.hu\/furdoszobaszalon\/teglahatasu-burkolatok-tegla-meretu-falicsempek\/","title":{"rendered":"T\u00e9glahat\u00e1s\u00fa burkolatok, t\u00e9gla m\u00e9ret\u0171 falicsemp\u00e9k"},"content":{"rendered":"\n<style type=\"text\/css\" data-created_by=\"avia_inline_auto\" id=\"style-css-av-kbxib2h5-36bc28caa42426d278d8ddc9a8fc23b0\">\n.avia-section.av-kbxib2h5-36bc28caa42426d278d8ddc9a8fc23b0{\nbackground-repeat:no-repeat;\nbackground-image:url(https:\/\/www.bau-styl.hu\/furdoszobaszalon\/wp-content\/uploads\/2020\/08\/Ragno-Look-11.jpg);\nbackground-position:50% 0%;\nbackground-attachment:scroll;\n}\n.avia-section.av-kbxib2h5-36bc28caa42426d278d8ddc9a8fc23b0 .av-section-color-overlay{\nopacity:0.5;\nbackground-color:#000000;\n}\n<\/style>\n<div id='av_section_1'  class='avia-section av-kbxib2h5-36bc28caa42426d278d8ddc9a8fc23b0 main_color avia-section-default avia-no-shadow  avia-builder-el-0  el_before_av_one_third  avia-builder-el-first  avia-full-stretch avia-bg-style-scroll av-section-color-overlay-active container_wrap sidebar_right'  data-section-bg-repeat='stretch'><div class=\"av-section-color-overlay-wrap\"><div class=\"av-section-color-overlay\"><\/div><div class='container av-section-cont-open' ><main  role=\"main\" itemprop=\"mainContentOfPage\"  class='template-page content  av-content-small alpha units'><div class='post-entry post-entry-type-page post-entry-24905'><div class='entry-content-wrapper clearfix'>\n\n<style type=\"text\/css\" data-created_by=\"avia_inline_auto\" id=\"style-css-av-138a1-6b0f0afd0d775d14741529dc320ff9c9\">\n#top .hr.hr-invisible.av-138a1-6b0f0afd0d775d14741529dc320ff9c9{\nheight:50px;\n}\n<\/style>\n<div  class='hr av-138a1-6b0f0afd0d775d14741529dc320ff9c9 hr-invisible  avia-builder-el-1  el_before_av_heading  avia-builder-el-first '><span class='hr-inner '><span class=\"hr-inner-style\"><\/span><\/span><\/div>\n\n<style type=\"text\/css\" data-created_by=\"avia_inline_auto\" id=\"style-css-av-kfsaje94-b49513e9a31174e964e6609d7873baac\">\n#top .av-special-heading.av-kfsaje94-b49513e9a31174e964e6609d7873baac{\npadding-bottom:10px;\ncolor:#ffffff;\n}\nbody .av-special-heading.av-kfsaje94-b49513e9a31174e964e6609d7873baac .av-special-heading-tag .heading-char{\nfont-size:25px;\n}\n.av-special-heading.av-kfsaje94-b49513e9a31174e964e6609d7873baac .special-heading-inner-border{\nborder-color:#ffffff;\n}\n.av-special-heading.av-kfsaje94-b49513e9a31174e964e6609d7873baac .av-subheading{\nfont-size:15px;\n}\n<\/style>\n<div  class='av-special-heading av-kfsaje94-b49513e9a31174e964e6609d7873baac av-special-heading-h1 custom-color-heading blockquote modern-quote modern-centered  avia-builder-el-2  el_after_av_hr  el_before_av_hr '><h1 class='av-special-heading-tag '  itemprop=\"headline\"  >T\u00c9GLAHAT\u00c1S\u00da BURKOLATOK, T\u00c9GLA M\u00c9RET\u0170 FALICSEMP\u00c9K<\/h1><div class='av_custom_color av-subheading av-subheading_below'><p>&#8211; HAT\u00c1SOK &#8211;<\/p>\n<\/div><div class=\"special-heading-border\"><div class=\"special-heading-inner-border\"><\/div><\/div><\/div>\n\n<style type=\"text\/css\" data-created_by=\"avia_inline_auto\" id=\"style-css-av-tjtux5-2d9885a32f0a0f4585b05031e1f79588\">\n#top .hr.hr-invisible.av-tjtux5-2d9885a32f0a0f4585b05031e1f79588{\nheight:50px;\n}\n<\/style>\n<div  class='hr av-tjtux5-2d9885a32f0a0f4585b05031e1f79588 hr-invisible  avia-builder-el-3  el_after_av_heading  avia-builder-el-last '><span class='hr-inner '><span class=\"hr-inner-style\"><\/span><\/span><\/div>\n<\/div><\/div><\/main><!-- close content main element --><\/div><\/div><\/div><div id='after_section_1'  class='main_color av_default_container_wrap container_wrap sidebar_right'  ><div class='container av-section-cont-open' ><div class='template-page content  av-content-small alpha units'><div class='post-entry post-entry-type-page post-entry-24905'><div class='entry-content-wrapper clearfix'>\n<div  class='flex_column av-28gasgd-3842c187b46766bc85ae9f03ab07d26e av_one_third  avia-builder-el-4  el_after_av_section  el_before_av_one_third  avia-builder-el-first  first flex_column_div  '     ><p><section  class='av_textblock_section av-26699al-9667a0efbf2d9ac9ed5f54039c157510 '   itemscope=\"itemscope\" itemtype=\"https:\/\/schema.org\/CreativeWork\" ><div class='avia_textblock'  itemprop=\"text\" ><p><strong>FAP BOSTON<\/strong><\/p>\n<\/div><\/section><br \/>\n\n<style type=\"text\/css\" data-created_by=\"avia_inline_auto\" id=\"style-css-av-25kvkyl-5a4ce53fffbaed2d16fe28a0f21d0e8c\">\n.avia-image-container.av-25kvkyl-5a4ce53fffbaed2d16fe28a0f21d0e8c img.avia_image{\nbox-shadow:none;\n}\n.avia-image-container.av-25kvkyl-5a4ce53fffbaed2d16fe28a0f21d0e8c .av-image-caption-overlay-center{\ncolor:#ffffff;\n}\n<\/style>\n<div  class='avia-image-container av-25kvkyl-5a4ce53fffbaed2d16fe28a0f21d0e8c av-styling- av-hover-grow av-hide-overflow av-img-linked avia-align-center  avia-builder-el-6  el_after_av_textblock  avia-builder-el-last '   itemprop=\"image\" itemscope=\"itemscope\" itemtype=\"https:\/\/schema.org\/ImageObject\" ><div class=\"avia-image-container-inner\"><div class=\"avia-image-overlay-wrap\"><a href=\"https:\/\/www.bau-styl.hu\/furdoszobaszalon\/fap-boston\/\" class='avia_image '  aria-label='Fap Boston'><img decoding=\"async\" fetchpriority=\"high\" class='wp-image-19546 avia-img-lazy-loading-not-19546 avia_image ' src=\"https:\/\/www.bau-styl.hu\/furdoszobaszalon\/wp-content\/uploads\/2020\/04\/Fap-Boston-8-495x400.jpg\" alt='Fap Boston' title='Fap Boston'  height=\"400\" width=\"495\"  itemprop=\"thumbnailUrl\" srcset=\"https:\/\/www.bau-styl.hu\/furdoszobaszalon\/wp-content\/uploads\/2020\/04\/Fap-Boston-8-495x400.jpg 495w, https:\/\/www.bau-styl.hu\/furdoszobaszalon\/wp-content\/uploads\/2020\/04\/Fap-Boston-8-845x684.jpg 845w\" sizes=\"(max-width: 495px) 100vw, 495px\" \/><\/a><\/div><\/div><\/div><\/p><\/div>\n\n<style type=\"text\/css\" data-created_by=\"avia_inline_auto\" id=\"style-css-av-1t0zvhs-97b497f77c8a33449916ab65ec2ffc8d\">\n.flex_column.av-1t0zvhs-97b497f77c8a33449916ab65ec2ffc8d{\nborder-radius:0px 0px 0px 0px;\npadding:0px 0px 0px 0px;\n}\n<\/style>\n<div  class='flex_column av-1t0zvhs-97b497f77c8a33449916ab65ec2ffc8d av_one_third  avia-builder-el-7  el_after_av_one_third  el_before_av_one_third  flex_column_div av-zero-column-padding  '     ><p><section  class='av_textblock_section av-1r59tfk-1d013a82ce3d0174754efe90d8159157 '   itemscope=\"itemscope\" itemtype=\"https:\/\/schema.org\/CreativeWork\" ><div class='avia_textblock'  itemprop=\"text\" ><p><strong>RAGNO LOOK<\/strong><\/p>\n<\/div><\/section><br \/>\n\n<style type=\"text\/css\" data-created_by=\"avia_inline_auto\" id=\"style-css-av-1qlw5ow-175f0663301437ace15205c37fdbfa22\">\n.avia-image-container.av-1qlw5ow-175f0663301437ace15205c37fdbfa22 img.avia_image{\nbox-shadow:none;\n}\n.avia-image-container.av-1qlw5ow-175f0663301437ace15205c37fdbfa22 .av-image-caption-overlay-center{\ncolor:#ffffff;\n}\n<\/style>\n<div  class='avia-image-container av-1qlw5ow-175f0663301437ace15205c37fdbfa22 av-styling- av-hover-grow av-hide-overflow av-img-linked avia-align-center  avia-builder-el-9  el_after_av_textblock  avia-builder-el-last '   itemprop=\"image\" itemscope=\"itemscope\" itemtype=\"https:\/\/schema.org\/ImageObject\" ><div class=\"avia-image-container-inner\"><div class=\"avia-image-overlay-wrap\"><a href=\"https:\/\/www.bau-styl.hu\/furdoszobaszalon\/ragno-look\/\" class='avia_image '  aria-label='Ragno Look'><img decoding=\"async\" fetchpriority=\"high\" class='wp-image-24922 avia-img-lazy-loading-not-24922 avia_image ' src=\"https:\/\/www.bau-styl.hu\/furdoszobaszalon\/wp-content\/uploads\/2020\/08\/Ragno-Look-6-495x400.jpg\" alt='Ragno Look' title='Ragno Look'  height=\"400\" width=\"495\"  itemprop=\"thumbnailUrl\" srcset=\"https:\/\/www.bau-styl.hu\/furdoszobaszalon\/wp-content\/uploads\/2020\/08\/Ragno-Look-6-495x400.jpg 495w, https:\/\/www.bau-styl.hu\/furdoszobaszalon\/wp-content\/uploads\/2020\/08\/Ragno-Look-6-845x684.jpg 845w\" sizes=\"(max-width: 495px) 100vw, 495px\" \/><\/a><\/div><\/div><\/div><\/p><\/div>\n<div  class='flex_column av-15b03il-3-d4a36fe36ad5871f857f1eea49c0195e av_one_third  avia-builder-el-10  el_after_av_one_third  el_before_av_one_third  flex_column_div  '     ><p><section  class='av_textblock_section av-12ekgal-2-7ecc6b6ea46097fd77c222bc5d193315 '   itemscope=\"itemscope\" itemtype=\"https:\/\/schema.org\/CreativeWork\" ><div class='avia_textblock'  itemprop=\"text\" ><p><strong>NOVABELL BRICKUP<\/strong><\/p>\n<\/div><\/section><br \/>\n\n<style type=\"text\/css\" data-created_by=\"avia_inline_auto\" id=\"style-css-av-11w2xyl-1-9019e97c9190fe1c78a31daa6fe33693\">\n.avia-image-container.av-11w2xyl-1-9019e97c9190fe1c78a31daa6fe33693 img.avia_image{\nbox-shadow:none;\n}\n.avia-image-container.av-11w2xyl-1-9019e97c9190fe1c78a31daa6fe33693 .av-image-caption-overlay-center{\ncolor:#ffffff;\n}\n<\/style>\n<div  class='avia-image-container av-11w2xyl-1-9019e97c9190fe1c78a31daa6fe33693 av-styling- av-hover-grow av-hide-overflow av-img-linked avia-align-center  avia-builder-el-12  el_after_av_textblock  avia-builder-el-last '   itemprop=\"image\" itemscope=\"itemscope\" itemtype=\"https:\/\/schema.org\/ImageObject\" ><div class=\"avia-image-container-inner\"><div class=\"avia-image-overlay-wrap\"><a href=\"https:\/\/www.bau-styl.hu\/furdoszobaszalon\/novabell-brickup\/\" class='avia_image '  aria-label='Novabell Brickup'><img decoding=\"async\" fetchpriority=\"high\" class='wp-image-19814 avia-img-lazy-loading-not-19814 avia_image ' src=\"https:\/\/www.bau-styl.hu\/furdoszobaszalon\/wp-content\/uploads\/2020\/04\/Novabell-Brickup-1-495x400.jpg\" alt='Novabell Brickup' title='Novabell Brickup'  height=\"400\" width=\"495\"  itemprop=\"thumbnailUrl\" srcset=\"https:\/\/www.bau-styl.hu\/furdoszobaszalon\/wp-content\/uploads\/2020\/04\/Novabell-Brickup-1-495x400.jpg 495w, https:\/\/www.bau-styl.hu\/furdoszobaszalon\/wp-content\/uploads\/2020\/04\/Novabell-Brickup-1-845x684.jpg 845w\" sizes=\"(max-width: 495px) 100vw, 495px\" \/><\/a><\/div><\/div><\/div><\/p><\/div>\n<div  class='flex_column av-19d098p-0be2979b0d36d76d7933ba2275945fde av_one_third  avia-builder-el-13  el_after_av_one_third  el_before_av_one_third  first flex_column_div  column-top-margin'     ><p><section  class='av_textblock_section av-l81bgrve-7a162c371621b9fad4a282d34918a645 '   itemscope=\"itemscope\" itemtype=\"https:\/\/schema.org\/CreativeWork\" ><div class='avia_textblock'  itemprop=\"text\" ><p><strong>NOVABELL FUSION<\/strong><\/p>\n<\/div><\/section><br \/>\n\n<style type=\"text\/css\" data-created_by=\"avia_inline_auto\" id=\"style-css-av-l81bhdmj-fb0158bef4592cffbd3bc8a32b0e3022\">\n.avia-image-container.av-l81bhdmj-fb0158bef4592cffbd3bc8a32b0e3022 img.avia_image{\nbox-shadow:none;\n}\n.avia-image-container.av-l81bhdmj-fb0158bef4592cffbd3bc8a32b0e3022 .av-image-caption-overlay-center{\ncolor:#ffffff;\n}\n<\/style>\n<div  class='avia-image-container av-l81bhdmj-fb0158bef4592cffbd3bc8a32b0e3022 av-styling- av-hover-grow av-hide-overflow av-img-linked avia-align-center  avia-builder-el-15  el_after_av_textblock  avia-builder-el-last '   itemprop=\"image\" itemscope=\"itemscope\" itemtype=\"https:\/\/schema.org\/ImageObject\" ><div class=\"avia-image-container-inner\"><div class=\"avia-image-overlay-wrap\"><a href=\"https:\/\/www.bau-styl.hu\/furdoszobaszalon\/novabell-fusion\/\" class='avia_image '  aria-label='Novabell Fusion'><img decoding=\"async\" fetchpriority=\"high\" class='wp-image-34359 avia-img-lazy-loading-not-34359 avia_image ' src=\"https:\/\/www.bau-styl.hu\/furdoszobaszalon\/wp-content\/uploads\/2022\/01\/03_Grigio_Bathroom_P2-495x400.jpg\" alt='' title='Novabell Fusion'  height=\"400\" width=\"495\"  itemprop=\"thumbnailUrl\" srcset=\"https:\/\/www.bau-styl.hu\/furdoszobaszalon\/wp-content\/uploads\/2022\/01\/03_Grigio_Bathroom_P2-495x400.jpg 495w, https:\/\/www.bau-styl.hu\/furdoszobaszalon\/wp-content\/uploads\/2022\/01\/03_Grigio_Bathroom_P2-845x684.jpg 845w\" sizes=\"(max-width: 495px) 100vw, 495px\" \/><\/a><\/div><\/div><\/div><\/p><\/div>\n\n<style type=\"text\/css\" data-created_by=\"avia_inline_auto\" id=\"style-css-av-jpistl-1f28aba0b462d5ae00fc1bbc812169c6\">\n.flex_column.av-jpistl-1f28aba0b462d5ae00fc1bbc812169c6{\nborder-radius:0px 0px 0px 0px;\npadding:0px 0px 0px 0px;\n}\n<\/style>\n<div  class='flex_column av-jpistl-1f28aba0b462d5ae00fc1bbc812169c6 av_one_third  avia-builder-el-16  el_after_av_one_third  el_before_av_one_third  flex_column_div av-zero-column-padding  column-top-margin'     ><p><section  class='av_textblock_section av-l81bfes9-d1fd0cf5381d5cd82b401800726335ad '   itemscope=\"itemscope\" itemtype=\"https:\/\/schema.org\/CreativeWork\" ><div class='avia_textblock'  itemprop=\"text\" ><p><strong>MARCA CORONA MULTIFORME<\/strong><\/p>\n<\/div><\/section><br \/>\n\n<style type=\"text\/css\" data-created_by=\"avia_inline_auto\" id=\"style-css-av-l81bghno-7b0df6131c4c7fae385679534b482ab0\">\n.avia-image-container.av-l81bghno-7b0df6131c4c7fae385679534b482ab0 img.avia_image{\nbox-shadow:none;\n}\n.avia-image-container.av-l81bghno-7b0df6131c4c7fae385679534b482ab0 .av-image-caption-overlay-center{\ncolor:#ffffff;\n}\n<\/style>\n<div  class='avia-image-container av-l81bghno-7b0df6131c4c7fae385679534b482ab0 av-styling- av-hover-grow av-hide-overflow av-img-linked avia-align-center  avia-builder-el-18  el_after_av_textblock  avia-builder-el-last '   itemprop=\"image\" itemscope=\"itemscope\" itemtype=\"https:\/\/schema.org\/ImageObject\" ><div class=\"avia-image-container-inner\"><div class=\"avia-image-overlay-wrap\"><a href=\"https:\/\/www.bau-styl.hu\/furdoszobaszalon\/marca-corona-multiforme\/\" class='avia_image '  aria-label='Marca Corona Multiforme'><img decoding=\"async\" fetchpriority=\"high\" class='wp-image-34059 avia-img-lazy-loading-not-34059 avia_image ' src=\"https:\/\/www.bau-styl.hu\/furdoszobaszalon\/wp-content\/uploads\/2022\/01\/Marca-Corona-Multiforme-59-495x400.jpg\" alt='Marca Corona Multiforme' title='Marca Corona Multiforme'  height=\"400\" width=\"495\"  itemprop=\"thumbnailUrl\" srcset=\"https:\/\/www.bau-styl.hu\/furdoszobaszalon\/wp-content\/uploads\/2022\/01\/Marca-Corona-Multiforme-59-495x400.jpg 495w, https:\/\/www.bau-styl.hu\/furdoszobaszalon\/wp-content\/uploads\/2022\/01\/Marca-Corona-Multiforme-59-845x684.jpg 845w\" sizes=\"(max-width: 495px) 100vw, 495px\" \/><\/a><\/div><\/div><\/div><\/p><\/div>\n\n<style type=\"text\/css\" data-created_by=\"avia_inline_auto\" id=\"style-css-av-o7n4uh-8daba21d3bb05b30b97204dc70348e8d\">\n.flex_column.av-o7n4uh-8daba21d3bb05b30b97204dc70348e8d{\nborder-radius:0px 0px 0px 0px;\npadding:0px 0px 0px 0px;\n}\n<\/style>\n<div  class='flex_column av-o7n4uh-8daba21d3bb05b30b97204dc70348e8d av_one_third  avia-builder-el-19  el_after_av_one_third  el_before_av_one_third  flex_column_div av-zero-column-padding  column-top-margin'     ><p><section  class='av_textblock_section av-lgg4kxjw-de78e9659f882232efae5548aeab9866 '   itemscope=\"itemscope\" itemtype=\"https:\/\/schema.org\/CreativeWork\" ><div class='avia_textblock'  itemprop=\"text\" ><p><strong>MARCA CORONA MINIATURE<\/strong><\/p>\n<\/div><\/section><br \/>\n\n<style type=\"text\/css\" data-created_by=\"avia_inline_auto\" id=\"style-css-av-lgg4lfoa-5486f961f68ba8fd2d08f4003a3349fc\">\n.avia-image-container.av-lgg4lfoa-5486f961f68ba8fd2d08f4003a3349fc img.avia_image{\nbox-shadow:none;\n}\n.avia-image-container.av-lgg4lfoa-5486f961f68ba8fd2d08f4003a3349fc .av-image-caption-overlay-center{\ncolor:#ffffff;\n}\n<\/style>\n<div  class='avia-image-container av-lgg4lfoa-5486f961f68ba8fd2d08f4003a3349fc av-styling- av-hover-grow av-hide-overflow av-img-linked avia-align-center  avia-builder-el-21  el_after_av_textblock  avia-builder-el-last '   itemprop=\"image\" itemscope=\"itemscope\" itemtype=\"https:\/\/schema.org\/ImageObject\" ><div class=\"avia-image-container-inner\"><div class=\"avia-image-overlay-wrap\"><a href=\"https:\/\/www.bau-styl.hu\/furdoszobaszalon\/marca-corona-miniature\/\" class='avia_image '  aria-label='Marca Corona Miniature (24)'><img decoding=\"async\" fetchpriority=\"high\" class='wp-image-40919 avia-img-lazy-loading-not-40919 avia_image ' src=\"https:\/\/www.bau-styl.hu\/furdoszobaszalon\/wp-content\/uploads\/2023\/01\/Marca-Corona-Miniature-24-495x400.jpg\" alt='' title='Marca Corona Miniature (24)'  height=\"400\" width=\"495\"  itemprop=\"thumbnailUrl\" srcset=\"https:\/\/www.bau-styl.hu\/furdoszobaszalon\/wp-content\/uploads\/2023\/01\/Marca-Corona-Miniature-24-495x400.jpg 495w, https:\/\/www.bau-styl.hu\/furdoszobaszalon\/wp-content\/uploads\/2023\/01\/Marca-Corona-Miniature-24-845x684.jpg 845w\" sizes=\"(max-width: 495px) 100vw, 495px\" \/><\/a><\/div><\/div><\/div><\/p><\/div>\n\n<style type=\"text\/css\" data-created_by=\"avia_inline_auto\" id=\"style-css-av-av_one_third-abf61815a02831d116b1aaa4a1b0ed13\">\n.flex_column.av-av_one_third-abf61815a02831d116b1aaa4a1b0ed13{\nborder-radius:0px 0px 0px 0px;\npadding:0px 0px 0px 0px;\n}\n<\/style>\n<div  class='flex_column av-av_one_third-abf61815a02831d116b1aaa4a1b0ed13 av_one_third  avia-builder-el-22  el_after_av_one_third  el_before_av_one_full  first flex_column_div av-zero-column-padding  column-top-margin'     ><p><section  class='av_textblock_section av-lrxgk2es-6badde53f48aa1e52c4b2ad38c4397b5 '   itemscope=\"itemscope\" itemtype=\"https:\/\/schema.org\/CreativeWork\" ><div class='avia_textblock'  itemprop=\"text\" ><p><strong>FAP NOBU<\/strong><\/p>\n<\/div><\/section><br \/>\n\n<style type=\"text\/css\" data-created_by=\"avia_inline_auto\" id=\"style-css-av-lrxgkq1l-0bd89e51940e4336e2c749e9a6b5a7f6\">\n.avia-image-container.av-lrxgkq1l-0bd89e51940e4336e2c749e9a6b5a7f6 img.avia_image{\nbox-shadow:none;\n}\n.avia-image-container.av-lrxgkq1l-0bd89e51940e4336e2c749e9a6b5a7f6 .av-image-caption-overlay-center{\ncolor:#ffffff;\n}\n<\/style>\n<div  class='avia-image-container av-lrxgkq1l-0bd89e51940e4336e2c749e9a6b5a7f6 av-styling- av-hover-grow av-hide-overflow av-img-linked avia-align-center  avia-builder-el-24  el_after_av_textblock  avia-builder-el-last '   itemprop=\"image\" itemscope=\"itemscope\" itemtype=\"https:\/\/schema.org\/ImageObject\" ><div class=\"avia-image-container-inner\"><div class=\"avia-image-overlay-wrap\"><a href=\"https:\/\/www.bau-styl.hu\/furdoszobaszalon\/fap-nobu\/\" class='avia_image '  aria-label='FAP Nobu (1)'><img decoding=\"async\" fetchpriority=\"high\" class='wp-image-44760 avia-img-lazy-loading-not-44760 avia_image ' src=\"https:\/\/www.bau-styl.hu\/furdoszobaszalon\/wp-content\/uploads\/2024\/01\/FAP-Nobu-1-495x400.jpg\" alt='' title='FAP Nobu (1)'  height=\"400\" width=\"495\"  itemprop=\"thumbnailUrl\" srcset=\"https:\/\/www.bau-styl.hu\/furdoszobaszalon\/wp-content\/uploads\/2024\/01\/FAP-Nobu-1-495x400.jpg 495w, https:\/\/www.bau-styl.hu\/furdoszobaszalon\/wp-content\/uploads\/2024\/01\/FAP-Nobu-1-845x684.jpg 845w\" sizes=\"(max-width: 495px) 100vw, 495px\" \/><\/a><\/div><\/div><\/div><\/p><\/div><div  class='flex_column av-1o722vd-7a0262ad5fb766d485b3117a84b7f88f av_one_full  avia-builder-el-25  el_after_av_one_third  avia-builder-el-last  first flex_column_div  column-top-margin'     ><p>\n<style type=\"text\/css\" data-created_by=\"avia_inline_auto\" id=\"style-css-av-15qqm2x-bc346f2239c50a9e98e40e492414a869\">\n#top .hr.hr-invisible.av-15qqm2x-bc346f2239c50a9e98e40e492414a869{\nheight:50px;\n}\n<\/style>\n<div  class='hr av-15qqm2x-bc346f2239c50a9e98e40e492414a869 hr-invisible  avia-builder-el-26  el_before_av_promobox  avia-builder-el-first '><span class='hr-inner '><span class=\"hr-inner-style\"><\/span><\/span><\/div><br \/>\n<div  class='av_promobox av-mzvrvt-a795aa9ca4c8d7049bfcece42b91c284 avia-button-yes  avia-builder-el-27  el_after_av_hr  avia-builder-el-last '><div class='avia-promocontent'><p>\n<strong>Ha elnyerte tetsz\u00e9s\u00e9t valamelyik kollekci\u00f3, sok szeretettel v\u00e1rjuk szem\u00e9lyesen is szalonunkban!<\/strong><br \/>\nFoglaljon id\u0151pontot \u00e9rt\u00e9kes\u00edt\u0151nkh\u00f6z, \u00edgy mindenben teljes k\u00f6r\u0171en tudunk seg\u00edteni!<\/p>\n<\/div><div  class='avia-button-wrap av-mzvrvt-112f372fcba3d318a4d5cc5054539b6a-wrap avia-button-right '><a href='https:\/\/www.bau-styl.hu\/furdoszobaszalon\/rolunk\/#foglalas'  class='avia-button av-mzvrvt-112f372fcba3d318a4d5cc5054539b6a av-link-btn avia-icon_select-no avia-size-large avia-position-right avia-color-theme-color'   aria-label=\"ID\u0150PONTOT FOGLALOK!\"><span class='avia_iconbox_title' >ID\u0150PONTOT FOGLALOK!<\/span><\/a><\/div><\/div><\/p><\/div><\/p>\n","protected":false},"excerpt":{"rendered":"","protected":false},"author":2,"featured_media":0,"parent":0,"menu_order":0,"comment_status":"closed","ping_status":"closed","template":"","meta":{"footnotes":""},"class_list":["post-24905","page","type-page","status-publish","hentry"],"aioseo_notices":[],"_links":{"self":[{"href":"https:\/\/www.bau-styl.hu\/furdoszobaszalon\/wp-json\/wp\/v2\/pages\/24905","targetHints":{"allow":["GET"]}}],"collection":[{"href":"https:\/\/www.bau-styl.hu\/furdoszobaszalon\/wp-json\/wp\/v2\/pages"}],"about":[{"href":"https:\/\/www.bau-styl.hu\/furdoszobaszalon\/wp-json\/wp\/v2\/types\/page"}],"author":[{"embeddable":true,"href":"https:\/\/www.bau-styl.hu\/furdoszobaszalon\/wp-json\/wp\/v2\/users\/2"}],"replies":[{"embeddable":true,"href":"https:\/\/www.bau-styl.hu\/furdoszobaszalon\/wp-json\/wp\/v2\/comments?post=24905"}],"version-history":[{"count":0,"href":"https:\/\/www.bau-styl.hu\/furdoszobaszalon\/wp-json\/wp\/v2\/pages\/24905\/revisions"}],"wp:attachment":[{"href":"https:\/\/www.bau-styl.hu\/furdoszobaszalon\/wp-json\/wp\/v2\/media?parent=24905"}],"curies":[{"name":"wp","href":"https:\/\/api.w.org\/{rel}","templated":true}]}}