{"id":25435,"date":"2020-09-02T10:51:52","date_gmt":"2020-09-02T09:51:52","guid":{"rendered":"https:\/\/www.bau-styl.hu\/furdoszobaszalon\/?page_id=25435"},"modified":"2025-06-16T20:19:32","modified_gmt":"2025-06-16T19:19:32","slug":"burkolatok-felhasznalas-szerint","status":"publish","type":"page","link":"https:\/\/www.bau-styl.hu\/furdoszobaszalon\/burkolatok-felhasznalas-szerint\/","title":{"rendered":"Felhaszn\u00e1l\u00e1s szerint"},"content":{"rendered":"\n<style type=\"text\/css\" data-created_by=\"avia_inline_auto\" id=\"style-css-av-kbxib2h5-ccd3f5006ec375a2db14681ccf374947\">\n.avia-section.av-kbxib2h5-ccd3f5006ec375a2db14681ccf374947{\nbackground-repeat:no-repeat;\nbackground-image:url(https:\/\/www.bau-styl.hu\/furdoszobaszalon\/wp-content\/uploads\/2024\/02\/Ragno-Vida-7.jpg);\nbackground-position:50% 50%;\nbackground-attachment:scroll;\n}\n.avia-section.av-kbxib2h5-ccd3f5006ec375a2db14681ccf374947 .av-section-color-overlay{\nopacity:0.5;\nbackground-color:#000000;\n}\n<\/style>\n<div id='av_section_1'  class='avia-section av-kbxib2h5-ccd3f5006ec375a2db14681ccf374947 main_color avia-section-default avia-no-shadow  avia-builder-el-0  el_before_av_one_full  avia-builder-el-first  avia-full-stretch avia-bg-style-scroll av-section-color-overlay-active container_wrap sidebar_right'  data-section-bg-repeat='stretch'><div class=\"av-section-color-overlay-wrap\"><div class=\"av-section-color-overlay\"><\/div><div class='container av-section-cont-open' ><main  role=\"main\" itemprop=\"mainContentOfPage\"  class='template-page content  av-content-small alpha units'><div class='post-entry post-entry-type-page post-entry-25435'><div class='entry-content-wrapper clearfix'>\n\n<style type=\"text\/css\" data-created_by=\"avia_inline_auto\" id=\"style-css-av-138a1-6b0f0afd0d775d14741529dc320ff9c9\">\n#top .hr.hr-invisible.av-138a1-6b0f0afd0d775d14741529dc320ff9c9{\nheight:50px;\n}\n<\/style>\n<div  class='hr av-138a1-6b0f0afd0d775d14741529dc320ff9c9 hr-invisible  avia-builder-el-1  el_before_av_heading  avia-builder-el-first '><span class='hr-inner '><span class=\"hr-inner-style\"><\/span><\/span><\/div>\n\n<style type=\"text\/css\" data-created_by=\"avia_inline_auto\" id=\"style-css-av-kel7cnl1-21524a8cda7936bf0cfaba4864df29d0\">\n#top .av-special-heading.av-kel7cnl1-21524a8cda7936bf0cfaba4864df29d0{\npadding-bottom:10px;\ncolor:#ffffff;\n}\nbody .av-special-heading.av-kel7cnl1-21524a8cda7936bf0cfaba4864df29d0 .av-special-heading-tag .heading-char{\nfont-size:25px;\n}\n.av-special-heading.av-kel7cnl1-21524a8cda7936bf0cfaba4864df29d0 .special-heading-inner-border{\nborder-color:#ffffff;\n}\n.av-special-heading.av-kel7cnl1-21524a8cda7936bf0cfaba4864df29d0 .av-subheading{\nfont-size:15px;\n}\n<\/style>\n<div  class='av-special-heading av-kel7cnl1-21524a8cda7936bf0cfaba4864df29d0 av-special-heading-h1 custom-color-heading blockquote modern-quote modern-centered  avia-builder-el-2  el_after_av_hr  el_before_av_hr '><h1 class='av-special-heading-tag '  itemprop=\"headline\"  >BURKOLATOK FELHASZN\u00c1L\u00c1SUK SZERINT<\/h1><div class=\"special-heading-border\"><div class=\"special-heading-inner-border\"><\/div><\/div><\/div>\n\n<style type=\"text\/css\" data-created_by=\"avia_inline_auto\" id=\"style-css-av-av_hr-5ca9877b71e9c9b08aa2f47115800ed3\">\n#top .hr.hr-invisible.av-av_hr-5ca9877b71e9c9b08aa2f47115800ed3{\nheight:50px;\n}\n<\/style>\n<div  class='hr av-av_hr-5ca9877b71e9c9b08aa2f47115800ed3 hr-invisible  avia-builder-el-3  el_after_av_heading  avia-builder-el-last '><span class='hr-inner '><span class=\"hr-inner-style\"><\/span><\/span><\/div>\n<\/div><\/div><\/main><!-- close content main element --><\/div><\/div><\/div><div id='after_section_1'  class='main_color av_default_container_wrap container_wrap sidebar_right'  ><div class='container av-section-cont-open' ><div class='template-page content  av-content-small alpha units'><div class='post-entry post-entry-type-page post-entry-25435'><div class='entry-content-wrapper clearfix'><div class='flex_column_table av-17b6imz-e33f2ff3687cac6a92280feb81ca3ba4 sc-av_one_full av-equal-height-column-flextable'>\n<style type=\"text\/css\" data-created_by=\"avia_inline_auto\" id=\"style-css-av-17b6imz-e33f2ff3687cac6a92280feb81ca3ba4\">\n.flex_column.av-17b6imz-e33f2ff3687cac6a92280feb81ca3ba4{\nborder-radius:0px 0px 0px 0px;\npadding:0px 0px 0px 0px;\n}\n<\/style>\n<div  class='flex_column av-17b6imz-e33f2ff3687cac6a92280feb81ca3ba4 av_one_full  avia-builder-el-4  el_after_av_section  el_before_av_one_third  avia-builder-el-first  first flex_column_table_cell av-equal-height-column av-align-bottom av-zero-column-padding  '     ><section  class='av_textblock_section av-vmjrqz-851c4b54d36067e4921f608afcec33c0 '   itemscope=\"itemscope\" itemtype=\"https:\/\/schema.org\/CreativeWork\" ><div class='avia_textblock'  itemprop=\"text\" ><p style=\"text-align: justify;\">A <strong>k\u00fclt\u00e9ri lapok<\/strong> azokat a kollekci\u00f3kat mutatj\u00e1k be, melyeket teraszra, kertbe vagy medence mell\u00e9 fektethet\u00fcnk. A legt\u00f6bb gy\u00e1rt\u00f3 ezeket a darabokat 20 mm-es vastags\u00e1ggal k\u00e9sz\u00edti.<\/p>\n<p style=\"text-align: justify;\">A <strong>falilapok<\/strong> k\u00f6z\u00f6tt olyan kollekci\u00f3kat ismerhet\u00fcnk meg, melyek anyagukb\u00f3l vagy mint\u00e1zatukb\u00f3l fakad\u00f3an fali felhaszn\u00e1l\u00e1sra k\u00e9sz\u00fcltek. F\u0151k\u00e9nt h\u00e1romdimenzi\u00f3s vagy m\u00e1zas fel\u00fclet\u0171 lapcsal\u00e1dok tartoznak ide, n\u00e9h\u00e1ny mutat\u00f3s designburkolattal kieg\u00e9sz\u00edtve a teljes palett\u00e1t.<\/p>\n<p>A <strong>megalapok<\/strong> v\u00e1logat\u00e1sban a nagym\u00e9ret\u0171 lapok helyet, amelyek legal\u00e1bb 120&#215;240 cm-es m\u00e9rettel b\u00fcszk\u00e9lkednek, de ak\u00e1r a m\u00e9g nagyobb, 120&#215;360 cm-es verzi\u00f3ban is van k\u00f6zt\u00fck b\u0151ven.<\/p>\n<\/div><\/section><\/div><\/div><!--close column table wrapper. Autoclose: 1 --><\/p>\n\n<style type=\"text\/css\" data-created_by=\"avia_inline_auto\" id=\"style-css-av-1ej67mh-9e0373be5d397c57be0603d96a036f27\">\n.flex_column.av-1ej67mh-9e0373be5d397c57be0603d96a036f27{\nborder-radius:0px 0px 0px 0px;\npadding:0px 0px 0px 0px;\n}\n<\/style>\n<div  class='flex_column av-1ej67mh-9e0373be5d397c57be0603d96a036f27 av_one_third  avia-builder-el-6  el_after_av_one_full  el_before_av_one_third  first flex_column_div av-zero-column-padding  column-top-margin'     ><p><section  class='av_textblock_section av-4xshop-4c8b1cab9775c159337f0030e0605131 '   itemscope=\"itemscope\" itemtype=\"https:\/\/schema.org\/CreativeWork\" ><div class='avia_textblock'  itemprop=\"text\" ><p><strong>K\u00dcLT\u00c9RI KOLLEKCI\u00d3K<\/strong><\/p>\n<\/div><\/section><br \/>\n\n<style type=\"text\/css\" data-created_by=\"avia_inline_auto\" id=\"style-css-av-1brfod5-c165d453c9b9bc04d038f92cdb98685c\">\n.avia-image-container.av-1brfod5-c165d453c9b9bc04d038f92cdb98685c img.avia_image{\nbox-shadow:none;\n}\n.avia-image-container.av-1brfod5-c165d453c9b9bc04d038f92cdb98685c .av-image-caption-overlay-center{\ncolor:#ffffff;\n}\n<\/style>\n<div  class='avia-image-container av-1brfod5-c165d453c9b9bc04d038f92cdb98685c av-styling- av-hover-grow av-hide-overflow av-img-linked avia-align-center  avia-builder-el-8  el_after_av_textblock  avia-builder-el-last '   itemprop=\"image\" itemscope=\"itemscope\" itemtype=\"https:\/\/schema.org\/ImageObject\" ><div class=\"avia-image-container-inner\"><div class=\"avia-image-overlay-wrap\"><a href=\"https:\/\/www.bau-styl.hu\/furdoszobaszalon\/kulteri-burkolatok\/\" class='avia_image '  aria-label='Marca Corona Arkistone'><img decoding=\"async\" fetchpriority=\"high\" class='wp-image-38092 avia-img-lazy-loading-not-38092 avia_image ' src=\"https:\/\/www.bau-styl.hu\/furdoszobaszalon\/wp-content\/uploads\/2022\/09\/Marca-Corona-Arkistone-20-495x400.jpg\" alt='Marca Corona Arkistone' title='Marca Corona Arkistone'  height=\"400\" width=\"495\"  itemprop=\"thumbnailUrl\" srcset=\"https:\/\/www.bau-styl.hu\/furdoszobaszalon\/wp-content\/uploads\/2022\/09\/Marca-Corona-Arkistone-20-495x400.jpg 495w, https:\/\/www.bau-styl.hu\/furdoszobaszalon\/wp-content\/uploads\/2022\/09\/Marca-Corona-Arkistone-20-845x684.jpg 845w\" sizes=\"(max-width: 495px) 100vw, 495px\" \/><\/a><\/div><\/div><\/div><\/p><\/div>\n\n<style type=\"text\/css\" data-created_by=\"avia_inline_auto\" id=\"style-css-av-1ixwsxl-3-fe22fdfbcc6881de6fb1ea22a67e60c8\">\n.flex_column.av-1ixwsxl-3-fe22fdfbcc6881de6fb1ea22a67e60c8{\nborder-radius:0px 0px 0px 0px;\npadding:0px 0px 0px 0px;\n}\n<\/style>\n<div  class='flex_column av-1ixwsxl-3-fe22fdfbcc6881de6fb1ea22a67e60c8 av_one_third  avia-builder-el-9  el_after_av_one_third  el_before_av_one_third  flex_column_div av-zero-column-padding  column-top-margin'     ><p><section  class='av_textblock_section av-5ggfi1-2-8cd65dee900c1b04de282d9c3a32d1e9 '   itemscope=\"itemscope\" itemtype=\"https:\/\/schema.org\/CreativeWork\" ><div class='avia_textblock'  itemprop=\"text\" ><p><strong>FALI KOLLEKCI\u00d3K<\/strong><\/p>\n<\/div><\/section><br \/>\n\n<style type=\"text\/css\" data-created_by=\"avia_inline_auto\" id=\"style-css-av-1gdnh15-1-4f159f3a3960ab88e480a7598f940ce4\">\n.avia-image-container.av-1gdnh15-1-4f159f3a3960ab88e480a7598f940ce4 img.avia_image{\nbox-shadow:none;\n}\n.avia-image-container.av-1gdnh15-1-4f159f3a3960ab88e480a7598f940ce4 .av-image-caption-overlay-center{\ncolor:#ffffff;\n}\n<\/style>\n<div  class='avia-image-container av-1gdnh15-1-4f159f3a3960ab88e480a7598f940ce4 av-styling- av-hover-grow av-hide-overflow av-img-linked avia-align-center  avia-builder-el-11  el_after_av_textblock  avia-builder-el-last '   itemprop=\"image\" itemscope=\"itemscope\" itemtype=\"https:\/\/schema.org\/ImageObject\" ><div class=\"avia-image-container-inner\"><div class=\"avia-image-overlay-wrap\"><a href=\"https:\/\/www.bau-styl.hu\/furdoszobaszalon\/fali-burkolatok\/\" class='avia_image '  aria-label='Fap Bloom'><img decoding=\"async\" fetchpriority=\"high\" class='wp-image-19533 avia-img-lazy-loading-not-19533 avia_image ' src=\"https:\/\/www.bau-styl.hu\/furdoszobaszalon\/wp-content\/uploads\/2020\/04\/Fap-_Bloom-2-495x400.jpg\" alt='Fap Bloom' title='Fap Bloom'  height=\"400\" width=\"495\"  itemprop=\"thumbnailUrl\" srcset=\"https:\/\/www.bau-styl.hu\/furdoszobaszalon\/wp-content\/uploads\/2020\/04\/Fap-_Bloom-2-495x400.jpg 495w, https:\/\/www.bau-styl.hu\/furdoszobaszalon\/wp-content\/uploads\/2020\/04\/Fap-_Bloom-2-845x684.jpg 845w\" sizes=\"(max-width: 495px) 100vw, 495px\" \/><\/a><\/div><\/div><\/div><\/p><\/div>\n\n<style type=\"text\/css\" data-created_by=\"avia_inline_auto\" id=\"style-css-av-qfs3a3-3d633c38deea4c29124f0aeb88100320\">\n.flex_column.av-qfs3a3-3d633c38deea4c29124f0aeb88100320{\nborder-radius:0px 0px 0px 0px;\npadding:0px 0px 0px 0px;\n}\n<\/style>\n<div  class='flex_column av-qfs3a3-3d633c38deea4c29124f0aeb88100320 av_one_third  avia-builder-el-12  el_after_av_one_third  avia-builder-el-last  flex_column_div av-zero-column-padding  column-top-margin'     ><p><section  class='av_textblock_section av-l7q47i3o-971e0ca29b46282f372824fa942dc465 '   itemscope=\"itemscope\" itemtype=\"https:\/\/schema.org\/CreativeWork\" ><div class='avia_textblock'  itemprop=\"text\" ><p><strong>MEGALAPOK (NAGY M\u00c9RET\u0170 LAPOK)<\/strong><\/p>\n<\/div><\/section><br \/>\n\n<style type=\"text\/css\" data-created_by=\"avia_inline_auto\" id=\"style-css-av-l7q47wup-b2d49599249293ff3d93f9617450ea31\">\n.avia-image-container.av-l7q47wup-b2d49599249293ff3d93f9617450ea31 img.avia_image{\nbox-shadow:none;\n}\n.avia-image-container.av-l7q47wup-b2d49599249293ff3d93f9617450ea31 .av-image-caption-overlay-center{\ncolor:#ffffff;\n}\n<\/style>\n<div  class='avia-image-container av-l7q47wup-b2d49599249293ff3d93f9617450ea31 av-styling- av-hover-grow av-hide-overflow av-img-linked avia-align-center  avia-builder-el-14  el_after_av_textblock  avia-builder-el-last '   itemprop=\"image\" itemscope=\"itemscope\" itemtype=\"https:\/\/schema.org\/ImageObject\" ><div class=\"avia-image-container-inner\"><div class=\"avia-image-overlay-wrap\"><a href=\"https:\/\/www.bau-styl.hu\/furdoszobaszalon\/megalapok\/\" class='avia_image '  aria-label='Ragno Incanto (26)'><img decoding=\"async\" fetchpriority=\"high\" class='wp-image-32851 avia-img-lazy-loading-not-32851 avia_image ' src=\"https:\/\/www.bau-styl.hu\/furdoszobaszalon\/wp-content\/uploads\/2021\/07\/Ragno-Incanto-26-495x400.jpg\" alt='' title='Ragno Incanto (26)'  height=\"400\" width=\"495\"  itemprop=\"thumbnailUrl\" srcset=\"https:\/\/www.bau-styl.hu\/furdoszobaszalon\/wp-content\/uploads\/2021\/07\/Ragno-Incanto-26-495x400.jpg 495w, https:\/\/www.bau-styl.hu\/furdoszobaszalon\/wp-content\/uploads\/2021\/07\/Ragno-Incanto-26-845x684.jpg 845w\" sizes=\"(max-width: 495px) 100vw, 495px\" \/><\/a><\/div><\/div><\/div><\/p><\/div>\n","protected":false},"excerpt":{"rendered":"","protected":false},"author":2,"featured_media":0,"parent":0,"menu_order":0,"comment_status":"closed","ping_status":"closed","template":"","meta":{"footnotes":""},"class_list":["post-25435","page","type-page","status-publish","hentry"],"aioseo_notices":[],"_links":{"self":[{"href":"https:\/\/www.bau-styl.hu\/furdoszobaszalon\/wp-json\/wp\/v2\/pages\/25435","targetHints":{"allow":["GET"]}}],"collection":[{"href":"https:\/\/www.bau-styl.hu\/furdoszobaszalon\/wp-json\/wp\/v2\/pages"}],"about":[{"href":"https:\/\/www.bau-styl.hu\/furdoszobaszalon\/wp-json\/wp\/v2\/types\/page"}],"author":[{"embeddable":true,"href":"https:\/\/www.bau-styl.hu\/furdoszobaszalon\/wp-json\/wp\/v2\/users\/2"}],"replies":[{"embeddable":true,"href":"https:\/\/www.bau-styl.hu\/furdoszobaszalon\/wp-json\/wp\/v2\/comments?post=25435"}],"version-history":[{"count":0,"href":"https:\/\/www.bau-styl.hu\/furdoszobaszalon\/wp-json\/wp\/v2\/pages\/25435\/revisions"}],"wp:attachment":[{"href":"https:\/\/www.bau-styl.hu\/furdoszobaszalon\/wp-json\/wp\/v2\/media?parent=25435"}],"curies":[{"name":"wp","href":"https:\/\/api.w.org\/{rel}","templated":true}]}}