{"id":25451,"date":"2020-09-02T14:26:38","date_gmt":"2020-09-02T13:26:38","guid":{"rendered":"https:\/\/www.bau-styl.hu\/furdoszobaszalon\/?page_id=25451"},"modified":"2024-11-08T12:39:19","modified_gmt":"2024-11-08T11:39:19","slug":"burkolatok-hatasok-szerint","status":"publish","type":"page","link":"https:\/\/www.bau-styl.hu\/furdoszobaszalon\/burkolatok-hatasok-szerint\/","title":{"rendered":"Burkolatok hat\u00e1sok szerint"},"content":{"rendered":"\n<style type=\"text\/css\" data-created_by=\"avia_inline_auto\" id=\"style-css-av-kbxib2h5-fd9d93ef5e44b4d878227750dbd6b1f0\">\n.avia-section.av-kbxib2h5-fd9d93ef5e44b4d878227750dbd6b1f0{\nbackground-repeat:no-repeat;\nbackground-image:url(https:\/\/www.bau-styl.hu\/furdoszobaszalon\/wp-content\/uploads\/2022\/05\/Saime-Titano-6-1.jpg);\nbackground-position:50% 50%;\nbackground-attachment:scroll;\n}\n.avia-section.av-kbxib2h5-fd9d93ef5e44b4d878227750dbd6b1f0 .av-section-color-overlay{\nopacity:0.5;\nbackground-color:#000000;\n}\n<\/style>\n<div id='av_section_1'  class='avia-section av-kbxib2h5-fd9d93ef5e44b4d878227750dbd6b1f0 main_color avia-section-default avia-no-shadow  avia-builder-el-0  el_before_av_one_third  avia-builder-el-first  avia-full-stretch avia-bg-style-scroll av-section-color-overlay-active container_wrap sidebar_right'  data-section-bg-repeat='stretch'><div class=\"av-section-color-overlay-wrap\"><div class=\"av-section-color-overlay\"><\/div><div class='container av-section-cont-open' ><main  role=\"main\" itemprop=\"mainContentOfPage\"  class='template-page content  av-content-small alpha units'><div class='post-entry post-entry-type-page post-entry-25451'><div class='entry-content-wrapper clearfix'>\n\n<style type=\"text\/css\" data-created_by=\"avia_inline_auto\" id=\"style-css-av-kfqsjekv-a1619f95ba2cae28ff1c7b17d030c3c9\">\n#top .av-special-heading.av-kfqsjekv-a1619f95ba2cae28ff1c7b17d030c3c9{\npadding-bottom:10px;\ncolor:#ffffff;\n}\nbody .av-special-heading.av-kfqsjekv-a1619f95ba2cae28ff1c7b17d030c3c9 .av-special-heading-tag .heading-char{\nfont-size:25px;\n}\n.av-special-heading.av-kfqsjekv-a1619f95ba2cae28ff1c7b17d030c3c9 .special-heading-inner-border{\nborder-color:#ffffff;\n}\n.av-special-heading.av-kfqsjekv-a1619f95ba2cae28ff1c7b17d030c3c9 .av-subheading{\nfont-size:15px;\n}\n<\/style>\n<div  class='av-special-heading av-kfqsjekv-a1619f95ba2cae28ff1c7b17d030c3c9 av-special-heading-h1 custom-color-heading blockquote modern-quote modern-centered  avia-builder-el-1  el_before_av_hr  avia-builder-el-first '><h1 class='av-special-heading-tag '  itemprop=\"headline\"  >BURKOLATOK HAT\u00c1SOK SZERINT<\/h1><div class=\"special-heading-border\"><div class=\"special-heading-inner-border\"><\/div><\/div><\/div>\n\n<style type=\"text\/css\" data-created_by=\"avia_inline_auto\" id=\"style-css-av-138a1-6b0f0afd0d775d14741529dc320ff9c9\">\n#top .hr.hr-invisible.av-138a1-6b0f0afd0d775d14741529dc320ff9c9{\nheight:50px;\n}\n<\/style>\n<div  class='hr av-138a1-6b0f0afd0d775d14741529dc320ff9c9 hr-invisible  avia-builder-el-2  el_after_av_heading  avia-builder-el-last '><span class='hr-inner '><span class=\"hr-inner-style\"><\/span><\/span><\/div>\n<\/div><\/div><\/main><!-- close content main element --><\/div><\/div><\/div><div id='after_section_1'  class='main_color av_default_container_wrap container_wrap sidebar_right'  ><div class='container av-section-cont-open' ><div class='template-page content  av-content-small alpha units'><div class='post-entry post-entry-type-page post-entry-25451'><div class='entry-content-wrapper clearfix'>\n\n<style type=\"text\/css\" data-created_by=\"avia_inline_auto\" id=\"style-css-av-155u09l-673e6ed37378130f2086351d4b46922e\">\n.flex_column.av-155u09l-673e6ed37378130f2086351d4b46922e{\nborder-radius:0px 0px 0px 0px;\npadding:0px 0px 0px 0px;\n}\n<\/style>\n<div  class='flex_column av-155u09l-673e6ed37378130f2086351d4b46922e av_one_third  avia-builder-el-3  el_after_av_section  el_before_av_one_third  avia-builder-el-first  first flex_column_div av-zero-column-padding  '     ><p><section  class='av_textblock_section av-13kkr0p-91b08be8e0097609a40b116a1290869a '   itemscope=\"itemscope\" itemtype=\"https:\/\/schema.org\/CreativeWork\" ><div class='avia_textblock'  itemprop=\"text\" ><p><strong>K\u0150HAT\u00c1S\u00da<\/strong><\/p>\n<\/div><\/section><br \/>\n\n<style type=\"text\/css\" data-created_by=\"avia_inline_auto\" id=\"style-css-av-112k0cp-7f62e1d5d4b96be16deafc8748a11571\">\n.avia-image-container.av-112k0cp-7f62e1d5d4b96be16deafc8748a11571 img.avia_image{\nbox-shadow:none;\n}\n.avia-image-container.av-112k0cp-7f62e1d5d4b96be16deafc8748a11571 .av-image-caption-overlay-center{\ncolor:#ffffff;\n}\n<\/style>\n<div  class='avia-image-container av-112k0cp-7f62e1d5d4b96be16deafc8748a11571 av-styling- av-hover-grow av-hide-overflow av-img-linked avia-align-center  avia-builder-el-5  el_after_av_textblock  avia-builder-el-last '   itemprop=\"image\" itemscope=\"itemscope\" itemtype=\"https:\/\/schema.org\/ImageObject\" ><div class=\"avia-image-container-inner\"><div class=\"avia-image-overlay-wrap\"><a href=\"https:\/\/www.bau-styl.hu\/furdoszobaszalon\/kohatasu-burkolatok\/\" class='avia_image '  aria-label='Marca Corona Arkistone'><img decoding=\"async\" fetchpriority=\"high\" class='wp-image-38092 avia-img-lazy-loading-not-38092 avia_image ' src=\"https:\/\/www.bau-styl.hu\/furdoszobaszalon\/wp-content\/uploads\/2022\/09\/Marca-Corona-Arkistone-20-495x400.jpg\" alt='Marca Corona Arkistone' title='Marca Corona Arkistone'  height=\"400\" width=\"495\"  itemprop=\"thumbnailUrl\" srcset=\"https:\/\/www.bau-styl.hu\/furdoszobaszalon\/wp-content\/uploads\/2022\/09\/Marca-Corona-Arkistone-20-495x400.jpg 495w, https:\/\/www.bau-styl.hu\/furdoszobaszalon\/wp-content\/uploads\/2022\/09\/Marca-Corona-Arkistone-20-845x684.jpg 845w\" sizes=\"(max-width: 495px) 100vw, 495px\" \/><\/a><\/div><\/div><\/div><\/p><\/div>\n\n<style type=\"text\/css\" data-created_by=\"avia_inline_auto\" id=\"style-css-av-1ixwsxl-9230ed5faf7308b507ec5e566b4c41cb\">\n.flex_column.av-1ixwsxl-9230ed5faf7308b507ec5e566b4c41cb{\nborder-radius:0px 0px 0px 0px;\npadding:0px 0px 0px 0px;\n}\n<\/style>\n<div  class='flex_column av-1ixwsxl-9230ed5faf7308b507ec5e566b4c41cb av_one_third  avia-builder-el-6  el_after_av_one_third  el_before_av_one_third  flex_column_div av-zero-column-padding  '     ><p><section  class='av_textblock_section av-5ggfi1-ac00c1dd892663ba698a74b8647092c6 '   itemscope=\"itemscope\" itemtype=\"https:\/\/schema.org\/CreativeWork\" ><div class='avia_textblock'  itemprop=\"text\" ><p><strong>FAHAT\u00c1S\u00da\u00a0<\/strong><\/p>\n<\/div><\/section><br \/>\n\n<style type=\"text\/css\" data-created_by=\"avia_inline_auto\" id=\"style-css-av-1gdnh15-305a091fdcb2eb6d72ea6c6a71a693a1\">\n.avia-image-container.av-1gdnh15-305a091fdcb2eb6d72ea6c6a71a693a1 img.avia_image{\nbox-shadow:none;\n}\n.avia-image-container.av-1gdnh15-305a091fdcb2eb6d72ea6c6a71a693a1 .av-image-caption-overlay-center{\ncolor:#ffffff;\n}\n<\/style>\n<div  class='avia-image-container av-1gdnh15-305a091fdcb2eb6d72ea6c6a71a693a1 av-styling- av-hover-grow av-hide-overflow av-img-linked avia-align-center  avia-builder-el-8  el_after_av_textblock  avia-builder-el-last '   itemprop=\"image\" itemscope=\"itemscope\" itemtype=\"https:\/\/schema.org\/ImageObject\" ><div class=\"avia-image-container-inner\"><div class=\"avia-image-overlay-wrap\"><a href=\"https:\/\/www.bau-styl.hu\/furdoszobaszalon\/fahatasu-burkolatok\/\" class='avia_image '  aria-label='Atlas Concorde Heartwood'><img decoding=\"async\" fetchpriority=\"high\" class='wp-image-21511 avia-img-lazy-loading-not-21511 avia_image ' src=\"https:\/\/www.bau-styl.hu\/furdoszobaszalon\/wp-content\/uploads\/2020\/06\/Atlas-Concorde-Heartwood-60-495x400.jpg\" alt='Atlas Concorde Heartwood' title='Atlas Concorde Heartwood'  height=\"400\" width=\"495\"  itemprop=\"thumbnailUrl\" srcset=\"https:\/\/www.bau-styl.hu\/furdoszobaszalon\/wp-content\/uploads\/2020\/06\/Atlas-Concorde-Heartwood-60-495x400.jpg 495w, https:\/\/www.bau-styl.hu\/furdoszobaszalon\/wp-content\/uploads\/2020\/06\/Atlas-Concorde-Heartwood-60-845x684.jpg 845w\" sizes=\"(max-width: 495px) 100vw, 495px\" \/><\/a><\/div><\/div><\/div><\/p><\/div>\n\n<style type=\"text\/css\" data-created_by=\"avia_inline_auto\" id=\"style-css-av-zlzv2h-ed877989f878ab670fe04b3564cf999b\">\n.flex_column.av-zlzv2h-ed877989f878ab670fe04b3564cf999b{\nborder-radius:0px 0px 0px 0px;\npadding:0px 0px 0px 0px;\n}\n<\/style>\n<div  class='flex_column av-zlzv2h-ed877989f878ab670fe04b3564cf999b av_one_third  avia-builder-el-9  el_after_av_one_third  el_before_av_one_third  flex_column_div av-zero-column-padding  '     ><p><section  class='av_textblock_section av-3czb55-cdd2c92fe182986676efa305fa1b5d45 '   itemscope=\"itemscope\" itemtype=\"https:\/\/schema.org\/CreativeWork\" ><div class='avia_textblock'  itemprop=\"text\" ><p><strong>M\u00c1RV\u00c1NYHAT\u00c1S\u00da<\/strong><\/p>\n<\/div><\/section><br \/>\n\n<style type=\"text\/css\" data-created_by=\"avia_inline_auto\" id=\"style-css-av-wuyu0p-d5600abbfc1bb52b2d4f4cf42dfd50b5\">\n.avia-image-container.av-wuyu0p-d5600abbfc1bb52b2d4f4cf42dfd50b5 img.avia_image{\nbox-shadow:none;\n}\n.avia-image-container.av-wuyu0p-d5600abbfc1bb52b2d4f4cf42dfd50b5 .av-image-caption-overlay-center{\ncolor:#ffffff;\n}\n<\/style>\n<div  class='avia-image-container av-wuyu0p-d5600abbfc1bb52b2d4f4cf42dfd50b5 av-styling- av-hover-grow av-hide-overflow av-img-linked avia-align-center  avia-builder-el-11  el_after_av_textblock  avia-builder-el-last '   itemprop=\"image\" itemscope=\"itemscope\" itemtype=\"https:\/\/schema.org\/ImageObject\" ><div class=\"avia-image-container-inner\"><div class=\"avia-image-overlay-wrap\"><a href=\"https:\/\/www.bau-styl.hu\/furdoszobaszalon\/marvanyhatasu-burkolat\/\" class='avia_image '  aria-label='Fap Roma Gold (1)'><img decoding=\"async\" fetchpriority=\"high\" class='wp-image-34127 avia-img-lazy-loading-not-34127 avia_image ' src=\"https:\/\/www.bau-styl.hu\/furdoszobaszalon\/wp-content\/uploads\/2022\/01\/Fap-Roma-Gold-1-495x400.jpg\" alt='' title='Fap Roma Gold (1)'  height=\"400\" width=\"495\"  itemprop=\"thumbnailUrl\" srcset=\"https:\/\/www.bau-styl.hu\/furdoszobaszalon\/wp-content\/uploads\/2022\/01\/Fap-Roma-Gold-1-495x400.jpg 495w, https:\/\/www.bau-styl.hu\/furdoszobaszalon\/wp-content\/uploads\/2022\/01\/Fap-Roma-Gold-1-845x684.jpg 845w\" sizes=\"(max-width: 495px) 100vw, 495px\" \/><\/a><\/div><\/div><\/div><\/p><\/div>\n<div  class='flex_column av-1xwp0tl-98740b33cae85078bc497a6b686f4e9a av_one_third  avia-builder-el-12  el_after_av_one_third  el_before_av_one_third  first flex_column_div  column-top-margin'     ><p><section  class='av_textblock_section av-1x5yg1l-1442e5e9f761a50d27abf8cdbf2b7b9e '   itemscope=\"itemscope\" itemtype=\"https:\/\/schema.org\/CreativeWork\" ><div class='avia_textblock'  itemprop=\"text\" ><p><strong>BETON- \u00c9S CEMENTHAT\u00c1S\u00da<\/strong><\/p>\n<\/div><\/section><br \/>\n\n<style type=\"text\/css\" data-created_by=\"avia_inline_auto\" id=\"style-css-av-1vnizx5-27c1d0b9b00a693777bba45261c8b05e\">\n.avia-image-container.av-1vnizx5-27c1d0b9b00a693777bba45261c8b05e img.avia_image{\nbox-shadow:none;\n}\n.avia-image-container.av-1vnizx5-27c1d0b9b00a693777bba45261c8b05e .av-image-caption-overlay-center{\ncolor:#ffffff;\n}\n<\/style>\n<div  class='avia-image-container av-1vnizx5-27c1d0b9b00a693777bba45261c8b05e av-styling- av-hover-grow av-hide-overflow av-img-linked avia-align-center  avia-builder-el-14  el_after_av_textblock  avia-builder-el-last '   itemprop=\"image\" itemscope=\"itemscope\" itemtype=\"https:\/\/schema.org\/ImageObject\" ><div class=\"avia-image-container-inner\"><div class=\"avia-image-overlay-wrap\"><a href=\"https:\/\/www.bau-styl.hu\/furdoszobaszalon\/beton-es-cementhatasu-burkolatok\/\" class='avia_image '  aria-label='Sant&#039;Agostino Deconcrete (16)'><img decoding=\"async\" fetchpriority=\"high\" class='wp-image-43086 avia-img-lazy-loading-not-43086 avia_image ' src=\"https:\/\/www.bau-styl.hu\/furdoszobaszalon\/wp-content\/uploads\/2023\/10\/SantAgostino-Deconcrete-16-495x400.jpg\" alt='' title='Sant&#039;Agostino Deconcrete (16)'  height=\"400\" width=\"495\"  itemprop=\"thumbnailUrl\" srcset=\"https:\/\/www.bau-styl.hu\/furdoszobaszalon\/wp-content\/uploads\/2023\/10\/SantAgostino-Deconcrete-16-495x400.jpg 495w, https:\/\/www.bau-styl.hu\/furdoszobaszalon\/wp-content\/uploads\/2023\/10\/SantAgostino-Deconcrete-16-845x684.jpg 845w\" sizes=\"(max-width: 495px) 100vw, 495px\" \/><\/a><\/div><\/div><\/div><\/p><\/div>\n\n<style type=\"text\/css\" data-created_by=\"avia_inline_auto\" id=\"style-css-av-1ej67mh-5ffa3f324e42e66b9f64a42debd0f2e0\">\n.flex_column.av-1ej67mh-5ffa3f324e42e66b9f64a42debd0f2e0{\nborder-radius:0px 0px 0px 0px;\npadding:0px 0px 0px 0px;\n}\n<\/style>\n<div  class='flex_column av-1ej67mh-5ffa3f324e42e66b9f64a42debd0f2e0 av_one_third  avia-builder-el-15  el_after_av_one_third  el_before_av_one_third  flex_column_div av-zero-column-padding  column-top-margin'     ><p><section  class='av_textblock_section av-4xshop-4c8b1cab9775c159337f0030e0605131 '   itemscope=\"itemscope\" itemtype=\"https:\/\/schema.org\/CreativeWork\" ><div class='avia_textblock'  itemprop=\"text\" ><p><strong>F\u00c9MES HAT\u00c1S\u00da<\/strong><\/p>\n<\/div><\/section><br \/>\n\n<style type=\"text\/css\" data-created_by=\"avia_inline_auto\" id=\"style-css-av-1brfod5-687c9374f9419a1a0889329ed52635c6\">\n.avia-image-container.av-1brfod5-687c9374f9419a1a0889329ed52635c6 img.avia_image{\nbox-shadow:none;\n}\n.avia-image-container.av-1brfod5-687c9374f9419a1a0889329ed52635c6 .av-image-caption-overlay-center{\ncolor:#ffffff;\n}\n<\/style>\n<div  class='avia-image-container av-1brfod5-687c9374f9419a1a0889329ed52635c6 av-styling- av-hover-grow av-hide-overflow av-img-linked avia-align-center  avia-builder-el-17  el_after_av_textblock  avia-builder-el-last '   itemprop=\"image\" itemscope=\"itemscope\" itemtype=\"https:\/\/schema.org\/ImageObject\" ><div class=\"avia-image-container-inner\"><div class=\"avia-image-overlay-wrap\"><a href=\"https:\/\/www.bau-styl.hu\/furdoszobaszalon\/femes-hatasu-burkolatok\/\" class='avia_image '  aria-label='Sant Agostino Dripart (7)'><img decoding=\"async\" fetchpriority=\"high\" class='wp-image-45173 avia-img-lazy-loading-not-45173 avia_image ' src=\"https:\/\/www.bau-styl.hu\/furdoszobaszalon\/wp-content\/uploads\/2024\/02\/Sant-Agostino-Dripart-7-495x400.jpg\" alt='' title='Sant Agostino Dripart (7)'  height=\"400\" width=\"495\"  itemprop=\"thumbnailUrl\"  \/><\/a><\/div><\/div><\/div><\/p><\/div>\n<style type=\"text\/css\" data-created_by=\"avia_inline_auto\" id=\"style-css-av-pqdv5l-2341f1b47e5e31366c28f858e4874ca0\">\n.flex_column.av-pqdv5l-2341f1b47e5e31366c28f858e4874ca0{\nborder-radius:0px 0px 0px 0px;\npadding:0px 0px 0px 0px;\n}\n<\/style>\n<div  class='flex_column av-pqdv5l-2341f1b47e5e31366c28f858e4874ca0 av_one_third  avia-builder-el-18  el_after_av_one_third  el_before_av_one_third  flex_column_div av-zero-column-padding  column-top-margin'     ><p><section  class='av_textblock_section av-on1r7t-50839f71bd573f824a1be19ff78abaf6 '   itemscope=\"itemscope\" itemtype=\"https:\/\/schema.org\/CreativeWork\" ><div class='avia_textblock'  itemprop=\"text\" ><p><strong>T\u00c9GLAHAT\u00c1S\u00da<\/strong><\/p>\n<\/div><\/section><br \/>\n\n<style type=\"text\/css\" data-created_by=\"avia_inline_auto\" id=\"style-css-av-lo8dkp-61ec5573df7600313354909430cd2c21\">\n.avia-image-container.av-lo8dkp-61ec5573df7600313354909430cd2c21 img.avia_image{\nbox-shadow:none;\n}\n.avia-image-container.av-lo8dkp-61ec5573df7600313354909430cd2c21 .av-image-caption-overlay-center{\ncolor:#ffffff;\n}\n<\/style>\n<div  class='avia-image-container av-lo8dkp-61ec5573df7600313354909430cd2c21 av-styling- av-hover-grow av-hide-overflow av-img-linked avia-align-center  avia-builder-el-20  el_after_av_textblock  avia-builder-el-last '   itemprop=\"image\" itemscope=\"itemscope\" itemtype=\"https:\/\/schema.org\/ImageObject\" ><div class=\"avia-image-container-inner\"><div class=\"avia-image-overlay-wrap\"><a href=\"https:\/\/www.bau-styl.hu\/furdoszobaszalon\/teglahatasu-burkolatok-tegla-meretu-falicsempek\/\" class='avia_image '  aria-label='Fap Boston'><img decoding=\"async\" fetchpriority=\"high\" class='wp-image-19543 avia-img-lazy-loading-not-19543 avia_image ' src=\"https:\/\/www.bau-styl.hu\/furdoszobaszalon\/wp-content\/uploads\/2020\/04\/Fap-Boston-5-495x400.jpg\" alt='Fap Boston' title='Fap Boston'  height=\"400\" width=\"495\"  itemprop=\"thumbnailUrl\" srcset=\"https:\/\/www.bau-styl.hu\/furdoszobaszalon\/wp-content\/uploads\/2020\/04\/Fap-Boston-5-495x400.jpg 495w, https:\/\/www.bau-styl.hu\/furdoszobaszalon\/wp-content\/uploads\/2020\/04\/Fap-Boston-5-845x684.jpg 845w\" sizes=\"(max-width: 495px) 100vw, 495px\" \/><\/a><\/div><\/div><\/div><\/p><\/div><\/p>\n\n<style type=\"text\/css\" data-created_by=\"avia_inline_auto\" id=\"style-css-av-1ixwsxl-3-56635116461fcc12e354a46e47208d0b\">\n.flex_column.av-1ixwsxl-3-56635116461fcc12e354a46e47208d0b{\nborder-radius:0px 0px 0px 0px;\npadding:0px 0px 0px 0px;\n}\n<\/style>\n<div  class='flex_column av-1ixwsxl-3-56635116461fcc12e354a46e47208d0b av_one_third  avia-builder-el-21  el_after_av_one_third  el_before_av_one_third  first flex_column_div av-zero-column-padding  column-top-margin'     ><p><section  class='av_textblock_section av-5ggfi1-2-8cd65dee900c1b04de282d9c3a32d1e9 '   itemscope=\"itemscope\" itemtype=\"https:\/\/schema.org\/CreativeWork\" ><div class='avia_textblock'  itemprop=\"text\" ><p><strong>DESIGN BURKOLATOK<\/strong><\/p>\n<\/div><\/section><br \/>\n\n<style type=\"text\/css\" data-created_by=\"avia_inline_auto\" id=\"style-css-av-1gdnh15-1-3dadfa35e3fe69e2c60cb17dbb851f67\">\n.avia-image-container.av-1gdnh15-1-3dadfa35e3fe69e2c60cb17dbb851f67 img.avia_image{\nbox-shadow:none;\n}\n.avia-image-container.av-1gdnh15-1-3dadfa35e3fe69e2c60cb17dbb851f67 .av-image-caption-overlay-center{\ncolor:#ffffff;\n}\n<\/style>\n<div  class='avia-image-container av-1gdnh15-1-3dadfa35e3fe69e2c60cb17dbb851f67 av-styling- av-hover-grow av-hide-overflow av-img-linked avia-align-center  avia-builder-el-23  el_after_av_textblock  avia-builder-el-last '   itemprop=\"image\" itemscope=\"itemscope\" itemtype=\"https:\/\/schema.org\/ImageObject\" ><div class=\"avia-image-container-inner\"><div class=\"avia-image-overlay-wrap\"><a href=\"https:\/\/www.bau-styl.hu\/furdoszobaszalon\/szines-burkolatok\/\" class='avia_image '  aria-label='FAP Fapmurals (5)'><img decoding=\"async\" fetchpriority=\"high\" class='wp-image-34396 avia-img-lazy-loading-not-34396 avia_image ' src=\"https:\/\/www.bau-styl.hu\/furdoszobaszalon\/wp-content\/uploads\/2022\/01\/FAP-Fapmurals-5-495x400.jpg\" alt='' title='FAP Fapmurals (5)'  height=\"400\" width=\"495\"  itemprop=\"thumbnailUrl\" srcset=\"https:\/\/www.bau-styl.hu\/furdoszobaszalon\/wp-content\/uploads\/2022\/01\/FAP-Fapmurals-5-495x400.jpg 495w, https:\/\/www.bau-styl.hu\/furdoszobaszalon\/wp-content\/uploads\/2022\/01\/FAP-Fapmurals-5-845x684.jpg 845w\" sizes=\"(max-width: 495px) 100vw, 495px\" \/><\/a><\/div><\/div><\/div><\/p><\/div>\n\n<style type=\"text\/css\" data-created_by=\"avia_inline_auto\" id=\"style-css-av-1a6b4vd-ae6e871f9a4212805e0bf6ec75737559\">\n.flex_column.av-1a6b4vd-ae6e871f9a4212805e0bf6ec75737559{\nborder-radius:0px 0px 0px 0px;\npadding:0px 0px 0px 0px;\n}\n<\/style>\n<div  class='flex_column av-1a6b4vd-ae6e871f9a4212805e0bf6ec75737559 av_one_third  avia-builder-el-24  el_after_av_one_third  el_before_av_one_third  flex_column_div av-zero-column-padding  column-top-margin'     ><p><section  class='av_textblock_section av-182yau1-4673fa59b4924e9675fa9a62386c353a '   itemscope=\"itemscope\" itemtype=\"https:\/\/schema.org\/CreativeWork\" ><div class='avia_textblock'  itemprop=\"text\" ><p><strong>H\u00c1ROMDIMENZI\u00d3S FALICSEMP\u00c9K<\/strong><\/p>\n<\/div><\/section><br \/>\n\n<style type=\"text\/css\" data-created_by=\"avia_inline_auto\" id=\"style-css-av-16rp4jt-1f44d3edf99044fec2be8f97079de1a8\">\n.avia-image-container.av-16rp4jt-1f44d3edf99044fec2be8f97079de1a8 img.avia_image{\nbox-shadow:none;\n}\n.avia-image-container.av-16rp4jt-1f44d3edf99044fec2be8f97079de1a8 .av-image-caption-overlay-center{\ncolor:#ffffff;\n}\n<\/style>\n<div  class='avia-image-container av-16rp4jt-1f44d3edf99044fec2be8f97079de1a8 av-styling- av-hover-grow av-hide-overflow av-img-linked avia-align-center  avia-builder-el-26  el_after_av_textblock  avia-builder-el-last '   itemprop=\"image\" itemscope=\"itemscope\" itemtype=\"https:\/\/schema.org\/ImageObject\" ><div class=\"avia-image-container-inner\"><div class=\"avia-image-overlay-wrap\"><a href=\"https:\/\/www.bau-styl.hu\/furdoszobaszalon\/haromdimenzios-falicsempek\/\" class='avia_image '  aria-label='Atlas Concorde 3D Wall'><img decoding=\"async\" fetchpriority=\"high\" class='wp-image-11587 avia-img-lazy-loading-not-11587 avia_image ' src=\"https:\/\/www.bau-styl.hu\/furdoszobaszalon\/wp-content\/uploads\/2016\/03\/Atlas-Concorde-3D-Wall-50-495x400.jpg\" alt='Atlas Concorde 3D Wall' title='Atlas Concorde 3D Wall'  height=\"400\" width=\"495\"  itemprop=\"thumbnailUrl\"  \/><\/a><\/div><\/div><\/div><\/p><\/div>\n\n<style type=\"text\/css\" data-created_by=\"avia_inline_auto\" id=\"style-css-av-ujt7yh-d818ec3c451e4595b8c4d76f980663e0\">\n.flex_column.av-ujt7yh-d818ec3c451e4595b8c4d76f980663e0{\nborder-radius:0px 0px 0px 0px;\npadding:0px 0px 0px 0px;\n}\n<\/style>\n<div  class='flex_column av-ujt7yh-d818ec3c451e4595b8c4d76f980663e0 av_one_third  avia-builder-el-27  el_after_av_one_third  avia-builder-el-last  flex_column_div av-zero-column-padding  column-top-margin'     ><p><section  class='av_textblock_section av-skucnd-27f7e8e83094337154b502c96ea21636 '   itemscope=\"itemscope\" itemtype=\"https:\/\/schema.org\/CreativeWork\" ><div class='avia_textblock'  itemprop=\"text\" ><p><strong>M\u00c1ZAS FALICSEMP\u00c9K<\/strong><\/p>\n<\/div><\/section><br \/>\n\n<style type=\"text\/css\" data-created_by=\"avia_inline_auto\" id=\"style-css-av-rvqps9-63b9075cf4934d97002fc0f3cc61fa80\">\n.avia-image-container.av-rvqps9-63b9075cf4934d97002fc0f3cc61fa80 img.avia_image{\nbox-shadow:none;\n}\n.avia-image-container.av-rvqps9-63b9075cf4934d97002fc0f3cc61fa80 .av-image-caption-overlay-center{\ncolor:#ffffff;\n}\n<\/style>\n<div  class='avia-image-container av-rvqps9-63b9075cf4934d97002fc0f3cc61fa80 av-styling- av-hover-grow av-hide-overflow av-img-linked avia-align-center  avia-builder-el-29  el_after_av_textblock  avia-builder-el-last '   itemprop=\"image\" itemscope=\"itemscope\" itemtype=\"https:\/\/schema.org\/ImageObject\" ><div class=\"avia-image-container-inner\"><div class=\"avia-image-overlay-wrap\"><a href=\"https:\/\/www.bau-styl.hu\/furdoszobaszalon\/mazas-falicsempek\/\" class='avia_image '  aria-label='Ragno Sol'><img decoding=\"async\" fetchpriority=\"high\" class='wp-image-36525 avia-img-lazy-loading-not-36525 avia_image ' src=\"https:\/\/www.bau-styl.hu\/furdoszobaszalon\/wp-content\/uploads\/2022\/07\/Ragno-Sol-1-495x400.jpg\" alt='Ragno Sol' title='Ragno Sol'  height=\"400\" width=\"495\"  itemprop=\"thumbnailUrl\" srcset=\"https:\/\/www.bau-styl.hu\/furdoszobaszalon\/wp-content\/uploads\/2022\/07\/Ragno-Sol-1-495x400.jpg 495w, https:\/\/www.bau-styl.hu\/furdoszobaszalon\/wp-content\/uploads\/2022\/07\/Ragno-Sol-1-845x684.jpg 845w\" sizes=\"(max-width: 495px) 100vw, 495px\" \/><\/a><\/div><\/div><\/div><\/p><\/div>\n","protected":false},"excerpt":{"rendered":"","protected":false},"author":2,"featured_media":0,"parent":0,"menu_order":0,"comment_status":"closed","ping_status":"closed","template":"","meta":{"footnotes":""},"class_list":["post-25451","page","type-page","status-publish","hentry"],"aioseo_notices":[],"_links":{"self":[{"href":"https:\/\/www.bau-styl.hu\/furdoszobaszalon\/wp-json\/wp\/v2\/pages\/25451","targetHints":{"allow":["GET"]}}],"collection":[{"href":"https:\/\/www.bau-styl.hu\/furdoszobaszalon\/wp-json\/wp\/v2\/pages"}],"about":[{"href":"https:\/\/www.bau-styl.hu\/furdoszobaszalon\/wp-json\/wp\/v2\/types\/page"}],"author":[{"embeddable":true,"href":"https:\/\/www.bau-styl.hu\/furdoszobaszalon\/wp-json\/wp\/v2\/users\/2"}],"replies":[{"embeddable":true,"href":"https:\/\/www.bau-styl.hu\/furdoszobaszalon\/wp-json\/wp\/v2\/comments?post=25451"}],"version-history":[{"count":0,"href":"https:\/\/www.bau-styl.hu\/furdoszobaszalon\/wp-json\/wp\/v2\/pages\/25451\/revisions"}],"wp:attachment":[{"href":"https:\/\/www.bau-styl.hu\/furdoszobaszalon\/wp-json\/wp\/v2\/media?parent=25451"}],"curies":[{"name":"wp","href":"https:\/\/api.w.org\/{rel}","templated":true}]}}