{"id":30300,"date":"2021-02-09T20:24:19","date_gmt":"2021-02-09T19:24:19","guid":{"rendered":"https:\/\/www.bau-styl.hu\/furdoszobaszalon\/?page_id=30300"},"modified":"2024-11-20T09:39:25","modified_gmt":"2024-11-20T08:39:25","slug":"zehnder-group","status":"publish","type":"page","link":"https:\/\/www.bau-styl.hu\/furdoszobaszalon\/zehnder-group\/","title":{"rendered":"Zehnder Group"},"content":{"rendered":"<div  class='flex_column av-2vhe7fy-8ca79d2ca3dd8b919a2d2980872197aa av_one_fifth  avia-builder-el-0  el_before_av_four_fifth  avia-builder-el-first  first flex_column_div  '     ><style type=\"text\/css\" data-created_by=\"avia_inline_auto\" id=\"style-css-av-2ubhpvy-6c22f12fc5077815568bc3069def21bf\">\n.avia-image-container.av-2ubhpvy-6c22f12fc5077815568bc3069def21bf img.avia_image{\nbox-shadow:none;\n}\n.avia-image-container.av-2ubhpvy-6c22f12fc5077815568bc3069def21bf .av-image-caption-overlay-center{\ncolor:#ffffff;\n}\n<\/style>\n<div  class='avia-image-container av-2ubhpvy-6c22f12fc5077815568bc3069def21bf av-styling- avia-align-center  avia-builder-el-1  avia-builder-el-no-sibling '   itemprop=\"image\" itemscope=\"itemscope\" itemtype=\"https:\/\/schema.org\/ImageObject\" ><div class=\"avia-image-container-inner\"><div class=\"avia-image-overlay-wrap\"><img decoding=\"async\" fetchpriority=\"high\" class='wp-image-30302 avia-img-lazy-loading-not-30302 avia_image ' src=\"https:\/\/www.bau-styl.hu\/furdoszobaszalon\/wp-content\/uploads\/2021\/02\/Zehnder_logo-1.png\" alt='' title='Zehnder_logo'  height=\"300\" width=\"300\"  itemprop=\"thumbnailUrl\" srcset=\"https:\/\/www.bau-styl.hu\/furdoszobaszalon\/wp-content\/uploads\/2021\/02\/Zehnder_logo-1.png 300w, https:\/\/www.bau-styl.hu\/furdoszobaszalon\/wp-content\/uploads\/2021\/02\/Zehnder_logo-1-80x80.png 80w, https:\/\/www.bau-styl.hu\/furdoszobaszalon\/wp-content\/uploads\/2021\/02\/Zehnder_logo-1-36x36.png 36w, https:\/\/www.bau-styl.hu\/furdoszobaszalon\/wp-content\/uploads\/2021\/02\/Zehnder_logo-1-180x180.png 180w\" sizes=\"(max-width: 300px) 100vw, 300px\" \/><\/div><\/div><\/div><\/div>\n\n<style type=\"text\/css\" data-created_by=\"avia_inline_auto\" id=\"style-css-av-2srrjny-99ec1529287d850983b5717dcead86d1\">\n.flex_column.av-2srrjny-99ec1529287d850983b5717dcead86d1{\nborder-radius:0px 0px 0px 0px;\npadding:0px 0px 0px 0px;\n}\n<\/style>\n<div  class='flex_column av-2srrjny-99ec1529287d850983b5717dcead86d1 av_four_fifth  avia-builder-el-2  el_after_av_one_fifth  el_before_av_hr  flex_column_div av-zero-column-padding  '     ><section  class='av_textblock_section av-2qypq3y-6449fb59fe752bc3516e3b64528925ac '   itemscope=\"itemscope\" itemtype=\"https:\/\/schema.org\/CreativeWork\" ><div class='avia_textblock'  itemprop=\"text\" ><p><strong>ZEHNDER GROUP<\/strong><\/p>\n<hr \/>\n<p style=\"text-align: justify;\">A Zehnder Group 1895-t\u0151l imm\u00e1ron n\u00e9gy gener\u00e1ci\u00f3 \u00f3ta \u00e9len j\u00e1r a belt\u00e9ri h\u0171t\u0151-f\u0171t\u0151 megold\u00e1sok ter\u00e9n. \u00dczemeik minden kontinensen megtal\u00e1lhat\u00f3ak \u00e9s t\u00f6bb, mint 3500 embert foglalkoztatnak. A v\u00e1llalat legf\u0151bb v\u00edzi\u00f3ja az \u00e9letmin\u0151s\u00e9g jav\u00edt\u00e1sa. Kiv\u00e1l\u00f3 term\u00e9kekkel \u00e9s egyed\u00fcl\u00e1ll\u00f3 fejleszt\u00e9sekkel eg\u00e9szs\u00e9ges \u00e9s energiatakar\u00e9kos megold\u00e1sokat k\u00edn\u00e1lnak. Modern rendszereik nem csak lakoss\u00e1gi projektekhez ide\u00e1lisak, hanem a nagyobb beruh\u00e1z\u00e1sokhoz is. Sz\u00e9les term\u00e9kportf\u00f3li\u00f3juk egyik szegmense a formatervezett design radi\u00e1torok.<\/p>\n<\/div><\/section><\/div>\n\n<style type=\"text\/css\" data-created_by=\"avia_inline_auto\" id=\"style-css-av-2p1hnlq-22e7bf9b8f8b6b8b38780a8919fd2633\">\n#top .hr.hr-invisible.av-2p1hnlq-22e7bf9b8f8b6b8b38780a8919fd2633{\nheight:50px;\n}\n<\/style>\n<div  class='hr av-2p1hnlq-22e7bf9b8f8b6b8b38780a8919fd2633 hr-invisible  avia-builder-el-4  el_after_av_four_fifth  el_before_av_one_third '><span class='hr-inner '><span class=\"hr-inner-style\"><\/span><\/span><\/div>\n<div  class='flex_column av-2mib4b2-fae031ee8a9014762c394a0b81a37097 av_one_third  avia-builder-el-5  el_after_av_hr  el_before_av_one_third  first flex_column_div  '     ><p><section  class='av_textblock_section av-2kyv0qm-f017fb3a3452988e9295871f6ce28a0a '   itemscope=\"itemscope\" itemtype=\"https:\/\/schema.org\/CreativeWork\" ><div class='avia_textblock'  itemprop=\"text\" ><p><strong>AURA<\/strong><\/p>\n<\/div><\/section><br \/>\n\n<style type=\"text\/css\" data-created_by=\"avia_inline_auto\" id=\"style-css-av-2jyzv9a-51964c3550d2e031535628c691ef440a\">\n.avia-image-container.av-2jyzv9a-51964c3550d2e031535628c691ef440a img.avia_image{\nbox-shadow:none;\n}\n.avia-image-container.av-2jyzv9a-51964c3550d2e031535628c691ef440a .av-image-caption-overlay-center{\ncolor:#ffffff;\n}\n<\/style>\n<div  class='avia-image-container av-2jyzv9a-51964c3550d2e031535628c691ef440a av-styling- av-hover-grow av-hide-overflow av-img-linked avia-align-center  avia-builder-el-7  el_after_av_textblock  avia-builder-el-last '   itemprop=\"image\" itemscope=\"itemscope\" itemtype=\"https:\/\/schema.org\/ImageObject\" ><div class=\"avia-image-container-inner\"><div class=\"avia-image-overlay-wrap\"><a href=\"https:\/\/www.bau-styl.hu\/furdoszobaszalon\/zehnder-aura\/\" class='avia_image '  aria-label='Zehnder Aura (6)'><img decoding=\"async\" fetchpriority=\"high\" class='wp-image-30312 avia-img-lazy-loading-not-30312 avia_image ' src=\"https:\/\/www.bau-styl.hu\/furdoszobaszalon\/wp-content\/uploads\/2021\/02\/Zehnder_Aura-6-495x400.jpg\" alt='Zehnder Aura' title='Zehnder Aura (6)'  height=\"400\" width=\"495\"  itemprop=\"thumbnailUrl\"  \/><\/a><\/div><\/div><\/div><\/p><\/div>\n<div  class='flex_column av-2mib4b2-a59ea1041db4a614f91888de4b76410d av_one_third  avia-builder-el-8  el_after_av_one_third  el_before_av_one_third  flex_column_div  '     ><p><section  class='av_textblock_section av-2kyv0qm-f017fb3a3452988e9295871f6ce28a0a '   itemscope=\"itemscope\" itemtype=\"https:\/\/schema.org\/CreativeWork\" ><div class='avia_textblock'  itemprop=\"text\" ><p><strong>VIRANDO<\/strong><\/p>\n<\/div><\/section><br \/>\n\n<style type=\"text\/css\" data-created_by=\"avia_inline_auto\" id=\"style-css-av-2jyzv9a-5fad1703e5ee1be04f064f02f9d9bba9\">\n.avia-image-container.av-2jyzv9a-5fad1703e5ee1be04f064f02f9d9bba9 img.avia_image{\nbox-shadow:none;\n}\n.avia-image-container.av-2jyzv9a-5fad1703e5ee1be04f064f02f9d9bba9 .av-image-caption-overlay-center{\ncolor:#ffffff;\n}\n<\/style>\n<div  class='avia-image-container av-2jyzv9a-5fad1703e5ee1be04f064f02f9d9bba9 av-styling- av-hover-grow av-hide-overflow av-img-linked avia-align-center  avia-builder-el-10  el_after_av_textblock  avia-builder-el-last '   itemprop=\"image\" itemscope=\"itemscope\" itemtype=\"https:\/\/schema.org\/ImageObject\" ><div class=\"avia-image-container-inner\"><div class=\"avia-image-overlay-wrap\"><a href=\"https:\/\/www.bau-styl.hu\/furdoszobaszalon\/zehnder-virando\/\" class='avia_image '  aria-label='Zehnder Virando'><img decoding=\"async\" fetchpriority=\"high\" class='wp-image-30344 avia-img-lazy-loading-not-30344 avia_image ' src=\"https:\/\/www.bau-styl.hu\/furdoszobaszalon\/wp-content\/uploads\/2021\/02\/Zehnder_Virando-7-495x400.jpg\" alt='Zehnder Virando' title='Zehnder Virando'  height=\"400\" width=\"495\"  itemprop=\"thumbnailUrl\"  \/><\/a><\/div><\/div><\/div><\/p><\/div>\n<div  class='flex_column av-2mib4b2-a59ea1041db4a614f91888de4b76410d av_one_third  avia-builder-el-11  el_after_av_one_third  el_before_av_one_third  flex_column_div  '     ><p><section  class='av_textblock_section av-2kyv0qm-f017fb3a3452988e9295871f6ce28a0a '   itemscope=\"itemscope\" itemtype=\"https:\/\/schema.org\/CreativeWork\" ><div class='avia_textblock'  itemprop=\"text\" ><p><strong>KAZEANE<\/strong><\/p>\n<\/div><\/section><br \/>\n\n<style type=\"text\/css\" data-created_by=\"avia_inline_auto\" id=\"style-css-av-2jyzv9a-ab716122bc0df99244f835768c1ef6a3\">\n.avia-image-container.av-2jyzv9a-ab716122bc0df99244f835768c1ef6a3 img.avia_image{\nbox-shadow:none;\n}\n.avia-image-container.av-2jyzv9a-ab716122bc0df99244f835768c1ef6a3 .av-image-caption-overlay-center{\ncolor:#ffffff;\n}\n<\/style>\n<div  class='avia-image-container av-2jyzv9a-ab716122bc0df99244f835768c1ef6a3 av-styling- av-hover-grow av-hide-overflow av-img-linked avia-align-center  avia-builder-el-13  el_after_av_textblock  avia-builder-el-last '   itemprop=\"image\" itemscope=\"itemscope\" itemtype=\"https:\/\/schema.org\/ImageObject\" ><div class=\"avia-image-container-inner\"><div class=\"avia-image-overlay-wrap\"><a href=\"https:\/\/www.bau-styl.hu\/furdoszobaszalon\/zehnder-kazeane\/\" class='avia_image '  aria-label='Zehnder_Kazeane (1)'><img decoding=\"async\" fetchpriority=\"high\" class='wp-image-30509 avia-img-lazy-loading-not-30509 avia_image ' src=\"https:\/\/www.bau-styl.hu\/furdoszobaszalon\/wp-content\/uploads\/2021\/02\/Zehnder_Kazeane-1-495x400.jpg\" alt='' title='Zehnder_Kazeane (1)'  height=\"400\" width=\"495\"  itemprop=\"thumbnailUrl\"  \/><\/a><\/div><\/div><\/div><\/p><\/div>\n<div  class='flex_column av-2mib4b2-fae031ee8a9014762c394a0b81a37097 av_one_third  avia-builder-el-14  el_after_av_one_third  avia-builder-el-last  first flex_column_div  column-top-margin'     ><p><section  class='av_textblock_section av-2kyv0qm-f017fb3a3452988e9295871f6ce28a0a '   itemscope=\"itemscope\" itemtype=\"https:\/\/schema.org\/CreativeWork\" ><div class='avia_textblock'  itemprop=\"text\" ><p><strong>ZETA<\/strong><\/p>\n<\/div><\/section><br \/>\n\n<style type=\"text\/css\" data-created_by=\"avia_inline_auto\" id=\"style-css-av-2jyzv9a-39073b2d648f85f36f20bcbe17923bc4\">\n.avia-image-container.av-2jyzv9a-39073b2d648f85f36f20bcbe17923bc4 img.avia_image{\nbox-shadow:none;\n}\n.avia-image-container.av-2jyzv9a-39073b2d648f85f36f20bcbe17923bc4 .av-image-caption-overlay-center{\ncolor:#ffffff;\n}\n<\/style>\n<div  class='avia-image-container av-2jyzv9a-39073b2d648f85f36f20bcbe17923bc4 av-styling- av-hover-grow av-hide-overflow av-img-linked avia-align-center  avia-builder-el-16  el_after_av_textblock  avia-builder-el-last '   itemprop=\"image\" itemscope=\"itemscope\" itemtype=\"https:\/\/schema.org\/ImageObject\" ><div class=\"avia-image-container-inner\"><div class=\"avia-image-overlay-wrap\"><a href=\"https:\/\/www.bau-styl.hu\/furdoszobaszalon\/zehnder-zeta\/\" class='avia_image '  aria-label='Zehnder_Zeta (6)'><img decoding=\"async\" fetchpriority=\"high\" class='wp-image-30531 avia-img-lazy-loading-not-30531 avia_image ' src=\"https:\/\/www.bau-styl.hu\/furdoszobaszalon\/wp-content\/uploads\/2021\/02\/Zehnder_Zeta-6-495x400.jpg\" alt='' title='Zehnder_Zeta (6)'  height=\"400\" width=\"495\"  itemprop=\"thumbnailUrl\"  \/><\/a><\/div><\/div><\/div><\/p><\/div>\n","protected":false},"excerpt":{"rendered":"","protected":false},"author":2,"featured_media":0,"parent":0,"menu_order":0,"comment_status":"closed","ping_status":"closed","template":"","meta":{"footnotes":""},"class_list":["post-30300","page","type-page","status-publish","hentry"],"aioseo_notices":[],"_links":{"self":[{"href":"https:\/\/www.bau-styl.hu\/furdoszobaszalon\/wp-json\/wp\/v2\/pages\/30300","targetHints":{"allow":["GET"]}}],"collection":[{"href":"https:\/\/www.bau-styl.hu\/furdoszobaszalon\/wp-json\/wp\/v2\/pages"}],"about":[{"href":"https:\/\/www.bau-styl.hu\/furdoszobaszalon\/wp-json\/wp\/v2\/types\/page"}],"author":[{"embeddable":true,"href":"https:\/\/www.bau-styl.hu\/furdoszobaszalon\/wp-json\/wp\/v2\/users\/2"}],"replies":[{"embeddable":true,"href":"https:\/\/www.bau-styl.hu\/furdoszobaszalon\/wp-json\/wp\/v2\/comments?post=30300"}],"version-history":[{"count":0,"href":"https:\/\/www.bau-styl.hu\/furdoszobaszalon\/wp-json\/wp\/v2\/pages\/30300\/revisions"}],"wp:attachment":[{"href":"https:\/\/www.bau-styl.hu\/furdoszobaszalon\/wp-json\/wp\/v2\/media?parent=30300"}],"curies":[{"name":"wp","href":"https:\/\/api.w.org\/{rel}","templated":true}]}}