{"id":30335,"date":"2024-01-19T06:54:21","date_gmt":"2024-01-19T05:54:21","guid":{"rendered":"https:\/\/www.bau-styl.hu\/furdoszobaszalon\/?page_id=30335"},"modified":"2024-09-17T08:25:58","modified_gmt":"2024-09-17T07:25:58","slug":"zehnder-virando","status":"publish","type":"page","link":"https:\/\/www.bau-styl.hu\/furdoszobaszalon\/zehnder-virando\/","title":{"rendered":"Zehnder \u2013 Virando"},"content":{"rendered":"\n<style type=\"text\/css\" data-created_by=\"avia_inline_auto\" id=\"style-css-av-14fio6w-4e1fbbc14f8ec1cba470335e8d46a01d\">\n.avia-section.av-14fio6w-4e1fbbc14f8ec1cba470335e8d46a01d{\nbackground-repeat:no-repeat;\nbackground-image:url(https:\/\/www.bau-styl.hu\/furdoszobaszalon\/wp-content\/uploads\/2021\/02\/Zehnder_Virando-6.jpg);\nbackground-position:50% 50%;\nbackground-attachment:scroll;\n}\n.avia-section.av-14fio6w-4e1fbbc14f8ec1cba470335e8d46a01d .av-section-color-overlay{\nopacity:0.5;\nbackground-color:#000000;\n}\n<\/style>\n<div id='av_section_1'  class='avia-section av-14fio6w-4e1fbbc14f8ec1cba470335e8d46a01d main_color avia-section-default avia-no-shadow  avia-builder-el-0  el_before_av_section  avia-builder-el-first  avia-full-stretch avia-bg-style-scroll av-section-color-overlay-active container_wrap sidebar_right'  data-section-bg-repeat='stretch'><div class=\"av-section-color-overlay-wrap\"><div class=\"av-section-color-overlay\"><\/div><div class='container av-section-cont-open' ><main  role=\"main\" itemprop=\"mainContentOfPage\"  class='template-page content  av-content-small alpha units'><div class='post-entry post-entry-type-page post-entry-30335'><div class='entry-content-wrapper clearfix'>\n\n<style type=\"text\/css\" data-created_by=\"avia_inline_auto\" id=\"style-css-av-128c8g8-8d93a1d98d2f13594b0805b9cf5afe4a\">\n#top .hr.hr-invisible.av-128c8g8-8d93a1d98d2f13594b0805b9cf5afe4a{\nheight:50px;\n}\n<\/style>\n<div  class='hr av-128c8g8-8d93a1d98d2f13594b0805b9cf5afe4a hr-invisible  avia-builder-el-1  el_before_av_heading  avia-builder-el-first '><span class='hr-inner '><span class=\"hr-inner-style\"><\/span><\/span><\/div>\n\n<style type=\"text\/css\" data-created_by=\"avia_inline_auto\" id=\"style-css-av-m164107l-d2edff80cd658eedf5cf7f55fb9b428a\">\n#top .av-special-heading.av-m164107l-d2edff80cd658eedf5cf7f55fb9b428a{\npadding-bottom:10px;\ncolor:#ffffff;\n}\nbody .av-special-heading.av-m164107l-d2edff80cd658eedf5cf7f55fb9b428a .av-special-heading-tag .heading-char{\nfont-size:25px;\n}\n.av-special-heading.av-m164107l-d2edff80cd658eedf5cf7f55fb9b428a .special-heading-inner-border{\nborder-color:#ffffff;\n}\n.av-special-heading.av-m164107l-d2edff80cd658eedf5cf7f55fb9b428a .av-subheading{\nfont-size:15px;\n}\n<\/style>\n<div  class='av-special-heading av-m164107l-d2edff80cd658eedf5cf7f55fb9b428a av-special-heading-h1 custom-color-heading blockquote modern-quote modern-centered  avia-builder-el-2  el_after_av_hr  el_before_av_hr '><h1 class='av-special-heading-tag '  itemprop=\"headline\"  >VIRANDO<\/h1><div class='av_custom_color av-subheading av-subheading_below'><p>ZEHNDER<\/p>\n<\/div><div class=\"special-heading-border\"><div class=\"special-heading-inner-border\"><\/div><\/div><\/div>\n\n<style type=\"text\/css\" data-created_by=\"avia_inline_auto\" id=\"style-css-av-zrh2p4-f6492eac85c3afe18b0afaad87e31b8e\">\n#top .hr.hr-invisible.av-zrh2p4-f6492eac85c3afe18b0afaad87e31b8e{\nheight:50px;\n}\n<\/style>\n<div  class='hr av-zrh2p4-f6492eac85c3afe18b0afaad87e31b8e hr-invisible  avia-builder-el-3  el_after_av_heading  avia-builder-el-last '><span class='hr-inner '><span class=\"hr-inner-style\"><\/span><\/span><\/div>\n<\/div><\/div><\/main><!-- close content main element --><\/div><\/div><\/div><div id='av_section_2'  class='avia-section av-yiv2c8-55dbc42f2b3b823b60fbbc491b46114d main_color avia-section-default avia-no-shadow  avia-builder-el-4  el_after_av_section  el_before_av_section  avia-bg-style-scroll container_wrap sidebar_right'  ><div class='container av-section-cont-open' ><div class='template-page content  av-content-small alpha units'><div class='post-entry post-entry-type-page post-entry-30335'><div class='entry-content-wrapper clearfix'>\n<section  class='av_textblock_section av-ww7njc-bed5c5d2b177027a46e6349625e5512a '   itemscope=\"itemscope\" itemtype=\"https:\/\/schema.org\/CreativeWork\" ><div class='avia_textblock'  itemprop=\"text\" ><p style=\"text-align: justify;\">A Virando hajl\u00edtott \u00e9s egyenes v\u00e1ltozatban k\u00edn\u00e1l radi\u00e1torokat, melynek k\u00fcl\u00f6nlegess\u00e9ge sz\u00e9les sz\u00ednk\u00edn\u00e1lata. A hagyom\u00e1nyos feh\u00e9r sz\u00edn mellett t\u00f6bb, mint 40 f\u00e9le sz\u00edn k\u00f6z\u00fcl v\u00e1laszthatunk.Ezen a palett\u00e1n megtal\u00e1lhat\u00f3 a neutr\u00e1lis b\u00e9zs \u00e9s sz\u00fcrke, de a kr\u00f3mozott lila, s\u00e1rga \u00e9s k\u00e9k \u00e1rnyalatai is. A f\u0171t\u00e9si rendszerre is csatlakoztathat\u00f3 vagy opcion\u00e1lisan elektromos \u00fczemeltet\u00e9ssel is v\u00e1laszthat\u00f3. Innovat\u00edv kieg\u00e9sz\u00edt\u0151je lehet a TIMERMEMO vez\u00e9rl\u0151egys\u00e9g, amely a Zehnder Control alkalmaz\u00e1ssal seg\u00edt a napi vagy heti programok be\u00e1ll\u00edt\u00e1s\u00e1ban.<\/p>\n<\/div><\/section>\n<section  class='av_textblock_section av-pd983y-b1fa89478f6804fa4b17eb2c905af87b '   itemscope=\"itemscope\" itemtype=\"https:\/\/schema.org\/CreativeWork\" ><div class='avia_textblock'  itemprop=\"text\" ><p style=\"text-align: right;\"><mark><strong><a href=\"#ajanlat\">Aj\u00e1nlatot k\u00e9rek!<\/a><\/strong><\/mark><\/p>\n<\/div><\/section>\n\n<style type=\"text\/css\" data-created_by=\"avia_inline_auto\" id=\"style-css-av-vf102g-8edae637967c77857aaa16ee0bbd1c1b\">\n#top .hr.hr-invisible.av-vf102g-8edae637967c77857aaa16ee0bbd1c1b{\nheight:50px;\n}\n<\/style>\n<div  class='hr av-vf102g-8edae637967c77857aaa16ee0bbd1c1b hr-invisible  avia-builder-el-7  el_after_av_textblock  el_before_av_masonry_gallery  avia-builder-el-last '><span class='hr-inner '><span class=\"hr-inner-style\"><\/span><\/span><\/div>\n<div id='av-masonry-1' class='av-masonry av-m1640ncn-fb3719b7231a4b31c7599e1f60b5608c noHover av-fixed-size av-large-gap av-hover-overlay- av-masonry-animation-active av-masonry-col-5 av-caption-always av-caption-style- av-masonry-gallery av-medium-columns-overwrite av-medium-columns-4 av-small-columns-overwrite av-small-columns-4 av-mini-columns-overwrite av-mini-columns-4 ' data-post_id=\"30335\"><div class=\"av-masonry-container isotope av-js-disabled\"><div class='av-masonry-entry isotope-item av-masonry-item-no-image '><\/div><a href=\"https:\/\/www.bau-styl.hu\/furdoszobaszalon\/wp-content\/uploads\/2021\/02\/Zehnder_Virando-7.jpg\" data-srcset=\"https:\/\/www.bau-styl.hu\/furdoszobaszalon\/wp-content\/uploads\/2021\/02\/Zehnder_Virando-7.jpg 765w, https:\/\/www.bau-styl.hu\/furdoszobaszalon\/wp-content\/uploads\/2021\/02\/Zehnder_Virando-7-287x300.jpg 287w, https:\/\/www.bau-styl.hu\/furdoszobaszalon\/wp-content\/uploads\/2021\/02\/Zehnder_Virando-7-674x705.jpg 674w\" data-sizes=\"(max-width: 765px) 100vw, 765px\"  aria-label=\"image Zehnder Virando\"  id='av-masonry-1-item-30344' data-av-masonry-item='30344' class='av-masonry-entry isotope-item post-30344 attachment type-attachment status-inherit hentry  av-masonry-item-with-image' title=\"Zehnder Virando\" alt=\"Zehnder Virando\"    itemprop=\"thumbnailUrl\" ><div class='av-inner-masonry-sizer'><\/div><figure class='av-inner-masonry main_color'><div class=\"av-masonry-outerimage-container\"><div class='av-masonry-image-container' style=\"background-image: url(https:\/\/www.bau-styl.hu\/furdoszobaszalon\/wp-content\/uploads\/2021\/02\/Zehnder_Virando-7-495x400.jpg);\"  title=\"Zehnder Virando\" ><\/div><\/div><\/figure><\/a><!--end av-masonry entry--><a href=\"https:\/\/www.bau-styl.hu\/furdoszobaszalon\/wp-content\/uploads\/2021\/02\/Zehnder_Virando-6.jpg\" data-srcset=\"https:\/\/www.bau-styl.hu\/furdoszobaszalon\/wp-content\/uploads\/2021\/02\/Zehnder_Virando-6.jpg 800w, https:\/\/www.bau-styl.hu\/furdoszobaszalon\/wp-content\/uploads\/2021\/02\/Zehnder_Virando-6-300x281.jpg 300w, https:\/\/www.bau-styl.hu\/furdoszobaszalon\/wp-content\/uploads\/2021\/02\/Zehnder_Virando-6-768x719.jpg 768w, https:\/\/www.bau-styl.hu\/furdoszobaszalon\/wp-content\/uploads\/2021\/02\/Zehnder_Virando-6-705x660.jpg 705w\" data-sizes=\"(max-width: 800px) 100vw, 800px\"  aria-label=\"image Zehnder Virando\"  id='av-masonry-1-item-30343' data-av-masonry-item='30343' class='av-masonry-entry isotope-item post-30343 attachment type-attachment status-inherit hentry  av-masonry-item-with-image' title=\"Zehnder Virando\" alt=\"Zehnder Virando\"    itemprop=\"thumbnailUrl\" ><div class='av-inner-masonry-sizer'><\/div><figure class='av-inner-masonry main_color'><div class=\"av-masonry-outerimage-container\"><div class='av-masonry-image-container' style=\"background-image: url(https:\/\/www.bau-styl.hu\/furdoszobaszalon\/wp-content\/uploads\/2021\/02\/Zehnder_Virando-6-495x400.jpg);\"  title=\"Zehnder Virando\" ><\/div><\/div><\/figure><\/a><!--end av-masonry entry--><a href=\"https:\/\/www.bau-styl.hu\/furdoszobaszalon\/wp-content\/uploads\/2021\/02\/Zehnder_Virando-5.jpg\" data-srcset=\"https:\/\/www.bau-styl.hu\/furdoszobaszalon\/wp-content\/uploads\/2021\/02\/Zehnder_Virando-5.jpg 615w, https:\/\/www.bau-styl.hu\/furdoszobaszalon\/wp-content\/uploads\/2021\/02\/Zehnder_Virando-5-231x300.jpg 231w, https:\/\/www.bau-styl.hu\/furdoszobaszalon\/wp-content\/uploads\/2021\/02\/Zehnder_Virando-5-542x705.jpg 542w\" data-sizes=\"(max-width: 615px) 100vw, 615px\"  aria-label=\"image Zehnder Virando\"  id='av-masonry-1-item-30342' data-av-masonry-item='30342' class='av-masonry-entry isotope-item post-30342 attachment type-attachment status-inherit hentry  av-masonry-item-with-image' title=\"Zehnder Virando\" alt=\"Zehnder Virando\"    itemprop=\"thumbnailUrl\" ><div class='av-inner-masonry-sizer'><\/div><figure class='av-inner-masonry main_color'><div class=\"av-masonry-outerimage-container\"><div class='av-masonry-image-container' style=\"background-image: url(https:\/\/www.bau-styl.hu\/furdoszobaszalon\/wp-content\/uploads\/2021\/02\/Zehnder_Virando-5-495x400.jpg);\"  title=\"Zehnder Virando\" ><\/div><\/div><\/figure><\/a><!--end av-masonry entry--><a href=\"https:\/\/www.bau-styl.hu\/furdoszobaszalon\/wp-content\/uploads\/2021\/02\/Zehnder_Virando-4.jpg\" data-srcset=\"https:\/\/www.bau-styl.hu\/furdoszobaszalon\/wp-content\/uploads\/2021\/02\/Zehnder_Virando-4.jpg 616w, https:\/\/www.bau-styl.hu\/furdoszobaszalon\/wp-content\/uploads\/2021\/02\/Zehnder_Virando-4-231x300.jpg 231w, https:\/\/www.bau-styl.hu\/furdoszobaszalon\/wp-content\/uploads\/2021\/02\/Zehnder_Virando-4-543x705.jpg 543w\" data-sizes=\"(max-width: 616px) 100vw, 616px\"  aria-label=\"image Zehnder Virando\"  id='av-masonry-1-item-30341' data-av-masonry-item='30341' class='av-masonry-entry isotope-item post-30341 attachment type-attachment status-inherit hentry  av-masonry-item-with-image' title=\"Zehnder Virando\" alt=\"Zehnder Virando\"    itemprop=\"thumbnailUrl\" ><div class='av-inner-masonry-sizer'><\/div><figure class='av-inner-masonry main_color'><div class=\"av-masonry-outerimage-container\"><div class='av-masonry-image-container' style=\"background-image: url(https:\/\/www.bau-styl.hu\/furdoszobaszalon\/wp-content\/uploads\/2021\/02\/Zehnder_Virando-4-495x400.jpg);\"  title=\"Zehnder Virando\" ><\/div><\/div><\/figure><\/a><!--end av-masonry entry--><a href=\"https:\/\/www.bau-styl.hu\/furdoszobaszalon\/wp-content\/uploads\/2021\/02\/Zehnder_Virando-3.jpg\" data-srcset=\"https:\/\/www.bau-styl.hu\/furdoszobaszalon\/wp-content\/uploads\/2021\/02\/Zehnder_Virando-3.jpg 733w, https:\/\/www.bau-styl.hu\/furdoszobaszalon\/wp-content\/uploads\/2021\/02\/Zehnder_Virando-3-275x300.jpg 275w, https:\/\/www.bau-styl.hu\/furdoszobaszalon\/wp-content\/uploads\/2021\/02\/Zehnder_Virando-3-646x705.jpg 646w\" data-sizes=\"(max-width: 733px) 100vw, 733px\"  aria-label=\"image Zehnder Virando\"  id='av-masonry-1-item-30340' data-av-masonry-item='30340' class='av-masonry-entry isotope-item post-30340 attachment type-attachment status-inherit hentry  av-masonry-item-with-image' title=\"Zehnder Virando\" alt=\"Zehnder Virando\"    itemprop=\"thumbnailUrl\" ><div class='av-inner-masonry-sizer'><\/div><figure class='av-inner-masonry main_color'><div class=\"av-masonry-outerimage-container\"><div class='av-masonry-image-container' style=\"background-image: url(https:\/\/www.bau-styl.hu\/furdoszobaszalon\/wp-content\/uploads\/2021\/02\/Zehnder_Virando-3-495x400.jpg);\"  title=\"Zehnder Virando\" ><\/div><\/div><\/figure><\/a><!--end av-masonry entry--><a href=\"https:\/\/www.bau-styl.hu\/furdoszobaszalon\/wp-content\/uploads\/2021\/02\/Zehnder_Virando-2.jpg\" data-srcset=\"https:\/\/www.bau-styl.hu\/furdoszobaszalon\/wp-content\/uploads\/2021\/02\/Zehnder_Virando-2.jpg 706w, https:\/\/www.bau-styl.hu\/furdoszobaszalon\/wp-content\/uploads\/2021\/02\/Zehnder_Virando-2-265x300.jpg 265w, https:\/\/www.bau-styl.hu\/furdoszobaszalon\/wp-content\/uploads\/2021\/02\/Zehnder_Virando-2-622x705.jpg 622w\" data-sizes=\"(max-width: 706px) 100vw, 706px\"  aria-label=\"image Zehnder Virando\"  id='av-masonry-1-item-30339' data-av-masonry-item='30339' class='av-masonry-entry isotope-item post-30339 attachment type-attachment status-inherit hentry  av-masonry-item-with-image' title=\"Zehnder Virando\" alt=\"Zehnder Virando\"    itemprop=\"thumbnailUrl\" ><div class='av-inner-masonry-sizer'><\/div><figure class='av-inner-masonry main_color'><div class=\"av-masonry-outerimage-container\"><div class='av-masonry-image-container' style=\"background-image: url(https:\/\/www.bau-styl.hu\/furdoszobaszalon\/wp-content\/uploads\/2021\/02\/Zehnder_Virando-2-495x400.jpg);\"  title=\"Zehnder Virando\" ><\/div><\/div><\/figure><\/a><!--end av-masonry entry--><a href=\"https:\/\/www.bau-styl.hu\/furdoszobaszalon\/wp-content\/uploads\/2021\/02\/Zehnder_Virando-1.jpg\" data-srcset=\"https:\/\/www.bau-styl.hu\/furdoszobaszalon\/wp-content\/uploads\/2021\/02\/Zehnder_Virando-1.jpg 706w, https:\/\/www.bau-styl.hu\/furdoszobaszalon\/wp-content\/uploads\/2021\/02\/Zehnder_Virando-1-265x300.jpg 265w, https:\/\/www.bau-styl.hu\/furdoszobaszalon\/wp-content\/uploads\/2021\/02\/Zehnder_Virando-1-622x705.jpg 622w\" data-sizes=\"(max-width: 706px) 100vw, 706px\"  aria-label=\"image Zehnder Virando\"  id='av-masonry-1-item-30338' data-av-masonry-item='30338' class='av-masonry-entry isotope-item post-30338 attachment type-attachment status-inherit hentry  av-masonry-item-with-image' title=\"Zehnder Virando\" alt=\"Zehnder Virando\"    itemprop=\"thumbnailUrl\" ><div class='av-inner-masonry-sizer'><\/div><figure class='av-inner-masonry main_color'><div class=\"av-masonry-outerimage-container\"><div class='av-masonry-image-container' style=\"background-image: url(https:\/\/www.bau-styl.hu\/furdoszobaszalon\/wp-content\/uploads\/2021\/02\/Zehnder_Virando-1-495x400.jpg);\"  title=\"Zehnder Virando\" ><\/div><\/div><\/figure><\/a><!--end av-masonry entry--><\/div><\/div>\n\n<style type=\"text\/css\" data-created_by=\"avia_inline_auto\" id=\"style-css-av-qtss9k-a952630fc55ee9a4bee86ee81ee90c24\">\n#top .hr.hr-invisible.av-qtss9k-a952630fc55ee9a4bee86ee81ee90c24{\nheight:50px;\n}\n<\/style>\n<div  class='hr av-qtss9k-a952630fc55ee9a4bee86ee81ee90c24 hr-invisible  avia-builder-el-9  el_after_av_masonry_gallery  el_before_av_promobox  avia-builder-el-first '><span class='hr-inner '><span class=\"hr-inner-style\"><\/span><\/span><\/div>\n<div  class='av_promobox av-qf7vns-d5daa8b98ff43f285b2277cda6407518 avia-button-yes  avia-builder-el-10  el_after_av_hr  el_before_av_hr '><div class='avia-promocontent'><p>R\u00e9szletesebb inform\u00e1ci\u00f3t \u00e9s technikai adatokat a katal\u00f3gusban tal\u00e1l.<\/p>\n<\/div><div  class='avia-button-wrap av-qf7vns-797ae33e27ab489edbeb8d9498d3f311-wrap avia-button-right '><a href='https:\/\/www.bau-styl.hu\/furdoszobaszalon\/wp-content\/uploads\/2021\/02\/Zehnder_Virando.pdf'  class='avia-button av-qf7vns-797ae33e27ab489edbeb8d9498d3f311 av-link-btn avia-icon_select-no avia-size-large avia-position-right avia-color-theme-color'  target=\"_blank\"  rel=\"noopener noreferrer\"  aria-label=\"Katal\u00f3gus megtekint\u00e9se\"><span class='avia_iconbox_title' >Katal\u00f3gus megtekint\u00e9se<\/span><\/a><\/div><\/div>\n\n<style type=\"text\/css\" data-created_by=\"avia_inline_auto\" id=\"style-css-av-ofa2mw-f0c38cf66f3a1b2cd3dadce5744af1db\">\n#top .hr.hr-invisible.av-ofa2mw-f0c38cf66f3a1b2cd3dadce5744af1db{\nheight:50px;\n}\n<\/style>\n<div  class='hr av-ofa2mw-f0c38cf66f3a1b2cd3dadce5744af1db hr-invisible  avia-builder-el-11  el_after_av_promobox  el_before_av_one_full '><span class='hr-inner '><span class=\"hr-inner-style\"><\/span><\/span><\/div>\n\n<style type=\"text\/css\" data-created_by=\"avia_inline_auto\" id=\"style-css-av-tetkvb-3ef41c2f1f640cd589dee9b33c83cf85\">\n.flex_column.av-tetkvb-3ef41c2f1f640cd589dee9b33c83cf85{\nborder-radius:0px 0px 0px 0px;\npadding:0px 0px 0px 0px;\n}\n<\/style>\n<div  class='flex_column av-tetkvb-3ef41c2f1f640cd589dee9b33c83cf85 av_one_full  avia-builder-el-12  el_after_av_hr  avia-builder-el-last  first flex_column_div av-zero-column-padding  '     ><section  class='av_textblock_section av-k6tfxpen-742ec54894f8b28555c7357493501403 '   itemscope=\"itemscope\" itemtype=\"https:\/\/schema.org\/CreativeWork\" ><div class='avia_textblock'  itemprop=\"text\" ><p style=\"text-align: right;\"><a title=\"Zehnder Group\" href=\"https:\/\/www.bau-styl.hu\/furdoszobaszalon\/zehnder-group\/\">Vissza minden Zehnder Group kollekci\u00f3hoz<\/a><\/p>\n<\/div><\/section><\/div><\/div><\/div><\/div><!-- close content main div --><\/div><\/div>\n<style type=\"text\/css\" data-created_by=\"avia_inline_auto\" id=\"style-css-av-muej7s-ebbb55138ef20c62c58a07d739b3c8b4\">\n.avia-section.av-muej7s-ebbb55138ef20c62c58a07d739b3c8b4{\nbackground-repeat:no-repeat;\nbackground-image:url(https:\/\/www.bau-styl.hu\/furdoszobaszalon\/wp-content\/uploads\/2021\/02\/Zehnder_Virando-7.jpg);\nbackground-position:50% 50%;\nbackground-attachment:scroll;\n}\n.avia-section.av-muej7s-ebbb55138ef20c62c58a07d739b3c8b4 .av-section-color-overlay{\nopacity:0.5;\nbackground-color:#000000;\n}\n<\/style>\n<div id='ajanlat'  class='avia-section av-muej7s-ebbb55138ef20c62c58a07d739b3c8b4 main_color avia-section-default avia-no-shadow  avia-builder-el-14  el_after_av_section  avia-builder-el-last  avia-full-stretch avia-bg-style-scroll av-section-color-overlay-active container_wrap sidebar_right'  data-section-bg-repeat='stretch'><div class=\"av-section-color-overlay-wrap\"><div class=\"av-section-color-overlay\"><\/div><div class='container av-section-cont-open' ><div class='template-page content  av-content-small alpha units'><div class='post-entry post-entry-type-page post-entry-30335'><div class='entry-content-wrapper clearfix'>\n\n<style type=\"text\/css\" data-created_by=\"avia_inline_auto\" id=\"style-css-av-k8cos8-aa32f79190e3d63f71ac81606987e0be\">\n#top .hr.hr-invisible.av-k8cos8-aa32f79190e3d63f71ac81606987e0be{\nheight:50px;\n}\n<\/style>\n<div  class='hr av-k8cos8-aa32f79190e3d63f71ac81606987e0be hr-invisible  avia-builder-el-15  el_before_av_one_fifth  avia-builder-el-first '><span class='hr-inner '><span class=\"hr-inner-style\"><\/span><\/span><\/div>\n\n<style type=\"text\/css\" data-created_by=\"avia_inline_auto\" id=\"style-css-av-jrhwnc-db94acb21139cca3de22f3c995425d83\">\n.flex_column.av-jrhwnc-db94acb21139cca3de22f3c995425d83{\nborder-radius:0px 0px 0px 0px;\npadding:0px 0px 0px 0px;\n}\n<\/style>\n<div  class='flex_column av-jrhwnc-db94acb21139cca3de22f3c995425d83 av_one_fifth  avia-builder-el-16  el_after_av_hr  el_before_av_three_fifth  first flex_column_div av-zero-column-padding  '     ><\/div>\n<style type=\"text\/css\" data-created_by=\"avia_inline_auto\" id=\"style-css-av-av_three_fifth-d16bed752390fb46bb9f8cdd4860f43d\">\n.flex_column.av-av_three_fifth-d16bed752390fb46bb9f8cdd4860f43d{\nborder-radius:0px 0px 0px 0px;\npadding:30px 30px 30px 30px;\nbackground-color:rgba(35,35,35,0.57);\n}\n<\/style>\n<div  class='flex_column av-av_three_fifth-d16bed752390fb46bb9f8cdd4860f43d av_three_fifth  avia-builder-el-17  el_after_av_one_fifth  el_before_av_one_fifth  flex_column_div  '     ><style type=\"text\/css\" data-created_by=\"avia_inline_auto\" id=\"style-css-av-av_textblock-27c4f643a6e4cf7c6096ff03deb9fd6d\">\n#top .av_textblock_section.av-av_textblock-27c4f643a6e4cf7c6096ff03deb9fd6d .avia_textblock{\nfont-size:16px;\ncolor:#ffffff;\n}\n<\/style>\n<section  class='av_textblock_section av-av_textblock-27c4f643a6e4cf7c6096ff03deb9fd6d '   itemscope=\"itemscope\" itemtype=\"https:\/\/schema.org\/CreativeWork\" ><div class='avia_textblock av_inherit_color'  itemprop=\"text\" ><p style=\"text-align: center;\"><strong>Ha elnyerte tetsz\u00e9s\u00e9t ez a kollekci\u00f3, forduljon hozz\u00e1nk bizalommal!<\/strong><\/p>\n<p style=\"text-align: center;\"><strong>Adja meg el\u00e9rhet\u0151s\u00e9g\u00e9t \u00e9s munkat\u00e1rsaink hamarosan felveszik \u00d6nnel a kapcsolatot!\u00a0<\/strong><\/p>\n<\/div><\/section><br \/>\n<form action=\"https:\/\/www.bau-styl.hu\/furdoszobaszalon\/zehnder-virando\/\" method=\"post\" data-fields-with-error=\"Found errors in the following field(s):\" class=\"avia_ajax_form av-form-labels-hidden   avia-builder-el-19  el_after_av_textblock  avia-builder-el-last  av-custom-form-color av-light-form \" data-avia-form-id=\"1\" data-avia-redirect='https:\/\/www.bau-styl.hu\/furdoszobaszalon\/koszonjuk-erdeklodeset\/' ><fieldset><p class='  first_form  form_element form_element_third' id='element_avia_1_1'><label for=\"avia_1_1\">N\u00e9v <abbr class=\"required\" title=\"required\">*<\/abbr><\/label> <input name=\"avia_1_1\" class=\"text_input is_empty\" type=\"text\" id=\"avia_1_1\" value=\"\"  placeholder='N\u00e9v*'\/><\/p><p class='  form_element form_element_third' id='element_avia_2_1'><label for=\"avia_2_1\">E-Mail c\u00edm <abbr class=\"required\" title=\"required\">*<\/abbr><\/label> <input name=\"avia_2_1\" class=\"text_input is_email\" type=\"text\" id=\"avia_2_1\" value=\"\"  placeholder='E-Mail c\u00edm*'\/><\/p><p class='  form_element form_element_third' id='element_avia_3_1'><label for=\"avia_3_1\">Telefonsz\u00e1m <abbr class=\"required\" title=\"required\">*<\/abbr><\/label> <input name=\"avia_3_1\" class=\"text_input is_phone\" type=\"text\" id=\"avia_3_1\" value=\"\"  placeholder='Telefonsz\u00e1m*'\/><\/p><p class='  first_form  form_element form_fullwidth' id='element_avia_4_1'><label for=\"avia_4_1\">C\u00edm <abbr class=\"required\" title=\"required\">*<\/abbr><\/label> <input name=\"avia_4_1\" class=\"text_input is_empty\" type=\"text\" id=\"avia_4_1\" value=\"\"  placeholder='C\u00edm*'\/><\/p><p class='  first_form  form_element form_fullwidth' id='element_avia_5_1'><label for=\"avia_5_1\" class=\"textare_label hidden textare_label_avia_5_1\">Megjegyz\u00e9s<\/label><textarea  placeholder='Megjegyz\u00e9s' name=\"avia_5_1\" class=\"text_area \" cols=\"40\" rows=\"7\" id=\"avia_5_1\" ><\/textarea><\/p><p class=\"hidden\"><input type=\"text\" name=\"avia_6_1\" class=\"hidden \" id=\"avia_6_1\" value=\"\" \/><\/p><p class=' av_form_privacy_check av_contact_privacy_check first_form  form_element form_fullwidth' id='element_avia_7_1'><input  name=\"avia_7_1\" class=\"input_checkbox is_empty\" type=\"checkbox\" id=\"avia_7_1\" value=\"true\"\/><label class=\"input_checkbox_label\" for=\"avia_7_1\">Elfogadom az adatkezel\u00e9si nyilatkozatot <abbr class=\"required\" title=\"required\">*<\/abbr><\/label><\/p><p class=\"form_element \"><input type=\"hidden\" value=\"1\" name=\"avia_generated_form1\" \/><input type=\"submit\" value=\"K\u00fcld\u00e9s\" class=\"button\"  data-sending-label=\"K\u00fcld\u00e9s\"\/><\/p><\/fieldset><\/form><div id=\"ajaxresponse_1\" class=\"ajaxresponse ajaxresponse_1 hidden\"><\/div><\/p><\/div>\n<style type=\"text\/css\" data-created_by=\"avia_inline_auto\" id=\"style-css-av-3yol08-815c1fa6606d1e96bba90c93c44b8c0c\">\n.flex_column.av-3yol08-815c1fa6606d1e96bba90c93c44b8c0c{\nborder-radius:0px 0px 0px 0px;\npadding:0px 0px 0px 0px;\n}\n<\/style>\n<div  class='flex_column av-3yol08-815c1fa6606d1e96bba90c93c44b8c0c av_one_fifth  avia-builder-el-20  el_after_av_three_fifth  el_before_av_hr  flex_column_div av-zero-column-padding  '     ><\/div>\n<style type=\"text\/css\" data-created_by=\"avia_inline_auto\" id=\"style-css-av-39s8hk-ff35e9ebd7771295a95458300bb843a0\">\n#top .hr.hr-invisible.av-39s8hk-ff35e9ebd7771295a95458300bb843a0{\nheight:50px;\n}\n<\/style>\n<div  class='hr av-39s8hk-ff35e9ebd7771295a95458300bb843a0 hr-invisible  avia-builder-el-21  el_after_av_one_fifth  avia-builder-el-last '><span class='hr-inner '><span class=\"hr-inner-style\"><\/span><\/span><\/div>\n<\/div><\/div><\/div><!-- close content main div --><\/div><\/div><\/div><div id='after_section_3'  class='main_color av_default_container_wrap container_wrap sidebar_right'  ><div class='container av-section-cont-open' ><div class='template-page content  av-content-small alpha units'><div class='post-entry post-entry-type-page post-entry-30335'><div class='entry-content-wrapper clearfix'><\/p>\n","protected":false},"excerpt":{"rendered":"","protected":false},"author":2,"featured_media":0,"parent":0,"menu_order":0,"comment_status":"closed","ping_status":"closed","template":"","meta":{"footnotes":""},"class_list":["post-30335","page","type-page","status-publish","hentry"],"aioseo_notices":[],"_links":{"self":[{"href":"https:\/\/www.bau-styl.hu\/furdoszobaszalon\/wp-json\/wp\/v2\/pages\/30335","targetHints":{"allow":["GET"]}}],"collection":[{"href":"https:\/\/www.bau-styl.hu\/furdoszobaszalon\/wp-json\/wp\/v2\/pages"}],"about":[{"href":"https:\/\/www.bau-styl.hu\/furdoszobaszalon\/wp-json\/wp\/v2\/types\/page"}],"author":[{"embeddable":true,"href":"https:\/\/www.bau-styl.hu\/furdoszobaszalon\/wp-json\/wp\/v2\/users\/2"}],"replies":[{"embeddable":true,"href":"https:\/\/www.bau-styl.hu\/furdoszobaszalon\/wp-json\/wp\/v2\/comments?post=30335"}],"version-history":[{"count":0,"href":"https:\/\/www.bau-styl.hu\/furdoszobaszalon\/wp-json\/wp\/v2\/pages\/30335\/revisions"}],"wp:attachment":[{"href":"https:\/\/www.bau-styl.hu\/furdoszobaszalon\/wp-json\/wp\/v2\/media?parent=30335"}],"curies":[{"name":"wp","href":"https:\/\/api.w.org\/{rel}","templated":true}]}}