{"id":30390,"date":"2021-02-10T12:20:21","date_gmt":"2021-02-10T11:20:21","guid":{"rendered":"https:\/\/www.bau-styl.hu\/furdoszobaszalon\/?page_id=30390"},"modified":"2021-02-10T13:44:08","modified_gmt":"2021-02-10T12:44:08","slug":"aco","status":"publish","type":"page","link":"https:\/\/www.bau-styl.hu\/furdoszobaszalon\/aco\/","title":{"rendered":"ACO"},"content":{"rendered":"<div  class='flex_column av-2vhe7fy-8ca79d2ca3dd8b919a2d2980872197aa av_one_fifth  avia-builder-el-0  el_before_av_four_fifth  avia-builder-el-first  first flex_column_div  '     ><style type=\"text\/css\" data-created_by=\"avia_inline_auto\" id=\"style-css-av-2ubhpvy-c87ea61390a9506521acbea7d5770833\">\n.avia-image-container.av-2ubhpvy-c87ea61390a9506521acbea7d5770833 img.avia_image{\nbox-shadow:none;\n}\n.avia-image-container.av-2ubhpvy-c87ea61390a9506521acbea7d5770833 .av-image-caption-overlay-center{\ncolor:#ffffff;\n}\n<\/style>\n<div  class='avia-image-container av-2ubhpvy-c87ea61390a9506521acbea7d5770833 av-styling- avia-align-center  avia-builder-el-1  avia-builder-el-no-sibling '   itemprop=\"image\" itemscope=\"itemscope\" itemtype=\"https:\/\/schema.org\/ImageObject\" ><div class=\"avia-image-container-inner\"><div class=\"avia-image-overlay-wrap\"><img decoding=\"async\" fetchpriority=\"high\" class='wp-image-30391 avia-img-lazy-loading-not-30391 avia_image ' src=\"https:\/\/www.bau-styl.hu\/furdoszobaszalon\/wp-content\/uploads\/2021\/02\/Eszkoz-3.png\" alt='' title='Eszk\u00f6z 3'  height=\"300\" width=\"300\"  itemprop=\"thumbnailUrl\" srcset=\"https:\/\/www.bau-styl.hu\/furdoszobaszalon\/wp-content\/uploads\/2021\/02\/Eszkoz-3.png 300w, https:\/\/www.bau-styl.hu\/furdoszobaszalon\/wp-content\/uploads\/2021\/02\/Eszkoz-3-80x80.png 80w, https:\/\/www.bau-styl.hu\/furdoszobaszalon\/wp-content\/uploads\/2021\/02\/Eszkoz-3-36x36.png 36w, https:\/\/www.bau-styl.hu\/furdoszobaszalon\/wp-content\/uploads\/2021\/02\/Eszkoz-3-180x180.png 180w\" sizes=\"(max-width: 300px) 100vw, 300px\" \/><\/div><\/div><\/div><\/div>\n\n<style type=\"text\/css\" data-created_by=\"avia_inline_auto\" id=\"style-css-av-2srrjny-99ec1529287d850983b5717dcead86d1\">\n.flex_column.av-2srrjny-99ec1529287d850983b5717dcead86d1{\nborder-radius:0px 0px 0px 0px;\npadding:0px 0px 0px 0px;\n}\n<\/style>\n<div  class='flex_column av-2srrjny-99ec1529287d850983b5717dcead86d1 av_four_fifth  avia-builder-el-2  el_after_av_one_fifth  el_before_av_hr  flex_column_div av-zero-column-padding  '     ><section  class='av_textblock_section av-2qypq3y-6449fb59fe752bc3516e3b64528925ac '   itemscope=\"itemscope\" itemtype=\"https:\/\/schema.org\/CreativeWork\" ><div class='avia_textblock'  itemprop=\"text\" ><p><strong>ACO<\/strong><\/p>\n<hr \/>\n<p>Az ACO csoport piacvezet\u0151, a v\u00edzelvezet\u00e9s ter\u00fclet\u00e9n. Ipari \u00e9s egy\u00e9ni felhaszn\u00e1l\u00e1sra is k\u00edn\u00e1l megold\u00e1sokat f\u00fcrd\u0151szobai \u00e9s wellness ter\u00fcletek v\u00edzelvezet\u00e9s\u00e9re. Gazdas\u00e1gos felhaszn\u00e1l\u00e1st \u00e9s fenntarthat\u00f3 \u00e9p\u00edt\u00e9st k\u00edn\u00e1l minden esetben magas m\u0171szaki sz\u00ednvonallal p\u00e1ros\u00edtva. Az 1946-ban N\u00e9metorsz\u00e1gban alap\u00edtott c\u00e9g m\u00e1ra m\u00e1r az \u00f6sszes kontinensen k\u00e9pviselteti mag\u00e1t. A v\u00e1llalati kult\u00fara r\u00e9sze a m\u0171v\u00e9szet ir\u00e1nti szeretet, azt vallj\u00e1k: \u201ca kreat\u00edv munka jobban vir\u00e1gzik kreat\u00edv k\u00f6rnyezetben\u201d. A siker\u00fck kulcsa a legmagasabban k\u00e9pzett szakemberekben keresend\u0151.<\/p>\n<\/div><\/section><\/div>\n\n<style type=\"text\/css\" data-created_by=\"avia_inline_auto\" id=\"style-css-av-2p1hnlq-22e7bf9b8f8b6b8b38780a8919fd2633\">\n#top .hr.hr-invisible.av-2p1hnlq-22e7bf9b8f8b6b8b38780a8919fd2633{\nheight:50px;\n}\n<\/style>\n<div  class='hr av-2p1hnlq-22e7bf9b8f8b6b8b38780a8919fd2633 hr-invisible  avia-builder-el-4  el_after_av_four_fifth  el_before_av_one_third '><span class='hr-inner '><span class=\"hr-inner-style\"><\/span><\/span><\/div>\n<div  class='flex_column av-2mib4b2-fae031ee8a9014762c394a0b81a37097 av_one_third  avia-builder-el-5  el_after_av_hr  el_before_av_one_third  first flex_column_div  '     ><p><section  class='av_textblock_section av-2kyv0qm-f017fb3a3452988e9295871f6ce28a0a '   itemscope=\"itemscope\" itemtype=\"https:\/\/schema.org\/CreativeWork\" ><div class='avia_textblock'  itemprop=\"text\" ><p><strong>COMFORT<\/strong><\/p>\n<\/div><\/section><br \/>\n\n<style type=\"text\/css\" data-created_by=\"avia_inline_auto\" id=\"style-css-av-2jyzv9a-2c69d10876314d8a934f1729c0eb78e9\">\n.avia-image-container.av-2jyzv9a-2c69d10876314d8a934f1729c0eb78e9 img.avia_image{\nbox-shadow:none;\n}\n.avia-image-container.av-2jyzv9a-2c69d10876314d8a934f1729c0eb78e9 .av-image-caption-overlay-center{\ncolor:#ffffff;\n}\n<\/style>\n<div  class='avia-image-container av-2jyzv9a-2c69d10876314d8a934f1729c0eb78e9 av-styling- av-hover-grow av-hide-overflow av-img-linked avia-align-center  avia-builder-el-7  el_after_av_textblock  avia-builder-el-last '   itemprop=\"image\" itemscope=\"itemscope\" itemtype=\"https:\/\/schema.org\/ImageObject\" ><div class=\"avia-image-container-inner\"><div class=\"avia-image-overlay-wrap\"><a href=\"https:\/\/www.bau-styl.hu\/furdoszobaszalon\/aco-comfort\/\" class='avia_image '  aria-label='ACO_Comfort (7)'><img decoding=\"async\" fetchpriority=\"high\" class='wp-image-30414 avia-img-lazy-loading-not-30414 avia_image ' src=\"https:\/\/www.bau-styl.hu\/furdoszobaszalon\/wp-content\/uploads\/2021\/02\/ACO_Comfort-7-495x400.jpg\" alt='' title='ACO_Comfort (7)'  height=\"400\" width=\"495\"  itemprop=\"thumbnailUrl\"  \/><\/a><\/div><\/div><\/div><\/p><\/div>\n<div  class='flex_column av-2mib4b2-a59ea1041db4a614f91888de4b76410d av_one_third  avia-builder-el-8  el_after_av_one_third  avia-builder-el-last  flex_column_div  '     ><p><section  class='av_textblock_section av-2kyv0qm-f017fb3a3452988e9295871f6ce28a0a '   itemscope=\"itemscope\" itemtype=\"https:\/\/schema.org\/CreativeWork\" ><div class='avia_textblock'  itemprop=\"text\" ><p><strong>EXCLUSIVE PLUSZ<\/strong><\/p>\n<\/div><\/section><br \/>\n\n<style type=\"text\/css\" data-created_by=\"avia_inline_auto\" id=\"style-css-av-2jyzv9a-06be13b6d73606a0823d43eb057fbfd1\">\n.avia-image-container.av-2jyzv9a-06be13b6d73606a0823d43eb057fbfd1 img.avia_image{\nbox-shadow:none;\n}\n.avia-image-container.av-2jyzv9a-06be13b6d73606a0823d43eb057fbfd1 .av-image-caption-overlay-center{\ncolor:#ffffff;\n}\n<\/style>\n<div  class='avia-image-container av-2jyzv9a-06be13b6d73606a0823d43eb057fbfd1 av-styling- av-hover-grow av-hide-overflow av-img-linked avia-align-center  avia-builder-el-10  el_after_av_textblock  avia-builder-el-last '   itemprop=\"image\" itemscope=\"itemscope\" itemtype=\"https:\/\/schema.org\/ImageObject\" ><div class=\"avia-image-container-inner\"><div class=\"avia-image-overlay-wrap\"><a href=\"https:\/\/www.bau-styl.hu\/furdoszobaszalon\/aco-exclusive-plusz\/\" class='avia_image '  aria-label='Aco_Exclusive (6)'><img decoding=\"async\" fetchpriority=\"high\" class='wp-image-30401 avia-img-lazy-loading-not-30401 avia_image ' src=\"https:\/\/www.bau-styl.hu\/furdoszobaszalon\/wp-content\/uploads\/2021\/02\/Aco_Exclusive-6-495x400.jpg\" alt='' title='Aco_Exclusive (6)'  height=\"400\" width=\"495\"  itemprop=\"thumbnailUrl\"  \/><\/a><\/div><\/div><\/div><\/p><\/div>\n","protected":false},"excerpt":{"rendered":"","protected":false},"author":2,"featured_media":0,"parent":0,"menu_order":0,"comment_status":"closed","ping_status":"closed","template":"","meta":{"footnotes":""},"class_list":["post-30390","page","type-page","status-publish","hentry"],"aioseo_notices":[],"_links":{"self":[{"href":"https:\/\/www.bau-styl.hu\/furdoszobaszalon\/wp-json\/wp\/v2\/pages\/30390","targetHints":{"allow":["GET"]}}],"collection":[{"href":"https:\/\/www.bau-styl.hu\/furdoszobaszalon\/wp-json\/wp\/v2\/pages"}],"about":[{"href":"https:\/\/www.bau-styl.hu\/furdoszobaszalon\/wp-json\/wp\/v2\/types\/page"}],"author":[{"embeddable":true,"href":"https:\/\/www.bau-styl.hu\/furdoszobaszalon\/wp-json\/wp\/v2\/users\/2"}],"replies":[{"embeddable":true,"href":"https:\/\/www.bau-styl.hu\/furdoszobaszalon\/wp-json\/wp\/v2\/comments?post=30390"}],"version-history":[{"count":0,"href":"https:\/\/www.bau-styl.hu\/furdoszobaszalon\/wp-json\/wp\/v2\/pages\/30390\/revisions"}],"wp:attachment":[{"href":"https:\/\/www.bau-styl.hu\/furdoszobaszalon\/wp-json\/wp\/v2\/media?parent=30390"}],"curies":[{"name":"wp","href":"https:\/\/api.w.org\/{rel}","templated":true}]}}