{"id":30437,"date":"2021-02-12T13:15:38","date_gmt":"2021-02-12T12:15:38","guid":{"rendered":"https:\/\/www.bau-styl.hu\/furdoszobaszalon\/?page_id=30437"},"modified":"2026-01-28T10:21:18","modified_gmt":"2026-01-28T09:21:18","slug":"roca","status":"publish","type":"page","link":"https:\/\/www.bau-styl.hu\/furdoszobaszalon\/roca\/","title":{"rendered":"Roca"},"content":{"rendered":"<div  class='flex_column av-2vhe7fy-8ca79d2ca3dd8b919a2d2980872197aa av_one_fifth  avia-builder-el-0  el_before_av_four_fifth  avia-builder-el-first  first flex_column_div  '     ><style type=\"text\/css\" data-created_by=\"avia_inline_auto\" id=\"style-css-av-2ubhpvy-b962d33a1d4fec65a87a63dfa306ecd2\">\n.avia-image-container.av-2ubhpvy-b962d33a1d4fec65a87a63dfa306ecd2 img.avia_image{\nbox-shadow:none;\n}\n.avia-image-container.av-2ubhpvy-b962d33a1d4fec65a87a63dfa306ecd2 .av-image-caption-overlay-center{\ncolor:#ffffff;\n}\n<\/style>\n<div  class='avia-image-container av-2ubhpvy-b962d33a1d4fec65a87a63dfa306ecd2 av-styling- avia-align-center  avia-builder-el-1  avia-builder-el-no-sibling '   itemprop=\"image\" itemscope=\"itemscope\" itemtype=\"https:\/\/schema.org\/ImageObject\" ><div class=\"avia-image-container-inner\"><div class=\"avia-image-overlay-wrap\"><img decoding=\"async\" fetchpriority=\"high\" class='wp-image-30438 avia-img-lazy-loading-not-30438 avia_image ' src=\"https:\/\/www.bau-styl.hu\/furdoszobaszalon\/wp-content\/uploads\/2021\/02\/Roca_logo.png\" alt='' title='Roca_logo'  height=\"300\" width=\"300\"  itemprop=\"thumbnailUrl\" srcset=\"https:\/\/www.bau-styl.hu\/furdoszobaszalon\/wp-content\/uploads\/2021\/02\/Roca_logo.png 300w, https:\/\/www.bau-styl.hu\/furdoszobaszalon\/wp-content\/uploads\/2021\/02\/Roca_logo-80x80.png 80w, https:\/\/www.bau-styl.hu\/furdoszobaszalon\/wp-content\/uploads\/2021\/02\/Roca_logo-36x36.png 36w, https:\/\/www.bau-styl.hu\/furdoszobaszalon\/wp-content\/uploads\/2021\/02\/Roca_logo-180x180.png 180w\" sizes=\"(max-width: 300px) 100vw, 300px\" \/><\/div><\/div><\/div><\/div>\n\n<style type=\"text\/css\" data-created_by=\"avia_inline_auto\" id=\"style-css-av-2srrjny-99ec1529287d850983b5717dcead86d1\">\n.flex_column.av-2srrjny-99ec1529287d850983b5717dcead86d1{\nborder-radius:0px 0px 0px 0px;\npadding:0px 0px 0px 0px;\n}\n<\/style>\n<div  class='flex_column av-2srrjny-99ec1529287d850983b5717dcead86d1 av_four_fifth  avia-builder-el-2  el_after_av_one_fifth  el_before_av_hr  flex_column_div av-zero-column-padding  '     ><section  class='av_textblock_section av-2qypq3y-6449fb59fe752bc3516e3b64528925ac '   itemscope=\"itemscope\" itemtype=\"https:\/\/schema.org\/CreativeWork\" ><div class='avia_textblock'  itemprop=\"text\" ><p><strong>ROCA<\/strong><\/p>\n<hr \/>\n<p>A Roca 1917-ben kezdte meg m\u0171k\u00f6d\u00e9s\u00e9t radi\u00e1torok gy\u00e1rt\u00e1s\u00e1val Barcelona mellett G\u00e1v\u00e1-ban. K\u00e9s\u0151bb v\u00edzmeleg\u00edt\u0151ket majd \u00f6nt\u00f6ttvas k\u00e1dakat is elkezdett forgalmazni. Ekkor nyitott a f\u00fcrd\u0151szobai term\u00e9kek fel\u00e9. 1936-ban m\u00e1r porcel\u00e1nterm\u00e9keket gy\u00e1rtott, 1954-t\u0151l pedig m\u00e1r csaptelepeket is. Majd elindultak a nemzetk\u00f6zi terjeszked\u00e9s \u00fatj\u00e1n. A Roca eger\u0151s\u00edtette poz\u00edci\u00f3j\u00e1t azzal, hogy a vil\u00e1g negyedik legnagyobb gy\u00e1rt\u00f3j\u00e1t felv\u00e1s\u00e1rolta, a Swiss Keramik Holding Laufen-t. 2006-ra \u00e9rte el a piacvezet\u0151 st\u00e1tuszt, k\u00f6sz\u00f6nhet\u0151en a f\u00fcrd\u0151szobai megold\u00e1sok \u00e1tgondolt strat\u00e9gi\u00e1j\u00e1nak.<\/p>\n<\/div><\/section><\/div>\n\n<style type=\"text\/css\" data-created_by=\"avia_inline_auto\" id=\"style-css-av-2p1hnlq-22e7bf9b8f8b6b8b38780a8919fd2633\">\n#top .hr.hr-invisible.av-2p1hnlq-22e7bf9b8f8b6b8b38780a8919fd2633{\nheight:50px;\n}\n<\/style>\n<div  class='hr av-2p1hnlq-22e7bf9b8f8b6b8b38780a8919fd2633 hr-invisible  avia-builder-el-4  el_after_av_four_fifth  el_before_av_one_third '><span class='hr-inner '><span class=\"hr-inner-style\"><\/span><\/span><\/div>\n<div  class='flex_column av-2mib4b2-fae031ee8a9014762c394a0b81a37097 av_one_third  avia-builder-el-5  el_after_av_hr  el_before_av_one_third  first flex_column_div  '     ><p><section  class='av_textblock_section av-2kyv0qm-f017fb3a3452988e9295871f6ce28a0a '   itemscope=\"itemscope\" itemtype=\"https:\/\/schema.org\/CreativeWork\" ><div class='avia_textblock'  itemprop=\"text\" ><p><strong>DEBBA<\/strong><\/p>\n<\/div><\/section><br \/>\n\n<style type=\"text\/css\" data-created_by=\"avia_inline_auto\" id=\"style-css-av-2jyzv9a-c363f7b3f8159ad24474fedee3724f1c\">\n.avia-image-container.av-2jyzv9a-c363f7b3f8159ad24474fedee3724f1c img.avia_image{\nbox-shadow:none;\n}\n.avia-image-container.av-2jyzv9a-c363f7b3f8159ad24474fedee3724f1c .av-image-caption-overlay-center{\ncolor:#ffffff;\n}\n<\/style>\n<div  class='avia-image-container av-2jyzv9a-c363f7b3f8159ad24474fedee3724f1c av-styling- av-hover-grow av-hide-overflow av-img-linked avia-align-center  avia-builder-el-7  el_after_av_textblock  avia-builder-el-last '   itemprop=\"image\" itemscope=\"itemscope\" itemtype=\"https:\/\/schema.org\/ImageObject\" ><div class=\"avia-image-container-inner\"><div class=\"avia-image-overlay-wrap\"><a href=\"https:\/\/www.bau-styl.hu\/furdoszobaszalon\/roca-debba\/\" class='avia_image '  aria-label='Roca_Debba (2)'><img decoding=\"async\" fetchpriority=\"high\" class='wp-image-30450 avia-img-lazy-loading-not-30450 avia_image ' src=\"https:\/\/www.bau-styl.hu\/furdoszobaszalon\/wp-content\/uploads\/2021\/02\/Roca_Debba-2-495x400.jpg\" alt='Roca_Debba' title='Roca_Debba (2)'  height=\"400\" width=\"495\"  itemprop=\"thumbnailUrl\"  \/><\/a><\/div><\/div><\/div><\/p><\/div>\n<div  class='flex_column av-2mib4b2-6-249fcb2bb557d9fd0b8edba12790beb6 av_one_third  avia-builder-el-8  el_after_av_one_third  el_before_av_one_third  flex_column_div  '     ><p><section  class='av_textblock_section av-2kyv0qm-5-cea0037d2ed1fe79f9553a9cc1a145db '   itemscope=\"itemscope\" itemtype=\"https:\/\/schema.org\/CreativeWork\" ><div class='avia_textblock'  itemprop=\"text\" ><p><strong>MERIDIAN<\/strong><\/p>\n<\/div><\/section><br \/>\n\n<style type=\"text\/css\" data-created_by=\"avia_inline_auto\" id=\"style-css-av-2jyzv9a-4-72451b753e2070e1c7bebeecf85a06da\">\n.avia-image-container.av-2jyzv9a-4-72451b753e2070e1c7bebeecf85a06da img.avia_image{\nbox-shadow:none;\n}\n.avia-image-container.av-2jyzv9a-4-72451b753e2070e1c7bebeecf85a06da .av-image-caption-overlay-center{\ncolor:#ffffff;\n}\n<\/style>\n<div  class='avia-image-container av-2jyzv9a-4-72451b753e2070e1c7bebeecf85a06da av-styling- av-hover-grow av-hide-overflow av-img-linked avia-align-center  avia-builder-el-10  el_after_av_textblock  avia-builder-el-last '   itemprop=\"image\" itemscope=\"itemscope\" itemtype=\"https:\/\/schema.org\/ImageObject\" ><div class=\"avia-image-container-inner\"><div class=\"avia-image-overlay-wrap\"><a href=\"https:\/\/www.bau-styl.hu\/furdoszobaszalon\/roca-meridian\/\" class='avia_image '  aria-label='Roca_Meridian (1)'><img decoding=\"async\" fetchpriority=\"high\" class='wp-image-30477 avia-img-lazy-loading-not-30477 avia_image ' src=\"https:\/\/www.bau-styl.hu\/furdoszobaszalon\/wp-content\/uploads\/2021\/02\/Roca_Meridian-1-495x400.jpg\" alt='Roca_Meridian' title='Roca_Meridian (1)'  height=\"400\" width=\"495\"  itemprop=\"thumbnailUrl\"  \/><\/a><\/div><\/div><\/div><\/p><\/div>\n<div  class='flex_column av-2mib4b2-3-e5c5c31388913c252fa68a377bf6be6d av_one_third  avia-builder-el-11  el_after_av_one_third  el_before_av_one_third  flex_column_div  '     ><p><section  class='av_textblock_section av-2kyv0qm-2-cf9f2365031ec48f7239e9a1245e6733 '   itemscope=\"itemscope\" itemtype=\"https:\/\/schema.org\/CreativeWork\" ><div class='avia_textblock'  itemprop=\"text\" ><p><strong>THE GAP<\/strong><\/p>\n<\/div><\/section><br \/>\n\n<style type=\"text\/css\" data-created_by=\"avia_inline_auto\" id=\"style-css-av-2jyzv9a-1-fc618256cde24c66510857075d2af4dd\">\n.avia-image-container.av-2jyzv9a-1-fc618256cde24c66510857075d2af4dd img.avia_image{\nbox-shadow:none;\n}\n.avia-image-container.av-2jyzv9a-1-fc618256cde24c66510857075d2af4dd .av-image-caption-overlay-center{\ncolor:#ffffff;\n}\n<\/style>\n<div  class='avia-image-container av-2jyzv9a-1-fc618256cde24c66510857075d2af4dd av-styling- av-hover-grow av-hide-overflow av-img-linked avia-align-center  avia-builder-el-13  el_after_av_textblock  avia-builder-el-last '   itemprop=\"image\" itemscope=\"itemscope\" itemtype=\"https:\/\/schema.org\/ImageObject\" ><div class=\"avia-image-container-inner\"><div class=\"avia-image-overlay-wrap\"><a href=\"https:\/\/www.bau-styl.hu\/furdoszobaszalon\/roca-the-gap\/\" class='avia_image '  aria-label='Roca_The_Gap (2)'><img decoding=\"async\" fetchpriority=\"high\" class='wp-image-30494 avia-img-lazy-loading-not-30494 avia_image ' src=\"https:\/\/www.bau-styl.hu\/furdoszobaszalon\/wp-content\/uploads\/2021\/02\/Roca_The_Gap-2-495x400.jpg\" alt='Roca_The_Gap' title='Roca_The_Gap (2)'  height=\"400\" width=\"495\"  itemprop=\"thumbnailUrl\"  \/><\/a><\/div><\/div><\/div><\/p><\/div>\n<div  class='flex_column av-av_one_third-516b7eac7a9c6cd1b746245801c7486c av_one_third  avia-builder-el-14  el_after_av_one_third  avia-builder-el-last  first flex_column_div  column-top-margin'     ><p><section  class='av_textblock_section av-mkxtf0ro-737729397e254a8568366ba1d3e2440e '   itemscope=\"itemscope\" itemtype=\"https:\/\/schema.org\/CreativeWork\" ><div class='avia_textblock'  itemprop=\"text\" ><p><strong>INSPIRA<\/strong><\/p>\n<\/div><\/section><br \/>\n\n<style type=\"text\/css\" data-created_by=\"avia_inline_auto\" id=\"style-css-av-mkxtflel-f64ea533ab2253cd049fc2cf58a94758\">\n.avia-image-container.av-mkxtflel-f64ea533ab2253cd049fc2cf58a94758 img.avia_image{\nbox-shadow:none;\n}\n.avia-image-container.av-mkxtflel-f64ea533ab2253cd049fc2cf58a94758 .av-image-caption-overlay-center{\ncolor:#ffffff;\n}\n<\/style>\n<div  class='avia-image-container av-mkxtflel-f64ea533ab2253cd049fc2cf58a94758 av-styling- av-hover-grow av-hide-overflow av-img-linked avia-align-center  avia-builder-el-16  el_after_av_textblock  avia-builder-el-last '   itemprop=\"image\" itemscope=\"itemscope\" itemtype=\"https:\/\/schema.org\/ImageObject\" ><div class=\"avia-image-container-inner\"><div class=\"avia-image-overlay-wrap\"><a href=\"https:\/\/www.bau-styl.hu\/furdoszobaszalon\/roca-inspira\/\" class='avia_image '  aria-label='Roca Inspira (10)'><img decoding=\"async\" fetchpriority=\"high\" class='wp-image-41018 avia-img-lazy-loading-not-41018 avia_image ' src=\"https:\/\/www.bau-styl.hu\/furdoszobaszalon\/wp-content\/uploads\/2023\/01\/Roca-Inspira-10-495x400.jpg\" alt='' title='Roca Inspira (10)'  height=\"400\" width=\"495\"  itemprop=\"thumbnailUrl\" srcset=\"https:\/\/www.bau-styl.hu\/furdoszobaszalon\/wp-content\/uploads\/2023\/01\/Roca-Inspira-10-495x400.jpg 495w, https:\/\/www.bau-styl.hu\/furdoszobaszalon\/wp-content\/uploads\/2023\/01\/Roca-Inspira-10-845x684.jpg 845w\" sizes=\"(max-width: 495px) 100vw, 495px\" \/><\/a><\/div><\/div><\/div><\/p><\/div>\n","protected":false},"excerpt":{"rendered":"","protected":false},"author":2,"featured_media":0,"parent":0,"menu_order":0,"comment_status":"closed","ping_status":"closed","template":"","meta":{"footnotes":""},"class_list":["post-30437","page","type-page","status-publish","hentry"],"aioseo_notices":[],"_links":{"self":[{"href":"https:\/\/www.bau-styl.hu\/furdoszobaszalon\/wp-json\/wp\/v2\/pages\/30437","targetHints":{"allow":["GET"]}}],"collection":[{"href":"https:\/\/www.bau-styl.hu\/furdoszobaszalon\/wp-json\/wp\/v2\/pages"}],"about":[{"href":"https:\/\/www.bau-styl.hu\/furdoszobaszalon\/wp-json\/wp\/v2\/types\/page"}],"author":[{"embeddable":true,"href":"https:\/\/www.bau-styl.hu\/furdoszobaszalon\/wp-json\/wp\/v2\/users\/2"}],"replies":[{"embeddable":true,"href":"https:\/\/www.bau-styl.hu\/furdoszobaszalon\/wp-json\/wp\/v2\/comments?post=30437"}],"version-history":[{"count":0,"href":"https:\/\/www.bau-styl.hu\/furdoszobaszalon\/wp-json\/wp\/v2\/pages\/30437\/revisions"}],"wp:attachment":[{"href":"https:\/\/www.bau-styl.hu\/furdoszobaszalon\/wp-json\/wp\/v2\/media?parent=30437"}],"curies":[{"name":"wp","href":"https:\/\/api.w.org\/{rel}","templated":true}]}}