{"id":30737,"date":"2021-02-18T15:54:49","date_gmt":"2021-02-18T14:54:49","guid":{"rendered":"https:\/\/www.bau-styl.hu\/furdoszobaszalon\/?page_id=30737"},"modified":"2023-01-05T19:47:13","modified_gmt":"2023-01-05T18:47:13","slug":"hansgrohe-focus","status":"publish","type":"page","link":"https:\/\/www.bau-styl.hu\/furdoszobaszalon\/hansgrohe-focus\/","title":{"rendered":"Hansgrohe \u2013 Focus"},"content":{"rendered":"\n<style type=\"text\/css\" data-created_by=\"avia_inline_auto\" id=\"style-css-av-k7uagmet-633c34a55d1e2477ca154cb49f966fdd\">\n.avia-section.av-k7uagmet-633c34a55d1e2477ca154cb49f966fdd{\nbackground-repeat:no-repeat;\nbackground-image:url(https:\/\/www.bau-styl.hu\/furdoszobaszalon\/wp-content\/uploads\/2021\/02\/Hansgrohe_Focus-3.jpg);\nbackground-position:50% 50%;\nbackground-attachment:scroll;\n}\n.avia-section.av-k7uagmet-633c34a55d1e2477ca154cb49f966fdd .av-section-color-overlay{\nopacity:0.5;\nbackground-color:#000000;\n}\n<\/style>\n<div id='av_section_1'  class='avia-section av-k7uagmet-633c34a55d1e2477ca154cb49f966fdd main_color avia-section-default avia-no-shadow  avia-builder-el-0  el_before_av_section  avia-builder-el-first  avia-full-stretch avia-bg-style-scroll av-section-color-overlay-active container_wrap sidebar_right'  data-section-bg-repeat='stretch'><div class=\"av-section-color-overlay-wrap\"><div class=\"av-section-color-overlay\"><\/div><div class='container av-section-cont-open' ><main  role=\"main\" itemprop=\"mainContentOfPage\"  class='template-page content  av-content-small alpha units'><div class='post-entry post-entry-type-page post-entry-30737'><div class='entry-content-wrapper clearfix'>\n\n<style type=\"text\/css\" data-created_by=\"avia_inline_auto\" id=\"style-css-av-70iwcu2-51505cb005fa8d19ad68d5297edaa017\">\n#top .hr.hr-invisible.av-70iwcu2-51505cb005fa8d19ad68d5297edaa017{\nheight:50px;\n}\n<\/style>\n<div  class='hr av-70iwcu2-51505cb005fa8d19ad68d5297edaa017 hr-invisible  avia-builder-el-1  el_before_av_heading  avia-builder-el-first '><span class='hr-inner '><span class=\"hr-inner-style\"><\/span><\/span><\/div>\n\n<style type=\"text\/css\" data-created_by=\"avia_inline_auto\" id=\"style-css-av-lcjfwf9o-f2cd01a6cf3e872fb86ee4d433cc8ce7\">\n#top .av-special-heading.av-lcjfwf9o-f2cd01a6cf3e872fb86ee4d433cc8ce7{\npadding-bottom:10px;\ncolor:#ffffff;\n}\nbody .av-special-heading.av-lcjfwf9o-f2cd01a6cf3e872fb86ee4d433cc8ce7 .av-special-heading-tag .heading-char{\nfont-size:25px;\n}\n.av-special-heading.av-lcjfwf9o-f2cd01a6cf3e872fb86ee4d433cc8ce7 .special-heading-inner-border{\nborder-color:#ffffff;\n}\n.av-special-heading.av-lcjfwf9o-f2cd01a6cf3e872fb86ee4d433cc8ce7 .av-subheading{\nfont-size:15px;\n}\n<\/style>\n<div  class='av-special-heading av-lcjfwf9o-f2cd01a6cf3e872fb86ee4d433cc8ce7 av-special-heading-h1 custom-color-heading blockquote modern-quote modern-centered  avia-builder-el-2  el_after_av_hr  el_before_av_hr '><h1 class='av-special-heading-tag '  itemprop=\"headline\"  >FOCUS<\/h1><div class='av_custom_color av-subheading av-subheading_below'><p>HANSGROHE<\/p>\n<\/div><div class=\"special-heading-border\"><div class=\"special-heading-inner-border\"><\/div><\/div><\/div>\n\n<style type=\"text\/css\" data-created_by=\"avia_inline_auto\" id=\"style-css-av-6p4szcq-bd4bd14467a4a57780994dc015ac2625\">\n#top .hr.hr-invisible.av-6p4szcq-bd4bd14467a4a57780994dc015ac2625{\nheight:50px;\n}\n<\/style>\n<div  class='hr av-6p4szcq-bd4bd14467a4a57780994dc015ac2625 hr-invisible  avia-builder-el-3  el_after_av_heading  avia-builder-el-last '><span class='hr-inner '><span class=\"hr-inner-style\"><\/span><\/span><\/div>\n<\/div><\/div><\/main><!-- close content main element --><\/div><\/div><\/div><div id='av_section_2'  class='avia-section av-66qmoca-fd26dc9d975f972223ee781078ac5e57 main_color avia-section-default avia-no-shadow  avia-builder-el-4  el_after_av_section  el_before_av_section  avia-bg-style-scroll container_wrap sidebar_right'  ><div class='container av-section-cont-open' ><div class='template-page content  av-content-small alpha units'><div class='post-entry post-entry-type-page post-entry-30737'><div class='entry-content-wrapper clearfix'>\n<section  class='av_textblock_section av-k7uadr6y-1254018df69143d0ed2a8f2ee4f50d83 '   itemscope=\"itemscope\" itemtype=\"https:\/\/schema.org\/CreativeWork\" ><div class='avia_textblock'  itemprop=\"text\" ><p style=\"text-align: justify;\"><span style=\"font-weight: 400;\">A Focus egy kr\u00f3m sz\u00edn\u0171, komplex csaptelepcsal\u00e1d, amely kecses fomavil\u00e1g\u00e1val b\u00e1rmilyen helyis\u00e9gbe k\u00f6nnyed\u00e9n illeszkedik. A palett\u00e1n f\u00fcrd\u0151szobai \u00e9s konyhai csapteleket is tal\u00e1lunk sz\u00e1mtalan kivitelben. Nem csak a design, a praktikum is fontos szerepet kapott enn\u00e9l a kollekci\u00f3n\u00e1l. Az ergon\u00f3mikus kialak\u00edt\u00e1s a k\u00e9nyelmes haszn\u00e1lat\u00e9rt felel, m\u00edg a\u00a0 Hansgrohe-t\u0151l megszokott innovat\u00edv technol\u00f3gi\u00e1k gondoskodnak a k\u00f6rnyezetbar\u00e1t megold\u00e1sokr\u00f3l. T\u00f6bbek k\u00f6z\u00f6tt ilyen az EcoSmart, ami seg\u00edts\u00e9g\u00fcnkre van a v\u00edztakar\u00e9koss\u00e1gban vagy az AirPower, ami leveg\u0151vel gazdag\u00edtja a vizet.<\/span><\/p>\n<\/div><\/section>\n<section  class='av_textblock_section av-pd983y-b1fa89478f6804fa4b17eb2c905af87b '   itemscope=\"itemscope\" itemtype=\"https:\/\/schema.org\/CreativeWork\" ><div class='avia_textblock'  itemprop=\"text\" ><p style=\"text-align: right;\"><mark><strong><a href=\"#ajanlat\">Aj\u00e1nlatot k\u00e9rek!<\/a><\/strong><\/mark><\/p>\n<\/div><\/section>\n\n<style type=\"text\/css\" data-created_by=\"avia_inline_auto\" id=\"style-css-av-5vmh8nu-fbb5d24deb018ff3dcbb2f885f54139a\">\n#top .hr.hr-invisible.av-5vmh8nu-fbb5d24deb018ff3dcbb2f885f54139a{\nheight:50px;\n}\n<\/style>\n<div  class='hr av-5vmh8nu-fbb5d24deb018ff3dcbb2f885f54139a hr-invisible  avia-builder-el-7  el_after_av_textblock  el_before_av_masonry_gallery  avia-builder-el-last '><span class='hr-inner '><span class=\"hr-inner-style\"><\/span><\/span><\/div>\n<div id='av-masonry-1' class='av-masonry av-lcjfwtwn-5b00755649a8a728d96e9e949c392058 noHover av-fixed-size av-large-gap av-hover-overlay- av-masonry-animation-active av-masonry-col-5 av-caption-always av-caption-style- av-masonry-gallery av-medium-columns-overwrite av-medium-columns-4 av-small-columns-overwrite av-small-columns-4 av-mini-columns-overwrite av-mini-columns-4 ' data-post_id=\"30737\"><div class=\"av-masonry-container isotope av-js-disabled\"><div class='av-masonry-entry isotope-item av-masonry-item-no-image '><\/div><a href=\"https:\/\/www.bau-styl.hu\/furdoszobaszalon\/wp-content\/uploads\/2021\/02\/Hansgrohe_Focus-5.jpg\" data-srcset=\"https:\/\/www.bau-styl.hu\/furdoszobaszalon\/wp-content\/uploads\/2021\/02\/Hansgrohe_Focus-5.jpg 1200w, https:\/\/www.bau-styl.hu\/furdoszobaszalon\/wp-content\/uploads\/2021\/02\/Hansgrohe_Focus-5-300x225.jpg 300w, https:\/\/www.bau-styl.hu\/furdoszobaszalon\/wp-content\/uploads\/2021\/02\/Hansgrohe_Focus-5-1030x773.jpg 1030w, https:\/\/www.bau-styl.hu\/furdoszobaszalon\/wp-content\/uploads\/2021\/02\/Hansgrohe_Focus-5-768x576.jpg 768w, https:\/\/www.bau-styl.hu\/furdoszobaszalon\/wp-content\/uploads\/2021\/02\/Hansgrohe_Focus-5-705x529.jpg 705w\" data-sizes=\"(max-width: 1200px) 100vw, 1200px\"  aria-label=\"image Hansgrohe_Focus (5)\"  id='av-masonry-1-item-31121' data-av-masonry-item='31121' class='av-masonry-entry isotope-item post-31121 attachment type-attachment status-inherit hentry  av-masonry-item-with-image' title=\"Hansgrohe_Focus (5)\" alt=\"\"    itemprop=\"thumbnailUrl\" ><div class='av-inner-masonry-sizer'><\/div><figure class='av-inner-masonry main_color'><div class=\"av-masonry-outerimage-container\"><div class='av-masonry-image-container' style=\"background-image: url(https:\/\/www.bau-styl.hu\/furdoszobaszalon\/wp-content\/uploads\/2021\/02\/Hansgrohe_Focus-5-495x400.jpg);\"  title=\"Hansgrohe_Focus (5)\" ><\/div><\/div><\/figure><\/a><!--end av-masonry entry--><a href=\"https:\/\/www.bau-styl.hu\/furdoszobaszalon\/wp-content\/uploads\/2021\/02\/Hansgrohe_Focus-4.jpg\" data-srcset=\"https:\/\/www.bau-styl.hu\/furdoszobaszalon\/wp-content\/uploads\/2021\/02\/Hansgrohe_Focus-4.jpg 1200w, https:\/\/www.bau-styl.hu\/furdoszobaszalon\/wp-content\/uploads\/2021\/02\/Hansgrohe_Focus-4-300x225.jpg 300w, https:\/\/www.bau-styl.hu\/furdoszobaszalon\/wp-content\/uploads\/2021\/02\/Hansgrohe_Focus-4-1030x773.jpg 1030w, https:\/\/www.bau-styl.hu\/furdoszobaszalon\/wp-content\/uploads\/2021\/02\/Hansgrohe_Focus-4-768x576.jpg 768w, https:\/\/www.bau-styl.hu\/furdoszobaszalon\/wp-content\/uploads\/2021\/02\/Hansgrohe_Focus-4-705x529.jpg 705w\" data-sizes=\"(max-width: 1200px) 100vw, 1200px\"  aria-label=\"image Hansgrohe_Focus (4)\"  id='av-masonry-1-item-31120' data-av-masonry-item='31120' class='av-masonry-entry isotope-item post-31120 attachment type-attachment status-inherit hentry  av-masonry-item-with-image' title=\"Hansgrohe_Focus (4)\" alt=\"\"    itemprop=\"thumbnailUrl\" ><div class='av-inner-masonry-sizer'><\/div><figure class='av-inner-masonry main_color'><div class=\"av-masonry-outerimage-container\"><div class='av-masonry-image-container' style=\"background-image: url(https:\/\/www.bau-styl.hu\/furdoszobaszalon\/wp-content\/uploads\/2021\/02\/Hansgrohe_Focus-4-495x400.jpg);\"  title=\"Hansgrohe_Focus (4)\" ><\/div><\/div><\/figure><\/a><!--end av-masonry entry--><a href=\"https:\/\/www.bau-styl.hu\/furdoszobaszalon\/wp-content\/uploads\/2021\/02\/Hansgrohe_Focus-3.jpg\" data-srcset=\"https:\/\/www.bau-styl.hu\/furdoszobaszalon\/wp-content\/uploads\/2021\/02\/Hansgrohe_Focus-3.jpg 1200w, https:\/\/www.bau-styl.hu\/furdoszobaszalon\/wp-content\/uploads\/2021\/02\/Hansgrohe_Focus-3-300x225.jpg 300w, https:\/\/www.bau-styl.hu\/furdoszobaszalon\/wp-content\/uploads\/2021\/02\/Hansgrohe_Focus-3-1030x773.jpg 1030w, https:\/\/www.bau-styl.hu\/furdoszobaszalon\/wp-content\/uploads\/2021\/02\/Hansgrohe_Focus-3-768x576.jpg 768w, https:\/\/www.bau-styl.hu\/furdoszobaszalon\/wp-content\/uploads\/2021\/02\/Hansgrohe_Focus-3-705x529.jpg 705w\" data-sizes=\"(max-width: 1200px) 100vw, 1200px\"  aria-label=\"image Hansgrohe_Focus (3)\"  id='av-masonry-1-item-31119' data-av-masonry-item='31119' class='av-masonry-entry isotope-item post-31119 attachment type-attachment status-inherit hentry  av-masonry-item-with-image' title=\"Hansgrohe_Focus (3)\" alt=\"\"    itemprop=\"thumbnailUrl\" ><div class='av-inner-masonry-sizer'><\/div><figure class='av-inner-masonry main_color'><div class=\"av-masonry-outerimage-container\"><div class='av-masonry-image-container' style=\"background-image: url(https:\/\/www.bau-styl.hu\/furdoszobaszalon\/wp-content\/uploads\/2021\/02\/Hansgrohe_Focus-3-495x400.jpg);\"  title=\"Hansgrohe_Focus (3)\" ><\/div><\/div><\/figure><\/a><!--end av-masonry entry--><a href=\"https:\/\/www.bau-styl.hu\/furdoszobaszalon\/wp-content\/uploads\/2021\/02\/Hansgrohe_Focus-2.jpg\" data-srcset=\"https:\/\/www.bau-styl.hu\/furdoszobaszalon\/wp-content\/uploads\/2021\/02\/Hansgrohe_Focus-2.jpg 1200w, https:\/\/www.bau-styl.hu\/furdoszobaszalon\/wp-content\/uploads\/2021\/02\/Hansgrohe_Focus-2-300x225.jpg 300w, https:\/\/www.bau-styl.hu\/furdoszobaszalon\/wp-content\/uploads\/2021\/02\/Hansgrohe_Focus-2-1030x773.jpg 1030w, https:\/\/www.bau-styl.hu\/furdoszobaszalon\/wp-content\/uploads\/2021\/02\/Hansgrohe_Focus-2-768x576.jpg 768w, https:\/\/www.bau-styl.hu\/furdoszobaszalon\/wp-content\/uploads\/2021\/02\/Hansgrohe_Focus-2-705x529.jpg 705w\" data-sizes=\"(max-width: 1200px) 100vw, 1200px\"  aria-label=\"image Hansgrohe_Focus (2)\"  id='av-masonry-1-item-31118' data-av-masonry-item='31118' class='av-masonry-entry isotope-item post-31118 attachment type-attachment status-inherit hentry  av-masonry-item-with-image' title=\"Hansgrohe_Focus (2)\" alt=\"\"    itemprop=\"thumbnailUrl\" ><div class='av-inner-masonry-sizer'><\/div><figure class='av-inner-masonry main_color'><div class=\"av-masonry-outerimage-container\"><div class='av-masonry-image-container' style=\"background-image: url(https:\/\/www.bau-styl.hu\/furdoszobaszalon\/wp-content\/uploads\/2021\/02\/Hansgrohe_Focus-2-495x400.jpg);\"  title=\"Hansgrohe_Focus (2)\" ><\/div><\/div><\/figure><\/a><!--end av-masonry entry--><a href=\"https:\/\/www.bau-styl.hu\/furdoszobaszalon\/wp-content\/uploads\/2021\/02\/Hansgrohe_Focus-1.jpg\" data-srcset=\"https:\/\/www.bau-styl.hu\/furdoszobaszalon\/wp-content\/uploads\/2021\/02\/Hansgrohe_Focus-1.jpg 1200w, https:\/\/www.bau-styl.hu\/furdoszobaszalon\/wp-content\/uploads\/2021\/02\/Hansgrohe_Focus-1-300x225.jpg 300w, https:\/\/www.bau-styl.hu\/furdoszobaszalon\/wp-content\/uploads\/2021\/02\/Hansgrohe_Focus-1-1030x773.jpg 1030w, https:\/\/www.bau-styl.hu\/furdoszobaszalon\/wp-content\/uploads\/2021\/02\/Hansgrohe_Focus-1-768x576.jpg 768w, https:\/\/www.bau-styl.hu\/furdoszobaszalon\/wp-content\/uploads\/2021\/02\/Hansgrohe_Focus-1-705x529.jpg 705w\" data-sizes=\"(max-width: 1200px) 100vw, 1200px\"  aria-label=\"image Hansgrohe_Focus (1)\"  id='av-masonry-1-item-31117' data-av-masonry-item='31117' class='av-masonry-entry isotope-item post-31117 attachment type-attachment status-inherit hentry  av-masonry-item-with-image' title=\"Hansgrohe_Focus (1)\" alt=\"\"    itemprop=\"thumbnailUrl\" ><div class='av-inner-masonry-sizer'><\/div><figure class='av-inner-masonry main_color'><div class=\"av-masonry-outerimage-container\"><div class='av-masonry-image-container' style=\"background-image: url(https:\/\/www.bau-styl.hu\/furdoszobaszalon\/wp-content\/uploads\/2021\/02\/Hansgrohe_Focus-1-495x400.jpg);\"  title=\"Hansgrohe_Focus (1)\" ><\/div><\/div><\/figure><\/a><!--end av-masonry entry--><\/div><\/div>\n\n<style type=\"text\/css\" data-created_by=\"avia_inline_auto\" id=\"style-css-av-5eh95tm-31f3e2b3b2e22c3155dd9f6af3c2e3e8\">\n#top .hr.hr-invisible.av-5eh95tm-31f3e2b3b2e22c3155dd9f6af3c2e3e8{\nheight:50px;\n}\n<\/style>\n<div  class='hr av-5eh95tm-31f3e2b3b2e22c3155dd9f6af3c2e3e8 hr-invisible  avia-builder-el-9  el_after_av_masonry_gallery  el_before_av_one_full  avia-builder-el-first '><span class='hr-inner '><span class=\"hr-inner-style\"><\/span><\/span><\/div>\n\n<style type=\"text\/css\" data-created_by=\"avia_inline_auto\" id=\"style-css-av-tfyezp-1f9db836b7cb58b08be1c8dfa8b6a098\">\n.flex_column.av-tfyezp-1f9db836b7cb58b08be1c8dfa8b6a098{\nborder-radius:0px 0px 0px 0px;\npadding:0px 0px 0px 0px;\n}\n<\/style>\n<div  class='flex_column av-tfyezp-1f9db836b7cb58b08be1c8dfa8b6a098 av_one_full  avia-builder-el-10  el_after_av_hr  avia-builder-el-last  first flex_column_div av-zero-column-padding  '     ><section  class='av_textblock_section av-kapbe2ry-871e575bfed02d5bcf55b0664400bea1 '   itemscope=\"itemscope\" itemtype=\"https:\/\/schema.org\/CreativeWork\" ><div class='avia_textblock'  itemprop=\"text\" ><p style=\"text-align: right;\"><a href=\"https:\/\/www.bau-styl.hu\/furdoszobaszalon\/hansgrohe-2\/\">Vissza minden Hansgrohe kollekci\u00f3hoz<\/a><\/p>\n<\/div><\/section><\/div><\/div><\/div><\/div><!-- close content main div --><\/div><\/div>\n<style type=\"text\/css\" data-created_by=\"avia_inline_auto\" id=\"style-css-av-k7uaih33-c688496cdcc698199d7f635b42c9ee6b\">\n.avia-section.av-k7uaih33-c688496cdcc698199d7f635b42c9ee6b{\nbackground-repeat:no-repeat;\nbackground-image:url(https:\/\/www.bau-styl.hu\/furdoszobaszalon\/wp-content\/uploads\/2021\/02\/Hansgrohe_Focus-4.jpg);\nbackground-position:50% 50%;\nbackground-attachment:scroll;\n}\n.avia-section.av-k7uaih33-c688496cdcc698199d7f635b42c9ee6b .av-section-color-overlay{\nopacity:0.5;\nbackground-color:#000000;\n}\n<\/style>\n<div id='av_section_3'  class='avia-section av-k7uaih33-c688496cdcc698199d7f635b42c9ee6b main_color avia-section-default avia-no-shadow  avia-builder-el-12  el_after_av_section  avia-builder-el-last  avia-full-stretch avia-bg-style-scroll av-section-color-overlay-active container_wrap sidebar_right'  data-section-bg-repeat='stretch'><div class=\"av-section-color-overlay-wrap\"><div class=\"av-section-color-overlay\"><\/div><div class='container av-section-cont-open' ><div class='template-page content  av-content-small alpha units'><div class='post-entry post-entry-type-page post-entry-30737'><div class='entry-content-wrapper clearfix'>\n\n<style type=\"text\/css\" data-created_by=\"avia_inline_auto\" id=\"style-css-av-4veyst6-22d17995f818e2aca6fe4961163f7974\">\n#top .hr.hr-invisible.av-4veyst6-22d17995f818e2aca6fe4961163f7974{\nheight:50px;\n}\n<\/style>\n<div  class='hr av-4veyst6-22d17995f818e2aca6fe4961163f7974 hr-invisible  avia-builder-el-13  el_before_av_one_fifth  avia-builder-el-first '><span class='hr-inner '><span class=\"hr-inner-style\"><\/span><\/span><\/div>\n\n<style type=\"text\/css\" data-created_by=\"avia_inline_auto\" id=\"style-css-av-4huvn2y-b12ebafe09303d6cb2ee75c2bf0c5a30\">\n.flex_column.av-4huvn2y-b12ebafe09303d6cb2ee75c2bf0c5a30{\nborder-radius:0px 0px 0px 0px;\npadding:0px 0px 0px 0px;\n}\n<\/style>\n<div  class='flex_column av-4huvn2y-b12ebafe09303d6cb2ee75c2bf0c5a30 av_one_fifth  avia-builder-el-14  el_after_av_hr  el_before_av_three_fifth  first flex_column_div av-zero-column-padding  '     ><\/div>\n<style type=\"text\/css\" data-created_by=\"avia_inline_auto\" id=\"style-css-av-av_three_fifth-d16bed752390fb46bb9f8cdd4860f43d\">\n.flex_column.av-av_three_fifth-d16bed752390fb46bb9f8cdd4860f43d{\nborder-radius:0px 0px 0px 0px;\npadding:30px 30px 30px 30px;\nbackground-color:rgba(35,35,35,0.57);\n}\n<\/style>\n<div  class='flex_column av-av_three_fifth-d16bed752390fb46bb9f8cdd4860f43d av_three_fifth  avia-builder-el-15  el_after_av_one_fifth  el_before_av_one_fifth  flex_column_div  '     ><style type=\"text\/css\" data-created_by=\"avia_inline_auto\" id=\"style-css-av-av_textblock-27c4f643a6e4cf7c6096ff03deb9fd6d\">\n#top .av_textblock_section.av-av_textblock-27c4f643a6e4cf7c6096ff03deb9fd6d .avia_textblock{\nfont-size:16px;\ncolor:#ffffff;\n}\n<\/style>\n<section  class='av_textblock_section av-av_textblock-27c4f643a6e4cf7c6096ff03deb9fd6d '   itemscope=\"itemscope\" itemtype=\"https:\/\/schema.org\/CreativeWork\" ><div class='avia_textblock av_inherit_color'  itemprop=\"text\" ><p style=\"text-align: center;\"><strong>Ha elnyerte tetsz\u00e9s\u00e9t ez a kollekci\u00f3, forduljon hozz\u00e1nk bizalommal!<\/strong><\/p>\n<p style=\"text-align: center;\"><strong>Adja meg el\u00e9rhet\u0151s\u00e9g\u00e9t \u00e9s munkat\u00e1rsaink hamarosan felveszik \u00d6nnel a kapcsolatot!\u00a0<\/strong><\/p>\n<\/div><\/section><br \/>\n<form action=\"https:\/\/www.bau-styl.hu\/furdoszobaszalon\/hansgrohe-focus\/\" method=\"post\" data-fields-with-error=\"Found errors in the following field(s):\" class=\"avia_ajax_form av-form-labels-hidden   avia-builder-el-17  el_after_av_textblock  avia-builder-el-last  av-custom-form-color av-light-form \" data-avia-form-id=\"1\" data-avia-redirect='https:\/\/www.bau-styl.hu\/furdoszobaszalon\/koszonjuk-erdeklodeset\/' ><fieldset><p class='  first_form  form_element form_element_third' id='element_avia_1_1'><label for=\"avia_1_1\">N\u00e9v <abbr class=\"required\" title=\"required\">*<\/abbr><\/label> <input name=\"avia_1_1\" class=\"text_input is_empty\" type=\"text\" id=\"avia_1_1\" value=\"\"  placeholder='N\u00e9v*'\/><\/p><p class='  form_element form_element_third' id='element_avia_2_1'><label for=\"avia_2_1\">E-Mail c\u00edm <abbr class=\"required\" title=\"required\">*<\/abbr><\/label> <input name=\"avia_2_1\" class=\"text_input is_email\" type=\"text\" id=\"avia_2_1\" value=\"\"  placeholder='E-Mail c\u00edm*'\/><\/p><p class='  form_element form_element_third' id='element_avia_3_1'><label for=\"avia_3_1\">Telefonsz\u00e1m <abbr class=\"required\" title=\"required\">*<\/abbr><\/label> <input name=\"avia_3_1\" class=\"text_input is_phone\" type=\"text\" id=\"avia_3_1\" value=\"\"  placeholder='Telefonsz\u00e1m*'\/><\/p><p class='  first_form  form_element form_fullwidth' id='element_avia_4_1'><label for=\"avia_4_1\">C\u00edm <abbr class=\"required\" title=\"required\">*<\/abbr><\/label> <input name=\"avia_4_1\" class=\"text_input is_empty\" type=\"text\" id=\"avia_4_1\" value=\"\"  placeholder='C\u00edm*'\/><\/p><p class='  first_form  form_element form_fullwidth' id='element_avia_5_1'><label for=\"avia_5_1\" class=\"textare_label hidden textare_label_avia_5_1\">Megjegyz\u00e9s<\/label><textarea  placeholder='Megjegyz\u00e9s' name=\"avia_5_1\" class=\"text_area \" cols=\"40\" rows=\"7\" id=\"avia_5_1\" ><\/textarea><\/p><p class=\"hidden\"><input type=\"text\" name=\"avia_6_1\" class=\"hidden \" id=\"avia_6_1\" value=\"\" \/><\/p><p class=' av_form_privacy_check av_contact_privacy_check first_form  form_element form_fullwidth' id='element_avia_7_1'><input  name=\"avia_7_1\" class=\"input_checkbox is_empty\" type=\"checkbox\" id=\"avia_7_1\" value=\"true\"\/><label class=\"input_checkbox_label\" for=\"avia_7_1\">Elfogadom az adatkezel\u00e9si nyilatkozatot <abbr class=\"required\" title=\"required\">*<\/abbr><\/label><\/p><p class=\"form_element \"><input type=\"hidden\" value=\"1\" name=\"avia_generated_form1\" \/><input type=\"submit\" value=\"K\u00fcld\u00e9s\" class=\"button\"  data-sending-label=\"K\u00fcld\u00e9s\"\/><\/p><\/fieldset><\/form><div id=\"ajaxresponse_1\" class=\"ajaxresponse ajaxresponse_1 hidden\"><\/div><\/p><\/div>\n<style type=\"text\/css\" data-created_by=\"avia_inline_auto\" id=\"style-css-av-1afgqey-fe09287d8d3209a8c1a3248b0bc051be\">\n.flex_column.av-1afgqey-fe09287d8d3209a8c1a3248b0bc051be{\nborder-radius:0px 0px 0px 0px;\npadding:0px 0px 0px 0px;\n}\n<\/style>\n<div  class='flex_column av-1afgqey-fe09287d8d3209a8c1a3248b0bc051be av_one_fifth  avia-builder-el-18  el_after_av_three_fifth  el_before_av_hr  flex_column_div av-zero-column-padding  '     ><\/div>\n<style type=\"text\/css\" data-created_by=\"avia_inline_auto\" id=\"style-css-av-oufwt6-97782b2b5d05c4ca86e8e269d1851628\">\n#top .hr.hr-invisible.av-oufwt6-97782b2b5d05c4ca86e8e269d1851628{\nheight:50px;\n}\n<\/style>\n<div  class='hr av-oufwt6-97782b2b5d05c4ca86e8e269d1851628 hr-invisible  avia-builder-el-19  el_after_av_one_fifth  avia-builder-el-last '><span class='hr-inner '><span class=\"hr-inner-style\"><\/span><\/span><\/div>\n<\/div><\/div><\/div><!-- close content main div --><\/div><\/div><\/div><div id='after_section_3'  class='main_color av_default_container_wrap container_wrap sidebar_right'  ><div class='container av-section-cont-open' ><div class='template-page content  av-content-small alpha units'><div class='post-entry post-entry-type-page post-entry-30737'><div class='entry-content-wrapper clearfix'><\/p>\n","protected":false},"excerpt":{"rendered":"","protected":false},"author":2,"featured_media":0,"parent":0,"menu_order":0,"comment_status":"closed","ping_status":"closed","template":"","meta":{"footnotes":""},"class_list":["post-30737","page","type-page","status-publish","hentry"],"aioseo_notices":[],"_links":{"self":[{"href":"https:\/\/www.bau-styl.hu\/furdoszobaszalon\/wp-json\/wp\/v2\/pages\/30737","targetHints":{"allow":["GET"]}}],"collection":[{"href":"https:\/\/www.bau-styl.hu\/furdoszobaszalon\/wp-json\/wp\/v2\/pages"}],"about":[{"href":"https:\/\/www.bau-styl.hu\/furdoszobaszalon\/wp-json\/wp\/v2\/types\/page"}],"author":[{"embeddable":true,"href":"https:\/\/www.bau-styl.hu\/furdoszobaszalon\/wp-json\/wp\/v2\/users\/2"}],"replies":[{"embeddable":true,"href":"https:\/\/www.bau-styl.hu\/furdoszobaszalon\/wp-json\/wp\/v2\/comments?post=30737"}],"version-history":[{"count":0,"href":"https:\/\/www.bau-styl.hu\/furdoszobaszalon\/wp-json\/wp\/v2\/pages\/30737\/revisions"}],"wp:attachment":[{"href":"https:\/\/www.bau-styl.hu\/furdoszobaszalon\/wp-json\/wp\/v2\/media?parent=30737"}],"curies":[{"name":"wp","href":"https:\/\/api.w.org\/{rel}","templated":true}]}}