{"id":3217,"date":"2015-05-28T14:02:32","date_gmt":"2015-05-28T13:02:32","guid":{"rendered":"http:\/\/www.bau-styl.hu\/?page_id=3217"},"modified":"2026-01-23T13:29:39","modified_gmt":"2026-01-23T12:29:39","slug":"hangulatok","status":"publish","type":"page","link":"https:\/\/www.bau-styl.hu\/furdoszobaszalon\/hangulatok\/","title":{"rendered":"Hangulatok"},"content":{"rendered":"\n<style type=\"text\/css\" data-created_by=\"avia_inline_auto\" id=\"style-css-av-kbxib2h5-9788a947a246e42016dbc67db851dffc\">\n.avia-section.av-kbxib2h5-9788a947a246e42016dbc67db851dffc{\nbackground-repeat:no-repeat;\nbackground-image:url(https:\/\/www.bau-styl.hu\/furdoszobaszalon\/wp-content\/uploads\/2021\/06\/FAP-Sheer-4.jpg);\nbackground-position:50% 100%;\nbackground-attachment:scroll;\n}\n.avia-section.av-kbxib2h5-9788a947a246e42016dbc67db851dffc .av-section-color-overlay{\nopacity:0.5;\nbackground-color:#000000;\n}\n<\/style>\n<div id='av_section_1'  class='avia-section av-kbxib2h5-9788a947a246e42016dbc67db851dffc main_color avia-section-default avia-no-shadow  avia-builder-el-0  el_before_av_two_third  avia-builder-el-first  avia-full-stretch avia-bg-style-scroll av-section-color-overlay-active container_wrap sidebar_right'  data-section-bg-repeat='stretch'><div class=\"av-section-color-overlay-wrap\"><div class=\"av-section-color-overlay\"><\/div><div class='container av-section-cont-open' ><main  role=\"main\" itemprop=\"mainContentOfPage\"  class='template-page content  av-content-small alpha units'><div class='post-entry post-entry-type-page post-entry-3217'><div class='entry-content-wrapper clearfix'>\n\n<style type=\"text\/css\" data-created_by=\"avia_inline_auto\" id=\"style-css-av-kbxig406-59206a9ee77b0bc42d3ef0db73342f73\">\n#top .av-special-heading.av-kbxig406-59206a9ee77b0bc42d3ef0db73342f73{\npadding-bottom:10px;\ncolor:#ffffff;\n}\nbody .av-special-heading.av-kbxig406-59206a9ee77b0bc42d3ef0db73342f73 .av-special-heading-tag .heading-char{\nfont-size:25px;\n}\n.av-special-heading.av-kbxig406-59206a9ee77b0bc42d3ef0db73342f73 .special-heading-inner-border{\nborder-color:#ffffff;\n}\n.av-special-heading.av-kbxig406-59206a9ee77b0bc42d3ef0db73342f73 .av-subheading{\nfont-size:15px;\n}\n<\/style>\n<div  class='av-special-heading av-kbxig406-59206a9ee77b0bc42d3ef0db73342f73 av-special-heading-h1 custom-color-heading blockquote modern-quote modern-centered  avia-builder-el-1  el_before_av_hr  avia-builder-el-first '><h1 class='av-special-heading-tag '  itemprop=\"headline\"  >HANGULATOK<\/h1><div class=\"special-heading-border\"><div class=\"special-heading-inner-border\"><\/div><\/div><\/div>\n\n<style type=\"text\/css\" data-created_by=\"avia_inline_auto\" id=\"style-css-av-138a1-6b0f0afd0d775d14741529dc320ff9c9\">\n#top .hr.hr-invisible.av-138a1-6b0f0afd0d775d14741529dc320ff9c9{\nheight:50px;\n}\n<\/style>\n<div  class='hr av-138a1-6b0f0afd0d775d14741529dc320ff9c9 hr-invisible  avia-builder-el-2  el_after_av_heading  avia-builder-el-last '><span class='hr-inner '><span class=\"hr-inner-style\"><\/span><\/span><\/div>\n<\/div><\/div><\/main><!-- close content main element --><\/div><\/div><\/div><div id='after_section_1'  class='main_color av_default_container_wrap container_wrap sidebar_right'  ><div class='container av-section-cont-open' ><div class='template-page content  av-content-small alpha units'><div class='post-entry post-entry-type-page post-entry-3217'><div class='entry-content-wrapper clearfix'>\n<div  class='flex_column av-18cozr5-bd4a22140a7aaa62377e58377d0b414a av_two_third  avia-builder-el-3  el_after_av_section  el_before_av_one_third  avia-builder-el-first  first flex_column_div  '     ><section  class='av_textblock_section av-12i46sx-a208f35013533c63a64943bf6632c96e '   itemscope=\"itemscope\" itemtype=\"https:\/\/schema.org\/CreativeWork\" ><div class='avia_textblock'  itemprop=\"text\" ><p><strong>Kedves \u00c9rdekl\u0151d\u0151!<\/strong><\/p>\n<p>Ne ijedjen meg, mindenki neh\u00e9z d\u00f6nt\u00e9s el\u0151tt \u00e1ll, mikor \u00e9p\u00edtkez\u00e9sbe, vagy fel\u00faj\u00edt\u00e1sba kezd!<\/p>\n<p>Hogy a b\u0151s\u00e9g zavar\u00e1ban seg\u00edts\u00fck, n\u00e9h\u00e1ny enteri\u0151r fot\u00f3t hangulatok szerint gal\u00e9ri\u00e1kba csoportos\u00edtottunk. K\u00f6nnyebb a d\u00f6nt\u00e9s, ha \u00d6nt megragadja egy \u00e9let\u00e9rz\u00e9s, hiszen hossz\u00fa \u00e9vekre meghat\u00e1rozza otthona l\u00e9gk\u00f6r\u00e9t.<\/p>\n<p>Tekintse meg \u00f6ssze\u00e1ll\u00edt\u00e1sunkat \u00e9s v\u00e1lassza ki szem\u00e9lyis\u00e9g\u00e9hez legk\u00f6zelebb \u00e1ll\u00f3t!\u00a0Term\u00e9szetesen egy\u00e9ni k\u00edv\u00e1ns\u00e1gainak is igyeksz\u00fcnk eleget tenni. K\u00e9pzett szaktan\u00e1csad\u00f3inkkal l\u00e9pjen kapcsolatba, k\u00e9rd\u00e9seivel forduljon hozz\u00e1juk bizalommal. L\u00e1tv\u00e1nytervez\u0151 programunk seg\u00edts\u00e9g\u00e9vel a kiv\u00e1lasztott burkolatot fot\u00f3min\u0151s\u00e9gben az \u00d6n egyedi ig\u00e9nyeire szabjuk.<\/p>\n<p>B\u00edzunk benne, hogy tal\u00e1l kedv\u00e9re val\u00f3t \u00e9s ell\u00e1togat hozz\u00e1nk szalonunkba!<\/p>\n<\/div><\/section><\/div>\n<div  class='flex_column av-27ev5d-a1f85c985fe397a7928e82aab447dd4e av_one_third  avia-builder-el-5  el_after_av_two_third  el_before_av_one_third  flex_column_div  '     ><p><section  class='av_textblock_section av-2113jl-bd7dfca55868625e0f76fdd400eeb4f5 '   itemscope=\"itemscope\" itemtype=\"https:\/\/schema.org\/CreativeWork\" ><div class='avia_textblock'  itemprop=\"text\" ><p><strong>\u00d6R\u00d6K VONZALOM<\/strong><\/p>\n<\/div><\/section><br \/>\n\n<style type=\"text\/css\" data-created_by=\"avia_inline_auto\" id=\"style-css-av-jty0jl-e842c070d16d8865c843f6861c273a46\">\n.avia-image-container.av-jty0jl-e842c070d16d8865c843f6861c273a46 img.avia_image{\nbox-shadow:none;\n}\n.avia-image-container.av-jty0jl-e842c070d16d8865c843f6861c273a46 .av-image-caption-overlay-center{\ncolor:#ffffff;\n}\n<\/style>\n<div  class='avia-image-container av-jty0jl-e842c070d16d8865c843f6861c273a46 av-styling- av-hover-grow av-hide-overflow av-img-linked avia-align-center  avia-builder-el-7  el_after_av_textblock  avia-builder-el-last '   itemprop=\"image\" itemscope=\"itemscope\" itemtype=\"https:\/\/schema.org\/ImageObject\" ><div class=\"avia-image-container-inner\"><div class=\"avia-image-overlay-wrap\"><a href=\"https:\/\/www.bau-styl.hu\/furdoszobaszalon\/orok-vonzalom\/\" class='avia_image '  aria-label='Atlas Concorde BoostPro'><img decoding=\"async\" fetchpriority=\"high\" class='wp-image-27604 avia-img-lazy-loading-not-27604 avia_image ' src=\"https:\/\/www.bau-styl.hu\/furdoszobaszalon\/wp-content\/uploads\/2020\/09\/Atlas-Concorde-BoostPro-31-495x400.jpg\" alt='Atlas Concorde BoostPro' title='Atlas Concorde BoostPro'  height=\"400\" width=\"495\"  itemprop=\"thumbnailUrl\" srcset=\"https:\/\/www.bau-styl.hu\/furdoszobaszalon\/wp-content\/uploads\/2020\/09\/Atlas-Concorde-BoostPro-31-495x400.jpg 495w, https:\/\/www.bau-styl.hu\/furdoszobaszalon\/wp-content\/uploads\/2020\/09\/Atlas-Concorde-BoostPro-31-845x684.jpg 845w\" sizes=\"(max-width: 495px) 100vw, 495px\" \/><\/a><\/div><\/div><\/div><\/p><\/div>\n<div  class='flex_column av-10t0gzl-7861dd0e07bdc60f77b3d7a878f83b59 av_one_third  avia-builder-el-8  el_after_av_one_third  el_before_av_one_third  first flex_column_div  column-top-margin'     ><section  class='av_textblock_section av-3ldk8h-e95df0c567921b41348d4bd4a5e56c00 '   itemscope=\"itemscope\" itemtype=\"https:\/\/schema.org\/CreativeWork\" ><div class='avia_textblock'  itemprop=\"text\" ><p style=\"text-align: left;\"><strong>TERM\u00c9SZET ESSZENCI\u00c1JA<\/strong><\/p>\n<\/div><\/section><br \/>\n\n<style type=\"text\/css\" data-created_by=\"avia_inline_auto\" id=\"style-css-av-yiiv4h-9fdfe7c590d9b26effb127900ac44ed0\">\n.avia-image-container.av-yiiv4h-9fdfe7c590d9b26effb127900ac44ed0 img.avia_image{\nbox-shadow:none;\n}\n.avia-image-container.av-yiiv4h-9fdfe7c590d9b26effb127900ac44ed0 .av-image-caption-overlay-center{\ncolor:#ffffff;\n}\n<\/style>\n<div  class='avia-image-container av-yiiv4h-9fdfe7c590d9b26effb127900ac44ed0 av-styling- av-hover-grow av-hide-overflow av-img-linked avia-align-center  avia-builder-el-10  el_after_av_textblock  avia-builder-el-last '   itemprop=\"image\" itemscope=\"itemscope\" itemtype=\"https:\/\/schema.org\/ImageObject\" ><div class=\"avia-image-container-inner\"><div class=\"avia-image-overlay-wrap\"><a href=\"https:\/\/www.bau-styl.hu\/furdoszobaszalon\/termeszet-esszenciaja\/\" class='avia_image '  aria-label='Marca Corona Elisir Royal (21)'><img decoding=\"async\" fetchpriority=\"high\" class='wp-image-34102 avia-img-lazy-loading-not-34102 avia_image ' src=\"https:\/\/www.bau-styl.hu\/furdoszobaszalon\/wp-content\/uploads\/2022\/01\/Marca-Corona-Elisir-Royal-21-495x400.jpg\" alt='' title='Marca Corona Elisir Royal (21)'  height=\"400\" width=\"495\"  itemprop=\"thumbnailUrl\" srcset=\"https:\/\/www.bau-styl.hu\/furdoszobaszalon\/wp-content\/uploads\/2022\/01\/Marca-Corona-Elisir-Royal-21-495x400.jpg 495w, https:\/\/www.bau-styl.hu\/furdoszobaszalon\/wp-content\/uploads\/2022\/01\/Marca-Corona-Elisir-Royal-21-845x684.jpg 845w\" sizes=\"(max-width: 495px) 100vw, 495px\" \/><\/a><\/div><\/div><\/div><\/p><\/div>\n\n<style type=\"text\/css\" data-created_by=\"avia_inline_auto\" id=\"style-css-av-w6l69d-08c96f1a70491e4fb0d4de60cf0a0970\">\n.flex_column.av-w6l69d-08c96f1a70491e4fb0d4de60cf0a0970{\nborder-radius:0px 0px 0px 0px;\npadding:0px 0px 0px 0px;\n}\n<\/style>\n<div  class='flex_column av-w6l69d-08c96f1a70491e4fb0d4de60cf0a0970 av_one_third  avia-builder-el-11  el_after_av_one_third  el_before_av_one_third  flex_column_div av-zero-column-padding  column-top-margin'     ><p><section  class='av_textblock_section av-uaz6sx-1594ba46e7fc06a58243f112a7ac11fb '   itemscope=\"itemscope\" itemtype=\"https:\/\/schema.org\/CreativeWork\" ><div class='avia_textblock'  itemprop=\"text\" ><p><strong>ELEVEN KALAND<\/strong><\/p>\n<\/div><\/section><br \/>\n\n<style type=\"text\/css\" data-created_by=\"avia_inline_auto\" id=\"style-css-av-t1cba9-459862972c3a8cc092a5aeff837393dc\">\n.avia-image-container.av-t1cba9-459862972c3a8cc092a5aeff837393dc img.avia_image{\nbox-shadow:none;\n}\n.avia-image-container.av-t1cba9-459862972c3a8cc092a5aeff837393dc .av-image-caption-overlay-center{\ncolor:#ffffff;\n}\n<\/style>\n<div  class='avia-image-container av-t1cba9-459862972c3a8cc092a5aeff837393dc av-styling- av-hover-grow av-hide-overflow av-img-linked avia-align-center  avia-builder-el-13  el_after_av_textblock  avia-builder-el-last '   itemprop=\"image\" itemscope=\"itemscope\" itemtype=\"https:\/\/schema.org\/ImageObject\" ><div class=\"avia-image-container-inner\"><div class=\"avia-image-overlay-wrap\"><a href=\"https:\/\/www.bau-styl.hu\/furdoszobaszalon\/eleven-kaland\/\" class='avia_image '  aria-label='San&#039;t Agostino Tetris (8)'><img decoding=\"async\" fetchpriority=\"high\" class='wp-image-48329 avia-img-lazy-loading-not-48329 avia_image ' src=\"https:\/\/www.bau-styl.hu\/furdoszobaszalon\/wp-content\/uploads\/2025\/11\/Sant-Agostino-Tetris-8-495x400.jpg\" alt='' title='San&#039;t Agostino Tetris (8)'  height=\"400\" width=\"495\"  itemprop=\"thumbnailUrl\" srcset=\"https:\/\/www.bau-styl.hu\/furdoszobaszalon\/wp-content\/uploads\/2025\/11\/Sant-Agostino-Tetris-8-495x400.jpg 495w, https:\/\/www.bau-styl.hu\/furdoszobaszalon\/wp-content\/uploads\/2025\/11\/Sant-Agostino-Tetris-8-845x684.jpg 845w\" sizes=\"(max-width: 495px) 100vw, 495px\" \/><\/a><\/div><\/div><\/div><\/p><\/div>\n<style type=\"text\/css\" data-created_by=\"avia_inline_auto\" id=\"style-css-av-rswqep-a3ffbc9b1bb5b370b6d4b0392ffd9140\">\n.flex_column.av-rswqep-a3ffbc9b1bb5b370b6d4b0392ffd9140{\nborder-radius:0px 0px 0px 0px;\npadding:0px 0px 0px 0px;\n}\n<\/style>\n<div  class='flex_column av-rswqep-a3ffbc9b1bb5b370b6d4b0392ffd9140 av_one_third  avia-builder-el-14  el_after_av_one_third  el_before_av_one_third  flex_column_div av-zero-column-padding  column-top-margin'     ><p><section  class='av_textblock_section av-p4jifl-b12780eee0c8062840fff4dbd23d0e6c '   itemscope=\"itemscope\" itemtype=\"https:\/\/schema.org\/CreativeWork\" ><div class='avia_textblock'  itemprop=\"text\" ><p><strong>FRISS\u00cdT\u0150 \u00c9BRED\u00c9S<\/strong><\/p>\n<\/div><\/section><br \/>\n\n<style type=\"text\/css\" data-created_by=\"avia_inline_auto\" id=\"style-css-av-niy1dd-3e7840534a233f7506c03c3c908e86ea\">\n.avia-image-container.av-niy1dd-3e7840534a233f7506c03c3c908e86ea img.avia_image{\nbox-shadow:none;\n}\n.avia-image-container.av-niy1dd-3e7840534a233f7506c03c3c908e86ea .av-image-caption-overlay-center{\ncolor:#ffffff;\n}\n<\/style>\n<div  class='avia-image-container av-niy1dd-3e7840534a233f7506c03c3c908e86ea av-styling- av-hover-grow av-hide-overflow av-img-linked avia-align-center  avia-builder-el-16  el_after_av_textblock  avia-builder-el-last '   itemprop=\"image\" itemscope=\"itemscope\" itemtype=\"https:\/\/schema.org\/ImageObject\" ><div class=\"avia-image-container-inner\"><div class=\"avia-image-overlay-wrap\"><a href=\"https:\/\/www.bau-styl.hu\/furdoszobaszalon\/frissito-ebredes\/\" class='avia_image '  aria-label='FAP Lumina 25x75'><img decoding=\"async\" fetchpriority=\"high\" class='wp-image-19557 avia-img-lazy-loading-not-19557 avia_image ' src=\"https:\/\/www.bau-styl.hu\/furdoszobaszalon\/wp-content\/uploads\/2020\/04\/FAP-Lumina-25x75-1-495x400.jpg\" alt='FAP Lumina 25x75' title='FAP Lumina 25x75'  height=\"400\" width=\"495\"  itemprop=\"thumbnailUrl\" srcset=\"https:\/\/www.bau-styl.hu\/furdoszobaszalon\/wp-content\/uploads\/2020\/04\/FAP-Lumina-25x75-1-495x400.jpg 495w, https:\/\/www.bau-styl.hu\/furdoszobaszalon\/wp-content\/uploads\/2020\/04\/FAP-Lumina-25x75-1-845x684.jpg 845w\" sizes=\"(max-width: 495px) 100vw, 495px\" \/><\/a><\/div><\/div><\/div><\/p><\/div><\/p>\n\n<style type=\"text\/css\" data-created_by=\"avia_inline_auto\" id=\"style-css-av-hiw1nl-b69486754ba509858be130ab53b9a952\">\n.flex_column.av-hiw1nl-b69486754ba509858be130ab53b9a952{\nborder-radius:0px 0px 0px 0px;\npadding:0px 0px 0px 0px;\n}\n<\/style>\n<div  class='flex_column av-hiw1nl-b69486754ba509858be130ab53b9a952 av_one_third  avia-builder-el-17  el_after_av_one_third  el_before_av_one_third  first flex_column_div av-zero-column-padding  column-top-margin'     ><p><section  class='av_textblock_section av-fb215d-5d338a6983336b91b15b13132df92bcc '   itemscope=\"itemscope\" itemtype=\"https:\/\/schema.org\/CreativeWork\" ><div class='avia_textblock'  itemprop=\"text\" ><p><strong>F\u00c9NY\u0170Z\u0150 ELEGANCIA<\/strong><\/p>\n<\/div><\/section><br \/>\n\n<style type=\"text\/css\" data-created_by=\"avia_inline_auto\" id=\"style-css-av-evctxd-507ee1aaf654c18caddb40e3cec04442\">\n.avia-image-container.av-evctxd-507ee1aaf654c18caddb40e3cec04442 img.avia_image{\nbox-shadow:none;\n}\n.avia-image-container.av-evctxd-507ee1aaf654c18caddb40e3cec04442 .av-image-caption-overlay-center{\ncolor:#ffffff;\n}\n<\/style>\n<div  class='avia-image-container av-evctxd-507ee1aaf654c18caddb40e3cec04442 av-styling- av-hover-grow av-hide-overflow av-img-linked avia-align-center  avia-builder-el-19  el_after_av_textblock  avia-builder-el-last '   itemprop=\"image\" itemscope=\"itemscope\" itemtype=\"https:\/\/schema.org\/ImageObject\" ><div class=\"avia-image-container-inner\"><div class=\"avia-image-overlay-wrap\"><a href=\"https:\/\/www.bau-styl.hu\/furdoszobaszalon\/fenyuzo-elegancia\/\" class='avia_image '  aria-label='Atlas Concorde Marvel Onyx (11)'><img decoding=\"async\" fetchpriority=\"high\" class='wp-image-45915 avia-img-lazy-loading-not-45915 avia_image ' src=\"https:\/\/www.bau-styl.hu\/furdoszobaszalon\/wp-content\/uploads\/2024\/05\/Atlas-Concorde-Marvel-Onyx-11-495x400.jpg\" alt='' title='Atlas Concorde Marvel Onyx (11)'  height=\"400\" width=\"495\"  itemprop=\"thumbnailUrl\"  \/><\/a><\/div><\/div><\/div><\/p><\/div>\n<div  class='flex_column av-sry5d-b4e0fdeb4cb789986fbf0c26b0c6d287 av_one_third  avia-builder-el-20  el_after_av_one_third  el_before_av_one_third  flex_column_div  column-top-margin'     ><p><section  class='av_textblock_section av-5rzmy9-1e6fb36fdfc35382e570f5ba94fe3fba '   itemscope=\"itemscope\" itemtype=\"https:\/\/schema.org\/CreativeWork\" ><div class='avia_textblock'  itemprop=\"text\" ><p><strong>TISZTA ROMANTIKA<\/strong><\/p>\n<\/div><\/section><br \/>\n\n<style type=\"text\/css\" data-created_by=\"avia_inline_auto\" id=\"style-css-av-3w7ng1-f261b95387753119953307eb6250b52d\">\n.avia-image-container.av-3w7ng1-f261b95387753119953307eb6250b52d img.avia_image{\nbox-shadow:none;\n}\n.avia-image-container.av-3w7ng1-f261b95387753119953307eb6250b52d .av-image-caption-overlay-center{\ncolor:#ffffff;\n}\n<\/style>\n<div  class='avia-image-container av-3w7ng1-f261b95387753119953307eb6250b52d av-styling- av-hover-grow av-hide-overflow av-img-linked avia-align-center  avia-builder-el-22  el_after_av_textblock  avia-builder-el-last '   itemprop=\"image\" itemscope=\"itemscope\" itemtype=\"https:\/\/schema.org\/ImageObject\" ><div class=\"avia-image-container-inner\"><div class=\"avia-image-overlay-wrap\"><a href=\"https:\/\/www.bau-styl.hu\/furdoszobaszalon\/romantikus\/\" class='avia_image '  aria-label='FAP Milano Mood (5)'><img decoding=\"async\" fetchpriority=\"high\" class='wp-image-34161 avia-img-lazy-loading-not-34161 avia_image ' src=\"https:\/\/www.bau-styl.hu\/furdoszobaszalon\/wp-content\/uploads\/2022\/01\/FAP-Milano-Mood-5-495x400.jpg\" alt='' title='FAP Milano Mood (5)'  height=\"400\" width=\"495\"  itemprop=\"thumbnailUrl\" srcset=\"https:\/\/www.bau-styl.hu\/furdoszobaszalon\/wp-content\/uploads\/2022\/01\/FAP-Milano-Mood-5-495x400.jpg 495w, https:\/\/www.bau-styl.hu\/furdoszobaszalon\/wp-content\/uploads\/2022\/01\/FAP-Milano-Mood-5-845x684.jpg 845w\" sizes=\"(max-width: 495px) 100vw, 495px\" \/><\/a><\/div><\/div><\/div><\/p><\/div><div  class='flex_column av-sry5d-3-5051e3cd480f5f6a9c4954ae5bc492ed av_one_third  avia-builder-el-23  el_after_av_one_third  avia-builder-el-last  flex_column_div  column-top-margin'     ><p><section  class='av_textblock_section av-5rzmy9-2-1e37b39e56ebeab46b93522a31dd0b5b '   itemscope=\"itemscope\" itemtype=\"https:\/\/schema.org\/CreativeWork\" ><div class='avia_textblock'  itemprop=\"text\" ><p><strong>F\u00c9KTELEN FANT\u00c1ZIA<\/strong><\/p>\n<\/div><\/section><br \/>\n\n<style type=\"text\/css\" data-created_by=\"avia_inline_auto\" id=\"style-css-av-3w7ng1-1-6340c9a08de9ffb7a95bd67355fe585e\">\n.avia-image-container.av-3w7ng1-1-6340c9a08de9ffb7a95bd67355fe585e img.avia_image{\nbox-shadow:none;\n}\n.avia-image-container.av-3w7ng1-1-6340c9a08de9ffb7a95bd67355fe585e .av-image-caption-overlay-center{\ncolor:#ffffff;\n}\n<\/style>\n<div  class='avia-image-container av-3w7ng1-1-6340c9a08de9ffb7a95bd67355fe585e av-styling- av-hover-grow av-hide-overflow av-img-linked avia-align-center  avia-builder-el-25  el_after_av_textblock  avia-builder-el-last '   itemprop=\"image\" itemscope=\"itemscope\" itemtype=\"https:\/\/schema.org\/ImageObject\" ><div class=\"avia-image-container-inner\"><div class=\"avia-image-overlay-wrap\"><a href=\"https:\/\/www.bau-styl.hu\/furdoszobaszalon\/fektelen-fantazia\/\" class='avia_image '  aria-label='Sant&#039;Agostino Sable (5)'><img decoding=\"async\" fetchpriority=\"high\" class='wp-image-43166 avia-img-lazy-loading-not-43166 avia_image ' src=\"https:\/\/www.bau-styl.hu\/furdoszobaszalon\/wp-content\/uploads\/2023\/10\/SantAgostino-Sable-5-495x400.jpg\" alt='' title='Sant&#039;Agostino Sable (5)'  height=\"400\" width=\"495\"  itemprop=\"thumbnailUrl\"  \/><\/a><\/div><\/div><\/div><\/p><\/div><\/p>\n","protected":false},"excerpt":{"rendered":"","protected":false},"author":2,"featured_media":0,"parent":0,"menu_order":0,"comment_status":"closed","ping_status":"closed","template":"","meta":{"footnotes":""},"class_list":["post-3217","page","type-page","status-publish","hentry"],"aioseo_notices":[],"_links":{"self":[{"href":"https:\/\/www.bau-styl.hu\/furdoszobaszalon\/wp-json\/wp\/v2\/pages\/3217","targetHints":{"allow":["GET"]}}],"collection":[{"href":"https:\/\/www.bau-styl.hu\/furdoszobaszalon\/wp-json\/wp\/v2\/pages"}],"about":[{"href":"https:\/\/www.bau-styl.hu\/furdoszobaszalon\/wp-json\/wp\/v2\/types\/page"}],"author":[{"embeddable":true,"href":"https:\/\/www.bau-styl.hu\/furdoszobaszalon\/wp-json\/wp\/v2\/users\/2"}],"replies":[{"embeddable":true,"href":"https:\/\/www.bau-styl.hu\/furdoszobaszalon\/wp-json\/wp\/v2\/comments?post=3217"}],"version-history":[{"count":0,"href":"https:\/\/www.bau-styl.hu\/furdoszobaszalon\/wp-json\/wp\/v2\/pages\/3217\/revisions"}],"wp:attachment":[{"href":"https:\/\/www.bau-styl.hu\/furdoszobaszalon\/wp-json\/wp\/v2\/media?parent=3217"}],"curies":[{"name":"wp","href":"https:\/\/api.w.org\/{rel}","templated":true}]}}