{"id":32430,"date":"2021-05-05T16:58:57","date_gmt":"2021-05-05T15:58:57","guid":{"rendered":"https:\/\/www.bau-styl.hu\/furdoszobaszalon\/?page_id=32430"},"modified":"2022-11-27T09:47:43","modified_gmt":"2022-11-27T08:47:43","slug":"bette","status":"publish","type":"page","link":"https:\/\/www.bau-styl.hu\/furdoszobaszalon\/bette\/","title":{"rendered":"Bette"},"content":{"rendered":"<div class='flex_column_table av-2vhe7fy-adf0eec68553a1259790a45c427f74be sc-av_one_fifth av-equal-height-column-flextable'><div  class='flex_column av-2vhe7fy-adf0eec68553a1259790a45c427f74be av_one_fifth  avia-builder-el-0  el_before_av_four_fifth  avia-builder-el-first  first flex_column_table_cell av-equal-height-column av-align-middle  '     ><style type=\"text\/css\" data-created_by=\"avia_inline_auto\" id=\"style-css-av-2ubhpvy-b645e56a732e720c5c6a4fa77c04f61b\">\n.avia-image-container.av-2ubhpvy-b645e56a732e720c5c6a4fa77c04f61b img.avia_image{\nbox-shadow:none;\n}\n.avia-image-container.av-2ubhpvy-b645e56a732e720c5c6a4fa77c04f61b .av-image-caption-overlay-center{\ncolor:#ffffff;\n}\n<\/style>\n<div  class='avia-image-container av-2ubhpvy-b645e56a732e720c5c6a4fa77c04f61b av-styling- avia-align-center  avia-builder-el-1  avia-builder-el-no-sibling '   itemprop=\"image\" itemscope=\"itemscope\" itemtype=\"https:\/\/schema.org\/ImageObject\" ><div class=\"avia-image-container-inner\"><div class=\"avia-image-overlay-wrap\"><img decoding=\"async\" fetchpriority=\"high\" class='wp-image-32431 avia-img-lazy-loading-not-32431 avia_image ' src=\"https:\/\/www.bau-styl.hu\/furdoszobaszalon\/wp-content\/uploads\/2021\/05\/Bette_logo-300x300.jpg\" alt='' title='Bette_logo'  height=\"300\" width=\"300\"  itemprop=\"thumbnailUrl\" srcset=\"https:\/\/www.bau-styl.hu\/furdoszobaszalon\/wp-content\/uploads\/2021\/05\/Bette_logo.jpg 300w, https:\/\/www.bau-styl.hu\/furdoszobaszalon\/wp-content\/uploads\/2021\/05\/Bette_logo-80x80.jpg 80w, https:\/\/www.bau-styl.hu\/furdoszobaszalon\/wp-content\/uploads\/2021\/05\/Bette_logo-36x36.jpg 36w, https:\/\/www.bau-styl.hu\/furdoszobaszalon\/wp-content\/uploads\/2021\/05\/Bette_logo-180x180.jpg 180w\" sizes=\"(max-width: 300px) 100vw, 300px\" \/><\/div><\/div><\/div><\/div>\n<div class='av-flex-placeholder'><\/div>\n<style type=\"text\/css\" data-created_by=\"avia_inline_auto\" id=\"style-css-av-2srrjny-99ec1529287d850983b5717dcead86d1\">\n.flex_column.av-2srrjny-99ec1529287d850983b5717dcead86d1{\nborder-radius:0px 0px 0px 0px;\npadding:0px 0px 0px 0px;\n}\n<\/style>\n<div  class='flex_column av-2srrjny-99ec1529287d850983b5717dcead86d1 av_four_fifth  avia-builder-el-2  el_after_av_one_fifth  el_before_av_one_full  flex_column_table_cell av-equal-height-column av-align-middle av-zero-column-padding  '     ><section  class='av_textblock_section av-2qypq3y-6449fb59fe752bc3516e3b64528925ac '   itemscope=\"itemscope\" itemtype=\"https:\/\/schema.org\/CreativeWork\" ><div class='avia_textblock'  itemprop=\"text\" ><p><strong>BETTE<\/strong><\/p>\n<hr \/>\n<p style=\"text-align: justify;\"><span style=\"font-weight: 400;\">A Bette csal\u00e1di v\u00e1llalkoz\u00e1sk\u00e9nt indult 1952-ben. Pr\u00e9mium min\u0151s\u00e9g\u0171, zom\u00e1ncozott tit\u00e1nac\u00e9l f\u00fcrd\u0151k\u00e1dakat \u00e9s mosd\u00f3kat k\u00e9sz\u00edtenek. Term\u00e9kpalett\u00e1juk k\u00fcl\u00f6nlegess\u00e9ge az egyed\u00fcl\u00e1ll\u00f3 h\u0151form\u00e1z\u00e1si elj\u00e1r\u00e1s, amely lehet\u0151v\u00e9 teszi, hogy rendk\u00edv\u00fcli k\u00e9z\u00fcgyess\u00e9ggel \u00e9s pontoss\u00e1ggal hozz\u00e1k l\u00e9tre a design-os form\u00e1kat. Innov\u00e1ci\u00f3ik megv\u00e1ltoztatt\u00e1k a szaniterek piac\u00e1t. A Bette gy\u00e1rtotta a legels\u0151 illeszt\u00e9s n\u00e9lk\u00fcli, szabadon \u00e1ll\u00f3 k\u00e1dat, els\u0151k\u00e9nt k\u00edn\u00e1ltak modul\u00e1ris f\u00fcrd\u0151szobarendszert k\u00e1ddal, mosd\u00f3kagyl\u00f3val \u00e9s zuhanyk\u00e1ddal, amely m\u00e1zas tit\u00e1nac\u00e9lb\u00f3l k\u00e9sz\u00fclt, \u00e9s \u0151k mutatt\u00e1k be az els\u0151 padl\u00f3ba s\u00fcllyeszthet\u0151 zuhanyz\u00f3t is. \u00c9len j\u00e1rnak a k\u00f6rnyezetv\u00e9delem ter\u00e9n is, hiszen minden term\u00e9k\u00fcnk 100%-ban \u00fajrahasznos\u00edthat\u00f3 \u00e9s kiz\u00e1r\u00f3lag N\u00e9metorsz\u00e1gb\u00f3l sz\u00e1rmaz\u00f3 alapanyagb\u00f3l dolgoznak, az energiasz\u00fcks\u00e9glet\u00fcnk 2\/3-\u00e1t pedig regenerat\u00edv forr\u00e1sokb\u00f3l \u00e1ll\u00edtj\u00e1k el\u0151. A kiemelt min\u0151s\u00e9get minden term\u00e9k eset\u00e9ben garant\u00e1lj\u00e1k, hiszen 30 \u00e9v garanci\u00e1t biztos\u00edtanak hozz\u00e1juk. <\/span><\/p>\n<\/div><\/section><\/div><\/div><!--close column table wrapper. Autoclose: 1 -->\n\n<style type=\"text\/css\" data-created_by=\"avia_inline_auto\" id=\"style-css-av-qvoij2-9e969bec9480e93d86c5c840c1842e2e\">\n.flex_column.av-qvoij2-9e969bec9480e93d86c5c840c1842e2e{\nborder-radius:0px 0px 0px 0px;\npadding:0px 0px 0px 0px;\n}\n<\/style>\n<div  class='flex_column av-qvoij2-9e969bec9480e93d86c5c840c1842e2e av_one_full  avia-builder-el-4  el_after_av_four_fifth  el_before_av_hr  first flex_column_div av-zero-column-padding  '     ><div  class='av_promobox av-6nd9xxc-f336aef1978f914512755fb93c6cc80b avia-button-yes  avia-builder-el-5  avia-builder-el-no-sibling '><div class='avia-promocontent'><p>\nR\u00e9szletesebb inform\u00e1ci\u00f3t \u00e9s technikai adatokat a katal\u00f3gusban tal\u00e1l.<\/p>\n<\/div><div  class='avia-button-wrap av-6nd9xxc-7f68994cc775c4d9fdb84432b952439e-wrap avia-button-right '><a href='https:\/\/www.bau-styl.hu\/furdoszobaszalon\/wp-content\/uploads\/2021\/05\/Bette_Lookbook_2020_DE.pdf'  class='avia-button av-6nd9xxc-7f68994cc775c4d9fdb84432b952439e av-link-btn avia-icon_select-no avia-size-large avia-position-right avia-color-theme-color'  target=\"_blank\"  rel=\"noopener noreferrer\"  aria-label=\"Katal\u00f3gus megtekint\u00e9se\"><span class='avia_iconbox_title' >Katal\u00f3gus megtekint\u00e9se<\/span><\/a><\/div><\/div><\/div>\n\n<style type=\"text\/css\" data-created_by=\"avia_inline_auto\" id=\"style-css-av-2p1hnlq-22e7bf9b8f8b6b8b38780a8919fd2633\">\n#top .hr.hr-invisible.av-2p1hnlq-22e7bf9b8f8b6b8b38780a8919fd2633{\nheight:50px;\n}\n<\/style>\n<div  class='hr av-2p1hnlq-22e7bf9b8f8b6b8b38780a8919fd2633 hr-invisible  avia-builder-el-6  el_after_av_one_full  el_before_av_one_third '><span class='hr-inner '><span class=\"hr-inner-style\"><\/span><\/span><\/div>\n<div  class='flex_column av-2mib4b2-fae031ee8a9014762c394a0b81a37097 av_one_third  avia-builder-el-7  el_after_av_hr  el_before_av_one_third  first flex_column_div  '     ><p><section  class='av_textblock_section av-2kyv0qm-f017fb3a3452988e9295871f6ce28a0a '   itemscope=\"itemscope\" itemtype=\"https:\/\/schema.org\/CreativeWork\" ><div class='avia_textblock'  itemprop=\"text\" ><p><strong>BETTECRAFT<\/strong><\/p>\n<\/div><\/section><br \/>\n\n<style type=\"text\/css\" data-created_by=\"avia_inline_auto\" id=\"style-css-av-2jyzv9a-99ece11ef2d9e59a150230b423b63a66\">\n.avia-image-container.av-2jyzv9a-99ece11ef2d9e59a150230b423b63a66 img.avia_image{\nbox-shadow:none;\n}\n.avia-image-container.av-2jyzv9a-99ece11ef2d9e59a150230b423b63a66 .av-image-caption-overlay-center{\ncolor:#ffffff;\n}\n<\/style>\n<div  class='avia-image-container av-2jyzv9a-99ece11ef2d9e59a150230b423b63a66 av-styling- av-hover-grow av-hide-overflow av-img-linked avia-align-center  avia-builder-el-9  el_after_av_textblock  avia-builder-el-last '   itemprop=\"image\" itemscope=\"itemscope\" itemtype=\"https:\/\/schema.org\/ImageObject\" ><div class=\"avia-image-container-inner\"><div class=\"avia-image-overlay-wrap\"><a href=\"https:\/\/www.bau-styl.hu\/furdoszobaszalon\/bette-bettecraft\/\" class='avia_image '  aria-label='Bette BetteCraft (2)'><img decoding=\"async\" fetchpriority=\"high\" class='wp-image-32438 avia-img-lazy-loading-not-32438 avia_image ' src=\"https:\/\/www.bau-styl.hu\/furdoszobaszalon\/wp-content\/uploads\/2021\/05\/Bette-BetteCraft-2-495x400.png\" alt='' title='Bette BetteCraft (2)'  height=\"400\" width=\"495\"  itemprop=\"thumbnailUrl\"  \/><\/a><\/div><\/div><\/div><\/p><\/div>\n<div  class='flex_column av-2mib4b2-9-ed734856f39961204c2186f6721217d5 av_one_third  avia-builder-el-10  el_after_av_one_third  el_before_av_one_third  flex_column_div  '     ><p><section  class='av_textblock_section av-2kyv0qm-8-d80788de6b862efb00e7d9e5689a255c '   itemscope=\"itemscope\" itemtype=\"https:\/\/schema.org\/CreativeWork\" ><div class='avia_textblock'  itemprop=\"text\" ><p><strong>BETTELUX OVAL<\/strong><\/p>\n<\/div><\/section><br \/>\n\n<style type=\"text\/css\" data-created_by=\"avia_inline_auto\" id=\"style-css-av-2jyzv9a-7-97157b0468d2db2dad0fde7f5425de96\">\n.avia-image-container.av-2jyzv9a-7-97157b0468d2db2dad0fde7f5425de96 img.avia_image{\nbox-shadow:none;\n}\n.avia-image-container.av-2jyzv9a-7-97157b0468d2db2dad0fde7f5425de96 .av-image-caption-overlay-center{\ncolor:#ffffff;\n}\n<\/style>\n<div  class='avia-image-container av-2jyzv9a-7-97157b0468d2db2dad0fde7f5425de96 av-styling- av-hover-grow av-hide-overflow av-img-linked avia-align-center  avia-builder-el-12  el_after_av_textblock  avia-builder-el-last '   itemprop=\"image\" itemscope=\"itemscope\" itemtype=\"https:\/\/schema.org\/ImageObject\" ><div class=\"avia-image-container-inner\"><div class=\"avia-image-overlay-wrap\"><a href=\"https:\/\/www.bau-styl.hu\/furdoszobaszalon\/bette-bettelux-oval\/\" class='avia_image '  aria-label='BetteLux Oval (1)'><img decoding=\"async\" fetchpriority=\"high\" class='wp-image-32442 avia-img-lazy-loading-not-32442 avia_image ' src=\"https:\/\/www.bau-styl.hu\/furdoszobaszalon\/wp-content\/uploads\/2021\/05\/BetteLux-Oval-1-495x400.png\" alt='' title='BetteLux Oval (1)'  height=\"400\" width=\"495\"  itemprop=\"thumbnailUrl\"  \/><\/a><\/div><\/div><\/div><\/p><\/div>\n<div  class='flex_column av-2mib4b2-6-249fcb2bb557d9fd0b8edba12790beb6 av_one_third  avia-builder-el-13  el_after_av_one_third  el_before_av_one_third  flex_column_div  '     ><p><section  class='av_textblock_section av-2kyv0qm-5-cea0037d2ed1fe79f9553a9cc1a145db '   itemscope=\"itemscope\" itemtype=\"https:\/\/schema.org\/CreativeWork\" ><div class='avia_textblock'  itemprop=\"text\" ><p><strong>BETTELUX SILHOUETTE<\/strong><\/p>\n<\/div><\/section><br \/>\n\n<style type=\"text\/css\" data-created_by=\"avia_inline_auto\" id=\"style-css-av-2jyzv9a-4-28811a53f427fe1e1c876e33f9f7fd31\">\n.avia-image-container.av-2jyzv9a-4-28811a53f427fe1e1c876e33f9f7fd31 img.avia_image{\nbox-shadow:none;\n}\n.avia-image-container.av-2jyzv9a-4-28811a53f427fe1e1c876e33f9f7fd31 .av-image-caption-overlay-center{\ncolor:#ffffff;\n}\n<\/style>\n<div  class='avia-image-container av-2jyzv9a-4-28811a53f427fe1e1c876e33f9f7fd31 av-styling- av-hover-grow av-hide-overflow av-img-linked avia-align-center  avia-builder-el-15  el_after_av_textblock  avia-builder-el-last '   itemprop=\"image\" itemscope=\"itemscope\" itemtype=\"https:\/\/schema.org\/ImageObject\" ><div class=\"avia-image-container-inner\"><div class=\"avia-image-overlay-wrap\"><a href=\"https:\/\/www.bau-styl.hu\/furdoszobaszalon\/bette-bettelux-silhouette\/\" class='avia_image '  aria-label='BetteLux Silhouette'><img decoding=\"async\" fetchpriority=\"high\" class='wp-image-32432 avia-img-lazy-loading-not-32432 avia_image ' src=\"https:\/\/www.bau-styl.hu\/furdoszobaszalon\/wp-content\/uploads\/2021\/05\/BetteLux-Silhouette-495x400.jpg\" alt='' title='BetteLux Silhouette'  height=\"400\" width=\"495\"  itemprop=\"thumbnailUrl\"  \/><\/a><\/div><\/div><\/div><\/p><\/div>\n<div  class='flex_column av-2mib4b2-3-a33aec4fad42054660c5b3f6619edf29 av_one_third  avia-builder-el-16  el_after_av_one_third  avia-builder-el-last  first flex_column_div  column-top-margin'     ><p><section  class='av_textblock_section av-2kyv0qm-2-cf9f2365031ec48f7239e9a1245e6733 '   itemscope=\"itemscope\" itemtype=\"https:\/\/schema.org\/CreativeWork\" ><div class='avia_textblock'  itemprop=\"text\" ><p><strong>BETTELUX SHAPE<\/strong><\/p>\n<\/div><\/section><br \/>\n\n<style type=\"text\/css\" data-created_by=\"avia_inline_auto\" id=\"style-css-av-2jyzv9a-1-2f5cf9be5e2763ae53b9161fdac858ca\">\n.avia-image-container.av-2jyzv9a-1-2f5cf9be5e2763ae53b9161fdac858ca img.avia_image{\nbox-shadow:none;\n}\n.avia-image-container.av-2jyzv9a-1-2f5cf9be5e2763ae53b9161fdac858ca .av-image-caption-overlay-center{\ncolor:#ffffff;\n}\n<\/style>\n<div  class='avia-image-container av-2jyzv9a-1-2f5cf9be5e2763ae53b9161fdac858ca av-styling- av-hover-grow av-hide-overflow av-img-linked avia-align-center  avia-builder-el-18  el_after_av_textblock  avia-builder-el-last '   itemprop=\"image\" itemscope=\"itemscope\" itemtype=\"https:\/\/schema.org\/ImageObject\" ><div class=\"avia-image-container-inner\"><div class=\"avia-image-overlay-wrap\"><a href=\"https:\/\/www.bau-styl.hu\/furdoszobaszalon\/bette-bettelux-shape\/\" class='avia_image '  aria-label='Bette Bettelux Shape (4)'><img decoding=\"async\" fetchpriority=\"high\" class='wp-image-32459 avia-img-lazy-loading-not-32459 avia_image ' src=\"https:\/\/www.bau-styl.hu\/furdoszobaszalon\/wp-content\/uploads\/2021\/05\/Bette-Bettelux-Shape-4-495x400.png\" alt='' title='Bette Bettelux Shape (4)'  height=\"400\" width=\"495\"  itemprop=\"thumbnailUrl\"  \/><\/a><\/div><\/div><\/div><\/p><\/div>\n","protected":false},"excerpt":{"rendered":"","protected":false},"author":2,"featured_media":0,"parent":0,"menu_order":0,"comment_status":"closed","ping_status":"closed","template":"","meta":{"footnotes":""},"class_list":["post-32430","page","type-page","status-publish","hentry"],"aioseo_notices":[],"_links":{"self":[{"href":"https:\/\/www.bau-styl.hu\/furdoszobaszalon\/wp-json\/wp\/v2\/pages\/32430","targetHints":{"allow":["GET"]}}],"collection":[{"href":"https:\/\/www.bau-styl.hu\/furdoszobaszalon\/wp-json\/wp\/v2\/pages"}],"about":[{"href":"https:\/\/www.bau-styl.hu\/furdoszobaszalon\/wp-json\/wp\/v2\/types\/page"}],"author":[{"embeddable":true,"href":"https:\/\/www.bau-styl.hu\/furdoszobaszalon\/wp-json\/wp\/v2\/users\/2"}],"replies":[{"embeddable":true,"href":"https:\/\/www.bau-styl.hu\/furdoszobaszalon\/wp-json\/wp\/v2\/comments?post=32430"}],"version-history":[{"count":0,"href":"https:\/\/www.bau-styl.hu\/furdoszobaszalon\/wp-json\/wp\/v2\/pages\/32430\/revisions"}],"wp:attachment":[{"href":"https:\/\/www.bau-styl.hu\/furdoszobaszalon\/wp-json\/wp\/v2\/media?parent=32430"}],"curies":[{"name":"wp","href":"https:\/\/api.w.org\/{rel}","templated":true}]}}