{"id":32455,"date":"2021-05-05T17:16:54","date_gmt":"2021-05-05T16:16:54","guid":{"rendered":"https:\/\/www.bau-styl.hu\/furdoszobaszalon\/?page_id=32455"},"modified":"2022-11-27T09:47:00","modified_gmt":"2022-11-27T08:47:00","slug":"bette-bettelux-shape","status":"publish","type":"page","link":"https:\/\/www.bau-styl.hu\/furdoszobaszalon\/bette-bettelux-shape\/","title":{"rendered":"Bette BetteLux Shape"},"content":{"rendered":"\n<style type=\"text\/css\" data-created_by=\"avia_inline_auto\" id=\"style-css-av-14fio6w-db4a161e9d63be13106dc7e6ae591267\">\n.avia-section.av-14fio6w-db4a161e9d63be13106dc7e6ae591267{\nbackground-repeat:no-repeat;\nbackground-image:url(https:\/\/www.bau-styl.hu\/furdoszobaszalon\/wp-content\/uploads\/2021\/05\/Bette-Bettelux-Shape-3.png);\nbackground-position:50% 50%;\nbackground-attachment:scroll;\n}\n.avia-section.av-14fio6w-db4a161e9d63be13106dc7e6ae591267 .av-section-color-overlay{\nopacity:0.5;\nbackground-color:#000000;\n}\n<\/style>\n<div id='av_section_1'  class='avia-section av-14fio6w-db4a161e9d63be13106dc7e6ae591267 main_color avia-section-default avia-no-shadow  avia-builder-el-0  el_before_av_section  avia-builder-el-first  avia-full-stretch avia-bg-style-scroll av-section-color-overlay-active container_wrap sidebar_right'  data-section-bg-repeat='stretch'><div class=\"av-section-color-overlay-wrap\"><div class=\"av-section-color-overlay\"><\/div><div class='container av-section-cont-open' ><main  role=\"main\" itemprop=\"mainContentOfPage\"  class='template-page content  av-content-small alpha units'><div class='post-entry post-entry-type-page post-entry-32455'><div class='entry-content-wrapper clearfix'>\n\n<style type=\"text\/css\" data-created_by=\"avia_inline_auto\" id=\"style-css-av-128c8g8-8d93a1d98d2f13594b0805b9cf5afe4a\">\n#top .hr.hr-invisible.av-128c8g8-8d93a1d98d2f13594b0805b9cf5afe4a{\nheight:50px;\n}\n<\/style>\n<div  class='hr av-128c8g8-8d93a1d98d2f13594b0805b9cf5afe4a hr-invisible  avia-builder-el-1  el_before_av_heading  avia-builder-el-first '><span class='hr-inner '><span class=\"hr-inner-style\"><\/span><\/span><\/div>\n\n<style type=\"text\/css\" data-created_by=\"avia_inline_auto\" id=\"style-css-av-korfya5z-609925f7f0c880056c4ad05b8a3f7eb8\">\n#top .av-special-heading.av-korfya5z-609925f7f0c880056c4ad05b8a3f7eb8{\npadding-bottom:10px;\ncolor:#ffffff;\n}\nbody .av-special-heading.av-korfya5z-609925f7f0c880056c4ad05b8a3f7eb8 .av-special-heading-tag .heading-char{\nfont-size:25px;\n}\n.av-special-heading.av-korfya5z-609925f7f0c880056c4ad05b8a3f7eb8 .special-heading-inner-border{\nborder-color:#ffffff;\n}\n.av-special-heading.av-korfya5z-609925f7f0c880056c4ad05b8a3f7eb8 .av-subheading{\nfont-size:15px;\n}\n<\/style>\n<div  class='av-special-heading av-korfya5z-609925f7f0c880056c4ad05b8a3f7eb8 av-special-heading-h1 custom-color-heading blockquote modern-quote modern-centered  avia-builder-el-2  el_after_av_hr  el_before_av_hr '><h1 class='av-special-heading-tag '  itemprop=\"headline\"  >BETTELUX SHAPE<\/h1><div class=\"special-heading-border\"><div class=\"special-heading-inner-border\"><\/div><\/div><\/div>\n\n<style type=\"text\/css\" data-created_by=\"avia_inline_auto\" id=\"style-css-av-zrh2p4-f6492eac85c3afe18b0afaad87e31b8e\">\n#top .hr.hr-invisible.av-zrh2p4-f6492eac85c3afe18b0afaad87e31b8e{\nheight:50px;\n}\n<\/style>\n<div  class='hr av-zrh2p4-f6492eac85c3afe18b0afaad87e31b8e hr-invisible  avia-builder-el-3  el_after_av_heading  avia-builder-el-last '><span class='hr-inner '><span class=\"hr-inner-style\"><\/span><\/span><\/div>\n<\/div><\/div><\/main><!-- close content main element --><\/div><\/div><\/div><div id='av_section_2'  class='avia-section av-yiv2c8-55dbc42f2b3b823b60fbbc491b46114d main_color avia-section-default avia-no-shadow  avia-builder-el-4  el_after_av_section  el_before_av_section  avia-bg-style-scroll container_wrap sidebar_right'  ><div class='container av-section-cont-open' ><div class='template-page content  av-content-small alpha units'><div class='post-entry post-entry-type-page post-entry-32455'><div class='entry-content-wrapper clearfix'>\n<section  class='av_textblock_section av-ww7njc-bed5c5d2b177027a46e6349625e5512a '   itemscope=\"itemscope\" itemtype=\"https:\/\/schema.org\/CreativeWork\" ><div class='avia_textblock'  itemprop=\"text\" ><p style=\"text-align: justify;\"><span style=\"font-weight: 400;\">A BetteLux Shape izgalmas megjelen\u00e9se els\u0151 l\u00e1t\u00e1sra mag\u00e1val ragad. Az ac\u00e9lb\u00f3l k\u00e9sz\u00fclt keretek nem csak st\u00edlusos mot\u00edvumk\u00e9nt szolg\u00e1lnak, hanem olyan \u00e9rzetet keltenek, mintha a szaniterek s\u00falytalanul lebegn\u00e9nek, ezzel is kiemelve a k\u00e1d \u00e9s a mosd\u00f3 egyed\u00fcl\u00e1ll\u00f3 formatervez\u00e9s\u00e9t. A Bette-t\u0151l megszokott m\u00f3don ez a kollekci\u00f3 is kimagasl\u00f3 min\u0151s\u00e9ggel \u00e9s v\u00e1ltozatos \u00e1rnyalatokkal b\u00fcszk\u00e9lkedhet. Mind a mosd\u00f3t, mind a k\u00e1dat sz\u00e1mtalan sz\u00ednben \u00e9s kerettel v\u00e1laszthatjuk t\u00f6bbf\u00e9le m\u00e9retben. A gy\u00e1rt\u00f3 30 \u00e9v garanci\u00e1t ad ezekhez a term\u00e9kekhez, \u00edgy k\u00f6nny\u0171 sz\u00edvvel tehetj\u00fck le mellett\u00fck voksunkat, ha hossz\u00fa t\u00e1rsat keres\u00fcnk.<\/span><\/p>\n<\/div><\/section>\n<section  class='av_textblock_section av-pd983y-b1fa89478f6804fa4b17eb2c905af87b '   itemscope=\"itemscope\" itemtype=\"https:\/\/schema.org\/CreativeWork\" ><div class='avia_textblock'  itemprop=\"text\" ><p style=\"text-align: right;\"><mark><strong><a href=\"#ajanlat\">Aj\u00e1nlatot k\u00e9rek!<\/a><\/strong><\/mark><\/p>\n<\/div><\/section>\n\n<style type=\"text\/css\" data-created_by=\"avia_inline_auto\" id=\"style-css-av-vf102g-8edae637967c77857aaa16ee0bbd1c1b\">\n#top .hr.hr-invisible.av-vf102g-8edae637967c77857aaa16ee0bbd1c1b{\nheight:50px;\n}\n<\/style>\n<div  class='hr av-vf102g-8edae637967c77857aaa16ee0bbd1c1b hr-invisible  avia-builder-el-7  el_after_av_textblock  el_before_av_masonry_gallery  avia-builder-el-last '><span class='hr-inner '><span class=\"hr-inner-style\"><\/span><\/span><\/div>\n<div id='av-masonry-1' class='av-masonry av-laz4b0k3-9451ca41156dc017073dc420e831f775 noHover av-fixed-size av-large-gap av-hover-overlay- av-masonry-animation-active av-masonry-col-5 av-caption-always av-caption-style- av-masonry-gallery av-medium-columns-overwrite av-medium-columns-4 av-small-columns-overwrite av-small-columns-4 av-mini-columns-overwrite av-mini-columns-4 ' data-post_id=\"32455\"><div class=\"av-masonry-container isotope av-js-disabled\"><div class='av-masonry-entry isotope-item av-masonry-item-no-image '><\/div><a href=\"https:\/\/www.bau-styl.hu\/furdoszobaszalon\/wp-content\/uploads\/2021\/05\/Bette-Bettelux-Shape-7.png\" data-srcset=\"https:\/\/www.bau-styl.hu\/furdoszobaszalon\/wp-content\/uploads\/2021\/05\/Bette-Bettelux-Shape-7.png 768w, https:\/\/www.bau-styl.hu\/furdoszobaszalon\/wp-content\/uploads\/2021\/05\/Bette-Bettelux-Shape-7-300x198.png 300w, https:\/\/www.bau-styl.hu\/furdoszobaszalon\/wp-content\/uploads\/2021\/05\/Bette-Bettelux-Shape-7-705x464.png 705w\" data-sizes=\"(max-width: 768px) 100vw, 768px\"  aria-label=\"image Bette Bettelux Shape (7)\"  id='av-masonry-1-item-32462' data-av-masonry-item='32462' class='av-masonry-entry isotope-item post-32462 attachment type-attachment status-inherit hentry  av-masonry-item-with-image' title=\"Bette Bettelux Shape (7)\" alt=\"\"    itemprop=\"thumbnailUrl\" ><div class='av-inner-masonry-sizer'><\/div><figure class='av-inner-masonry main_color'><div class=\"av-masonry-outerimage-container\"><div class='av-masonry-image-container' style=\"background-image: url(https:\/\/www.bau-styl.hu\/furdoszobaszalon\/wp-content\/uploads\/2021\/05\/Bette-Bettelux-Shape-7-495x400.png);\"  title=\"Bette Bettelux Shape (7)\" ><\/div><\/div><\/figure><\/a><!--end av-masonry entry--><a href=\"https:\/\/www.bau-styl.hu\/furdoszobaszalon\/wp-content\/uploads\/2021\/05\/Bette-Bettelux-Shape-6.png\" data-srcset=\"https:\/\/www.bau-styl.hu\/furdoszobaszalon\/wp-content\/uploads\/2021\/05\/Bette-Bettelux-Shape-6.png 768w, https:\/\/www.bau-styl.hu\/furdoszobaszalon\/wp-content\/uploads\/2021\/05\/Bette-Bettelux-Shape-6-300x198.png 300w, https:\/\/www.bau-styl.hu\/furdoszobaszalon\/wp-content\/uploads\/2021\/05\/Bette-Bettelux-Shape-6-705x464.png 705w\" data-sizes=\"(max-width: 768px) 100vw, 768px\"  aria-label=\"image Bette Bettelux Shape (6)\"  id='av-masonry-1-item-32461' data-av-masonry-item='32461' class='av-masonry-entry isotope-item post-32461 attachment type-attachment status-inherit hentry  av-masonry-item-with-image' title=\"Bette Bettelux Shape (6)\" alt=\"\"    itemprop=\"thumbnailUrl\" ><div class='av-inner-masonry-sizer'><\/div><figure class='av-inner-masonry main_color'><div class=\"av-masonry-outerimage-container\"><div class='av-masonry-image-container' style=\"background-image: url(https:\/\/www.bau-styl.hu\/furdoszobaszalon\/wp-content\/uploads\/2021\/05\/Bette-Bettelux-Shape-6-495x400.png);\"  title=\"Bette Bettelux Shape (6)\" ><\/div><\/div><\/figure><\/a><!--end av-masonry entry--><a href=\"https:\/\/www.bau-styl.hu\/furdoszobaszalon\/wp-content\/uploads\/2021\/05\/Bette-Bettelux-Shape-5.png\" data-srcset=\"https:\/\/www.bau-styl.hu\/furdoszobaszalon\/wp-content\/uploads\/2021\/05\/Bette-Bettelux-Shape-5.png 768w, https:\/\/www.bau-styl.hu\/furdoszobaszalon\/wp-content\/uploads\/2021\/05\/Bette-Bettelux-Shape-5-300x198.png 300w, https:\/\/www.bau-styl.hu\/furdoszobaszalon\/wp-content\/uploads\/2021\/05\/Bette-Bettelux-Shape-5-705x464.png 705w\" data-sizes=\"(max-width: 768px) 100vw, 768px\"  aria-label=\"image Bette Bettelux Shape (5)\"  id='av-masonry-1-item-32460' data-av-masonry-item='32460' class='av-masonry-entry isotope-item post-32460 attachment type-attachment status-inherit hentry  av-masonry-item-with-image' title=\"Bette Bettelux Shape (5)\" alt=\"\"    itemprop=\"thumbnailUrl\" ><div class='av-inner-masonry-sizer'><\/div><figure class='av-inner-masonry main_color'><div class=\"av-masonry-outerimage-container\"><div class='av-masonry-image-container' style=\"background-image: url(https:\/\/www.bau-styl.hu\/furdoszobaszalon\/wp-content\/uploads\/2021\/05\/Bette-Bettelux-Shape-5-495x400.png);\"  title=\"Bette Bettelux Shape (5)\" ><\/div><\/div><\/figure><\/a><!--end av-masonry entry--><a href=\"https:\/\/www.bau-styl.hu\/furdoszobaszalon\/wp-content\/uploads\/2021\/05\/Bette-Bettelux-Shape-4.png\" data-srcset=\"https:\/\/www.bau-styl.hu\/furdoszobaszalon\/wp-content\/uploads\/2021\/05\/Bette-Bettelux-Shape-4.png 768w, https:\/\/www.bau-styl.hu\/furdoszobaszalon\/wp-content\/uploads\/2021\/05\/Bette-Bettelux-Shape-4-300x198.png 300w, https:\/\/www.bau-styl.hu\/furdoszobaszalon\/wp-content\/uploads\/2021\/05\/Bette-Bettelux-Shape-4-705x464.png 705w\" data-sizes=\"(max-width: 768px) 100vw, 768px\"  aria-label=\"image Bette Bettelux Shape (4)\"  id='av-masonry-1-item-32459' data-av-masonry-item='32459' class='av-masonry-entry isotope-item post-32459 attachment type-attachment status-inherit hentry  av-masonry-item-with-image' title=\"Bette Bettelux Shape (4)\" alt=\"\"    itemprop=\"thumbnailUrl\" ><div class='av-inner-masonry-sizer'><\/div><figure class='av-inner-masonry main_color'><div class=\"av-masonry-outerimage-container\"><div class='av-masonry-image-container' style=\"background-image: url(https:\/\/www.bau-styl.hu\/furdoszobaszalon\/wp-content\/uploads\/2021\/05\/Bette-Bettelux-Shape-4-495x400.png);\"  title=\"Bette Bettelux Shape (4)\" ><\/div><\/div><\/figure><\/a><!--end av-masonry entry--><a href=\"https:\/\/www.bau-styl.hu\/furdoszobaszalon\/wp-content\/uploads\/2021\/05\/Bette-Bettelux-Shape-3.png\" data-srcset=\"https:\/\/www.bau-styl.hu\/furdoszobaszalon\/wp-content\/uploads\/2021\/05\/Bette-Bettelux-Shape-3.png 768w, https:\/\/www.bau-styl.hu\/furdoszobaszalon\/wp-content\/uploads\/2021\/05\/Bette-Bettelux-Shape-3-300x198.png 300w, https:\/\/www.bau-styl.hu\/furdoszobaszalon\/wp-content\/uploads\/2021\/05\/Bette-Bettelux-Shape-3-705x464.png 705w\" data-sizes=\"(max-width: 768px) 100vw, 768px\"  aria-label=\"image Bette Bettelux Shape (3)\"  id='av-masonry-1-item-32458' data-av-masonry-item='32458' class='av-masonry-entry isotope-item post-32458 attachment type-attachment status-inherit hentry  av-masonry-item-with-image' title=\"Bette Bettelux Shape (3)\" alt=\"\"    itemprop=\"thumbnailUrl\" ><div class='av-inner-masonry-sizer'><\/div><figure class='av-inner-masonry main_color'><div class=\"av-masonry-outerimage-container\"><div class='av-masonry-image-container' style=\"background-image: url(https:\/\/www.bau-styl.hu\/furdoszobaszalon\/wp-content\/uploads\/2021\/05\/Bette-Bettelux-Shape-3-495x400.png);\"  title=\"Bette Bettelux Shape (3)\" ><\/div><\/div><\/figure><\/a><!--end av-masonry entry--><a href=\"https:\/\/www.bau-styl.hu\/furdoszobaszalon\/wp-content\/uploads\/2021\/05\/Bette-Bettelux-Shape-2.png\" data-srcset=\"https:\/\/www.bau-styl.hu\/furdoszobaszalon\/wp-content\/uploads\/2021\/05\/Bette-Bettelux-Shape-2.png 768w, https:\/\/www.bau-styl.hu\/furdoszobaszalon\/wp-content\/uploads\/2021\/05\/Bette-Bettelux-Shape-2-300x198.png 300w, https:\/\/www.bau-styl.hu\/furdoszobaszalon\/wp-content\/uploads\/2021\/05\/Bette-Bettelux-Shape-2-705x464.png 705w\" data-sizes=\"(max-width: 768px) 100vw, 768px\"  aria-label=\"image Bette Bettelux Shape (2)\"  id='av-masonry-1-item-32457' data-av-masonry-item='32457' class='av-masonry-entry isotope-item post-32457 attachment type-attachment status-inherit hentry  av-masonry-item-with-image' title=\"Bette Bettelux Shape (2)\" alt=\"\"    itemprop=\"thumbnailUrl\" ><div class='av-inner-masonry-sizer'><\/div><figure class='av-inner-masonry main_color'><div class=\"av-masonry-outerimage-container\"><div class='av-masonry-image-container' style=\"background-image: url(https:\/\/www.bau-styl.hu\/furdoszobaszalon\/wp-content\/uploads\/2021\/05\/Bette-Bettelux-Shape-2-495x400.png);\"  title=\"Bette Bettelux Shape (2)\" ><\/div><\/div><\/figure><\/a><!--end av-masonry entry--><a href=\"https:\/\/www.bau-styl.hu\/furdoszobaszalon\/wp-content\/uploads\/2021\/05\/Bette-Bettelux-Shape-1.png\" data-srcset=\"https:\/\/www.bau-styl.hu\/furdoszobaszalon\/wp-content\/uploads\/2021\/05\/Bette-Bettelux-Shape-1.png 768w, https:\/\/www.bau-styl.hu\/furdoszobaszalon\/wp-content\/uploads\/2021\/05\/Bette-Bettelux-Shape-1-300x198.png 300w, https:\/\/www.bau-styl.hu\/furdoszobaszalon\/wp-content\/uploads\/2021\/05\/Bette-Bettelux-Shape-1-705x464.png 705w\" data-sizes=\"(max-width: 768px) 100vw, 768px\"  aria-label=\"image Bette Bettelux Shape (1)\"  id='av-masonry-1-item-32456' data-av-masonry-item='32456' class='av-masonry-entry isotope-item post-32456 attachment type-attachment status-inherit hentry  av-masonry-item-with-image' title=\"Bette Bettelux Shape (1)\" alt=\"\"    itemprop=\"thumbnailUrl\" ><div class='av-inner-masonry-sizer'><\/div><figure class='av-inner-masonry main_color'><div class=\"av-masonry-outerimage-container\"><div class='av-masonry-image-container' style=\"background-image: url(https:\/\/www.bau-styl.hu\/furdoszobaszalon\/wp-content\/uploads\/2021\/05\/Bette-Bettelux-Shape-1-495x400.png);\"  title=\"Bette Bettelux Shape (1)\" ><\/div><\/div><\/figure><\/a><!--end av-masonry entry--><\/div><\/div>\n\n<style type=\"text\/css\" data-created_by=\"avia_inline_auto\" id=\"style-css-av-tetkvb-3ef41c2f1f640cd589dee9b33c83cf85\">\n.flex_column.av-tetkvb-3ef41c2f1f640cd589dee9b33c83cf85{\nborder-radius:0px 0px 0px 0px;\npadding:0px 0px 0px 0px;\n}\n<\/style>\n<div  class='flex_column av-tetkvb-3ef41c2f1f640cd589dee9b33c83cf85 av_one_full  avia-builder-el-9  el_after_av_masonry_gallery  avia-builder-el-no-sibling  first flex_column_div av-zero-column-padding  '     ><section  class='av_textblock_section av-k6tfxpen-742ec54894f8b28555c7357493501403 '   itemscope=\"itemscope\" itemtype=\"https:\/\/schema.org\/CreativeWork\" ><div class='avia_textblock'  itemprop=\"text\" ><p style=\"text-align: right;\"><a title=\"Roca\" href=\"https:\/\/www.bau-styl.hu\/furdoszobaszalon\/bette\/\">Vissza minden Bette kollekci\u00f3hoz<\/a><\/p>\n<\/div><\/section><\/div><\/div><\/div><\/div><!-- close content main div --><\/div><\/div>\n<style type=\"text\/css\" data-created_by=\"avia_inline_auto\" id=\"style-css-av-muej7s-52a7e836f24f3ba3eb2ad6cb50ea762f\">\n.avia-section.av-muej7s-52a7e836f24f3ba3eb2ad6cb50ea762f{\nbackground-repeat:no-repeat;\nbackground-image:url(https:\/\/www.bau-styl.hu\/furdoszobaszalon\/wp-content\/uploads\/2021\/05\/Bette-Bettelux-Shape-2.png);\nbackground-position:50% 50%;\nbackground-attachment:scroll;\n}\n.avia-section.av-muej7s-52a7e836f24f3ba3eb2ad6cb50ea762f .av-section-color-overlay{\nopacity:0.5;\nbackground-color:#000000;\n}\n<\/style>\n<div id='ajanlat'  class='avia-section av-muej7s-52a7e836f24f3ba3eb2ad6cb50ea762f main_color avia-section-default avia-no-shadow  avia-builder-el-11  el_after_av_section  avia-builder-el-last  avia-full-stretch avia-bg-style-scroll av-section-color-overlay-active container_wrap sidebar_right'  data-section-bg-repeat='stretch'><div class=\"av-section-color-overlay-wrap\"><div class=\"av-section-color-overlay\"><\/div><div class='container av-section-cont-open' ><div class='template-page content  av-content-small alpha units'><div class='post-entry post-entry-type-page post-entry-32455'><div class='entry-content-wrapper clearfix'>\n\n<style type=\"text\/css\" data-created_by=\"avia_inline_auto\" id=\"style-css-av-k8cos8-aa32f79190e3d63f71ac81606987e0be\">\n#top .hr.hr-invisible.av-k8cos8-aa32f79190e3d63f71ac81606987e0be{\nheight:50px;\n}\n<\/style>\n<div  class='hr av-k8cos8-aa32f79190e3d63f71ac81606987e0be hr-invisible  avia-builder-el-12  el_before_av_one_fifth  avia-builder-el-first '><span class='hr-inner '><span class=\"hr-inner-style\"><\/span><\/span><\/div>\n\n<style type=\"text\/css\" data-created_by=\"avia_inline_auto\" id=\"style-css-av-jrhwnc-db94acb21139cca3de22f3c995425d83\">\n.flex_column.av-jrhwnc-db94acb21139cca3de22f3c995425d83{\nborder-radius:0px 0px 0px 0px;\npadding:0px 0px 0px 0px;\n}\n<\/style>\n<div  class='flex_column av-jrhwnc-db94acb21139cca3de22f3c995425d83 av_one_fifth  avia-builder-el-13  el_after_av_hr  el_before_av_three_fifth  first flex_column_div av-zero-column-padding  '     ><\/div>\n<style type=\"text\/css\" data-created_by=\"avia_inline_auto\" id=\"style-css-av-av_three_fifth-d16bed752390fb46bb9f8cdd4860f43d\">\n.flex_column.av-av_three_fifth-d16bed752390fb46bb9f8cdd4860f43d{\nborder-radius:0px 0px 0px 0px;\npadding:30px 30px 30px 30px;\nbackground-color:rgba(35,35,35,0.57);\n}\n<\/style>\n<div  class='flex_column av-av_three_fifth-d16bed752390fb46bb9f8cdd4860f43d av_three_fifth  avia-builder-el-14  el_after_av_one_fifth  el_before_av_one_fifth  flex_column_div  '     ><style type=\"text\/css\" data-created_by=\"avia_inline_auto\" id=\"style-css-av-av_textblock-27c4f643a6e4cf7c6096ff03deb9fd6d\">\n#top .av_textblock_section.av-av_textblock-27c4f643a6e4cf7c6096ff03deb9fd6d .avia_textblock{\nfont-size:16px;\ncolor:#ffffff;\n}\n<\/style>\n<section  class='av_textblock_section av-av_textblock-27c4f643a6e4cf7c6096ff03deb9fd6d '   itemscope=\"itemscope\" itemtype=\"https:\/\/schema.org\/CreativeWork\" ><div class='avia_textblock av_inherit_color'  itemprop=\"text\" ><p style=\"text-align: center;\"><strong>Ha elnyerte tetsz\u00e9s\u00e9t ez a kollekci\u00f3, forduljon hozz\u00e1nk bizalommal!<\/strong><\/p>\n<p style=\"text-align: center;\"><strong>Adja meg el\u00e9rhet\u0151s\u00e9g\u00e9t \u00e9s munkat\u00e1rsaink hamarosan felveszik \u00d6nnel a kapcsolatot!\u00a0<\/strong><\/p>\n<\/div><\/section><br \/>\n<form action=\"https:\/\/www.bau-styl.hu\/furdoszobaszalon\/bette-bettelux-shape\/\" method=\"post\" data-fields-with-error=\"Found errors in the following field(s):\" class=\"avia_ajax_form av-form-labels-hidden   avia-builder-el-16  el_after_av_textblock  avia-builder-el-last  av-custom-form-color av-light-form \" data-avia-form-id=\"1\" data-avia-redirect='' ><fieldset><p class='  first_form  form_element form_element_third' id='element_avia_1_1'><label for=\"avia_1_1\">N\u00e9v <abbr class=\"required\" title=\"required\">*<\/abbr><\/label> <input name=\"avia_1_1\" class=\"text_input is_empty\" type=\"text\" id=\"avia_1_1\" value=\"\"  placeholder='N\u00e9v*'\/><\/p><p class='  form_element form_element_third' id='element_avia_2_1'><label for=\"avia_2_1\">E-Mail c\u00edm <abbr class=\"required\" title=\"required\">*<\/abbr><\/label> <input name=\"avia_2_1\" class=\"text_input is_email\" type=\"text\" id=\"avia_2_1\" value=\"\"  placeholder='E-Mail c\u00edm*'\/><\/p><p class='  form_element form_element_third' id='element_avia_3_1'><label for=\"avia_3_1\">Telefonsz\u00e1m <abbr class=\"required\" title=\"required\">*<\/abbr><\/label> <input name=\"avia_3_1\" class=\"text_input is_phone\" type=\"text\" id=\"avia_3_1\" value=\"\"  placeholder='Telefonsz\u00e1m*'\/><\/p><p class='  first_form  form_element form_fullwidth' id='element_avia_4_1'><label for=\"avia_4_1\">C\u00edm <abbr class=\"required\" title=\"required\">*<\/abbr><\/label> <input name=\"avia_4_1\" class=\"text_input is_empty\" type=\"text\" id=\"avia_4_1\" value=\"\"  placeholder='C\u00edm*'\/><\/p><p class='  first_form  form_element form_fullwidth' id='element_avia_5_1'><label for=\"avia_5_1\" class=\"textare_label hidden textare_label_avia_5_1\">Megjegyz\u00e9s<\/label><textarea  placeholder='Megjegyz\u00e9s' name=\"avia_5_1\" class=\"text_area \" cols=\"40\" rows=\"7\" id=\"avia_5_1\" ><\/textarea><\/p><p class=\"hidden\"><input type=\"text\" name=\"avia_6_1\" class=\"hidden \" id=\"avia_6_1\" value=\"\" \/><\/p><p class=' av_form_privacy_check av_contact_privacy_check first_form  form_element form_fullwidth' id='element_avia_7_1'><input  name=\"avia_7_1\" class=\"input_checkbox is_empty\" type=\"checkbox\" id=\"avia_7_1\" value=\"true\"\/><label class=\"input_checkbox_label\" for=\"avia_7_1\">Elfogadom az adatkezel\u00e9si nyilatkozatot <abbr class=\"required\" title=\"required\">*<\/abbr><\/label><\/p><p class=\"form_element \"><input type=\"hidden\" value=\"1\" name=\"avia_generated_form1\" \/><input type=\"submit\" value=\"K\u00fcld\u00e9s\" class=\"button\"  data-sending-label=\"K\u00fcld\u00e9s\"\/><\/p><\/fieldset><\/form><div id=\"ajaxresponse_1\" class=\"ajaxresponse ajaxresponse_1 hidden\"><\/div><\/p><\/div>\n<style type=\"text\/css\" data-created_by=\"avia_inline_auto\" id=\"style-css-av-3yol08-815c1fa6606d1e96bba90c93c44b8c0c\">\n.flex_column.av-3yol08-815c1fa6606d1e96bba90c93c44b8c0c{\nborder-radius:0px 0px 0px 0px;\npadding:0px 0px 0px 0px;\n}\n<\/style>\n<div  class='flex_column av-3yol08-815c1fa6606d1e96bba90c93c44b8c0c av_one_fifth  avia-builder-el-17  el_after_av_three_fifth  el_before_av_hr  flex_column_div av-zero-column-padding  '     ><\/div>\n<style type=\"text\/css\" data-created_by=\"avia_inline_auto\" id=\"style-css-av-39s8hk-ff35e9ebd7771295a95458300bb843a0\">\n#top .hr.hr-invisible.av-39s8hk-ff35e9ebd7771295a95458300bb843a0{\nheight:50px;\n}\n<\/style>\n<div  class='hr av-39s8hk-ff35e9ebd7771295a95458300bb843a0 hr-invisible  avia-builder-el-18  el_after_av_one_fifth  avia-builder-el-last '><span class='hr-inner '><span class=\"hr-inner-style\"><\/span><\/span><\/div>\n<\/div><\/div><\/div><!-- close content main div --><\/div><\/div><\/div><div id='after_section_3'  class='main_color av_default_container_wrap container_wrap sidebar_right'  ><div class='container av-section-cont-open' ><div class='template-page content  av-content-small alpha units'><div class='post-entry post-entry-type-page post-entry-32455'><div class='entry-content-wrapper clearfix'><\/p>\n","protected":false},"excerpt":{"rendered":"","protected":false},"author":2,"featured_media":0,"parent":0,"menu_order":0,"comment_status":"closed","ping_status":"closed","template":"","meta":{"footnotes":""},"class_list":["post-32455","page","type-page","status-publish","hentry"],"aioseo_notices":[],"_links":{"self":[{"href":"https:\/\/www.bau-styl.hu\/furdoszobaszalon\/wp-json\/wp\/v2\/pages\/32455","targetHints":{"allow":["GET"]}}],"collection":[{"href":"https:\/\/www.bau-styl.hu\/furdoszobaszalon\/wp-json\/wp\/v2\/pages"}],"about":[{"href":"https:\/\/www.bau-styl.hu\/furdoszobaszalon\/wp-json\/wp\/v2\/types\/page"}],"author":[{"embeddable":true,"href":"https:\/\/www.bau-styl.hu\/furdoszobaszalon\/wp-json\/wp\/v2\/users\/2"}],"replies":[{"embeddable":true,"href":"https:\/\/www.bau-styl.hu\/furdoszobaszalon\/wp-json\/wp\/v2\/comments?post=32455"}],"version-history":[{"count":0,"href":"https:\/\/www.bau-styl.hu\/furdoszobaszalon\/wp-json\/wp\/v2\/pages\/32455\/revisions"}],"wp:attachment":[{"href":"https:\/\/www.bau-styl.hu\/furdoszobaszalon\/wp-json\/wp\/v2\/media?parent=32455"}],"curies":[{"name":"wp","href":"https:\/\/api.w.org\/{rel}","templated":true}]}}