{"id":38319,"date":"2022-09-14T06:52:09","date_gmt":"2022-09-14T05:52:09","guid":{"rendered":"https:\/\/www.bau-styl.hu\/furdoszobaszalon\/?page_id=38319"},"modified":"2023-04-08T15:51:23","modified_gmt":"2023-04-08T14:51:23","slug":"mazas-falicsempek","status":"publish","type":"page","link":"https:\/\/www.bau-styl.hu\/furdoszobaszalon\/mazas-falicsempek\/","title":{"rendered":"M\u00e1zas falicsemp\u00e9k"},"content":{"rendered":"\n<style type=\"text\/css\" data-created_by=\"avia_inline_auto\" id=\"style-css-av-l817e13n-2a42cd4ddea2a3e239a7503cac355dfb\">\n.avia-section.av-l817e13n-2a42cd4ddea2a3e239a7503cac355dfb{\nbackground-repeat:no-repeat;\nbackground-image:url(https:\/\/www.bau-styl.hu\/furdoszobaszalon\/wp-content\/uploads\/2022\/07\/Ragno-Sol-8.jpg);\nbackground-position:50% 50%;\nbackground-attachment:scroll;\n}\n.avia-section.av-l817e13n-2a42cd4ddea2a3e239a7503cac355dfb .av-section-color-overlay{\nopacity:0.5;\nbackground-color:#000000;\n}\n<\/style>\n<div id='av_section_1'  class='avia-section av-l817e13n-2a42cd4ddea2a3e239a7503cac355dfb main_color avia-section-default avia-no-shadow  avia-builder-el-0  el_before_av_one_third  avia-builder-el-first  avia-full-stretch avia-bg-style-scroll av-section-color-overlay-active container_wrap sidebar_right'  data-section-bg-repeat='stretch'><div class=\"av-section-color-overlay-wrap\"><div class=\"av-section-color-overlay\"><\/div><div class='container av-section-cont-open' ><main  role=\"main\" itemprop=\"mainContentOfPage\"  class='template-page content  av-content-small alpha units'><div class='post-entry post-entry-type-page post-entry-38319'><div class='entry-content-wrapper clearfix'>\n\n<style type=\"text\/css\" data-created_by=\"avia_inline_auto\" id=\"style-css-av-1ivtxpr-229191da554c48108375bc697614b913\">\n#top .hr.hr-invisible.av-1ivtxpr-229191da554c48108375bc697614b913{\nheight:50px;\n}\n<\/style>\n<div  class='hr av-1ivtxpr-229191da554c48108375bc697614b913 hr-invisible  avia-builder-el-1  el_before_av_heading  avia-builder-el-first '><span class='hr-inner '><span class=\"hr-inner-style\"><\/span><\/span><\/div>\n\n<style type=\"text\/css\" data-created_by=\"avia_inline_auto\" id=\"style-css-av-l817gghy-aa8f4916d55c4071e0d4bccd73b68885\">\n#top .av-special-heading.av-l817gghy-aa8f4916d55c4071e0d4bccd73b68885{\npadding-bottom:10px;\ncolor:#ffffff;\n}\nbody .av-special-heading.av-l817gghy-aa8f4916d55c4071e0d4bccd73b68885 .av-special-heading-tag .heading-char{\nfont-size:25px;\n}\n.av-special-heading.av-l817gghy-aa8f4916d55c4071e0d4bccd73b68885 .special-heading-inner-border{\nborder-color:#ffffff;\n}\n.av-special-heading.av-l817gghy-aa8f4916d55c4071e0d4bccd73b68885 .av-subheading{\nfont-size:15px;\n}\n<\/style>\n<div  class='av-special-heading av-l817gghy-aa8f4916d55c4071e0d4bccd73b68885 av-special-heading-h1 custom-color-heading blockquote modern-quote modern-centered  avia-builder-el-2  el_after_av_hr  el_before_av_hr '><h1 class='av-special-heading-tag '  itemprop=\"headline\"  >M\u00c1ZAS FALICSEMP\u00c9K<\/h1><div class='av_custom_color av-subheading av-subheading_below'><p>&#8211; HAT\u00c1SOK &#8211;<\/p>\n<\/div><div class=\"special-heading-border\"><div class=\"special-heading-inner-border\"><\/div><\/div><\/div>\n\n<style type=\"text\/css\" data-created_by=\"avia_inline_auto\" id=\"style-css-av-2o46lr-3a31d99b0180a6963381bfa650dccb71\">\n#top .hr.hr-invisible.av-2o46lr-3a31d99b0180a6963381bfa650dccb71{\nheight:50px;\n}\n<\/style>\n<div  class='hr av-2o46lr-3a31d99b0180a6963381bfa650dccb71 hr-invisible  avia-builder-el-3  el_after_av_heading  avia-builder-el-last '><span class='hr-inner '><span class=\"hr-inner-style\"><\/span><\/span><\/div>\n<\/div><\/div><\/main><!-- close content main element --><\/div><\/div><\/div><div id='after_section_1'  class='main_color av_default_container_wrap container_wrap sidebar_right'  ><div class='container av-section-cont-open' ><div class='template-page content  av-content-small alpha units'><div class='post-entry post-entry-type-page post-entry-38319'><div class='entry-content-wrapper clearfix'>\n\n<style type=\"text\/css\" data-created_by=\"avia_inline_auto\" id=\"style-css-av-7pfs5db-6d96e00f28f9ced29b93976cca0077f2\">\n.flex_column.av-7pfs5db-6d96e00f28f9ced29b93976cca0077f2{\nborder-radius:0px 0px 0px 0px;\npadding:0px 0px 0px 0px;\n}\n<\/style>\n<div  class='flex_column av-7pfs5db-6d96e00f28f9ced29b93976cca0077f2 av_one_third  avia-builder-el-4  el_after_av_section  el_before_av_one_third  avia-builder-el-first  first flex_column_div av-zero-column-padding  '     ><p><section  class='av_textblock_section av-l817qciy-37424a405580444f116f1371bd9dd578 '   itemscope=\"itemscope\" itemtype=\"https:\/\/schema.org\/CreativeWork\" ><div class='avia_textblock'  itemprop=\"text\" ><p><strong>NOVABELL FUSION<\/strong><\/p>\n<\/div><\/section><br \/>\n\n<style type=\"text\/css\" data-created_by=\"avia_inline_auto\" id=\"style-css-av-l817qpnc-6747573c4844c01312436addfe425b05\">\n.avia-image-container.av-l817qpnc-6747573c4844c01312436addfe425b05 img.avia_image{\nbox-shadow:none;\n}\n.avia-image-container.av-l817qpnc-6747573c4844c01312436addfe425b05 .av-image-caption-overlay-center{\ncolor:#ffffff;\n}\n<\/style>\n<div  class='avia-image-container av-l817qpnc-6747573c4844c01312436addfe425b05 av-styling- av-hover-grow av-hide-overflow av-img-linked avia-align-center  avia-builder-el-6  el_after_av_textblock  avia-builder-el-last '   itemprop=\"image\" itemscope=\"itemscope\" itemtype=\"https:\/\/schema.org\/ImageObject\" ><div class=\"avia-image-container-inner\"><div class=\"avia-image-overlay-wrap\"><img decoding=\"async\" fetchpriority=\"high\" class='wp-image-34365 avia-img-lazy-loading-not-34365 avia_image ' src=\"https:\/\/www.bau-styl.hu\/furdoszobaszalon\/wp-content\/uploads\/2022\/01\/05_Blue_Bistrot-845x684.jpg\" alt='' title='Novabell Fusion'  height=\"684\" width=\"845\"  itemprop=\"thumbnailUrl\" srcset=\"https:\/\/www.bau-styl.hu\/furdoszobaszalon\/wp-content\/uploads\/2022\/01\/05_Blue_Bistrot-845x684.jpg 845w, https:\/\/www.bau-styl.hu\/furdoszobaszalon\/wp-content\/uploads\/2022\/01\/05_Blue_Bistrot-495x400.jpg 495w\" sizes=\"(max-width: 845px) 100vw, 845px\" \/><\/div><\/div><\/div><\/p><\/div>\n\n<style type=\"text\/css\" data-created_by=\"avia_inline_auto\" id=\"style-css-av-5qg99hr-19e5bb057cffafe64726b851d099324b\">\n.flex_column.av-5qg99hr-19e5bb057cffafe64726b851d099324b{\nborder-radius:0px 0px 0px 0px;\npadding:0px 0px 0px 0px;\n}\n<\/style>\n<div  class='flex_column av-5qg99hr-19e5bb057cffafe64726b851d099324b av_one_third  avia-builder-el-7  el_after_av_one_third  el_before_av_one_third  flex_column_div av-zero-column-padding  '     ><p><section  class='av_textblock_section av-ilkwhb-0c0e16eae8458f0e6c824e55bb4c9dc4 '   itemscope=\"itemscope\" itemtype=\"https:\/\/schema.org\/CreativeWork\" ><div class='avia_textblock'  itemprop=\"text\" ><p><b><strong>RAGNO <\/strong>GLEEZE<\/b><\/p>\n<\/div><\/section><br \/>\n\n<style type=\"text\/css\" data-created_by=\"avia_inline_auto\" id=\"style-css-av-4s61ogf-fc27491ea562f0c37d9c623c4cd35a62\">\n.avia-image-container.av-4s61ogf-fc27491ea562f0c37d9c623c4cd35a62 img.avia_image{\nbox-shadow:none;\n}\n.avia-image-container.av-4s61ogf-fc27491ea562f0c37d9c623c4cd35a62 .av-image-caption-overlay-center{\ncolor:#ffffff;\n}\n<\/style>\n<div  class='avia-image-container av-4s61ogf-fc27491ea562f0c37d9c623c4cd35a62 av-styling- av-hover-grow av-hide-overflow av-img-linked avia-align-center  avia-builder-el-9  el_after_av_textblock  avia-builder-el-last '   itemprop=\"image\" itemscope=\"itemscope\" itemtype=\"https:\/\/schema.org\/ImageObject\" ><div class=\"avia-image-container-inner\"><div class=\"avia-image-overlay-wrap\"><a href=\"https:\/\/www.bau-styl.hu\/furdoszobaszalon\/ragno-gleeze\/\" class='avia_image '  aria-label='Ragno Gleeze (6)'><img decoding=\"async\" fetchpriority=\"high\" class='wp-image-33611 avia-img-lazy-loading-not-33611 avia_image ' src=\"https:\/\/www.bau-styl.hu\/furdoszobaszalon\/wp-content\/uploads\/2021\/10\/Ragno-Gleeze-6-495x400.jpg\" alt='' title='Ragno Gleeze (6)'  height=\"400\" width=\"495\"  itemprop=\"thumbnailUrl\" srcset=\"https:\/\/www.bau-styl.hu\/furdoszobaszalon\/wp-content\/uploads\/2021\/10\/Ragno-Gleeze-6-495x400.jpg 495w, https:\/\/www.bau-styl.hu\/furdoszobaszalon\/wp-content\/uploads\/2021\/10\/Ragno-Gleeze-6-845x684.jpg 845w\" sizes=\"(max-width: 495px) 100vw, 495px\" \/><\/a><\/div><\/div><\/div><\/p><\/div>\n\n<style type=\"text\/css\" data-created_by=\"avia_inline_auto\" id=\"style-css-av-4bwqfn3-4505fb8b8c875a600be8b1cbf1daab8f\">\n.flex_column.av-4bwqfn3-4505fb8b8c875a600be8b1cbf1daab8f{\nborder-radius:0px 0px 0px 0px;\npadding:0px 0px 0px 0px;\n}\n<\/style>\n<div  class='flex_column av-4bwqfn3-4505fb8b8c875a600be8b1cbf1daab8f av_one_third  avia-builder-el-10  el_after_av_one_third  el_before_av_one_third  flex_column_div av-zero-column-padding  '     ><p><section  class='av_textblock_section av-3xhbvhr-a44d8370a58472205a517e609430cb43 '   itemscope=\"itemscope\" itemtype=\"https:\/\/schema.org\/CreativeWork\" ><div class='avia_textblock'  itemprop=\"text\" ><p><strong>RAGNO LOOK<\/strong><\/p>\n<\/div><\/section><br \/>\n\n<style type=\"text\/css\" data-created_by=\"avia_inline_auto\" id=\"style-css-av-3dr1qsv-05b71826853e99839f88472f1791ffba\">\n.avia-image-container.av-3dr1qsv-05b71826853e99839f88472f1791ffba img.avia_image{\nbox-shadow:none;\n}\n.avia-image-container.av-3dr1qsv-05b71826853e99839f88472f1791ffba .av-image-caption-overlay-center{\ncolor:#ffffff;\n}\n<\/style>\n<div  class='avia-image-container av-3dr1qsv-05b71826853e99839f88472f1791ffba av-styling- av-hover-grow av-hide-overflow av-img-linked avia-align-center  avia-builder-el-12  el_after_av_textblock  avia-builder-el-last '   itemprop=\"image\" itemscope=\"itemscope\" itemtype=\"https:\/\/schema.org\/ImageObject\" ><div class=\"avia-image-container-inner\"><div class=\"avia-image-overlay-wrap\"><a href=\"https:\/\/www.bau-styl.hu\/furdoszobaszalon\/ragno-look\/\" class='avia_image '  aria-label='Ragno Look'><img decoding=\"async\" fetchpriority=\"high\" class='wp-image-24918 avia-img-lazy-loading-not-24918 avia_image ' src=\"https:\/\/www.bau-styl.hu\/furdoszobaszalon\/wp-content\/uploads\/2020\/08\/Ragno-Look-2-495x400.jpg\" alt='Ragno Look' title='Ragno Look'  height=\"400\" width=\"495\"  itemprop=\"thumbnailUrl\"  \/><\/a><\/div><\/div><\/div><\/p><\/div>\n\n<style type=\"text\/css\" data-created_by=\"avia_inline_auto\" id=\"style-css-av-2wharrj-57b75d6632eb69a57f2e8758051bca69\">\n.flex_column.av-2wharrj-57b75d6632eb69a57f2e8758051bca69{\nborder-radius:0px 0px 0px 0px;\npadding:0px 0px 0px 0px;\n}\n<\/style>\n<div  class='flex_column av-2wharrj-57b75d6632eb69a57f2e8758051bca69 av_one_third  avia-builder-el-13  el_after_av_one_third  el_before_av_one_third  first flex_column_div av-zero-column-padding  column-top-margin'     ><p><section  class='av_textblock_section av-2nlrfe7-4fe5be3a4fbf3de4627349a4bbeed242 '   itemscope=\"itemscope\" itemtype=\"https:\/\/schema.org\/CreativeWork\" ><div class='avia_textblock'  itemprop=\"text\" ><p><strong>RAGNO M\u00c9LANGE<\/strong><\/p>\n<\/div><\/section><br \/>\n\n<style type=\"text\/css\" data-created_by=\"avia_inline_auto\" id=\"style-css-av-24scfan-09c28ca2a3f90a0e8d62364d3e67e496\">\n.avia-image-container.av-24scfan-09c28ca2a3f90a0e8d62364d3e67e496 img.avia_image{\nbox-shadow:none;\n}\n.avia-image-container.av-24scfan-09c28ca2a3f90a0e8d62364d3e67e496 .av-image-caption-overlay-center{\ncolor:#ffffff;\n}\n<\/style>\n<div  class='avia-image-container av-24scfan-09c28ca2a3f90a0e8d62364d3e67e496 av-styling- av-hover-grow av-hide-overflow av-img-linked avia-align-center  avia-builder-el-15  el_after_av_textblock  avia-builder-el-last '   itemprop=\"image\" itemscope=\"itemscope\" itemtype=\"https:\/\/schema.org\/ImageObject\" ><div class=\"avia-image-container-inner\"><div class=\"avia-image-overlay-wrap\"><a href=\"https:\/\/www.bau-styl.hu\/furdoszobaszalon\/ragno-melange\/\" class='avia_image '  aria-label='Ragno Melange'><img decoding=\"async\" fetchpriority=\"high\" class='wp-image-24948 avia-img-lazy-loading-not-24948 avia_image ' src=\"https:\/\/www.bau-styl.hu\/furdoszobaszalon\/wp-content\/uploads\/2020\/08\/Ragno-Melange-11-495x400.jpg\" alt='Ragno Melange' title='Ragno Melange'  height=\"400\" width=\"495\"  itemprop=\"thumbnailUrl\" srcset=\"https:\/\/www.bau-styl.hu\/furdoszobaszalon\/wp-content\/uploads\/2020\/08\/Ragno-Melange-11-495x400.jpg 495w, https:\/\/www.bau-styl.hu\/furdoszobaszalon\/wp-content\/uploads\/2020\/08\/Ragno-Melange-11-845x684.jpg 845w\" sizes=\"(max-width: 495px) 100vw, 495px\" \/><\/a><\/div><\/div><\/div><\/p><\/div>\n\n<style type=\"text\/css\" data-created_by=\"avia_inline_auto\" id=\"style-css-av-1pn1ibz-69368a8b6bd6aa38334d0942293bf1de\">\n.flex_column.av-1pn1ibz-69368a8b6bd6aa38334d0942293bf1de{\nborder-radius:0px 0px 0px 0px;\npadding:0px 0px 0px 0px;\n}\n<\/style>\n<div  class='flex_column av-1pn1ibz-69368a8b6bd6aa38334d0942293bf1de av_one_third  avia-builder-el-16  el_after_av_one_third  el_before_av_one_third  flex_column_div av-zero-column-padding  column-top-margin'     ><p><section  class='av_textblock_section av-18fqevj-23bdb45dc1393a9c5a246db18a814b41 '   itemscope=\"itemscope\" itemtype=\"https:\/\/schema.org\/CreativeWork\" ><div class='avia_textblock'  itemprop=\"text\" ><p><strong>RAGNO SOL<\/strong><\/p>\n<\/div><\/section><br \/>\n\n<style type=\"text\/css\" data-created_by=\"avia_inline_auto\" id=\"style-css-av-n1wxov-52b3a5bcbceb02a671ff85725bbf9721\">\n.avia-image-container.av-n1wxov-52b3a5bcbceb02a671ff85725bbf9721 img.avia_image{\nbox-shadow:none;\n}\n.avia-image-container.av-n1wxov-52b3a5bcbceb02a671ff85725bbf9721 .av-image-caption-overlay-center{\ncolor:#ffffff;\n}\n<\/style>\n<div  class='avia-image-container av-n1wxov-52b3a5bcbceb02a671ff85725bbf9721 av-styling- av-hover-grow av-hide-overflow av-img-linked avia-align-center  avia-builder-el-18  el_after_av_textblock  avia-builder-el-last '   itemprop=\"image\" itemscope=\"itemscope\" itemtype=\"https:\/\/schema.org\/ImageObject\" ><div class=\"avia-image-container-inner\"><div class=\"avia-image-overlay-wrap\"><a href=\"https:\/\/www.bau-styl.hu\/furdoszobaszalon\/ragno-sol\/\" class='avia_image '  aria-label='Ragno Sol'><img decoding=\"async\" fetchpriority=\"high\" class='wp-image-36530 avia-img-lazy-loading-not-36530 avia_image ' src=\"https:\/\/www.bau-styl.hu\/furdoszobaszalon\/wp-content\/uploads\/2022\/07\/Ragno-Sol-6-495x400.jpg\" alt='Ragno Sol' title='Ragno Sol'  height=\"400\" width=\"495\"  itemprop=\"thumbnailUrl\" srcset=\"https:\/\/www.bau-styl.hu\/furdoszobaszalon\/wp-content\/uploads\/2022\/07\/Ragno-Sol-6-495x400.jpg 495w, https:\/\/www.bau-styl.hu\/furdoszobaszalon\/wp-content\/uploads\/2022\/07\/Ragno-Sol-6-845x684.jpg 845w\" sizes=\"(max-width: 495px) 100vw, 495px\" \/><\/a><\/div><\/div><\/div><\/p><\/div>\n\n<style type=\"text\/css\" data-created_by=\"avia_inline_auto\" id=\"style-css-av-17xkoxb-6d3cf5698e56e7202561b29100a05dcf\">\n.flex_column.av-17xkoxb-6d3cf5698e56e7202561b29100a05dcf{\nborder-radius:0px 0px 0px 0px;\npadding:0px 0px 0px 0px;\n}\n<\/style>\n<div  class='flex_column av-17xkoxb-6d3cf5698e56e7202561b29100a05dcf av_one_third  avia-builder-el-19  el_after_av_one_third  el_before_av_one_third  flex_column_div av-zero-column-padding  column-top-margin'     ><p><section  class='av_textblock_section av-l81aakvf-082ebeb8a48be7bb35b1e530b196f4bd '   itemscope=\"itemscope\" itemtype=\"https:\/\/schema.org\/CreativeWork\" ><div class='avia_textblock'  itemprop=\"text\" ><p><strong>MARCA CORONA MULTIFORME<\/strong><\/p>\n<\/div><\/section><br \/>\n\n<style type=\"text\/css\" data-created_by=\"avia_inline_auto\" id=\"style-css-av-l81ab9i9-b9915b03cff92f31151a797c9525139a\">\n.avia-image-container.av-l81ab9i9-b9915b03cff92f31151a797c9525139a img.avia_image{\nbox-shadow:none;\n}\n.avia-image-container.av-l81ab9i9-b9915b03cff92f31151a797c9525139a .av-image-caption-overlay-center{\ncolor:#ffffff;\n}\n<\/style>\n<div  class='avia-image-container av-l81ab9i9-b9915b03cff92f31151a797c9525139a av-styling- av-hover-grow av-hide-overflow av-img-linked avia-align-center  avia-builder-el-21  el_after_av_textblock  avia-builder-el-last '   itemprop=\"image\" itemscope=\"itemscope\" itemtype=\"https:\/\/schema.org\/ImageObject\" ><div class=\"avia-image-container-inner\"><div class=\"avia-image-overlay-wrap\"><a href=\"https:\/\/www.bau-styl.hu\/furdoszobaszalon\/marca-corona-multiforme\/\" class='avia_image '  aria-label='Marca Corona Multiforme (23)'><img decoding=\"async\" fetchpriority=\"high\" class='wp-image-34022 avia-img-lazy-loading-not-34022 avia_image ' src=\"https:\/\/www.bau-styl.hu\/furdoszobaszalon\/wp-content\/uploads\/2022\/01\/Marca-Corona-Multiforme-23-495x400.jpg\" alt='Marca Corona Multiforme' title='Marca Corona Multiforme (23)'  height=\"400\" width=\"495\"  itemprop=\"thumbnailUrl\" srcset=\"https:\/\/www.bau-styl.hu\/furdoszobaszalon\/wp-content\/uploads\/2022\/01\/Marca-Corona-Multiforme-23-495x400.jpg 495w, https:\/\/www.bau-styl.hu\/furdoszobaszalon\/wp-content\/uploads\/2022\/01\/Marca-Corona-Multiforme-23-845x684.jpg 845w\" sizes=\"(max-width: 495px) 100vw, 495px\" \/><\/a><\/div><\/div><\/div><\/p><\/div>\n\n<style type=\"text\/css\" data-created_by=\"avia_inline_auto\" id=\"style-css-av-av_one_third-068220c8262444be99a83ad265bdcedb\">\n.flex_column.av-av_one_third-068220c8262444be99a83ad265bdcedb{\nborder-radius:0px 0px 0px 0px;\npadding:0px 0px 0px 0px;\n}\n<\/style>\n<div  class='flex_column av-av_one_third-068220c8262444be99a83ad265bdcedb av_one_third  avia-builder-el-22  el_after_av_one_third  el_before_av_one_third  first flex_column_div av-zero-column-padding  column-top-margin'     ><p><section  class='av_textblock_section av-lg83clc9-35ea36e730320dd4c92f433dde77590c '   itemscope=\"itemscope\" itemtype=\"https:\/\/schema.org\/CreativeWork\" ><div class='avia_textblock'  itemprop=\"text\" ><p><strong>MARCA CORONA MINIATURE SODA<\/strong><\/p>\n<\/div><\/section><br \/>\n\n<style type=\"text\/css\" data-created_by=\"avia_inline_auto\" id=\"style-css-av-av_image-411138f24c7e5c84b1cd91fcca9f4672\">\n.avia-image-container.av-av_image-411138f24c7e5c84b1cd91fcca9f4672 img.avia_image{\nbox-shadow:none;\n}\n.avia-image-container.av-av_image-411138f24c7e5c84b1cd91fcca9f4672 .av-image-caption-overlay-center{\ncolor:#ffffff;\n}\n<\/style>\n<div  class='avia-image-container av-av_image-411138f24c7e5c84b1cd91fcca9f4672 av-styling- av-hover-grow av-hide-overflow av-img-linked avia-align-center  avia-builder-el-24  el_after_av_textblock  avia-builder-el-last '   itemprop=\"image\" itemscope=\"itemscope\" itemtype=\"https:\/\/schema.org\/ImageObject\" ><div class=\"avia-image-container-inner\"><div class=\"avia-image-overlay-wrap\"><a href=\"https:\/\/www.bau-styl.hu\/furdoszobaszalon\/marca-corona-miniature\/\" class='avia_image '  aria-label='Marca Corona Miniature (6)'><img decoding=\"async\" fetchpriority=\"high\" class='wp-image-40901 avia-img-lazy-loading-not-40901 avia_image ' src=\"https:\/\/www.bau-styl.hu\/furdoszobaszalon\/wp-content\/uploads\/2023\/01\/Marca-Corona-Miniature-6-495x400.jpg\" alt='' title='Marca Corona Miniature (6)'  height=\"400\" width=\"495\"  itemprop=\"thumbnailUrl\" srcset=\"https:\/\/www.bau-styl.hu\/furdoszobaszalon\/wp-content\/uploads\/2023\/01\/Marca-Corona-Miniature-6-495x400.jpg 495w, https:\/\/www.bau-styl.hu\/furdoszobaszalon\/wp-content\/uploads\/2023\/01\/Marca-Corona-Miniature-6-845x684.jpg 845w\" sizes=\"(max-width: 495px) 100vw, 495px\" \/><\/a><\/div><\/div><\/div><\/p><\/div>\n<style type=\"text\/css\" data-created_by=\"avia_inline_auto\" id=\"style-css-av-av_one_third-e671fab5613f317ef63eb9ab712c64a3\">\n.flex_column.av-av_one_third-e671fab5613f317ef63eb9ab712c64a3{\nborder-radius:0px 0px 0px 0px;\npadding:0px 0px 0px 0px;\n}\n<\/style>\n<div  class='flex_column av-av_one_third-e671fab5613f317ef63eb9ab712c64a3 av_one_third  avia-builder-el-25  el_after_av_one_third  el_before_av_one_third  flex_column_div av-zero-column-padding  column-top-margin'     ><p><section  class='av_textblock_section av-lg83di9d-12c913d3ea07015df4079b854a81560c '   itemscope=\"itemscope\" itemtype=\"https:\/\/schema.org\/CreativeWork\" ><div class='avia_textblock'  itemprop=\"text\" ><p><strong>MARCA CORONA MINIATURE FUOCO<\/strong><\/p>\n<\/div><\/section><br \/>\n\n<style type=\"text\/css\" data-created_by=\"avia_inline_auto\" id=\"style-css-av-lg83fco2-c53fb2e98e11b958a1d1730d9cd7aaa9\">\n.avia-image-container.av-lg83fco2-c53fb2e98e11b958a1d1730d9cd7aaa9 img.avia_image{\nbox-shadow:none;\n}\n.avia-image-container.av-lg83fco2-c53fb2e98e11b958a1d1730d9cd7aaa9 .av-image-caption-overlay-center{\ncolor:#ffffff;\n}\n<\/style>\n<div  class='avia-image-container av-lg83fco2-c53fb2e98e11b958a1d1730d9cd7aaa9 av-styling- av-hover-grow av-hide-overflow av-img-linked avia-align-center  avia-builder-el-27  el_after_av_textblock  avia-builder-el-last '   itemprop=\"image\" itemscope=\"itemscope\" itemtype=\"https:\/\/schema.org\/ImageObject\" ><div class=\"avia-image-container-inner\"><div class=\"avia-image-overlay-wrap\"><a href=\"https:\/\/www.bau-styl.hu\/furdoszobaszalon\/marca-corona-miniature\/\" class='avia_image '  aria-label='Marca Corona Miniature (28)'><img decoding=\"async\" fetchpriority=\"high\" class='wp-image-40923 avia-img-lazy-loading-not-40923 avia_image ' src=\"https:\/\/www.bau-styl.hu\/furdoszobaszalon\/wp-content\/uploads\/2023\/01\/Marca-Corona-Miniature-28-495x400.jpg\" alt='' title='Marca Corona Miniature (28)'  height=\"400\" width=\"495\"  itemprop=\"thumbnailUrl\"  \/><\/a><\/div><\/div><\/div><\/p><\/div>\n<style type=\"text\/css\" data-created_by=\"avia_inline_auto\" id=\"style-css-av-av_one_third-e671fab5613f317ef63eb9ab712c64a3\">\n.flex_column.av-av_one_third-e671fab5613f317ef63eb9ab712c64a3{\nborder-radius:0px 0px 0px 0px;\npadding:0px 0px 0px 0px;\n}\n<\/style>\n<div  class='flex_column av-av_one_third-e671fab5613f317ef63eb9ab712c64a3 av_one_third  avia-builder-el-28  el_after_av_one_third  el_before_av_one_full  flex_column_div av-zero-column-padding  column-top-margin'     ><p><section  class='av_textblock_section av-lg83dtj5-ccab60f44a1bc3a5d41cc67b805ebe68 '   itemscope=\"itemscope\" itemtype=\"https:\/\/schema.org\/CreativeWork\" ><div class='avia_textblock'  itemprop=\"text\" ><p><strong>MARCA CORONA MINIATURE FREGIO<\/strong><\/p>\n<\/div><\/section><br \/>\n\n<style type=\"text\/css\" data-created_by=\"avia_inline_auto\" id=\"style-css-av-lg83eip7-4f40c0f8d66a3359ff16e58ee2f1fd32\">\n.avia-image-container.av-lg83eip7-4f40c0f8d66a3359ff16e58ee2f1fd32 img.avia_image{\nbox-shadow:none;\n}\n.avia-image-container.av-lg83eip7-4f40c0f8d66a3359ff16e58ee2f1fd32 .av-image-caption-overlay-center{\ncolor:#ffffff;\n}\n<\/style>\n<div  class='avia-image-container av-lg83eip7-4f40c0f8d66a3359ff16e58ee2f1fd32 av-styling- av-hover-grow av-hide-overflow av-img-linked avia-align-center  avia-builder-el-30  el_after_av_textblock  avia-builder-el-last '   itemprop=\"image\" itemscope=\"itemscope\" itemtype=\"https:\/\/schema.org\/ImageObject\" ><div class=\"avia-image-container-inner\"><div class=\"avia-image-overlay-wrap\"><a href=\"https:\/\/www.bau-styl.hu\/furdoszobaszalon\/marca-corona-miniature\/\" class='avia_image '  aria-label='Marca Corona Miniature (13)'><img decoding=\"async\" fetchpriority=\"high\" class='wp-image-40908 avia-img-lazy-loading-not-40908 avia_image ' src=\"https:\/\/www.bau-styl.hu\/furdoszobaszalon\/wp-content\/uploads\/2023\/01\/Marca-Corona-Miniature-13-495x400.jpg\" alt='' title='Marca Corona Miniature (13)'  height=\"400\" width=\"495\"  itemprop=\"thumbnailUrl\"  \/><\/a><\/div><\/div><\/div><\/p><\/div><div  class='flex_column av-1jv4xvz-3150891f26623bb9ad477ddcc3e0ac8a av_one_full  avia-builder-el-31  el_after_av_one_third  avia-builder-el-last  first flex_column_div  column-top-margin'     ><p>\n<style type=\"text\/css\" data-created_by=\"avia_inline_auto\" id=\"style-css-av-15bv2b3-46b537352359613746022d870c488c9e\">\n#top .hr.hr-invisible.av-15bv2b3-46b537352359613746022d870c488c9e{\nheight:50px;\n}\n<\/style>\n<div  class='hr av-15bv2b3-46b537352359613746022d870c488c9e hr-invisible  avia-builder-el-32  el_before_av_promobox  avia-builder-el-first '><span class='hr-inner '><span class=\"hr-inner-style\"><\/span><\/span><\/div><br \/>\n<div  class='av_promobox av-nolju7-4899a2ecbae53624eb9ef0b44f369f8e avia-button-yes  avia-builder-el-33  el_after_av_hr  avia-builder-el-last '><div class='avia-promocontent'><p>\n<strong>Ha elnyerte tetsz\u00e9s\u00e9t valamelyik kollekci\u00f3, sok szeretettel v\u00e1rjuk szem\u00e9lyesen is szalonunkban!<\/strong><br \/>\nFoglaljon id\u0151pontot \u00e9rt\u00e9kes\u00edt\u0151nkh\u00f6z, \u00edgy mindenben teljes k\u00f6r\u0171en tudunk seg\u00edteni!<\/p>\n<\/div><div  class='avia-button-wrap av-nolju7-60998419346d8a2cc6e70df8c6e8e199-wrap avia-button-right '><a href='https:\/\/www.bau-styl.hu\/furdoszobaszalon\/rolunk\/#foglalas'  class='avia-button av-nolju7-60998419346d8a2cc6e70df8c6e8e199 av-link-btn avia-icon_select-no avia-size-large avia-position-right avia-color-theme-color'   aria-label=\"ID\u0150PONTOT FOGLALOK!\"><span class='avia_iconbox_title' >ID\u0150PONTOT FOGLALOK!<\/span><\/a><\/div><\/div><\/p><\/div><\/p>\n","protected":false},"excerpt":{"rendered":"","protected":false},"author":2,"featured_media":0,"parent":0,"menu_order":0,"comment_status":"closed","ping_status":"closed","template":"","meta":{"footnotes":""},"class_list":["post-38319","page","type-page","status-publish","hentry"],"aioseo_notices":[],"_links":{"self":[{"href":"https:\/\/www.bau-styl.hu\/furdoszobaszalon\/wp-json\/wp\/v2\/pages\/38319","targetHints":{"allow":["GET"]}}],"collection":[{"href":"https:\/\/www.bau-styl.hu\/furdoszobaszalon\/wp-json\/wp\/v2\/pages"}],"about":[{"href":"https:\/\/www.bau-styl.hu\/furdoszobaszalon\/wp-json\/wp\/v2\/types\/page"}],"author":[{"embeddable":true,"href":"https:\/\/www.bau-styl.hu\/furdoszobaszalon\/wp-json\/wp\/v2\/users\/2"}],"replies":[{"embeddable":true,"href":"https:\/\/www.bau-styl.hu\/furdoszobaszalon\/wp-json\/wp\/v2\/comments?post=38319"}],"version-history":[{"count":0,"href":"https:\/\/www.bau-styl.hu\/furdoszobaszalon\/wp-json\/wp\/v2\/pages\/38319\/revisions"}],"wp:attachment":[{"href":"https:\/\/www.bau-styl.hu\/furdoszobaszalon\/wp-json\/wp\/v2\/media?parent=38319"}],"curies":[{"name":"wp","href":"https:\/\/api.w.org\/{rel}","templated":true}]}}