{"id":41922,"date":"2023-04-08T15:08:20","date_gmt":"2023-04-08T14:08:20","guid":{"rendered":"https:\/\/www.bau-styl.hu\/furdoszobaszalon\/?page_id=41922"},"modified":"2024-03-20T13:37:26","modified_gmt":"2024-03-20T12:37:26","slug":"coem","status":"publish","type":"page","link":"https:\/\/www.bau-styl.hu\/furdoszobaszalon\/coem\/","title":{"rendered":"Coem"},"content":{"rendered":"<div  class='flex_column av-4ee3obm-6e4b6ecf5d50cbb91575cbecf6a83544 av_one_fifth  avia-builder-el-0  el_before_av_four_fifth  avia-builder-el-first  first flex_column_div  '     ><style type=\"text\/css\" data-created_by=\"avia_inline_auto\" id=\"style-css-av-lg81xij7-2c4bbde2fd90bb84817413b92760a704\">\n.avia-image-container.av-lg81xij7-2c4bbde2fd90bb84817413b92760a704 img.avia_image{\nbox-shadow:none;\n}\n.avia-image-container.av-lg81xij7-2c4bbde2fd90bb84817413b92760a704 .av-image-caption-overlay-center{\ncolor:#ffffff;\n}\n<\/style>\n<div  class='avia-image-container av-lg81xij7-2c4bbde2fd90bb84817413b92760a704 av-styling- avia-align-center  avia-builder-el-1  avia-builder-el-no-sibling '   itemprop=\"image\" itemscope=\"itemscope\" itemtype=\"https:\/\/schema.org\/ImageObject\" ><div class=\"avia-image-container-inner\"><div class=\"avia-image-overlay-wrap\"><img decoding=\"async\" fetchpriority=\"high\" class='wp-image-41927 avia-img-lazy-loading-not-41927 avia_image ' src=\"https:\/\/www.bau-styl.hu\/furdoszobaszalon\/wp-content\/uploads\/2023\/04\/coem.jpg\" alt='' title='coem'  height=\"300\" width=\"300\"  itemprop=\"thumbnailUrl\" srcset=\"https:\/\/www.bau-styl.hu\/furdoszobaszalon\/wp-content\/uploads\/2023\/04\/coem.jpg 300w, https:\/\/www.bau-styl.hu\/furdoszobaszalon\/wp-content\/uploads\/2023\/04\/coem-80x80.jpg 80w, https:\/\/www.bau-styl.hu\/furdoszobaszalon\/wp-content\/uploads\/2023\/04\/coem-36x36.jpg 36w, https:\/\/www.bau-styl.hu\/furdoszobaszalon\/wp-content\/uploads\/2023\/04\/coem-180x180.jpg 180w\" sizes=\"(max-width: 300px) 100vw, 300px\" \/><\/div><\/div><\/div><\/div>\n\n<style type=\"text\/css\" data-created_by=\"avia_inline_auto\" id=\"style-css-av-413pvr6-c9f60d0ae6dbf254bc8a83703609d256\">\n.flex_column.av-413pvr6-c9f60d0ae6dbf254bc8a83703609d256{\nborder-radius:0px 0px 0px 0px;\npadding:0px 0px 0px 0px;\n}\n<\/style>\n<div  class='flex_column av-413pvr6-c9f60d0ae6dbf254bc8a83703609d256 av_four_fifth  avia-builder-el-2  el_after_av_one_fifth  el_before_av_hr  flex_column_div av-zero-column-padding  '     ><section  class='av_textblock_section av-lg81x9yl-40586ff4fd89591de9f463f68ade1877 '   itemscope=\"itemscope\" itemtype=\"https:\/\/schema.org\/CreativeWork\" ><div class='avia_textblock'  itemprop=\"text\" ><p><strong>COEM<\/strong><\/p>\n<hr \/>\n<p style=\"text-align: justify;\"><span style=\"font-weight: 400;\">Az olasz Coem egy m\u00e9lt\u00e1n elismert burkolatgy\u00e1rt\u00f3 c\u00e9g, amely 1970 \u00f3ta foglalkozik ker\u00e1mia- \u00e9s porcel\u00e1nlapok gy\u00e1rt\u00e1s\u00e1val. A Coem term\u00e9kei k\u00f6z\u00e9 tartoznak a fal- \u00e9s padl\u00f3lapok, valamint a k\u00fclt\u00e9ri burkol\u00f3lapok is, amelyek k\u00fcl\u00f6nf\u00e9le m\u00e9retekben, mint\u00e1kban \u00e9s sz\u00ednekben \u00e9rhet\u0151k el. A Coem term\u00e9kei magas min\u0151s\u00e9get \u00e9s innovat\u00edv tervez\u00e9st k\u00e9pviselnek, \u00e9s sz\u00e1mos k\u00fcl\u00f6nb\u00f6z\u0151 st\u00edlus\u00fa burkolatot k\u00edn\u00e1lnak, bele\u00e9rtve a modern, indusztri\u00e1lis, rusztikus \u00e9s klasszikus st\u00edlusokat is.<br \/>\n<strong>A k\u00e9pre kattintva jobban megismerheti az adott burkolatcsal\u00e1dot!<\/strong><br \/>\n<\/span><\/p>\n<\/div><\/section><\/div>\n\n<style type=\"text\/css\" data-created_by=\"avia_inline_auto\" id=\"style-css-av-3ne18xu-41c5c4c4a077df796aef68f9139d1843\">\n#top .hr.hr-invisible.av-3ne18xu-41c5c4c4a077df796aef68f9139d1843{\nheight:50px;\n}\n<\/style>\n<div  class='hr av-3ne18xu-41c5c4c4a077df796aef68f9139d1843 hr-invisible  avia-builder-el-4  el_after_av_four_fifth  el_before_av_one_third '><span class='hr-inner '><span class=\"hr-inner-style\"><\/span><\/span><\/div>\n\n<style type=\"text\/css\" data-created_by=\"avia_inline_auto\" id=\"style-css-av-2x0y5ia-157bfc6fc5738cfb6c97d34ae8bb550c\">\n.flex_column.av-2x0y5ia-157bfc6fc5738cfb6c97d34ae8bb550c{\nborder-radius:0px 0px 0px 0px;\npadding:0px 0px 0px 0px;\n}\n<\/style>\n<div  class='flex_column av-2x0y5ia-157bfc6fc5738cfb6c97d34ae8bb550c av_one_third  avia-builder-el-5  el_after_av_hr  el_before_av_one_third  first flex_column_div av-zero-column-padding  '     ><p><section  class='av_textblock_section av-lg81xu18-36a3f736e34a37070a6b3d7a79098ed9 '   itemscope=\"itemscope\" itemtype=\"https:\/\/schema.org\/CreativeWork\" ><div class='avia_textblock'  itemprop=\"text\" ><p><strong>REVERSO<\/strong><\/p>\n<\/div><\/section><br \/>\n\n<style type=\"text\/css\" data-created_by=\"avia_inline_auto\" id=\"style-css-av-pknh2a-c470764fbcad9ecd64f05bd0c4e5d80b\">\n.avia-image-container.av-pknh2a-c470764fbcad9ecd64f05bd0c4e5d80b img.avia_image{\nbox-shadow:none;\n}\n.avia-image-container.av-pknh2a-c470764fbcad9ecd64f05bd0c4e5d80b .av-image-caption-overlay-center{\ncolor:#ffffff;\n}\n<\/style>\n<div  class='avia-image-container av-pknh2a-c470764fbcad9ecd64f05bd0c4e5d80b av-styling- av-hover-grow av-hide-overflow av-img-linked avia-align-center  avia-builder-el-7  el_after_av_textblock  avia-builder-el-last '   itemprop=\"image\" itemscope=\"itemscope\" itemtype=\"https:\/\/schema.org\/ImageObject\" ><div class=\"avia-image-container-inner\"><div class=\"avia-image-overlay-wrap\"><a href=\"https:\/\/www.bau-styl.hu\/furdoszobaszalon\/coem-reverso\/\" class='avia_image '  aria-label='Coem Reverso (16)'><img decoding=\"async\" fetchpriority=\"high\" class='wp-image-41947 avia-img-lazy-loading-not-41947 avia_image ' src=\"https:\/\/www.bau-styl.hu\/furdoszobaszalon\/wp-content\/uploads\/2023\/04\/Coem-Reverso-16-495x400.jpg\" alt='' title='Coem Reverso (16)'  height=\"400\" width=\"495\"  itemprop=\"thumbnailUrl\" srcset=\"https:\/\/www.bau-styl.hu\/furdoszobaszalon\/wp-content\/uploads\/2023\/04\/Coem-Reverso-16-495x400.jpg 495w, https:\/\/www.bau-styl.hu\/furdoszobaszalon\/wp-content\/uploads\/2023\/04\/Coem-Reverso-16-845x684.jpg 845w\" sizes=\"(max-width: 495px) 100vw, 495px\" \/><\/a><\/div><\/div><\/div><\/p><\/div>\n\n<style type=\"text\/css\" data-created_by=\"avia_inline_auto\" id=\"style-css-av-6ywyo2-590e983488578352587460bb60747ca1\">\n.flex_column.av-6ywyo2-590e983488578352587460bb60747ca1{\nborder-radius:0px 0px 0px 0px;\npadding:0px 0px 0px 0px;\n}\n<\/style>\n<div  class='flex_column av-6ywyo2-590e983488578352587460bb60747ca1 av_one_third  avia-builder-el-8  el_after_av_one_third  el_before_av_one_third  flex_column_div av-zero-column-padding  '     ><p><section  class='av_textblock_section av-lg81xyoc-492152522b8a2f67c00d184e7c191331 '   itemscope=\"itemscope\" itemtype=\"https:\/\/schema.org\/CreativeWork\" ><div class='avia_textblock'  itemprop=\"text\" ><p><strong>REVERSO2<\/strong><\/p>\n<\/div><\/section><br \/>\n\n<style type=\"text\/css\" data-created_by=\"avia_inline_auto\" id=\"style-css-av-2mts4qq-61e85a8364e8dd4c199dbe08bb2df495\">\n.avia-image-container.av-2mts4qq-61e85a8364e8dd4c199dbe08bb2df495 img.avia_image{\nbox-shadow:none;\n}\n.avia-image-container.av-2mts4qq-61e85a8364e8dd4c199dbe08bb2df495 .av-image-caption-overlay-center{\ncolor:#ffffff;\n}\n<\/style>\n<div  class='avia-image-container av-2mts4qq-61e85a8364e8dd4c199dbe08bb2df495 av-styling- av-hover-grow av-hide-overflow av-img-linked avia-align-center  avia-builder-el-10  el_after_av_textblock  avia-builder-el-last '   itemprop=\"image\" itemscope=\"itemscope\" itemtype=\"https:\/\/schema.org\/ImageObject\" ><div class=\"avia-image-container-inner\"><div class=\"avia-image-overlay-wrap\"><a href=\"https:\/\/www.bau-styl.hu\/furdoszobaszalon\/coem-reverso-2\/\" class='avia_image '  aria-label='Coem Reverso 2 (16)'><img decoding=\"async\" fetchpriority=\"high\" class='wp-image-41973 avia-img-lazy-loading-not-41973 avia_image ' src=\"https:\/\/www.bau-styl.hu\/furdoszobaszalon\/wp-content\/uploads\/2023\/04\/Coem-Reverso-2-16-495x400.jpg\" alt='' title='Coem Reverso 2 (16)'  height=\"400\" width=\"495\"  itemprop=\"thumbnailUrl\" srcset=\"https:\/\/www.bau-styl.hu\/furdoszobaszalon\/wp-content\/uploads\/2023\/04\/Coem-Reverso-2-16-495x400.jpg 495w, https:\/\/www.bau-styl.hu\/furdoszobaszalon\/wp-content\/uploads\/2023\/04\/Coem-Reverso-2-16-845x684.jpg 845w\" sizes=\"(max-width: 495px) 100vw, 495px\" \/><\/a><\/div><\/div><\/div><\/p><\/div>\n\n<style type=\"text\/css\" data-created_by=\"avia_inline_auto\" id=\"style-css-av-av_one_third-e671fab5613f317ef63eb9ab712c64a3\">\n.flex_column.av-av_one_third-e671fab5613f317ef63eb9ab712c64a3{\nborder-radius:0px 0px 0px 0px;\npadding:0px 0px 0px 0px;\n}\n<\/style>\n<div  class='flex_column av-av_one_third-e671fab5613f317ef63eb9ab712c64a3 av_one_third  avia-builder-el-11  el_after_av_one_third  el_before_av_one_third  flex_column_div av-zero-column-padding  '     ><p><section  class='av_textblock_section av-ltzsf9i1-4b3d66d2dfa6d2d883598730184acbba '   itemscope=\"itemscope\" itemtype=\"https:\/\/schema.org\/CreativeWork\" ><div class='avia_textblock'  itemprop=\"text\" ><p><strong>LOIRE<\/strong><\/p>\n<\/div><\/section><br \/>\n\n<style type=\"text\/css\" data-created_by=\"avia_inline_auto\" id=\"style-css-av-ltzsfrlr-47e1592f694094d5a07e0ab09042267c\">\n.avia-image-container.av-ltzsfrlr-47e1592f694094d5a07e0ab09042267c img.avia_image{\nbox-shadow:none;\n}\n.avia-image-container.av-ltzsfrlr-47e1592f694094d5a07e0ab09042267c .av-image-caption-overlay-center{\ncolor:#ffffff;\n}\n<\/style>\n<div  class='avia-image-container av-ltzsfrlr-47e1592f694094d5a07e0ab09042267c av-styling- av-hover-grow av-hide-overflow av-img-linked avia-align-center  avia-builder-el-13  el_after_av_textblock  avia-builder-el-last '   itemprop=\"image\" itemscope=\"itemscope\" itemtype=\"https:\/\/schema.org\/ImageObject\" ><div class=\"avia-image-container-inner\"><div class=\"avia-image-overlay-wrap\"><a href=\"https:\/\/www.bau-styl.hu\/furdoszobaszalon\/coem-loire\/\" class='avia_image '  aria-label='Coem Loire (1)'><img decoding=\"async\" fetchpriority=\"high\" class='wp-image-45385 avia-img-lazy-loading-not-45385 avia_image ' src=\"https:\/\/www.bau-styl.hu\/furdoszobaszalon\/wp-content\/uploads\/2024\/02\/Coem-Loire-1-495x400.jpg\" alt='' title='Coem Loire (1)'  height=\"400\" width=\"495\"  itemprop=\"thumbnailUrl\" srcset=\"https:\/\/www.bau-styl.hu\/furdoszobaszalon\/wp-content\/uploads\/2024\/02\/Coem-Loire-1-495x400.jpg 495w, https:\/\/www.bau-styl.hu\/furdoszobaszalon\/wp-content\/uploads\/2024\/02\/Coem-Loire-1-845x684.jpg 845w\" sizes=\"(max-width: 495px) 100vw, 495px\" \/><\/a><\/div><\/div><\/div><\/p><\/div>\n<style type=\"text\/css\" data-created_by=\"avia_inline_auto\" id=\"style-css-av-av_one_third-068220c8262444be99a83ad265bdcedb\">\n.flex_column.av-av_one_third-068220c8262444be99a83ad265bdcedb{\nborder-radius:0px 0px 0px 0px;\npadding:0px 0px 0px 0px;\n}\n<\/style>\n<div  class='flex_column av-av_one_third-068220c8262444be99a83ad265bdcedb av_one_third  avia-builder-el-14  el_after_av_one_third  el_before_av_one_full  first flex_column_div av-zero-column-padding  column-top-margin'     ><p><section  class='av_textblock_section av-ltzsge7u-1368836eb3e7a5ca1d484e35bc235a8c '   itemscope=\"itemscope\" itemtype=\"https:\/\/schema.org\/CreativeWork\" ><div class='avia_textblock'  itemprop=\"text\" ><p><strong>LAGOS<\/strong><\/p>\n<\/div><\/section><br \/>\n\n<style type=\"text\/css\" data-created_by=\"avia_inline_auto\" id=\"style-css-av-ltzsg8ca-f76c5be95ef8ba2809b642d26442b85c\">\n.avia-image-container.av-ltzsg8ca-f76c5be95ef8ba2809b642d26442b85c img.avia_image{\nbox-shadow:none;\n}\n.avia-image-container.av-ltzsg8ca-f76c5be95ef8ba2809b642d26442b85c .av-image-caption-overlay-center{\ncolor:#ffffff;\n}\n<\/style>\n<div  class='avia-image-container av-ltzsg8ca-f76c5be95ef8ba2809b642d26442b85c av-styling- av-hover-grow av-hide-overflow av-img-linked avia-align-center  avia-builder-el-16  el_after_av_textblock  avia-builder-el-last '   itemprop=\"image\" itemscope=\"itemscope\" itemtype=\"https:\/\/schema.org\/ImageObject\" ><div class=\"avia-image-container-inner\"><div class=\"avia-image-overlay-wrap\"><a href=\"https:\/\/www.bau-styl.hu\/furdoszobaszalon\/coem-lagos\/\" class='avia_image '  aria-label='Coem Lagos (10)'><img decoding=\"async\" fetchpriority=\"high\" class='wp-image-45372 avia-img-lazy-loading-not-45372 avia_image ' src=\"https:\/\/www.bau-styl.hu\/furdoszobaszalon\/wp-content\/uploads\/2024\/02\/Coem-Lagos-10-495x400.jpg\" alt='' title='Coem Lagos (10)'  height=\"400\" width=\"495\"  itemprop=\"thumbnailUrl\" srcset=\"https:\/\/www.bau-styl.hu\/furdoszobaszalon\/wp-content\/uploads\/2024\/02\/Coem-Lagos-10-495x400.jpg 495w, https:\/\/www.bau-styl.hu\/furdoszobaszalon\/wp-content\/uploads\/2024\/02\/Coem-Lagos-10-845x684.jpg 845w\" sizes=\"(max-width: 495px) 100vw, 495px\" \/><\/a><\/div><\/div><\/div><\/p><\/div><div  class='flex_column av-125shky-1c0fd63fec2d09d34be03c3c0379dc16 av_one_full  avia-builder-el-17  el_after_av_one_third  el_before_av_image_hotspot  avia-builder-el-last  first flex_column_div  column-top-margin'     ><div  class='av_promobox av-34jtoi-f1a4147812dac3a21e009020fbe00982 avia-button-yes  avia-builder-el-18  avia-builder-el-no-sibling '><div class='avia-promocontent'><p>\n<strong>Ha elnyerte tetsz\u00e9s\u00e9t valamelyik kollekci\u00f3nk, sok szeretettel v\u00e1rjuk szem\u00e9lyesen is szalonunkban!<\/strong><br \/>\nFoglaljon id\u0151pontot \u00e9rt\u00e9kes\u00edt\u0151nkh\u00f6z, \u00edgy mindenben teljes k\u00f6r\u0171en tudunk seg\u00edteni!<\/p>\n<\/div><div  class='avia-button-wrap av-34jtoi-96e2b2d879a90f58a003f8510d4be5b1-wrap avia-button-right '><a href='https:\/\/www.bau-styl.hu\/furdoszobaszalon\/rolunk\/#foglalas'  class='avia-button av-34jtoi-96e2b2d879a90f58a003f8510d4be5b1 av-link-btn avia-icon_select-no avia-size-large avia-position-right avia-color-theme-color'   aria-label=\"ID\u0150PONTOT FOGLALOK!\"><span class='avia_iconbox_title' >ID\u0150PONTOT FOGLALOK!<\/span><\/a><\/div><\/div><\/div><\/p>\n\n<style type=\"text\/css\" data-created_by=\"avia_inline_auto\" id=\"style-css-sub-av-7vgbkv6-4fafc3f00303956bd4bb1d524409eb8b\">\n.av-hotspot-image-container .av-image-hotspot.av-7oan68y-aef8fa64aaf7a1a93d3df16e859b3f09{\ntop:86.7%;\nleft:54.4%;\n}\n.av-hotspot-image-container .av-image-hotspot.av-774vsyq-9660bf2a6b3808d06f2091506124f732{\ntop:14.6%;\nleft:38.2%;\n}\n.av-hotspot-image-container .av-image-hotspot.av-6ra9ysi-070337c96b6c52e90c799d445cb2066a{\ntop:69.2%;\nleft:40.7%;\n}\n.av-hotspot-image-container .av-image-hotspot.av-6fhjbtu-f00040b433b0159c46b894fc73504e1a{\ntop:57.1%;\nleft:40.2%;\n}\n.av-hotspot-image-container .av-image-hotspot.av-5y832le-bf23b452011e7e91721a6780cfda5de6{\ntop:52%;\nleft:83.9%;\n}\n.av-hotspot-image-container .av-image-hotspot.av-5g3bexu-10439ef1d338956f71f70d15654bcd21{\ntop:38.9%;\nleft:27.9%;\n}\n.av-hotspot-image-container .av-image-hotspot.av-hflx42-5cd378b7395364ad73e2ed7ca4214d1f{\ntop:70.2%;\nleft:76.1%;\n}\n.av-hotspot-image-container .av-image-hotspot.av-4goz7qa-ab17e0d7102de2068c5c1215c0a64133{\ntop:57.1%;\nleft:71.6%;\n}\n.av-hotspot-image-container .av-image-hotspot.av-420n5ia-a344ec279934614b775ea1d20ad1bb15{\ntop:69.2%;\nleft:68.7%;\n}\n.av-hotspot-image-container .av-image-hotspot.av-3exk66a-7ffb80651bba44da0e702182e2da17c5{\ntop:51%;\nleft:74.6%;\n}\n.av-hotspot-image-container .av-image-hotspot.av-35ws7oi-a9df6d528835927295a235ea8642e9b8{\ntop:53%;\nleft:17.1%;\n}\n.av-hotspot-image-container .av-image-hotspot.av-2e5g4si-4af23ccef8a20af05d15f8b0950116e1{\ntop:21.7%;\nleft:77%;\n}\n.av-hotspot-image-container .av-image-hotspot.av-7szcpu-247f05ce2535834b0cc996b6124a6480{\ntop:73.2%;\nleft:29.9%;\n}\n.av-hotspot-image-container .av-image-hotspot.av-1td29du-a4745682ff249a06997ae9943d3755c8{\ntop:18.7%;\nleft:55.4%;\n}\n.av-hotspot-image-container .av-image-hotspot.av-3junxe-10615c62950a5989440fc120e5e215de{\ntop:73.3%;\nleft:45.1%;\n}\n.av-hotspot-image-container .av-image-hotspot.av-qscov6-44e11d692fefd33baaa2987fd285d475{\ntop:50%;\nleft:50%;\n}\n<\/style>\n<div  class='av-hotspot-image-container av-7vgbkv6-4fafc3f00303956bd4bb1d524409eb8b  avia-builder-el-19  el_after_av_one_full  avia-builder-el-last  av-hotspot-numbered av-mobile-fallback-active  av-non-fullwidth-hotspot-image'  itemprop=\"image\" itemscope=\"itemscope\" itemtype=\"https:\/\/schema.org\/ImageObject\" ><div class='av-hotspot-container'><div class='av-hotspot-container-inner-cell'><div class='av-hotspot-container-inner-wrap'><div class='av-image-hotspot av-7oan68y-aef8fa64aaf7a1a93d3df16e859b3f09 av-image-hotspot-1 ' data-avia-tooltip-position='top' data-avia-tooltip-alignment='left' data-avia-tooltip-class='av-tt-default-width av-tt-pos-above av-tt-align-left  av-mobile-fallback-active  main_color av-tt-hotspot' data-avia-tooltip=''><div class='av-image-hotspot_inner'>1<\/div><div class='av-image-hotspot-pulse'><\/div><\/div><div class='av-image-hotspot av-774vsyq-9660bf2a6b3808d06f2091506124f732 av-image-hotspot-2 ' data-avia-tooltip-position='top' data-avia-tooltip-alignment='left' data-avia-tooltip-class='av-tt-default-width av-tt-pos-above av-tt-align-left  av-mobile-fallback-active  main_color av-tt-hotspot' data-avia-tooltip=''><div class='av-image-hotspot_inner'>2<\/div><div class='av-image-hotspot-pulse'><\/div><\/div><div class='av-image-hotspot av-6ra9ysi-070337c96b6c52e90c799d445cb2066a av-image-hotspot-3 ' data-avia-tooltip-position='top' data-avia-tooltip-alignment='left' data-avia-tooltip-class='av-tt-default-width av-tt-pos-above av-tt-align-left  av-mobile-fallback-active  main_color av-tt-hotspot' data-avia-tooltip=''><div class='av-image-hotspot_inner'>3<\/div><div class='av-image-hotspot-pulse'><\/div><\/div><div class='av-image-hotspot av-6fhjbtu-f00040b433b0159c46b894fc73504e1a av-image-hotspot-4 ' data-avia-tooltip-position='top' data-avia-tooltip-alignment='left' data-avia-tooltip-class='av-tt-default-width av-tt-pos-above av-tt-align-left  av-mobile-fallback-active  main_color av-tt-hotspot' data-avia-tooltip=''><div class='av-image-hotspot_inner'>4<\/div><div class='av-image-hotspot-pulse'><\/div><\/div><div class='av-image-hotspot av-5y832le-bf23b452011e7e91721a6780cfda5de6 av-image-hotspot-5 ' data-avia-tooltip-position='top' data-avia-tooltip-alignment='left' data-avia-tooltip-class='av-tt-default-width av-tt-pos-above av-tt-align-left  av-mobile-fallback-active  main_color av-tt-hotspot' data-avia-tooltip=''><div class='av-image-hotspot_inner'>5<\/div><div class='av-image-hotspot-pulse'><\/div><\/div><div class='av-image-hotspot av-5g3bexu-10439ef1d338956f71f70d15654bcd21 av-image-hotspot-6 ' data-avia-tooltip-position='top' data-avia-tooltip-alignment='left' data-avia-tooltip-class='av-tt-default-width av-tt-pos-above av-tt-align-left  av-mobile-fallback-active  main_color av-tt-hotspot' data-avia-tooltip=''><div class='av-image-hotspot_inner'>6<\/div><div class='av-image-hotspot-pulse'><\/div><\/div><div class='av-image-hotspot av-hflx42-5cd378b7395364ad73e2ed7ca4214d1f av-image-hotspot-7 ' data-avia-tooltip-position='top' data-avia-tooltip-alignment='left' data-avia-tooltip-class='av-tt-default-width av-tt-pos-above av-tt-align-left  av-mobile-fallback-active  main_color av-tt-hotspot' data-avia-tooltip=''><div class='av-image-hotspot_inner'>7<\/div><div class='av-image-hotspot-pulse'><\/div><\/div><div class='av-image-hotspot av-4goz7qa-ab17e0d7102de2068c5c1215c0a64133 av-image-hotspot-8 ' data-avia-tooltip-position='top' data-avia-tooltip-alignment='left' data-avia-tooltip-class='av-tt-default-width av-tt-pos-above av-tt-align-left  av-mobile-fallback-active  main_color av-tt-hotspot' data-avia-tooltip=''><div class='av-image-hotspot_inner'>8<\/div><div class='av-image-hotspot-pulse'><\/div><\/div><div class='av-image-hotspot av-420n5ia-a344ec279934614b775ea1d20ad1bb15 av-image-hotspot-9 ' data-avia-tooltip-position='top' data-avia-tooltip-alignment='left' data-avia-tooltip-class='av-tt-default-width av-tt-pos-above av-tt-align-left  av-mobile-fallback-active  main_color av-tt-hotspot' data-avia-tooltip=''><div class='av-image-hotspot_inner'>9<\/div><div class='av-image-hotspot-pulse'><\/div><\/div><div class='av-image-hotspot av-3exk66a-7ffb80651bba44da0e702182e2da17c5 av-image-hotspot-10 ' data-avia-tooltip-position='top' data-avia-tooltip-alignment='left' data-avia-tooltip-class='av-tt-default-width av-tt-pos-above av-tt-align-left  av-mobile-fallback-active  main_color av-tt-hotspot' data-avia-tooltip=''><div class='av-image-hotspot_inner'>10<\/div><div class='av-image-hotspot-pulse'><\/div><\/div><div class='av-image-hotspot av-35ws7oi-a9df6d528835927295a235ea8642e9b8 av-image-hotspot-11 ' data-avia-tooltip-position='top' data-avia-tooltip-alignment='left' data-avia-tooltip-class='av-tt-default-width av-tt-pos-above av-tt-align-left  av-mobile-fallback-active  main_color av-tt-hotspot' data-avia-tooltip=''><div class='av-image-hotspot_inner'>11<\/div><div class='av-image-hotspot-pulse'><\/div><\/div><div class='av-image-hotspot av-2e5g4si-4af23ccef8a20af05d15f8b0950116e1 av-image-hotspot-12 ' data-avia-tooltip-position='top' data-avia-tooltip-alignment='left' data-avia-tooltip-class='av-tt-default-width av-tt-pos-above av-tt-align-left  av-mobile-fallback-active  main_color av-tt-hotspot' data-avia-tooltip=''><div class='av-image-hotspot_inner'>12<\/div><div class='av-image-hotspot-pulse'><\/div><\/div><div class='av-image-hotspot av-7szcpu-247f05ce2535834b0cc996b6124a6480 av-image-hotspot-13 ' data-avia-tooltip-position='top' data-avia-tooltip-alignment='left' data-avia-tooltip-class='av-tt-default-width av-tt-pos-above av-tt-align-left  av-mobile-fallback-active  main_color av-tt-hotspot' data-avia-tooltip=''><div class='av-image-hotspot_inner'>13<\/div><div class='av-image-hotspot-pulse'><\/div><\/div><div class='av-image-hotspot av-1td29du-a4745682ff249a06997ae9943d3755c8 av-image-hotspot-14 ' data-avia-tooltip-position='top' data-avia-tooltip-alignment='left' data-avia-tooltip-class='av-tt-default-width av-tt-pos-above av-tt-align-left  av-mobile-fallback-active  main_color av-tt-hotspot' data-avia-tooltip=''><div class='av-image-hotspot_inner'>14<\/div><div class='av-image-hotspot-pulse'><\/div><\/div><div class='av-image-hotspot av-3junxe-10615c62950a5989440fc120e5e215de av-image-hotspot-15 ' data-avia-tooltip-position='top' data-avia-tooltip-alignment='left' data-avia-tooltip-class='av-tt-default-width av-tt-pos-above av-tt-align-left  av-mobile-fallback-active  main_color av-tt-hotspot' data-avia-tooltip=''><div class='av-image-hotspot_inner'>15<\/div><div class='av-image-hotspot-pulse'><\/div><\/div><div class='av-image-hotspot av-qscov6-44e11d692fefd33baaa2987fd285d475 av-image-hotspot-16 ' data-avia-tooltip-position='top' data-avia-tooltip-alignment='left' data-avia-tooltip-class='av-tt-default-width av-tt-pos-above av-tt-align-left  av-mobile-fallback-active  main_color av-tt-hotspot' data-avia-tooltip=''><div class='av-image-hotspot_inner'>16<\/div><div class='av-image-hotspot-pulse'><\/div><\/div><img decoding=\"async\" fetchpriority=\"high\" class='wp-image-0 avia-img-lazy-loading-not-0 avia_image' src=\"https:\/\/www.bau-styl.hu\/furdoszobaszalon\/wp-content\/uploads\/2023\/01\/Roma-Stone.jpg\" alt='' title=''   itemprop=\"thumbnailUrl\"  \/><\/div><\/div><\/div><\/div>\n","protected":false},"excerpt":{"rendered":"","protected":false},"author":2,"featured_media":0,"parent":0,"menu_order":0,"comment_status":"closed","ping_status":"closed","template":"","meta":{"footnotes":""},"class_list":["post-41922","page","type-page","status-publish","hentry"],"aioseo_notices":[],"_links":{"self":[{"href":"https:\/\/www.bau-styl.hu\/furdoszobaszalon\/wp-json\/wp\/v2\/pages\/41922","targetHints":{"allow":["GET"]}}],"collection":[{"href":"https:\/\/www.bau-styl.hu\/furdoszobaszalon\/wp-json\/wp\/v2\/pages"}],"about":[{"href":"https:\/\/www.bau-styl.hu\/furdoszobaszalon\/wp-json\/wp\/v2\/types\/page"}],"author":[{"embeddable":true,"href":"https:\/\/www.bau-styl.hu\/furdoszobaszalon\/wp-json\/wp\/v2\/users\/2"}],"replies":[{"embeddable":true,"href":"https:\/\/www.bau-styl.hu\/furdoszobaszalon\/wp-json\/wp\/v2\/comments?post=41922"}],"version-history":[{"count":0,"href":"https:\/\/www.bau-styl.hu\/furdoszobaszalon\/wp-json\/wp\/v2\/pages\/41922\/revisions"}],"wp:attachment":[{"href":"https:\/\/www.bau-styl.hu\/furdoszobaszalon\/wp-json\/wp\/v2\/media?parent=41922"}],"curies":[{"name":"wp","href":"https:\/\/api.w.org\/{rel}","templated":true}]}}