{"id":43253,"date":"2023-10-20T08:16:18","date_gmt":"2023-10-20T07:16:18","guid":{"rendered":"https:\/\/www.bau-styl.hu\/furdoszobaszalon\/?page_id=43253"},"modified":"2023-11-06T08:05:01","modified_gmt":"2023-11-06T07:05:01","slug":"falpanelek","status":"publish","type":"page","link":"https:\/\/www.bau-styl.hu\/furdoszobaszalon\/falpanelek\/","title":{"rendered":"Falpanelek"},"content":{"rendered":"\n<style type=\"text\/css\" data-created_by=\"avia_inline_auto\" id=\"style-css-av-1c6erpx-cf5e4d81f83a39da64a4404d7b6cd7ee\">\n.avia-section.av-1c6erpx-cf5e4d81f83a39da64a4404d7b6cd7ee{\nbackground-repeat:no-repeat;\nbackground-image:url(https:\/\/www.bau-styl.hu\/furdoszobaszalon\/wp-content\/uploads\/2023\/10\/Stegu-Wood-Collection-30.jpg);\nbackground-position:50% 50%;\nbackground-attachment:scroll;\n}\n.avia-section.av-1c6erpx-cf5e4d81f83a39da64a4404d7b6cd7ee .av-section-color-overlay{\nopacity:0.5;\nbackground-color:#000000;\n}\n<\/style>\n<div id='av_section_1'  class='avia-section av-1c6erpx-cf5e4d81f83a39da64a4404d7b6cd7ee main_color avia-section-default avia-no-border-styling  avia-builder-el-0  el_before_av_section  avia-builder-el-first  avia-bg-style-scroll av-section-color-overlay-active container_wrap sidebar_right'  data-section-bg-repeat='no-repeat'><div class=\"av-section-color-overlay-wrap\"><div class=\"av-section-color-overlay\"><\/div><div class='container av-section-cont-open' ><main  role=\"main\" itemprop=\"mainContentOfPage\"  class='template-page content  av-content-small alpha units'><div class='post-entry post-entry-type-page post-entry-43253'><div class='entry-content-wrapper clearfix'>\n\n<style type=\"text\/css\" data-created_by=\"avia_inline_auto\" id=\"style-css-av-lnyb8zlz-c1fe05e3148c1dbd55781b22edebc91d\">\n#top .hr.hr-invisible.av-lnyb8zlz-c1fe05e3148c1dbd55781b22edebc91d{\nheight:50px;\n}\n<\/style>\n<div  class='hr av-lnyb8zlz-c1fe05e3148c1dbd55781b22edebc91d hr-invisible  avia-builder-el-1  el_before_av_heading  avia-builder-el-first '><span class='hr-inner '><span class=\"hr-inner-style\"><\/span><\/span><\/div>\n\n<style type=\"text\/css\" data-created_by=\"avia_inline_auto\" id=\"style-css-av-lnya2ydh-3b1a950d1abf100b489c7af7a22b5666\">\n#top .av-special-heading.av-lnya2ydh-3b1a950d1abf100b489c7af7a22b5666{\npadding-bottom:10px;\ncolor:#ffffff;\n}\nbody .av-special-heading.av-lnya2ydh-3b1a950d1abf100b489c7af7a22b5666 .av-special-heading-tag .heading-char{\nfont-size:25px;\n}\n.av-special-heading.av-lnya2ydh-3b1a950d1abf100b489c7af7a22b5666 .special-heading-inner-border{\nborder-color:#ffffff;\n}\n.av-special-heading.av-lnya2ydh-3b1a950d1abf100b489c7af7a22b5666 .av-subheading{\nfont-size:15px;\n}\n<\/style>\n<div  class='av-special-heading av-lnya2ydh-3b1a950d1abf100b489c7af7a22b5666 av-special-heading-h1 custom-color-heading blockquote modern-quote modern-centered  avia-builder-el-2  el_after_av_hr  el_before_av_hr '><h1 class='av-special-heading-tag '  itemprop=\"headline\"  >FALPANELEK<\/h1><div class='av_custom_color av-subheading av-subheading_below'><p>&#8211; MELEGBURKOLATOK &#8211;<\/p>\n<\/div><div class=\"special-heading-border\"><div class=\"special-heading-inner-border\"><\/div><\/div><\/div>\n\n<style type=\"text\/css\" data-created_by=\"avia_inline_auto\" id=\"style-css-av-igvolx-8b98ac3340b38a5aceb90ac5ab0ef42b\">\n#top .hr.hr-invisible.av-igvolx-8b98ac3340b38a5aceb90ac5ab0ef42b{\nheight:50px;\n}\n<\/style>\n<div  class='hr av-igvolx-8b98ac3340b38a5aceb90ac5ab0ef42b hr-invisible  avia-builder-el-3  el_after_av_heading  avia-builder-el-last '><span class='hr-inner '><span class=\"hr-inner-style\"><\/span><\/span><\/div>\n\n<\/div><\/div><\/main><!-- close content main element --><\/div><\/div><\/div><div id='av_section_2'  class='avia-section av-t50k45-24f8e437f2fbef45f278ec0e15e8fe70 main_color avia-section-default avia-no-border-styling  avia-builder-el-4  el_after_av_section  avia-builder-el-last  avia-bg-style-scroll container_wrap sidebar_right'  ><div class='container av-section-cont-open' ><div class='template-page content  av-content-small alpha units'><div class='post-entry post-entry-type-page post-entry-43253'><div class='entry-content-wrapper clearfix'>\n\n<style type=\"text\/css\" data-created_by=\"avia_inline_auto\" id=\"style-css-av-3x1dkad-4354b2e576a5ddb99f5fcb916775e93d\">\n.flex_column.av-3x1dkad-4354b2e576a5ddb99f5fcb916775e93d{\nborder-radius:0px 0px 0px 0px;\npadding:0px 0px 0px 0px;\n}\n<\/style>\n<div  class='flex_column av-3x1dkad-4354b2e576a5ddb99f5fcb916775e93d av_one_third  avia-builder-el-5  el_before_av_one_third  avia-builder-el-first  first flex_column_div av-zero-column-padding  '     ><p><section  class='av_textblock_section av-3kj1ab9-8c8257f55a401d0c46cf825973cc8949 '   itemscope=\"itemscope\" itemtype=\"https:\/\/schema.org\/CreativeWork\" ><div class='avia_textblock'  itemprop=\"text\" ><p><strong>ROCKO FALPANELEK<\/strong><\/p>\n<\/div><\/section><br \/>\n\n<style type=\"text\/css\" data-created_by=\"avia_inline_auto\" id=\"style-css-av-2u817hx-c3e3bd7036b13b927326d4e885b9a557\">\n.avia-image-container.av-2u817hx-c3e3bd7036b13b927326d4e885b9a557 img.avia_image{\nbox-shadow:none;\n}\n.avia-image-container.av-2u817hx-c3e3bd7036b13b927326d4e885b9a557 .av-image-caption-overlay-center{\ncolor:#ffffff;\n}\n<\/style>\n<div  class='avia-image-container av-2u817hx-c3e3bd7036b13b927326d4e885b9a557 av-styling- av-hover-grow av-hide-overflow av-img-linked avia-align-center  avia-builder-el-7  el_after_av_textblock  avia-builder-el-last '   itemprop=\"image\" itemscope=\"itemscope\" itemtype=\"https:\/\/schema.org\/ImageObject\" ><div class=\"avia-image-container-inner\"><div class=\"avia-image-overlay-wrap\"><a href=\"https:\/\/www.bau-styl.hu\/furdoszobaszalon\/rocko-falpanelek\/\" class='avia_image '  aria-label='Rocko falpanelek - organic (1)'><img decoding=\"async\" fetchpriority=\"high\" class='wp-image-43273 avia-img-lazy-loading-not-43273 avia_image ' src=\"https:\/\/www.bau-styl.hu\/furdoszobaszalon\/wp-content\/uploads\/2023\/10\/Rocko-falpanelek-organic-1-495x400.jpg\" alt='' title='Rocko falpanelek - organic (1)'  height=\"400\" width=\"495\"  itemprop=\"thumbnailUrl\"  \/><\/a><\/div><\/div><\/div><\/p><\/div>\n<style type=\"text\/css\" data-created_by=\"avia_inline_auto\" id=\"style-css-av-2exfj91-434802ac829d3954879df0d95a664822\">\n.flex_column.av-2exfj91-434802ac829d3954879df0d95a664822{\nborder-radius:0px 0px 0px 0px;\npadding:0px 0px 0px 0px;\n}\n<\/style>\n<div  class='flex_column av-2exfj91-434802ac829d3954879df0d95a664822 av_one_third  avia-builder-el-8  el_after_av_one_third  el_before_av_one_third  flex_column_div av-zero-column-padding  '     ><p><section  class='av_textblock_section av-21bm7v9-8db6b1d04d806c8d95ff63f3f92f189c '   itemscope=\"itemscope\" itemtype=\"https:\/\/schema.org\/CreativeWork\" ><div class='avia_textblock'  itemprop=\"text\" ><p><strong>STEGU WOOD COLLECTION<\/strong><\/p>\n<\/div><\/section><br \/>\n\n<style type=\"text\/css\" data-created_by=\"avia_inline_auto\" id=\"style-css-av-1tfdvo5-dea22143a4e46bf3d79c35b6eeafb8bb\">\n.avia-image-container.av-1tfdvo5-dea22143a4e46bf3d79c35b6eeafb8bb img.avia_image{\nbox-shadow:none;\n}\n.avia-image-container.av-1tfdvo5-dea22143a4e46bf3d79c35b6eeafb8bb .av-image-caption-overlay-center{\ncolor:#ffffff;\n}\n<\/style>\n<div  class='avia-image-container av-1tfdvo5-dea22143a4e46bf3d79c35b6eeafb8bb av-styling- av-hover-grow av-hide-overflow av-img-linked avia-align-center  avia-builder-el-10  el_after_av_textblock  avia-builder-el-last '   itemprop=\"image\" itemscope=\"itemscope\" itemtype=\"https:\/\/schema.org\/ImageObject\" ><div class=\"avia-image-container-inner\"><div class=\"avia-image-overlay-wrap\"><a href=\"https:\/\/www.bau-styl.hu\/furdoszobaszalon\/stegu-wood-collection\/\" class='avia_image '  aria-label='Stegu Wood Collection (27)'><img decoding=\"async\" fetchpriority=\"high\" class='wp-image-43326 avia-img-lazy-loading-not-43326 avia_image ' src=\"https:\/\/www.bau-styl.hu\/furdoszobaszalon\/wp-content\/uploads\/2023\/10\/Stegu-Wood-Collection-27-495x400.jpg\" alt='' title='Stegu Wood Collection (27)'  height=\"400\" width=\"495\"  itemprop=\"thumbnailUrl\" srcset=\"https:\/\/www.bau-styl.hu\/furdoszobaszalon\/wp-content\/uploads\/2023\/10\/Stegu-Wood-Collection-27-495x400.jpg 495w, https:\/\/www.bau-styl.hu\/furdoszobaszalon\/wp-content\/uploads\/2023\/10\/Stegu-Wood-Collection-27-845x684.jpg 845w\" sizes=\"(max-width: 495px) 100vw, 495px\" \/><\/a><\/div><\/div><\/div><\/p><\/div>\n<style type=\"text\/css\" data-created_by=\"avia_inline_auto\" id=\"style-css-av-vr56ut-b9ef2cd9238bc49a2a640b718af73b6c\">\n.flex_column.av-vr56ut-b9ef2cd9238bc49a2a640b718af73b6c{\nborder-radius:0px 0px 0px 0px;\npadding:0px 0px 0px 0px;\n}\n<\/style>\n<div  class='flex_column av-vr56ut-b9ef2cd9238bc49a2a640b718af73b6c av_one_third  avia-builder-el-11  el_after_av_one_third  el_before_av_one_full  flex_column_div av-zero-column-padding  '     ><p><section  class='av_textblock_section av-lnyai2l3-8931a5dd1ba0f32453ac5e836dc30999 '   itemscope=\"itemscope\" itemtype=\"https:\/\/schema.org\/CreativeWork\" ><div class='avia_textblock'  itemprop=\"text\" ><p><strong>STEGU LINEA<\/strong><\/p>\n<\/div><\/section><br \/>\n\n<style type=\"text\/css\" data-created_by=\"avia_inline_auto\" id=\"style-css-av-lnyal0eo-ea9efedd17b7ee6c92157dd37fb3a406\">\n.avia-image-container.av-lnyal0eo-ea9efedd17b7ee6c92157dd37fb3a406 img.avia_image{\nbox-shadow:none;\n}\n.avia-image-container.av-lnyal0eo-ea9efedd17b7ee6c92157dd37fb3a406 .av-image-caption-overlay-center{\ncolor:#ffffff;\n}\n<\/style>\n<div  class='avia-image-container av-lnyal0eo-ea9efedd17b7ee6c92157dd37fb3a406 av-styling- av-hover-grow av-hide-overflow av-img-linked avia-align-center  avia-builder-el-13  el_after_av_textblock  avia-builder-el-last '   itemprop=\"image\" itemscope=\"itemscope\" itemtype=\"https:\/\/schema.org\/ImageObject\" ><div class=\"avia-image-container-inner\"><div class=\"avia-image-overlay-wrap\"><a href=\"https:\/\/www.bau-styl.hu\/furdoszobaszalon\/stegu-linea-fa-lamellak\/\" class='avia_image '  aria-label='Stegu Linea (4)'><img decoding=\"async\" fetchpriority=\"high\" class='wp-image-43331 avia-img-lazy-loading-not-43331 avia_image ' src=\"https:\/\/www.bau-styl.hu\/furdoszobaszalon\/wp-content\/uploads\/2023\/10\/Stegu-Linea-4-495x400.jpg\" alt='' title='Stegu Linea (4)'  height=\"400\" width=\"495\"  itemprop=\"thumbnailUrl\" srcset=\"https:\/\/www.bau-styl.hu\/furdoszobaszalon\/wp-content\/uploads\/2023\/10\/Stegu-Linea-4-495x400.jpg 495w, https:\/\/www.bau-styl.hu\/furdoszobaszalon\/wp-content\/uploads\/2023\/10\/Stegu-Linea-4-845x684.jpg 845w\" sizes=\"(max-width: 495px) 100vw, 495px\" \/><\/a><\/div><\/div><\/div><\/p><\/div><div  class='flex_column av-av_one_full-a961ec8c42a44a397321d1a2224da3ca av_one_full  avia-builder-el-14  el_after_av_one_third  el_before_av_one_full  first flex_column_div  column-top-margin'     ><section  class='av_textblock_section av-lomk4rq3-6f4da8119b2d92df1837b752b9be98e5 '   itemscope=\"itemscope\" itemtype=\"https:\/\/schema.org\/CreativeWork\" ><div class='avia_textblock'  itemprop=\"text\" ><p style=\"text-align: right;\"><a href=\"https:\/\/www.bau-styl.hu\/furdoszobaszalon\/melegburkolatok\/\"><mark>Megn\u00e9zem a t\u00f6bbi melegburkolatot is!<\/mark><\/a><\/p>\n<\/div><\/section><\/div><div  class='flex_column av-113icet-efda2903c51e8c09bcef0cfd35e0dbd8 av_one_full  avia-builder-el-16  el_after_av_one_full  avia-builder-el-last  first flex_column_div  column-top-margin'     ><div  class='av_promobox av-lh2585-1f599af45d2fe2550624bc9da9c89abd avia-button-yes  avia-builder-el-17  avia-builder-el-no-sibling '><div class='avia-promocontent'><p>\n<strong>Megtetszett valamelyik kollekci\u00f3?<br \/>\n<\/strong>L\u00e1togasson el szem\u00e9lyesen szalonunkba, ahol lehet\u0151s\u00e9ge van jobban megismerni k\u00edn\u00e1latunk \u00e9s a kiv\u00e1lasztott melegburkolathoz passzol\u00f3 belt\u00e9ri ajt\u00f3kat \u00e9s hidegburkolatokat is v\u00e1laszthat.<\/p>\n<\/div><div  class='avia-button-wrap av-lh2585-a65566cb25fe5b4bd488711abaa2793a-wrap avia-button-right '><a href='https:\/\/www.bau-styl.hu\/furdoszobaszalon\/kapcsolat\/'  class='avia-button av-lh2585-a65566cb25fe5b4bd488711abaa2793a av-link-btn avia-icon_select-no avia-size-large avia-position-right avia-color-theme-color'   aria-label=\"KAPCSOLAT\"><span class='avia_iconbox_title' >KAPCSOLAT<\/span><\/a><\/div><\/div><\/div><\/div><\/div><\/div><!-- close content main div --><\/div><\/div><div id='after_section_2'  class='main_color av_default_container_wrap container_wrap sidebar_right'  ><div class='container av-section-cont-open' ><div class='template-page content  av-content-small alpha units'><div class='post-entry post-entry-type-page post-entry-43253'><div class='entry-content-wrapper clearfix'>\n","protected":false},"excerpt":{"rendered":"","protected":false},"author":2,"featured_media":0,"parent":0,"menu_order":0,"comment_status":"closed","ping_status":"closed","template":"","meta":{"footnotes":""},"class_list":["post-43253","page","type-page","status-publish","hentry"],"aioseo_notices":[],"_links":{"self":[{"href":"https:\/\/www.bau-styl.hu\/furdoszobaszalon\/wp-json\/wp\/v2\/pages\/43253","targetHints":{"allow":["GET"]}}],"collection":[{"href":"https:\/\/www.bau-styl.hu\/furdoszobaszalon\/wp-json\/wp\/v2\/pages"}],"about":[{"href":"https:\/\/www.bau-styl.hu\/furdoszobaszalon\/wp-json\/wp\/v2\/types\/page"}],"author":[{"embeddable":true,"href":"https:\/\/www.bau-styl.hu\/furdoszobaszalon\/wp-json\/wp\/v2\/users\/2"}],"replies":[{"embeddable":true,"href":"https:\/\/www.bau-styl.hu\/furdoszobaszalon\/wp-json\/wp\/v2\/comments?post=43253"}],"version-history":[{"count":0,"href":"https:\/\/www.bau-styl.hu\/furdoszobaszalon\/wp-json\/wp\/v2\/pages\/43253\/revisions"}],"wp:attachment":[{"href":"https:\/\/www.bau-styl.hu\/furdoszobaszalon\/wp-json\/wp\/v2\/media?parent=43253"}],"curies":[{"name":"wp","href":"https:\/\/api.w.org\/{rel}","templated":true}]}}