{"id":43493,"date":"2023-10-22T09:10:15","date_gmt":"2023-10-22T08:10:15","guid":{"rendered":"https:\/\/www.bau-styl.hu\/furdoszobaszalon\/?page_id=43493"},"modified":"2023-10-22T09:10:15","modified_gmt":"2023-10-22T08:10:15","slug":"spc-padloburkolat","status":"publish","type":"page","link":"https:\/\/www.bau-styl.hu\/furdoszobaszalon\/spc-padloburkolat\/","title":{"rendered":"SPC padl\u00f3burkolat"},"content":{"rendered":"\n<style type=\"text\/css\" data-created_by=\"avia_inline_auto\" id=\"style-css-av-lo16uddh-a06250bb8896e66c47c8084684aaafd2\">\n.avia-section.av-lo16uddh-a06250bb8896e66c47c8084684aaafd2{\nbackground-repeat:no-repeat;\nbackground-image:url(https:\/\/www.bau-styl.hu\/furdoszobaszalon\/wp-content\/uploads\/2023\/10\/SPC-padloburkolat-4.jpg);\nbackground-position:50% 0%;\nbackground-attachment:scroll;\n}\n.avia-section.av-lo16uddh-a06250bb8896e66c47c8084684aaafd2 .av-section-color-overlay{\nopacity:0.5;\nbackground-color:#000000;\n}\n<\/style>\n<div id='av_section_1'  class='avia-section av-lo16uddh-a06250bb8896e66c47c8084684aaafd2 main_color avia-section-default avia-no-shadow  avia-builder-el-0  el_before_av_section  avia-builder-el-first  avia-full-stretch avia-bg-style-scroll av-section-color-overlay-active container_wrap sidebar_right'  data-section-bg-repeat='stretch'><div class=\"av-section-color-overlay-wrap\"><div class=\"av-section-color-overlay\"><\/div><div class='container av-section-cont-open' ><main  role=\"main\" itemprop=\"mainContentOfPage\"  class='template-page content  av-content-small alpha units'><div class='post-entry post-entry-type-page post-entry-43493'><div class='entry-content-wrapper clearfix'>\n\n<style type=\"text\/css\" data-created_by=\"avia_inline_auto\" id=\"style-css-av-av_hr-5ca9877b71e9c9b08aa2f47115800ed3\">\n#top .hr.hr-invisible.av-av_hr-5ca9877b71e9c9b08aa2f47115800ed3{\nheight:50px;\n}\n<\/style>\n<div  class='hr av-av_hr-5ca9877b71e9c9b08aa2f47115800ed3 hr-invisible  avia-builder-el-1  el_before_av_heading  avia-builder-el-first '><span class='hr-inner '><span class=\"hr-inner-style\"><\/span><\/span><\/div>\n\n<style type=\"text\/css\" data-created_by=\"avia_inline_auto\" id=\"style-css-av-lo16k2ry-65dbd11d95770b2d0288228d8e84b4a8\">\n#top .av-special-heading.av-lo16k2ry-65dbd11d95770b2d0288228d8e84b4a8{\npadding-bottom:10px;\ncolor:#ffffff;\n}\nbody .av-special-heading.av-lo16k2ry-65dbd11d95770b2d0288228d8e84b4a8 .av-special-heading-tag .heading-char{\nfont-size:25px;\n}\n.av-special-heading.av-lo16k2ry-65dbd11d95770b2d0288228d8e84b4a8 .special-heading-inner-border{\nborder-color:#ffffff;\n}\n.av-special-heading.av-lo16k2ry-65dbd11d95770b2d0288228d8e84b4a8 .av-subheading{\nfont-size:15px;\n}\n<\/style>\n<div  class='av-special-heading av-lo16k2ry-65dbd11d95770b2d0288228d8e84b4a8 av-special-heading-h1 custom-color-heading blockquote modern-quote modern-centered  avia-builder-el-2  el_after_av_hr  el_before_av_hr '><h1 class='av-special-heading-tag '  itemprop=\"headline\"  >SPC PADL\u00d3BURKOLAT<\/h1><div class='av_custom_color av-subheading av-subheading_below'><p>MELEGBURKOLAT<\/p>\n<\/div><div class=\"special-heading-border\"><div class=\"special-heading-inner-border\"><\/div><\/div><\/div>\n\n<style type=\"text\/css\" data-created_by=\"avia_inline_auto\" id=\"style-css-av-av_hr-5ca9877b71e9c9b08aa2f47115800ed3\">\n#top .hr.hr-invisible.av-av_hr-5ca9877b71e9c9b08aa2f47115800ed3{\nheight:50px;\n}\n<\/style>\n<div  class='hr av-av_hr-5ca9877b71e9c9b08aa2f47115800ed3 hr-invisible  avia-builder-el-3  el_after_av_heading  avia-builder-el-last '><span class='hr-inner '><span class=\"hr-inner-style\"><\/span><\/span><\/div>\n<\/div><\/div><\/main><!-- close content main element --><\/div><\/div><\/div><div id='av_section_2'  class='avia-section av-av_section-69fc66262eecf07eccba6850982acc2d main_color avia-section-default avia-no-shadow  avia-builder-el-4  el_after_av_section  el_before_av_section  avia-bg-style-scroll container_wrap sidebar_right'  ><div class='container av-section-cont-open' ><div class='template-page content  av-content-small alpha units'><div class='post-entry post-entry-type-page post-entry-43493'><div class='entry-content-wrapper clearfix'>\n<section  class='av_textblock_section av-lo16k607-f5c70c42089bd20f46fccb4f214430d5 '   itemscope=\"itemscope\" itemtype=\"https:\/\/schema.org\/CreativeWork\" ><div class='avia_textblock'  itemprop=\"text\" ><p style=\"text-align: justify;\"><span style=\"font-weight: 400;\">A Kronostep melegburkolatok a sz\u00e1mos el\u0151nnyel rendelkeznek. V\u00edz\u00e1ll\u00f3ak, ez\u00e9rt b\u00e1tran haszn\u00e1lhatjuk \u0151ket ak\u00e1r f\u00fcrd\u0151szob\u00e1nkban is. Kiemelked\u0151 kop\u00e1s\u00e1ll\u00f3s\u00e1ggal rendelkeznek, ez\u00e9rt otthoni haszn\u00e1lat mellett nagyobb forgalm\u00fa ter\u00fcleteken is burkolhatunk vel\u00fck. 1click 2go rendszer\u00fcknek k\u00f6sz\u00f6nhet\u0151en gyorsan \u00e9s egyszer\u0171en, egy kattint\u00e1ssal telep\u00edthet\u0151ek \u00e9s a gy\u00e1rt\u00f3 15 \u00e9v garanci\u00e1t is ad ezekhez a lapokhoz. Design tekintet\u00e9ben egy meglehet\u0151sen sz\u00e9les palett\u00e1r\u00f3l v\u00e1laszthatunk, \u00edgy eg\u00e9sz biztosan b\u00e1rki hazaviheti azt a darabot, ami otthon\u00e1hoz legink\u00e1bb passzol. Az apr\u00f3l\u00e9kosan kidolgozott mint\u00e1zata a val\u00f3di fa t\u00f6k\u00e9letes ut\u00e1nzata, minden darabon megjelennek a term\u00e9szetes csom\u00f3k, erezetek \u00e9s text\u00far\u00e1k. 1280 x 192 mm-es \u00e9s 1280 x 294 mm-es m\u00e9retben v\u00e1laszthatjuk. Ez ut\u00f3bbi verzi\u00f3 a klasszikus elegancia jegy\u00e9ben m\u00e9g chevron chic mint\u00e1zattal is el\u00e9rhet\u0151. <\/span><\/p>\n<\/div><\/section>\n<section  class='av_textblock_section av-av_textblock-23482006190359359522c957f3a311aa '   itemscope=\"itemscope\" itemtype=\"https:\/\/schema.org\/CreativeWork\" ><div class='avia_textblock'  itemprop=\"text\" ><p style=\"text-align: right;\"><mark><strong><a href=\"#ajanlat\">Aj\u00e1nlatot k\u00e9rek!<\/a><\/strong><\/mark><\/p>\n<\/div><\/section>\n\n<style type=\"text\/css\" data-created_by=\"avia_inline_auto\" id=\"style-css-av-av_hr-5ca9877b71e9c9b08aa2f47115800ed3\">\n#top .hr.hr-invisible.av-av_hr-5ca9877b71e9c9b08aa2f47115800ed3{\nheight:50px;\n}\n<\/style>\n<div  class='hr av-av_hr-5ca9877b71e9c9b08aa2f47115800ed3 hr-invisible  avia-builder-el-7  el_after_av_textblock  el_before_av_masonry_gallery  avia-builder-el-last '><span class='hr-inner '><span class=\"hr-inner-style\"><\/span><\/span><\/div>\n<div id='av-masonry-1' class='av-masonry av-lo16tz94-0ce89d4a1adcd4067a70f63f45a97f51 noHover av-fixed-size av-large-gap av-hover-overlay- av-masonry-animation-active av-masonry-col-5 av-caption-always av-caption-style- av-masonry-gallery av-medium-columns-overwrite av-medium-columns-4 av-small-columns-overwrite av-small-columns-4 av-mini-columns-overwrite av-mini-columns-4 ' data-post_id=\"43493\"><div class=\"av-masonry-container isotope av-js-disabled\"><div class='av-masonry-entry isotope-item av-masonry-item-no-image '><\/div><a href=\"https:\/\/www.bau-styl.hu\/furdoszobaszalon\/wp-content\/uploads\/2023\/10\/SPC-padloburkolat-2.jpg\" data-srcset=\"https:\/\/www.bau-styl.hu\/furdoszobaszalon\/wp-content\/uploads\/2023\/10\/SPC-padloburkolat-2.jpg 759w, https:\/\/www.bau-styl.hu\/furdoszobaszalon\/wp-content\/uploads\/2023\/10\/SPC-padloburkolat-2-450x199.jpg 450w, https:\/\/www.bau-styl.hu\/furdoszobaszalon\/wp-content\/uploads\/2023\/10\/SPC-padloburkolat-2-300x132.jpg 300w, https:\/\/www.bau-styl.hu\/furdoszobaszalon\/wp-content\/uploads\/2023\/10\/SPC-padloburkolat-2-705x311.jpg 705w\" data-sizes=\"(max-width: 759px) 100vw, 759px\"  aria-label=\"image SPC padl\u00f3burkolat (2)\"  id='av-masonry-1-item-43494' data-av-masonry-item='43494' class='av-masonry-entry isotope-item post-43494 attachment type-attachment status-inherit hentry  av-masonry-item-with-image' title=\"SPC padl\u00f3burkolat (2)\" alt=\"\"    itemprop=\"thumbnailUrl\" ><div class='av-inner-masonry-sizer'><\/div><figure class='av-inner-masonry main_color'><div class=\"av-masonry-outerimage-container\"><div class='av-masonry-image-container' style=\"background-image: url(https:\/\/www.bau-styl.hu\/furdoszobaszalon\/wp-content\/uploads\/2023\/10\/SPC-padloburkolat-2-495x335.jpg);\"  title=\"SPC padl\u00f3burkolat (2)\" ><\/div><\/div><\/figure><\/a><!--end av-masonry entry--><a href=\"https:\/\/www.bau-styl.hu\/furdoszobaszalon\/wp-content\/uploads\/2023\/10\/SPC-padloburkolat-3.jpg\" data-srcset=\"https:\/\/www.bau-styl.hu\/furdoszobaszalon\/wp-content\/uploads\/2023\/10\/SPC-padloburkolat-3.jpg 759w, https:\/\/www.bau-styl.hu\/furdoszobaszalon\/wp-content\/uploads\/2023\/10\/SPC-padloburkolat-3-450x199.jpg 450w, https:\/\/www.bau-styl.hu\/furdoszobaszalon\/wp-content\/uploads\/2023\/10\/SPC-padloburkolat-3-300x132.jpg 300w, https:\/\/www.bau-styl.hu\/furdoszobaszalon\/wp-content\/uploads\/2023\/10\/SPC-padloburkolat-3-705x311.jpg 705w\" data-sizes=\"(max-width: 759px) 100vw, 759px\"  aria-label=\"image SPC padl\u00f3burkolat (3)\"  id='av-masonry-1-item-43495' data-av-masonry-item='43495' class='av-masonry-entry isotope-item post-43495 attachment type-attachment status-inherit hentry  av-masonry-item-with-image' title=\"SPC padl\u00f3burkolat (3)\" alt=\"\"    itemprop=\"thumbnailUrl\" ><div class='av-inner-masonry-sizer'><\/div><figure class='av-inner-masonry main_color'><div class=\"av-masonry-outerimage-container\"><div class='av-masonry-image-container' style=\"background-image: url(https:\/\/www.bau-styl.hu\/furdoszobaszalon\/wp-content\/uploads\/2023\/10\/SPC-padloburkolat-3-495x335.jpg);\"  title=\"SPC padl\u00f3burkolat (3)\" ><\/div><\/div><\/figure><\/a><!--end av-masonry entry--><a href=\"https:\/\/www.bau-styl.hu\/furdoszobaszalon\/wp-content\/uploads\/2023\/10\/SPC-padloburkolat-4.jpg\" data-srcset=\"https:\/\/www.bau-styl.hu\/furdoszobaszalon\/wp-content\/uploads\/2023\/10\/SPC-padloburkolat-4.jpg 1819w, https:\/\/www.bau-styl.hu\/furdoszobaszalon\/wp-content\/uploads\/2023\/10\/SPC-padloburkolat-4-450x172.jpg 450w, https:\/\/www.bau-styl.hu\/furdoszobaszalon\/wp-content\/uploads\/2023\/10\/SPC-padloburkolat-4-300x115.jpg 300w, https:\/\/www.bau-styl.hu\/furdoszobaszalon\/wp-content\/uploads\/2023\/10\/SPC-padloburkolat-4-1030x395.jpg 1030w, https:\/\/www.bau-styl.hu\/furdoszobaszalon\/wp-content\/uploads\/2023\/10\/SPC-padloburkolat-4-768x294.jpg 768w, https:\/\/www.bau-styl.hu\/furdoszobaszalon\/wp-content\/uploads\/2023\/10\/SPC-padloburkolat-4-1536x589.jpg 1536w, https:\/\/www.bau-styl.hu\/furdoszobaszalon\/wp-content\/uploads\/2023\/10\/SPC-padloburkolat-4-1500x575.jpg 1500w, https:\/\/www.bau-styl.hu\/furdoszobaszalon\/wp-content\/uploads\/2023\/10\/SPC-padloburkolat-4-705x270.jpg 705w\" data-sizes=\"(max-width: 1819px) 100vw, 1819px\"  aria-label=\"image SPC padl\u00f3burkolat (4)\"  id='av-masonry-1-item-43496' data-av-masonry-item='43496' class='av-masonry-entry isotope-item post-43496 attachment type-attachment status-inherit hentry  av-masonry-item-with-image' title=\"SPC padl\u00f3burkolat (4)\" alt=\"\"    itemprop=\"thumbnailUrl\" ><div class='av-inner-masonry-sizer'><\/div><figure class='av-inner-masonry main_color'><div class=\"av-masonry-outerimage-container\"><div class='av-masonry-image-container' style=\"background-image: url(https:\/\/www.bau-styl.hu\/furdoszobaszalon\/wp-content\/uploads\/2023\/10\/SPC-padloburkolat-4-495x400.jpg);\"  title=\"SPC padl\u00f3burkolat (4)\" ><\/div><\/div><\/figure><\/a><!--end av-masonry entry--><a href=\"https:\/\/www.bau-styl.hu\/furdoszobaszalon\/wp-content\/uploads\/2023\/10\/SPC-padloburkolat-5.jpg\" data-srcset=\"https:\/\/www.bau-styl.hu\/furdoszobaszalon\/wp-content\/uploads\/2023\/10\/SPC-padloburkolat-5.jpg 1819w, https:\/\/www.bau-styl.hu\/furdoszobaszalon\/wp-content\/uploads\/2023\/10\/SPC-padloburkolat-5-450x172.jpg 450w, https:\/\/www.bau-styl.hu\/furdoszobaszalon\/wp-content\/uploads\/2023\/10\/SPC-padloburkolat-5-300x115.jpg 300w, https:\/\/www.bau-styl.hu\/furdoszobaszalon\/wp-content\/uploads\/2023\/10\/SPC-padloburkolat-5-1030x395.jpg 1030w, https:\/\/www.bau-styl.hu\/furdoszobaszalon\/wp-content\/uploads\/2023\/10\/SPC-padloburkolat-5-768x294.jpg 768w, https:\/\/www.bau-styl.hu\/furdoszobaszalon\/wp-content\/uploads\/2023\/10\/SPC-padloburkolat-5-1536x589.jpg 1536w, https:\/\/www.bau-styl.hu\/furdoszobaszalon\/wp-content\/uploads\/2023\/10\/SPC-padloburkolat-5-1500x575.jpg 1500w, https:\/\/www.bau-styl.hu\/furdoszobaszalon\/wp-content\/uploads\/2023\/10\/SPC-padloburkolat-5-705x270.jpg 705w\" data-sizes=\"(max-width: 1819px) 100vw, 1819px\"  aria-label=\"image SPC padl\u00f3burkolat (5)\"  id='av-masonry-1-item-43497' data-av-masonry-item='43497' class='av-masonry-entry isotope-item post-43497 attachment type-attachment status-inherit hentry  av-masonry-item-with-image' title=\"SPC padl\u00f3burkolat (5)\" alt=\"\"    itemprop=\"thumbnailUrl\" ><div class='av-inner-masonry-sizer'><\/div><figure class='av-inner-masonry main_color'><div class=\"av-masonry-outerimage-container\"><div class='av-masonry-image-container' style=\"background-image: url(https:\/\/www.bau-styl.hu\/furdoszobaszalon\/wp-content\/uploads\/2023\/10\/SPC-padloburkolat-5-495x400.jpg);\"  title=\"SPC padl\u00f3burkolat (5)\" ><\/div><\/div><\/figure><\/a><!--end av-masonry entry--><a href=\"https:\/\/www.bau-styl.hu\/furdoszobaszalon\/wp-content\/uploads\/2023\/10\/SPC-padloburkolat-1.jpg\" data-srcset=\"https:\/\/www.bau-styl.hu\/furdoszobaszalon\/wp-content\/uploads\/2023\/10\/SPC-padloburkolat-1.jpg 759w, https:\/\/www.bau-styl.hu\/furdoszobaszalon\/wp-content\/uploads\/2023\/10\/SPC-padloburkolat-1-450x199.jpg 450w, https:\/\/www.bau-styl.hu\/furdoszobaszalon\/wp-content\/uploads\/2023\/10\/SPC-padloburkolat-1-300x132.jpg 300w, https:\/\/www.bau-styl.hu\/furdoszobaszalon\/wp-content\/uploads\/2023\/10\/SPC-padloburkolat-1-705x311.jpg 705w\" data-sizes=\"(max-width: 759px) 100vw, 759px\"  aria-label=\"image SPC padl\u00f3burkolat (1)\"  id='av-masonry-1-item-43498' data-av-masonry-item='43498' class='av-masonry-entry isotope-item post-43498 attachment type-attachment status-inherit hentry  av-masonry-item-with-image' title=\"SPC padl\u00f3burkolat (1)\" alt=\"\"    itemprop=\"thumbnailUrl\" ><div class='av-inner-masonry-sizer'><\/div><figure class='av-inner-masonry main_color'><div class=\"av-masonry-outerimage-container\"><div class='av-masonry-image-container' style=\"background-image: url(https:\/\/www.bau-styl.hu\/furdoszobaszalon\/wp-content\/uploads\/2023\/10\/SPC-padloburkolat-1-495x335.jpg);\"  title=\"SPC padl\u00f3burkolat (1)\" ><\/div><\/div><\/figure><\/a><!--end av-masonry entry--><\/div><\/div>\n<\/div><\/div><\/div><!-- close content main div --><\/div><\/div>\n<style type=\"text\/css\" data-created_by=\"avia_inline_auto\" id=\"style-css-av-lo16uoe3-164d5f38cb07e0658a5824a6a567bf94\">\n.avia-section.av-lo16uoe3-164d5f38cb07e0658a5824a6a567bf94{\nbackground-repeat:no-repeat;\nbackground-image:url(https:\/\/www.bau-styl.hu\/furdoszobaszalon\/wp-content\/uploads\/2023\/10\/SPC-padloburkolat-5.jpg);\nbackground-position:50% 50%;\nbackground-attachment:scroll;\n}\n.avia-section.av-lo16uoe3-164d5f38cb07e0658a5824a6a567bf94 .av-section-color-overlay{\nopacity:0.5;\nbackground-color:#000000;\n}\n<\/style>\n<div id='ajanlat'  class='avia-section av-lo16uoe3-164d5f38cb07e0658a5824a6a567bf94 main_color avia-section-default avia-no-shadow  avia-builder-el-9  el_after_av_section  avia-builder-el-last  avia-full-stretch avia-bg-style-scroll av-section-color-overlay-active container_wrap sidebar_right'  data-section-bg-repeat='stretch'><div class=\"av-section-color-overlay-wrap\"><div class=\"av-section-color-overlay\"><\/div><div class='container av-section-cont-open' ><div class='template-page content  av-content-small alpha units'><div class='post-entry post-entry-type-page post-entry-43493'><div class='entry-content-wrapper clearfix'>\n\n<style type=\"text\/css\" data-created_by=\"avia_inline_auto\" id=\"style-css-av-av_hr-5ca9877b71e9c9b08aa2f47115800ed3\">\n#top .hr.hr-invisible.av-av_hr-5ca9877b71e9c9b08aa2f47115800ed3{\nheight:50px;\n}\n<\/style>\n<div  class='hr av-av_hr-5ca9877b71e9c9b08aa2f47115800ed3 hr-invisible  avia-builder-el-10  el_before_av_one_fifth  avia-builder-el-first '><span class='hr-inner '><span class=\"hr-inner-style\"><\/span><\/span><\/div>\n\n<style type=\"text\/css\" data-created_by=\"avia_inline_auto\" id=\"style-css-av-av_one_fifth-068220c8262444be99a83ad265bdcedb\">\n.flex_column.av-av_one_fifth-068220c8262444be99a83ad265bdcedb{\nborder-radius:0px 0px 0px 0px;\npadding:0px 0px 0px 0px;\n}\n<\/style>\n<div  class='flex_column av-av_one_fifth-068220c8262444be99a83ad265bdcedb av_one_fifth  avia-builder-el-11  el_after_av_hr  el_before_av_three_fifth  first flex_column_div av-zero-column-padding  '     ><\/div>\n<style type=\"text\/css\" data-created_by=\"avia_inline_auto\" id=\"style-css-av-av_three_fifth-d16bed752390fb46bb9f8cdd4860f43d\">\n.flex_column.av-av_three_fifth-d16bed752390fb46bb9f8cdd4860f43d{\nborder-radius:0px 0px 0px 0px;\npadding:30px 30px 30px 30px;\nbackground-color:rgba(35,35,35,0.57);\n}\n<\/style>\n<div  class='flex_column av-av_three_fifth-d16bed752390fb46bb9f8cdd4860f43d av_three_fifth  avia-builder-el-12  el_after_av_one_fifth  el_before_av_one_fifth  flex_column_div  '     ><style type=\"text\/css\" data-created_by=\"avia_inline_auto\" id=\"style-css-av-av_textblock-27c4f643a6e4cf7c6096ff03deb9fd6d\">\n#top .av_textblock_section.av-av_textblock-27c4f643a6e4cf7c6096ff03deb9fd6d .avia_textblock{\nfont-size:16px;\ncolor:#ffffff;\n}\n<\/style>\n<section  class='av_textblock_section av-av_textblock-27c4f643a6e4cf7c6096ff03deb9fd6d '   itemscope=\"itemscope\" itemtype=\"https:\/\/schema.org\/CreativeWork\" ><div class='avia_textblock av_inherit_color'  itemprop=\"text\" ><p style=\"text-align: center;\"><strong>Ha elnyerte tetsz\u00e9s\u00e9t ez a kollekci\u00f3, forduljon hozz\u00e1nk bizalommal!<\/strong><\/p>\n<p style=\"text-align: center;\"><strong>Adja meg el\u00e9rhet\u0151s\u00e9g\u00e9t \u00e9s munkat\u00e1rsaink hamarosan felveszik \u00d6nnel a kapcsolatot!\u00a0<\/strong><\/p>\n<\/div><\/section><br \/>\n<form action=\"https:\/\/www.bau-styl.hu\/furdoszobaszalon\/spc-padloburkolat\/\" method=\"post\" data-fields-with-error=\"Found errors in the following field(s):\" class=\"avia_ajax_form av-form-labels-hidden   avia-builder-el-14  el_after_av_textblock  avia-builder-el-last  av-custom-form-color av-light-form \" data-avia-form-id=\"1\" data-avia-redirect='https:\/\/www.bau-styl.hu\/furdoszobaszalon\/koszonjuk-erdeklodeset\/' ><fieldset><p class='  first_form  form_element form_element_third' id='element_avia_1_1'><label for=\"avia_1_1\">N\u00e9v <abbr class=\"required\" title=\"required\">*<\/abbr><\/label> <input name=\"avia_1_1\" class=\"text_input is_empty\" type=\"text\" id=\"avia_1_1\" value=\"\"  placeholder='N\u00e9v*'\/><\/p><p class='  form_element form_element_third' id='element_avia_2_1'><label for=\"avia_2_1\">E-Mail c\u00edm <abbr class=\"required\" title=\"required\">*<\/abbr><\/label> <input name=\"avia_2_1\" class=\"text_input is_email\" type=\"text\" id=\"avia_2_1\" value=\"\"  placeholder='E-Mail c\u00edm*'\/><\/p><p class='  form_element form_element_third' id='element_avia_3_1'><label for=\"avia_3_1\">Telefonsz\u00e1m <abbr class=\"required\" title=\"required\">*<\/abbr><\/label> <input name=\"avia_3_1\" class=\"text_input is_phone\" type=\"text\" id=\"avia_3_1\" value=\"\"  placeholder='Telefonsz\u00e1m*'\/><\/p><p class='  first_form  form_element form_fullwidth' id='element_avia_4_1'><label for=\"avia_4_1\">C\u00edm <abbr class=\"required\" title=\"required\">*<\/abbr><\/label> <input name=\"avia_4_1\" class=\"text_input is_empty\" type=\"text\" id=\"avia_4_1\" value=\"\"  placeholder='C\u00edm*'\/><\/p><p class='  first_form  form_element form_fullwidth' id='element_avia_5_1'><label for=\"avia_5_1\" class=\"textare_label hidden textare_label_avia_5_1\">Megjegyz\u00e9s<\/label><textarea  placeholder='Megjegyz\u00e9s' name=\"avia_5_1\" class=\"text_area \" cols=\"40\" rows=\"7\" id=\"avia_5_1\" ><\/textarea><\/p><p class=\"hidden\"><input type=\"text\" name=\"avia_6_1\" class=\"hidden \" id=\"avia_6_1\" value=\"\" \/><\/p><p class=' av_form_privacy_check av_contact_privacy_check first_form  form_element form_fullwidth' id='element_avia_7_1'><input  name=\"avia_7_1\" class=\"input_checkbox is_empty\" type=\"checkbox\" id=\"avia_7_1\" value=\"true\"\/><label class=\"input_checkbox_label\" for=\"avia_7_1\">Elfogadom az adatkezel\u00e9si nyilatkozatot <abbr class=\"required\" title=\"required\">*<\/abbr><\/label><\/p><p class=\"form_element \"><input type=\"hidden\" value=\"1\" name=\"avia_generated_form1\" \/><input type=\"submit\" value=\"K\u00fcld\u00e9s\" class=\"button\"  data-sending-label=\"K\u00fcld\u00e9s\"\/><\/p><\/fieldset><\/form><div id=\"ajaxresponse_1\" class=\"ajaxresponse ajaxresponse_1 hidden\"><\/div><\/p><\/div>\n<style type=\"text\/css\" data-created_by=\"avia_inline_auto\" id=\"style-css-av-av_one_fifth-e671fab5613f317ef63eb9ab712c64a3\">\n.flex_column.av-av_one_fifth-e671fab5613f317ef63eb9ab712c64a3{\nborder-radius:0px 0px 0px 0px;\npadding:0px 0px 0px 0px;\n}\n<\/style>\n<div  class='flex_column av-av_one_fifth-e671fab5613f317ef63eb9ab712c64a3 av_one_fifth  avia-builder-el-15  el_after_av_three_fifth  el_before_av_hr  flex_column_div av-zero-column-padding  '     ><\/div>\n<style type=\"text\/css\" data-created_by=\"avia_inline_auto\" id=\"style-css-av-av_hr-5ca9877b71e9c9b08aa2f47115800ed3\">\n#top .hr.hr-invisible.av-av_hr-5ca9877b71e9c9b08aa2f47115800ed3{\nheight:50px;\n}\n<\/style>\n<div  class='hr av-av_hr-5ca9877b71e9c9b08aa2f47115800ed3 hr-invisible  avia-builder-el-16  el_after_av_one_fifth  avia-builder-el-last '><span class='hr-inner '><span class=\"hr-inner-style\"><\/span><\/span><\/div>\n<\/div><\/div><\/div><!-- close content main div --><\/div><\/div><\/div><div id='after_section_3'  class='main_color av_default_container_wrap container_wrap sidebar_right'  ><div class='container av-section-cont-open' ><div class='template-page content  av-content-small alpha units'><div class='post-entry post-entry-type-page post-entry-43493'><div class='entry-content-wrapper clearfix'><\/p>\n","protected":false},"excerpt":{"rendered":"","protected":false},"author":2,"featured_media":0,"parent":0,"menu_order":0,"comment_status":"closed","ping_status":"closed","template":"","meta":{"footnotes":""},"class_list":["post-43493","page","type-page","status-publish","hentry"],"aioseo_notices":[],"_links":{"self":[{"href":"https:\/\/www.bau-styl.hu\/furdoszobaszalon\/wp-json\/wp\/v2\/pages\/43493","targetHints":{"allow":["GET"]}}],"collection":[{"href":"https:\/\/www.bau-styl.hu\/furdoszobaszalon\/wp-json\/wp\/v2\/pages"}],"about":[{"href":"https:\/\/www.bau-styl.hu\/furdoszobaszalon\/wp-json\/wp\/v2\/types\/page"}],"author":[{"embeddable":true,"href":"https:\/\/www.bau-styl.hu\/furdoszobaszalon\/wp-json\/wp\/v2\/users\/2"}],"replies":[{"embeddable":true,"href":"https:\/\/www.bau-styl.hu\/furdoszobaszalon\/wp-json\/wp\/v2\/comments?post=43493"}],"version-history":[{"count":0,"href":"https:\/\/www.bau-styl.hu\/furdoszobaszalon\/wp-json\/wp\/v2\/pages\/43493\/revisions"}],"wp:attachment":[{"href":"https:\/\/www.bau-styl.hu\/furdoszobaszalon\/wp-json\/wp\/v2\/media?parent=43493"}],"curies":[{"name":"wp","href":"https:\/\/api.w.org\/{rel}","templated":true}]}}