{"id":43620,"date":"2023-10-24T14:06:13","date_gmt":"2023-10-24T13:06:13","guid":{"rendered":"https:\/\/www.bau-styl.hu\/furdoszobaszalon\/?page_id=43620"},"modified":"2023-11-06T08:06:08","modified_gmt":"2023-11-06T07:06:08","slug":"belteri-vinyl-es-spc","status":"publish","type":"page","link":"https:\/\/www.bau-styl.hu\/furdoszobaszalon\/belteri-vinyl-es-spc\/","title":{"rendered":"Belt\u00e9ri Vinyl \u00e9s SPC"},"content":{"rendered":"\n<style type=\"text\/css\" data-created_by=\"avia_inline_auto\" id=\"style-css-av-lo4c3pwa-5cbba79aa95e5120dfc5d77e3de61cf0\">\n.avia-section.av-lo4c3pwa-5cbba79aa95e5120dfc5d77e3de61cf0{\nbackground-repeat:no-repeat;\nbackground-image:url(https:\/\/www.bau-styl.hu\/furdoszobaszalon\/wp-content\/uploads\/2023\/10\/Vinyl-padloburkolat-4.jpg);\nbackground-position:50% 50%;\nbackground-attachment:scroll;\n}\n.avia-section.av-lo4c3pwa-5cbba79aa95e5120dfc5d77e3de61cf0 .av-section-color-overlay{\nopacity:0.5;\nbackground-color:#000000;\n}\n<\/style>\n<div id='av_section_1'  class='avia-section av-lo4c3pwa-5cbba79aa95e5120dfc5d77e3de61cf0 main_color avia-section-default avia-no-border-styling  avia-builder-el-0  el_before_av_section  avia-builder-el-first  avia-full-stretch avia-bg-style-scroll av-section-color-overlay-active container_wrap sidebar_right'  data-section-bg-repeat='stretch'><div class=\"av-section-color-overlay-wrap\"><div class=\"av-section-color-overlay\"><\/div><div class='container av-section-cont-open' ><main  role=\"main\" itemprop=\"mainContentOfPage\"  class='template-page content  av-content-small alpha units'><div class='post-entry post-entry-type-page post-entry-43620'><div class='entry-content-wrapper clearfix'>\n\n<style type=\"text\/css\" data-created_by=\"avia_inline_auto\" id=\"style-css-av-3qbh5hg-edf984bdf8d43731db2b23bfe68f1928\">\n#top .hr.hr-invisible.av-3qbh5hg-edf984bdf8d43731db2b23bfe68f1928{\nheight:50px;\n}\n<\/style>\n<div  class='hr av-3qbh5hg-edf984bdf8d43731db2b23bfe68f1928 hr-invisible  avia-builder-el-1  el_before_av_heading  avia-builder-el-first '><span class='hr-inner '><span class=\"hr-inner-style\"><\/span><\/span><\/div>\n\n<style type=\"text\/css\" data-created_by=\"avia_inline_auto\" id=\"style-css-av-lo4cbcge-482c6d824e9daea23473d9d1d4ae01ce\">\n#top .av-special-heading.av-lo4cbcge-482c6d824e9daea23473d9d1d4ae01ce{\npadding-bottom:10px;\ncolor:#ffffff;\n}\nbody .av-special-heading.av-lo4cbcge-482c6d824e9daea23473d9d1d4ae01ce .av-special-heading-tag .heading-char{\nfont-size:25px;\n}\n.av-special-heading.av-lo4cbcge-482c6d824e9daea23473d9d1d4ae01ce .special-heading-inner-border{\nborder-color:#ffffff;\n}\n.av-special-heading.av-lo4cbcge-482c6d824e9daea23473d9d1d4ae01ce .av-subheading{\nfont-size:15px;\n}\n<\/style>\n<div  class='av-special-heading av-lo4cbcge-482c6d824e9daea23473d9d1d4ae01ce av-special-heading-h1 custom-color-heading blockquote modern-quote modern-centered  avia-builder-el-2  el_after_av_hr  el_before_av_hr '><h1 class='av-special-heading-tag '  itemprop=\"headline\"  >BELT\u00c9RI VINYL \u00c9S SPC<\/h1><div class='av_custom_color av-subheading av-subheading_below'><p>&#8211; MELEGBURKOLATOK &#8211;<\/p>\n<\/div><div class=\"special-heading-border\"><div class=\"special-heading-inner-border\"><\/div><\/div><\/div>\n\n<style type=\"text\/css\" data-created_by=\"avia_inline_auto\" id=\"style-css-av-17906c-df9104c80bb337eff38a65641920be44\">\n#top .hr.hr-invisible.av-17906c-df9104c80bb337eff38a65641920be44{\nheight:50px;\n}\n<\/style>\n<div  class='hr av-17906c-df9104c80bb337eff38a65641920be44 hr-invisible  avia-builder-el-3  el_after_av_heading  avia-builder-el-last '><span class='hr-inner '><span class=\"hr-inner-style\"><\/span><\/span><\/div>\n\n<\/div><\/div><\/main><!-- close content main element --><\/div><\/div><\/div><div id='av_section_2'  class='avia-section av-2w9k8zo-ffee8601a7807c248ff3abab78561182 main_color avia-section-default avia-no-border-styling  avia-builder-el-4  el_after_av_section  avia-builder-el-last  avia-bg-style-scroll container_wrap sidebar_right'  ><div class='container av-section-cont-open' ><div class='template-page content  av-content-small alpha units'><div class='post-entry post-entry-type-page post-entry-43620'><div class='entry-content-wrapper clearfix'>\n\n<style type=\"text\/css\" data-created_by=\"avia_inline_auto\" id=\"style-css-av-2hmf1z8-dbe6cb4b9a91d75114347b8761e2e2e1\">\n.flex_column.av-2hmf1z8-dbe6cb4b9a91d75114347b8761e2e2e1{\nborder-radius:0px 0px 0px 0px;\npadding:0px 0px 0px 0px;\n}\n<\/style>\n<div  class='flex_column av-2hmf1z8-dbe6cb4b9a91d75114347b8761e2e2e1 av_one_third  avia-builder-el-5  el_before_av_one_third  avia-builder-el-first  first flex_column_div av-zero-column-padding  '     ><p><section  class='av_textblock_section av-lo4c4eya-e848909ef556624d0a83a85adbc9f18e '   itemscope=\"itemscope\" itemtype=\"https:\/\/schema.org\/CreativeWork\" ><div class='avia_textblock'  itemprop=\"text\" ><p><strong>HYDRO FIX \/ OBJECT<\/strong><\/p>\n<\/div><\/section><br \/>\n\n<style type=\"text\/css\" data-created_by=\"avia_inline_auto\" id=\"style-css-av-lo4c6st6-7d7202b8ea20a16234b2b91325f3233e\">\n.avia-image-container.av-lo4c6st6-7d7202b8ea20a16234b2b91325f3233e img.avia_image{\nbox-shadow:none;\n}\n.avia-image-container.av-lo4c6st6-7d7202b8ea20a16234b2b91325f3233e .av-image-caption-overlay-center{\ncolor:#ffffff;\n}\n<\/style>\n<div  class='avia-image-container av-lo4c6st6-7d7202b8ea20a16234b2b91325f3233e av-styling- av-hover-grow av-hide-overflow av-img-linked avia-align-center  avia-builder-el-7  el_after_av_textblock  avia-builder-el-last '   itemprop=\"image\" itemscope=\"itemscope\" itemtype=\"https:\/\/schema.org\/ImageObject\" ><div class=\"avia-image-container-inner\"><div class=\"avia-image-overlay-wrap\"><a href=\"https:\/\/www.bau-styl.hu\/furdoszobaszalon\/hydro-fix-es-hydro-fix-object\/\" class='avia_image '  aria-label='Hydro Fix (21)'><img decoding=\"async\" fetchpriority=\"high\" class='wp-image-43471 avia-img-lazy-loading-not-43471 avia_image ' src=\"https:\/\/www.bau-styl.hu\/furdoszobaszalon\/wp-content\/uploads\/2023\/10\/Hydro-Fix-21-495x400.jpg\" alt='' title='Hydro Fix (21)'  height=\"400\" width=\"495\"  itemprop=\"thumbnailUrl\"  \/><\/a><\/div><\/div><\/div><\/p><\/div>\n<style type=\"text\/css\" data-created_by=\"avia_inline_auto\" id=\"style-css-av-225x6uc-f0a7eeb6f4db6a0d39e923fcca9920c3\">\n.flex_column.av-225x6uc-f0a7eeb6f4db6a0d39e923fcca9920c3{\nborder-radius:0px 0px 0px 0px;\npadding:0px 0px 0px 0px;\n}\n<\/style>\n<div  class='flex_column av-225x6uc-f0a7eeb6f4db6a0d39e923fcca9920c3 av_one_third  avia-builder-el-8  el_after_av_one_third  el_before_av_one_third  flex_column_div av-zero-column-padding  '     ><p><section  class='av_textblock_section av-lo4c71f0-3f2d846d2925b997557c577f93c0fd2c '   itemscope=\"itemscope\" itemtype=\"https:\/\/schema.org\/CreativeWork\" ><div class='avia_textblock'  itemprop=\"text\" ><p><strong>VINYL PADL\u00d3BURKOLAT<\/strong><\/p>\n<\/div><\/section><br \/>\n\n<style type=\"text\/css\" data-created_by=\"avia_inline_auto\" id=\"style-css-av-lo4c845r-d8cae8969a47293a20f46b3fbf7e4e31\">\n.avia-image-container.av-lo4c845r-d8cae8969a47293a20f46b3fbf7e4e31 img.avia_image{\nbox-shadow:none;\n}\n.avia-image-container.av-lo4c845r-d8cae8969a47293a20f46b3fbf7e4e31 .av-image-caption-overlay-center{\ncolor:#ffffff;\n}\n<\/style>\n<div  class='avia-image-container av-lo4c845r-d8cae8969a47293a20f46b3fbf7e4e31 av-styling- av-hover-grow av-hide-overflow av-img-linked avia-align-center  avia-builder-el-10  el_after_av_textblock  avia-builder-el-last '   itemprop=\"image\" itemscope=\"itemscope\" itemtype=\"https:\/\/schema.org\/ImageObject\" ><div class=\"avia-image-container-inner\"><div class=\"avia-image-overlay-wrap\"><a href=\"https:\/\/www.bau-styl.hu\/furdoszobaszalon\/vinyl-padloburkolat\/\" class='avia_image '  aria-label='Vinyl padl\u00f3burkolat (4)'><img decoding=\"async\" fetchpriority=\"high\" class='wp-image-43440 avia-img-lazy-loading-not-43440 avia_image ' src=\"https:\/\/www.bau-styl.hu\/furdoszobaszalon\/wp-content\/uploads\/2023\/10\/Vinyl-padloburkolat-4-495x400.jpg\" alt='' title='Vinyl padl\u00f3burkolat (4)'  height=\"400\" width=\"495\"  itemprop=\"thumbnailUrl\"  \/><\/a><\/div><\/div><\/div><\/p><\/div>\n<style type=\"text\/css\" data-created_by=\"avia_inline_auto\" id=\"style-css-av-5nabl0-30b3d339aecb477ed8bc49d035feb4a4\">\n.flex_column.av-5nabl0-30b3d339aecb477ed8bc49d035feb4a4{\nborder-radius:0px 0px 0px 0px;\npadding:0px 0px 0px 0px;\n}\n<\/style>\n<div  class='flex_column av-5nabl0-30b3d339aecb477ed8bc49d035feb4a4 av_one_third  avia-builder-el-11  el_after_av_one_third  el_before_av_one_full  flex_column_div av-zero-column-padding  '     ><p><section  class='av_textblock_section av-lo4c789s-c753a97f3a6da48d189bb8543d527de1 '   itemscope=\"itemscope\" itemtype=\"https:\/\/schema.org\/CreativeWork\" ><div class='avia_textblock'  itemprop=\"text\" ><p><strong>SPC PADL\u00d3BURKOLAT<\/strong><\/p>\n<\/div><\/section><br \/>\n\n<style type=\"text\/css\" data-created_by=\"avia_inline_auto\" id=\"style-css-av-lo4ca9gu-0e3b764c5fd74cf135e97bc9cf350cb6\">\n.avia-image-container.av-lo4ca9gu-0e3b764c5fd74cf135e97bc9cf350cb6 img.avia_image{\nbox-shadow:none;\n}\n.avia-image-container.av-lo4ca9gu-0e3b764c5fd74cf135e97bc9cf350cb6 .av-image-caption-overlay-center{\ncolor:#ffffff;\n}\n<\/style>\n<div  class='avia-image-container av-lo4ca9gu-0e3b764c5fd74cf135e97bc9cf350cb6 av-styling- av-hover-grow av-hide-overflow av-img-linked avia-align-center  avia-builder-el-13  el_after_av_textblock  avia-builder-el-last '   itemprop=\"image\" itemscope=\"itemscope\" itemtype=\"https:\/\/schema.org\/ImageObject\" ><div class=\"avia-image-container-inner\"><div class=\"avia-image-overlay-wrap\"><a href=\"https:\/\/www.bau-styl.hu\/furdoszobaszalon\/spc-padloburkolat\/\" class='avia_image '  aria-label='SPC padl\u00f3burkolat (4)'><img decoding=\"async\" fetchpriority=\"high\" class='wp-image-43496 avia-img-lazy-loading-not-43496 avia_image ' src=\"https:\/\/www.bau-styl.hu\/furdoszobaszalon\/wp-content\/uploads\/2023\/10\/SPC-padloburkolat-4-495x400.jpg\" alt='' title='SPC padl\u00f3burkolat (4)'  height=\"400\" width=\"495\"  itemprop=\"thumbnailUrl\" srcset=\"https:\/\/www.bau-styl.hu\/furdoszobaszalon\/wp-content\/uploads\/2023\/10\/SPC-padloburkolat-4-495x400.jpg 495w, https:\/\/www.bau-styl.hu\/furdoszobaszalon\/wp-content\/uploads\/2023\/10\/SPC-padloburkolat-4-845x684.jpg 845w\" sizes=\"(max-width: 495px) 100vw, 495px\" \/><\/a><\/div><\/div><\/div><\/p><\/div><div  class='flex_column av-av_one_full-a961ec8c42a44a397321d1a2224da3ca av_one_full  avia-builder-el-14  el_after_av_one_third  el_before_av_one_full  first flex_column_div  column-top-margin'     ><section  class='av_textblock_section av-av_textblock-e878f05c31dff72941bf1e49a00d9ff5 '   itemscope=\"itemscope\" itemtype=\"https:\/\/schema.org\/CreativeWork\" ><div class='avia_textblock'  itemprop=\"text\" ><p style=\"text-align: right;\"><a href=\"https:\/\/www.bau-styl.hu\/furdoszobaszalon\/melegburkolatok\/\"><mark>Megn\u00e9zem a t\u00f6bbi melegburkolatot is!<\/mark><\/a><\/p>\n<\/div><\/section><\/div><div  class='flex_column av-11b2k2s-33b69dd9af9f6ece823ea80c8c92d5dd av_one_full  avia-builder-el-16  el_after_av_one_full  avia-builder-el-last  first flex_column_div  column-top-margin'     ><div  class='av_promobox av-sfcs84-2595e55c7f6c371665310ad7ed63ed8e avia-button-yes  avia-builder-el-17  avia-builder-el-no-sibling '><div class='avia-promocontent'><p>\n<strong>Megtetszett valamelyik kollekci\u00f3?<br \/>\n<\/strong>L\u00e1togasson el szem\u00e9lyesen szalonunkba, ahol lehet\u0151s\u00e9ge van jobban megismerni k\u00edn\u00e1latunk \u00e9s a kiv\u00e1lasztott melegburkolathoz passzol\u00f3 belt\u00e9ri ajt\u00f3kat \u00e9s hidegburkolatokat is v\u00e1laszthat.<\/p>\n<\/div><div  class='avia-button-wrap av-sfcs84-fdd819eb34a7ed2de91b44d1702f914e-wrap avia-button-right '><a href='https:\/\/www.bau-styl.hu\/furdoszobaszalon\/kapcsolat\/'  class='avia-button av-sfcs84-fdd819eb34a7ed2de91b44d1702f914e av-link-btn avia-icon_select-no avia-size-large avia-position-right avia-color-theme-color'   aria-label=\"KAPCSOLAT\"><span class='avia_iconbox_title' >KAPCSOLAT<\/span><\/a><\/div><\/div><\/div><\/div><\/div><\/div><!-- close content main div --><\/div><\/div><div id='after_section_2'  class='main_color av_default_container_wrap container_wrap sidebar_right'  ><div class='container av-section-cont-open' ><div class='template-page content  av-content-small alpha units'><div class='post-entry post-entry-type-page post-entry-43620'><div class='entry-content-wrapper clearfix'>\n","protected":false},"excerpt":{"rendered":"","protected":false},"author":2,"featured_media":0,"parent":0,"menu_order":0,"comment_status":"closed","ping_status":"closed","template":"","meta":{"footnotes":""},"class_list":["post-43620","page","type-page","status-publish","hentry"],"aioseo_notices":[],"_links":{"self":[{"href":"https:\/\/www.bau-styl.hu\/furdoszobaszalon\/wp-json\/wp\/v2\/pages\/43620","targetHints":{"allow":["GET"]}}],"collection":[{"href":"https:\/\/www.bau-styl.hu\/furdoszobaszalon\/wp-json\/wp\/v2\/pages"}],"about":[{"href":"https:\/\/www.bau-styl.hu\/furdoszobaszalon\/wp-json\/wp\/v2\/types\/page"}],"author":[{"embeddable":true,"href":"https:\/\/www.bau-styl.hu\/furdoszobaszalon\/wp-json\/wp\/v2\/users\/2"}],"replies":[{"embeddable":true,"href":"https:\/\/www.bau-styl.hu\/furdoszobaszalon\/wp-json\/wp\/v2\/comments?post=43620"}],"version-history":[{"count":0,"href":"https:\/\/www.bau-styl.hu\/furdoszobaszalon\/wp-json\/wp\/v2\/pages\/43620\/revisions"}],"wp:attachment":[{"href":"https:\/\/www.bau-styl.hu\/furdoszobaszalon\/wp-json\/wp\/v2\/media?parent=43620"}],"curies":[{"name":"wp","href":"https:\/\/api.w.org\/{rel}","templated":true}]}}