{"id":44930,"date":"2024-02-11T15:38:10","date_gmt":"2024-02-11T14:38:10","guid":{"rendered":"https:\/\/www.bau-styl.hu\/furdoszobaszalon\/?page_id=44930"},"modified":"2024-02-19T14:52:36","modified_gmt":"2024-02-19T13:52:36","slug":"fioranese-bridge","status":"publish","type":"page","link":"https:\/\/www.bau-styl.hu\/furdoszobaszalon\/fioranese-bridge\/","title":{"rendered":"Fioranese Bridge"},"content":{"rendered":"\n<style type=\"text\/css\" data-created_by=\"avia_inline_auto\" id=\"style-css-av-lsr81lk9-cd28df90f53550dae684279b11d93737\">\n.avia-section.av-lsr81lk9-cd28df90f53550dae684279b11d93737{\nbackground-repeat:no-repeat;\nbackground-image:url(https:\/\/www.bau-styl.hu\/furdoszobaszalon\/wp-content\/uploads\/2024\/02\/Fioranese-Bridge-2.jpg);\nbackground-position:50% 100%;\nbackground-attachment:scroll;\n}\n.avia-section.av-lsr81lk9-cd28df90f53550dae684279b11d93737 .av-section-color-overlay{\nopacity:0.5;\nbackground-color:#000000;\n}\n<\/style>\n<div id='av_section_1'  class='avia-section av-lsr81lk9-cd28df90f53550dae684279b11d93737 main_color avia-section-default avia-no-shadow  avia-builder-el-0  el_before_av_section  avia-builder-el-first  avia-full-stretch avia-bg-style-scroll av-section-color-overlay-active container_wrap sidebar_right'  data-section-bg-repeat='stretch'><div class=\"av-section-color-overlay-wrap\"><div class=\"av-section-color-overlay\"><\/div><div class='container av-section-cont-open' ><main  role=\"main\" itemprop=\"mainContentOfPage\"  class='template-page content  av-content-small alpha units'><div class='post-entry post-entry-type-page post-entry-44930'><div class='entry-content-wrapper clearfix'>\n\n<style type=\"text\/css\" data-created_by=\"avia_inline_auto\" id=\"style-css-av-7s35xky-dbb3d46697b5c8aacddd51a4502f72a6\">\n#top .hr.hr-invisible.av-7s35xky-dbb3d46697b5c8aacddd51a4502f72a6{\nheight:50px;\n}\n<\/style>\n<div  class='hr av-7s35xky-dbb3d46697b5c8aacddd51a4502f72a6 hr-invisible  avia-builder-el-1  el_before_av_heading  avia-builder-el-first '><span class='hr-inner '><span class=\"hr-inner-style\"><\/span><\/span><\/div>\n\n<style type=\"text\/css\" data-created_by=\"avia_inline_auto\" id=\"style-css-av-lsr7ysnf-6545c9e7d36de2497b62373c736a1a49\">\n#top .av-special-heading.av-lsr7ysnf-6545c9e7d36de2497b62373c736a1a49{\npadding-bottom:10px;\ncolor:#ffffff;\n}\nbody .av-special-heading.av-lsr7ysnf-6545c9e7d36de2497b62373c736a1a49 .av-special-heading-tag .heading-char{\nfont-size:25px;\n}\n.av-special-heading.av-lsr7ysnf-6545c9e7d36de2497b62373c736a1a49 .special-heading-inner-border{\nborder-color:#ffffff;\n}\n.av-special-heading.av-lsr7ysnf-6545c9e7d36de2497b62373c736a1a49 .av-subheading{\nfont-size:15px;\n}\n<\/style>\n<div  class='av-special-heading av-lsr7ysnf-6545c9e7d36de2497b62373c736a1a49 av-special-heading-h1 custom-color-heading blockquote modern-quote modern-centered  avia-builder-el-2  el_after_av_hr  el_before_av_hr '><h1 class='av-special-heading-tag '  itemprop=\"headline\"  >BRIDGE<\/h1><div class='av_custom_color av-subheading av-subheading_below'><p>FIORANESE<\/p>\n<\/div><div class=\"special-heading-border\"><div class=\"special-heading-inner-border\"><\/div><\/div><\/div>\n\n<style type=\"text\/css\" data-created_by=\"avia_inline_auto\" id=\"style-css-av-71cmfvm-e62b41e94aa38c51873e2feed3527ccb\">\n#top .hr.hr-invisible.av-71cmfvm-e62b41e94aa38c51873e2feed3527ccb{\nheight:50px;\n}\n<\/style>\n<div  class='hr av-71cmfvm-e62b41e94aa38c51873e2feed3527ccb hr-invisible  avia-builder-el-3  el_after_av_heading  avia-builder-el-last '><span class='hr-inner '><span class=\"hr-inner-style\"><\/span><\/span><\/div>\n\n<\/div><\/div><\/main><!-- close content main element --><\/div><\/div><\/div><div id='av_section_2'  class='avia-section av-6lokdcy-0dc6e5c59698442723364411d53830cf main_color avia-section-default avia-no-shadow  avia-builder-el-4  el_after_av_section  el_before_av_section  avia-bg-style-scroll container_wrap sidebar_right'  ><div class='container av-section-cont-open' ><div class='template-page content  av-content-small alpha units'><div class='post-entry post-entry-type-page post-entry-44930'><div class='entry-content-wrapper clearfix'>\n<section  class='av_textblock_section av-lsr7yxla-e076029f395c34d8ec548c4760d8f4e3 '   itemscope=\"itemscope\" itemtype=\"https:\/\/schema.org\/CreativeWork\" ><div class='avia_textblock'  itemprop=\"text\" ><p style=\"text-align: justify;\"><span style=\"font-weight: 400;\">A Bridge a maga nem\u00e9ben p\u00e1ratlan a fahat\u00e1s\u00fa kollekci\u00f3k palett\u00e1j\u00e1n. Alaplapjai kiz\u00e1r\u00f3lag rombusz \u00e9s paralelogramma form\u00e1ban \u00e9rhet\u0151ek el, \u00edgy \u00faj dimenzi\u00f3kat nyit a burkol\u00e1si m\u00f3dok ter\u00fclet\u00e9n. N\u00e9gy sz\u00ednben v\u00e1laszthatjuk, amelyeket ak\u00e1r egym\u00e1ssal is kombin\u00e1lhatunk az izgalmas v\u00e9geredm\u00e9ny \u00e9rdek\u00e9ben. A hagyom\u00e1nyos chevron chic mint\u00e1zat mellett az \u00e9k alak\u00fa lapoknak k\u00f6sz\u00f6nhet\u0151en k\u00e1pr\u00e1zatos mint\u00e1kat alkothatunk ezzel kollekci\u00f3val, amit b\u00e1tran haszn\u00e1lhatunk padl\u00f3n \u00e9s falon egyar\u00e1nt. Az alaplapok mellett rombusz alak\u00fa dekorokat is v\u00e1laszthatunk a hagyom\u00e1nyos olasz k\u00e9zm\u0171vess\u00e9gre jellemz\u0151 mint\u00e1zatokkal. A Bridge seg\u00edts\u00e9g\u00e9vel olyan k\u00fcl\u00f6nleges hangulat\u00fa enteri\u0151r\u00f6ket alkothatunk, ahol a tradicion\u00e1lis jegyek harmonikusan \u00f6sszeolvadnak a modern trendekkel.<\/span><\/p>\n<\/div><\/section>\n<section  class='av_textblock_section av-62hc40y-d7db7333447b5c9ba9a6cfb5a02bc396 '   itemscope=\"itemscope\" itemtype=\"https:\/\/schema.org\/CreativeWork\" ><div class='avia_textblock'  itemprop=\"text\" ><p style=\"text-align: right;\"><mark><strong><a href=\"#ajanlat\">Aj\u00e1nlatot k\u00e9rek!<\/a><\/strong><\/mark><\/p>\n<\/div><\/section>\n<div  class='av_promobox av-lsr7zzbd-49dfec889be25e027604616b5579bac1 avia-button-yes  avia-builder-el-7  el_after_av_textblock  el_before_av_hr '><div class='avia-promocontent'><p>R\u00e9szletesebb inform\u00e1ci\u00f3t \u00e9s technikai adatokat a katal\u00f3gusban tal\u00e1l.<\/p>\n<\/div><div  class='avia-button-wrap av-lsr7zzbd-a59072b25efbadc0b4bd29787f23248c-wrap avia-button-right '><a href='https:\/\/www.bau-styl.hu\/furdoszobaszalon\/wp-content\/uploads\/2024\/02\/FIORANESE-Bridge-Catalogo-1.pdf'  class='avia-button av-lsr7zzbd-a59072b25efbadc0b4bd29787f23248c av-link-btn avia-icon_select-no avia-size-large avia-position-right avia-color-theme-color'  target=\"_blank\"  rel=\"noopener noreferrer\"  aria-label=\"Katal\u00f3gus megtekint\u00e9se\"><span class='avia_iconbox_title' >Katal\u00f3gus megtekint\u00e9se<\/span><\/a><\/div><\/div>\n\n<style type=\"text\/css\" data-created_by=\"avia_inline_auto\" id=\"style-css-av-5sugyzm-3c3b680f608b118c1c70dd13b5d7e9f7\">\n#top .hr.hr-invisible.av-5sugyzm-3c3b680f608b118c1c70dd13b5d7e9f7{\nheight:50px;\n}\n<\/style>\n<div  class='hr av-5sugyzm-3c3b680f608b118c1c70dd13b5d7e9f7 hr-invisible  avia-builder-el-8  el_after_av_promobox  el_before_av_masonry_gallery  avia-builder-el-last '><span class='hr-inner '><span class=\"hr-inner-style\"><\/span><\/span><\/div>\n<div id='av-masonry-1' class='av-masonry av-lsr823xe-07161a25d30ac5b0a857a6633c0b633b noHover av-fixed-size av-large-gap av-hover-overlay- av-masonry-animation-active av-masonry-col-5 av-caption-always av-caption-style- av-masonry-gallery av-medium-columns-overwrite av-medium-columns-4 av-small-columns-overwrite av-small-columns-4 av-mini-columns-overwrite av-mini-columns-4 ' data-post_id=\"44930\"><div class=\"av-masonry-container isotope av-js-disabled\"><div class='av-masonry-entry isotope-item av-masonry-item-no-image '><\/div><a href=\"https:\/\/www.bau-styl.hu\/furdoszobaszalon\/wp-content\/uploads\/2024\/02\/Fioranese-Bridge-2.jpg\" data-srcset=\"https:\/\/www.bau-styl.hu\/furdoszobaszalon\/wp-content\/uploads\/2024\/02\/Fioranese-Bridge-2.jpg 1024w, https:\/\/www.bau-styl.hu\/furdoszobaszalon\/wp-content\/uploads\/2024\/02\/Fioranese-Bridge-2-300x212.jpg 300w, https:\/\/www.bau-styl.hu\/furdoszobaszalon\/wp-content\/uploads\/2024\/02\/Fioranese-Bridge-2-768x543.jpg 768w, https:\/\/www.bau-styl.hu\/furdoszobaszalon\/wp-content\/uploads\/2024\/02\/Fioranese-Bridge-2-260x185.jpg 260w, https:\/\/www.bau-styl.hu\/furdoszobaszalon\/wp-content\/uploads\/2024\/02\/Fioranese-Bridge-2-705x498.jpg 705w\" data-sizes=\"(max-width: 1024px) 100vw, 1024px\"  aria-label=\"image Fioranese Bridge (2)\"  id='av-masonry-1-item-44944' data-av-masonry-item='44944' class='av-masonry-entry isotope-item post-44944 attachment type-attachment status-inherit hentry  av-masonry-item-with-image' title=\"Fioranese Bridge (2)\" alt=\"\"    itemprop=\"thumbnailUrl\" ><div class='av-inner-masonry-sizer'><\/div><figure class='av-inner-masonry main_color'><div class=\"av-masonry-outerimage-container\"><div class='av-masonry-image-container' style=\"background-image: url(https:\/\/www.bau-styl.hu\/furdoszobaszalon\/wp-content\/uploads\/2024\/02\/Fioranese-Bridge-2-495x400.jpg);\"  title=\"Fioranese Bridge (2)\" ><\/div><\/div><\/figure><\/a><!--end av-masonry entry--><a href=\"https:\/\/www.bau-styl.hu\/furdoszobaszalon\/wp-content\/uploads\/2024\/02\/Fioranese-Bridge-4.jpg\" data-srcset=\"https:\/\/www.bau-styl.hu\/furdoszobaszalon\/wp-content\/uploads\/2024\/02\/Fioranese-Bridge-4.jpg 1024w, https:\/\/www.bau-styl.hu\/furdoszobaszalon\/wp-content\/uploads\/2024\/02\/Fioranese-Bridge-4-300x212.jpg 300w, https:\/\/www.bau-styl.hu\/furdoszobaszalon\/wp-content\/uploads\/2024\/02\/Fioranese-Bridge-4-768x543.jpg 768w, https:\/\/www.bau-styl.hu\/furdoszobaszalon\/wp-content\/uploads\/2024\/02\/Fioranese-Bridge-4-260x185.jpg 260w, https:\/\/www.bau-styl.hu\/furdoszobaszalon\/wp-content\/uploads\/2024\/02\/Fioranese-Bridge-4-705x498.jpg 705w\" data-sizes=\"(max-width: 1024px) 100vw, 1024px\"  aria-label=\"image Fioranese Bridge (4)\"  id='av-masonry-1-item-44946' data-av-masonry-item='44946' class='av-masonry-entry isotope-item post-44946 attachment type-attachment status-inherit hentry  av-masonry-item-with-image' title=\"Fioranese Bridge (4)\" alt=\"\"    itemprop=\"thumbnailUrl\" ><div class='av-inner-masonry-sizer'><\/div><figure class='av-inner-masonry main_color'><div class=\"av-masonry-outerimage-container\"><div class='av-masonry-image-container' style=\"background-image: url(https:\/\/www.bau-styl.hu\/furdoszobaszalon\/wp-content\/uploads\/2024\/02\/Fioranese-Bridge-4-495x400.jpg);\"  title=\"Fioranese Bridge (4)\" ><\/div><\/div><\/figure><\/a><!--end av-masonry entry--><a href=\"https:\/\/www.bau-styl.hu\/furdoszobaszalon\/wp-content\/uploads\/2024\/02\/Fioranese-Bridge-1.jpg\" data-srcset=\"https:\/\/www.bau-styl.hu\/furdoszobaszalon\/wp-content\/uploads\/2024\/02\/Fioranese-Bridge-1.jpg 1024w, https:\/\/www.bau-styl.hu\/furdoszobaszalon\/wp-content\/uploads\/2024\/02\/Fioranese-Bridge-1-212x300.jpg 212w, https:\/\/www.bau-styl.hu\/furdoszobaszalon\/wp-content\/uploads\/2024\/02\/Fioranese-Bridge-1-728x1030.jpg 728w, https:\/\/www.bau-styl.hu\/furdoszobaszalon\/wp-content\/uploads\/2024\/02\/Fioranese-Bridge-1-768x1086.jpg 768w, https:\/\/www.bau-styl.hu\/furdoszobaszalon\/wp-content\/uploads\/2024\/02\/Fioranese-Bridge-1-499x705.jpg 499w\" data-sizes=\"(max-width: 1024px) 100vw, 1024px\"  aria-label=\"image Fioranese Bridge (1)\"  id='av-masonry-1-item-44943' data-av-masonry-item='44943' class='av-masonry-entry isotope-item post-44943 attachment type-attachment status-inherit hentry  av-masonry-item-with-image' title=\"Fioranese Bridge (1)\" alt=\"\"    itemprop=\"thumbnailUrl\" ><div class='av-inner-masonry-sizer'><\/div><figure class='av-inner-masonry main_color'><div class=\"av-masonry-outerimage-container\"><div class='av-masonry-image-container' style=\"background-image: url(https:\/\/www.bau-styl.hu\/furdoszobaszalon\/wp-content\/uploads\/2024\/02\/Fioranese-Bridge-1-495x400.jpg);\"  title=\"Fioranese Bridge (1)\" ><\/div><\/div><\/figure><\/a><!--end av-masonry entry--><a href=\"https:\/\/www.bau-styl.hu\/furdoszobaszalon\/wp-content\/uploads\/2024\/02\/Fioranese-Bridge-5.jpg\" data-srcset=\"https:\/\/www.bau-styl.hu\/furdoszobaszalon\/wp-content\/uploads\/2024\/02\/Fioranese-Bridge-5.jpg 1024w, https:\/\/www.bau-styl.hu\/furdoszobaszalon\/wp-content\/uploads\/2024\/02\/Fioranese-Bridge-5-300x212.jpg 300w, https:\/\/www.bau-styl.hu\/furdoszobaszalon\/wp-content\/uploads\/2024\/02\/Fioranese-Bridge-5-768x543.jpg 768w, https:\/\/www.bau-styl.hu\/furdoszobaszalon\/wp-content\/uploads\/2024\/02\/Fioranese-Bridge-5-260x185.jpg 260w, https:\/\/www.bau-styl.hu\/furdoszobaszalon\/wp-content\/uploads\/2024\/02\/Fioranese-Bridge-5-705x498.jpg 705w\" data-sizes=\"(max-width: 1024px) 100vw, 1024px\"  aria-label=\"image Fioranese Bridge (5)\"  id='av-masonry-1-item-44942' data-av-masonry-item='44942' class='av-masonry-entry isotope-item post-44942 attachment type-attachment status-inherit hentry  av-masonry-item-with-image' title=\"Fioranese Bridge (5)\" alt=\"\"    itemprop=\"thumbnailUrl\" ><div class='av-inner-masonry-sizer'><\/div><figure class='av-inner-masonry main_color'><div class=\"av-masonry-outerimage-container\"><div class='av-masonry-image-container' style=\"background-image: url(https:\/\/www.bau-styl.hu\/furdoszobaszalon\/wp-content\/uploads\/2024\/02\/Fioranese-Bridge-5-495x400.jpg);\"  title=\"Fioranese Bridge (5)\" ><\/div><\/div><\/figure><\/a><!--end av-masonry entry--><\/div><\/div>\n<\/div><\/div><\/div><!-- close content main div --><\/div><\/div>\n<style type=\"text\/css\" data-created_by=\"avia_inline_auto\" id=\"style-css-av-lsr80xbn-72808589b82be3aa5b2c05e9d9e27784\">\n.avia-section.av-lsr80xbn-72808589b82be3aa5b2c05e9d9e27784{\nbackground-repeat:no-repeat;\nbackground-image:url(https:\/\/www.bau-styl.hu\/furdoszobaszalon\/wp-content\/uploads\/2024\/02\/Fioranese-Bridge-5.jpg);\nbackground-position:50% 50%;\nbackground-attachment:scroll;\n}\n.avia-section.av-lsr80xbn-72808589b82be3aa5b2c05e9d9e27784 .av-section-color-overlay{\nopacity:0.5;\nbackground-color:#000000;\n}\n<\/style>\n<div id='ajanlat'  class='avia-section av-lsr80xbn-72808589b82be3aa5b2c05e9d9e27784 main_color avia-section-default avia-no-shadow  avia-builder-el-10  el_after_av_section  avia-builder-el-last  avia-full-stretch avia-bg-style-scroll av-section-color-overlay-active container_wrap sidebar_right'  data-section-bg-repeat='stretch'><div class=\"av-section-color-overlay-wrap\"><div class=\"av-section-color-overlay\"><\/div><div class='container av-section-cont-open' ><div class='template-page content  av-content-small alpha units'><div class='post-entry post-entry-type-page post-entry-44930'><div class='entry-content-wrapper clearfix'>\n\n<style type=\"text\/css\" data-created_by=\"avia_inline_auto\" id=\"style-css-av-59cxww2-6272d0ddb12962a859b4eb3bb7f88f23\">\n#top .hr.hr-invisible.av-59cxww2-6272d0ddb12962a859b4eb3bb7f88f23{\nheight:50px;\n}\n<\/style>\n<div  class='hr av-59cxww2-6272d0ddb12962a859b4eb3bb7f88f23 hr-invisible  avia-builder-el-11  el_before_av_one_fifth  avia-builder-el-first '><span class='hr-inner '><span class=\"hr-inner-style\"><\/span><\/span><\/div>\n\n<style type=\"text\/css\" data-created_by=\"avia_inline_auto\" id=\"style-css-av-4ukbj42-e4365bf58f003863222083396590e88d\">\n.flex_column.av-4ukbj42-e4365bf58f003863222083396590e88d{\nborder-radius:0px 0px 0px 0px;\npadding:0px 0px 0px 0px;\n}\n<\/style>\n<div  class='flex_column av-4ukbj42-e4365bf58f003863222083396590e88d av_one_fifth  avia-builder-el-12  el_after_av_hr  el_before_av_three_fifth  first flex_column_div av-zero-column-padding  '     ><\/div>\n<style type=\"text\/css\" data-created_by=\"avia_inline_auto\" id=\"style-css-av-48hm4ua-ba5ea9fe15425f4916cbaa28c04a2d6f\">\n.flex_column.av-48hm4ua-ba5ea9fe15425f4916cbaa28c04a2d6f{\nborder-radius:0px 0px 0px 0px;\npadding:30px 30px 30px 30px;\nbackground-color:rgba(35,35,35,0.57);\n}\n<\/style>\n<div  class='flex_column av-48hm4ua-ba5ea9fe15425f4916cbaa28c04a2d6f av_three_fifth  avia-builder-el-13  el_after_av_one_fifth  el_before_av_one_fifth  flex_column_div  '     ><style type=\"text\/css\" data-created_by=\"avia_inline_auto\" id=\"style-css-av-3wsoo5e-4676cf869b75fffb5d4ff0385bc982b6\">\n#top .av_textblock_section.av-3wsoo5e-4676cf869b75fffb5d4ff0385bc982b6 .avia_textblock{\nfont-size:16px;\ncolor:#ffffff;\n}\n<\/style>\n<section  class='av_textblock_section av-3wsoo5e-4676cf869b75fffb5d4ff0385bc982b6 '   itemscope=\"itemscope\" itemtype=\"https:\/\/schema.org\/CreativeWork\" ><div class='avia_textblock av_inherit_color'  itemprop=\"text\" ><p style=\"text-align: center;\"><strong>Ha elnyerte tetsz\u00e9s\u00e9t ez a kollekci\u00f3, forduljon hozz\u00e1nk bizalommal!<\/strong><\/p>\n<p style=\"text-align: center;\"><strong>Adja meg el\u00e9rhet\u0151s\u00e9g\u00e9t \u00e9s munkat\u00e1rsaink hamarosan felveszik \u00d6nnel a kapcsolatot!\u00a0<\/strong><\/p>\n<\/div><\/section><br \/>\n<form action=\"https:\/\/www.bau-styl.hu\/furdoszobaszalon\/fioranese-bridge\/\" method=\"post\" data-fields-with-error=\"Found errors in the following field(s):\" class=\"avia_ajax_form av-form-labels-hidden   avia-builder-el-15  el_after_av_textblock  avia-builder-el-last  av-custom-form-color av-light-form \" data-avia-form-id=\"1\" data-avia-redirect='https:\/\/www.bau-styl.hu\/furdoszobaszalon\/koszonjuk-erdeklodeset\/' ><fieldset><p class='  first_form  form_element form_element_third' id='element_avia_1_1'><label for=\"avia_1_1\">N\u00e9v <abbr class=\"required\" title=\"required\">*<\/abbr><\/label> <input name=\"avia_1_1\" class=\"text_input is_empty\" type=\"text\" id=\"avia_1_1\" value=\"\"  placeholder='N\u00e9v*'\/><\/p><p class='  form_element form_element_third' id='element_avia_2_1'><label for=\"avia_2_1\">E-Mail c\u00edm <abbr class=\"required\" title=\"required\">*<\/abbr><\/label> <input name=\"avia_2_1\" class=\"text_input is_email\" type=\"text\" id=\"avia_2_1\" value=\"\"  placeholder='E-Mail c\u00edm*'\/><\/p><p class='  form_element form_element_third' id='element_avia_3_1'><label for=\"avia_3_1\">Telefonsz\u00e1m <abbr class=\"required\" title=\"required\">*<\/abbr><\/label> <input name=\"avia_3_1\" class=\"text_input is_phone\" type=\"text\" id=\"avia_3_1\" value=\"\"  placeholder='Telefonsz\u00e1m*'\/><\/p><p class='  first_form  form_element form_fullwidth' id='element_avia_4_1'><label for=\"avia_4_1\">C\u00edm <abbr class=\"required\" title=\"required\">*<\/abbr><\/label> <input name=\"avia_4_1\" class=\"text_input is_empty\" type=\"text\" id=\"avia_4_1\" value=\"\"  placeholder='C\u00edm*'\/><\/p><p class='  first_form  form_element form_fullwidth' id='element_avia_5_1'><label for=\"avia_5_1\" class=\"textare_label hidden textare_label_avia_5_1\">Megjegyz\u00e9s<\/label><textarea  placeholder='Megjegyz\u00e9s' name=\"avia_5_1\" class=\"text_area \" cols=\"40\" rows=\"7\" id=\"avia_5_1\" ><\/textarea><\/p><p class=\"hidden\"><input type=\"text\" name=\"avia_6_1\" class=\"hidden \" id=\"avia_6_1\" value=\"\" \/><\/p><p class=' av_form_privacy_check av_contact_privacy_check first_form  form_element form_fullwidth' id='element_avia_7_1'><input  name=\"avia_7_1\" class=\"input_checkbox is_empty\" type=\"checkbox\" id=\"avia_7_1\" value=\"true\"\/><label class=\"input_checkbox_label\" for=\"avia_7_1\">Elfogadom az adatkezel\u00e9si nyilatkozatot <abbr class=\"required\" title=\"required\">*<\/abbr><\/label><\/p><p class=\"form_element \"><input type=\"hidden\" value=\"1\" name=\"avia_generated_form1\" \/><input type=\"submit\" value=\"K\u00fcld\u00e9s\" class=\"button\"  data-sending-label=\"K\u00fcld\u00e9s\"\/><\/p><\/fieldset><\/form><div id=\"ajaxresponse_1\" class=\"ajaxresponse ajaxresponse_1 hidden\"><\/div><\/p><\/div>\n<style type=\"text\/css\" data-created_by=\"avia_inline_auto\" id=\"style-css-av-11womci-5ff57ef152436789fd8caa0ea20de99b\">\n.flex_column.av-11womci-5ff57ef152436789fd8caa0ea20de99b{\nborder-radius:0px 0px 0px 0px;\npadding:0px 0px 0px 0px;\n}\n<\/style>\n<div  class='flex_column av-11womci-5ff57ef152436789fd8caa0ea20de99b av_one_fifth  avia-builder-el-16  el_after_av_three_fifth  el_before_av_hr  flex_column_div av-zero-column-padding  '     ><\/div>\n<style type=\"text\/css\" data-created_by=\"avia_inline_auto\" id=\"style-css-av-1wo8pu-49eb6df13208167cf7de2a3604557b3e\">\n#top .hr.hr-invisible.av-1wo8pu-49eb6df13208167cf7de2a3604557b3e{\nheight:50px;\n}\n<\/style>\n<div  class='hr av-1wo8pu-49eb6df13208167cf7de2a3604557b3e hr-invisible  avia-builder-el-17  el_after_av_one_fifth  avia-builder-el-last '><span class='hr-inner '><span class=\"hr-inner-style\"><\/span><\/span><\/div>\n<\/div><\/div><\/div><!-- close content main div --><\/div><\/div><\/div><div id='after_section_3'  class='main_color av_default_container_wrap container_wrap sidebar_right'  ><div class='container av-section-cont-open' ><div class='template-page content  av-content-small alpha units'><div class='post-entry post-entry-type-page post-entry-44930'><div class='entry-content-wrapper clearfix'><\/p>\n","protected":false},"excerpt":{"rendered":"","protected":false},"author":2,"featured_media":0,"parent":0,"menu_order":0,"comment_status":"closed","ping_status":"closed","template":"","meta":{"footnotes":""},"class_list":["post-44930","page","type-page","status-publish","hentry"],"aioseo_notices":[],"_links":{"self":[{"href":"https:\/\/www.bau-styl.hu\/furdoszobaszalon\/wp-json\/wp\/v2\/pages\/44930","targetHints":{"allow":["GET"]}}],"collection":[{"href":"https:\/\/www.bau-styl.hu\/furdoszobaszalon\/wp-json\/wp\/v2\/pages"}],"about":[{"href":"https:\/\/www.bau-styl.hu\/furdoszobaszalon\/wp-json\/wp\/v2\/types\/page"}],"author":[{"embeddable":true,"href":"https:\/\/www.bau-styl.hu\/furdoszobaszalon\/wp-json\/wp\/v2\/users\/2"}],"replies":[{"embeddable":true,"href":"https:\/\/www.bau-styl.hu\/furdoszobaszalon\/wp-json\/wp\/v2\/comments?post=44930"}],"version-history":[{"count":0,"href":"https:\/\/www.bau-styl.hu\/furdoszobaszalon\/wp-json\/wp\/v2\/pages\/44930\/revisions"}],"wp:attachment":[{"href":"https:\/\/www.bau-styl.hu\/furdoszobaszalon\/wp-json\/wp\/v2\/media?parent=44930"}],"curies":[{"name":"wp","href":"https:\/\/api.w.org\/{rel}","templated":true}]}}