{"id":45328,"date":"2024-02-18T09:28:22","date_gmt":"2024-02-18T08:28:22","guid":{"rendered":"https:\/\/www.bau-styl.hu\/furdoszobaszalon\/?page_id=45328"},"modified":"2026-03-31T09:20:16","modified_gmt":"2026-03-31T08:20:16","slug":"novabell-open","status":"publish","type":"page","link":"https:\/\/www.bau-styl.hu\/furdoszobaszalon\/novabell-open\/","title":{"rendered":"NovaBell Open"},"content":{"rendered":"\n<style type=\"text\/css\" data-created_by=\"avia_inline_auto\" id=\"style-css-av-lsragwq7-39f9bb03e81a2a38a362849c7169efb1\">\n.avia-section.av-lsragwq7-39f9bb03e81a2a38a362849c7169efb1{\nbackground-repeat:no-repeat;\nbackground-image:url(https:\/\/www.bau-styl.hu\/furdoszobaszalon\/wp-content\/uploads\/2024\/02\/NovaBell-Open-7.jpg);\nbackground-position:50% 100%;\nbackground-attachment:scroll;\n}\n.avia-section.av-lsragwq7-39f9bb03e81a2a38a362849c7169efb1 .av-section-color-overlay{\nopacity:0.5;\nbackground-color:#000000;\n}\n<\/style>\n<div id='av_section_1'  class='avia-section av-lsragwq7-39f9bb03e81a2a38a362849c7169efb1 main_color avia-section-default avia-no-shadow  avia-builder-el-0  el_before_av_section  avia-builder-el-first  avia-full-stretch avia-bg-style-scroll av-section-color-overlay-active container_wrap sidebar_right'  data-section-bg-repeat='stretch'><div class=\"av-section-color-overlay-wrap\"><div class=\"av-section-color-overlay\"><\/div><div class='container av-section-cont-open' ><main  role=\"main\" itemprop=\"mainContentOfPage\"  class='template-page content  av-content-small alpha units'><div class='post-entry post-entry-type-page post-entry-45328'><div class='entry-content-wrapper clearfix'>\n\n<style type=\"text\/css\" data-created_by=\"avia_inline_auto\" id=\"style-css-av-ul415c-2957710af4be14f2d11300aa8ea5715e\">\n#top .hr.hr-invisible.av-ul415c-2957710af4be14f2d11300aa8ea5715e{\nheight:50px;\n}\n<\/style>\n<div  class='hr av-ul415c-2957710af4be14f2d11300aa8ea5715e hr-invisible  avia-builder-el-1  el_before_av_heading  avia-builder-el-first '><span class='hr-inner '><span class=\"hr-inner-style\"><\/span><\/span><\/div>\n\n<style type=\"text\/css\" data-created_by=\"avia_inline_auto\" id=\"style-css-av-lsrageeb-f874397b65446613a1ec62912ebc363b\">\n#top .av-special-heading.av-lsrageeb-f874397b65446613a1ec62912ebc363b{\npadding-bottom:10px;\ncolor:#ffffff;\n}\nbody .av-special-heading.av-lsrageeb-f874397b65446613a1ec62912ebc363b .av-special-heading-tag .heading-char{\nfont-size:25px;\n}\n.av-special-heading.av-lsrageeb-f874397b65446613a1ec62912ebc363b .special-heading-inner-border{\nborder-color:#ffffff;\n}\n.av-special-heading.av-lsrageeb-f874397b65446613a1ec62912ebc363b .av-subheading{\nfont-size:15px;\n}\n<\/style>\n<div  class='av-special-heading av-lsrageeb-f874397b65446613a1ec62912ebc363b av-special-heading-h1 custom-color-heading blockquote modern-quote modern-centered  avia-builder-el-2  el_after_av_hr  el_before_av_hr '><h1 class='av-special-heading-tag '  itemprop=\"headline\"  >OPEN<\/h1><div class='av_custom_color av-subheading av-subheading_below'><p>NOVABELL<\/p>\n<\/div><div class=\"special-heading-border\"><div class=\"special-heading-inner-border\"><\/div><\/div><\/div>\n\n<style type=\"text\/css\" data-created_by=\"avia_inline_auto\" id=\"style-css-av-854m8ds-2cea9ef694a5aadaca256fe77dd1b768\">\n#top .hr.hr-invisible.av-854m8ds-2cea9ef694a5aadaca256fe77dd1b768{\nheight:50px;\n}\n<\/style>\n<div  class='hr av-854m8ds-2cea9ef694a5aadaca256fe77dd1b768 hr-invisible  avia-builder-el-3  el_after_av_heading  avia-builder-el-last '><span class='hr-inner '><span class=\"hr-inner-style\"><\/span><\/span><\/div>\n\n<\/div><\/div><\/main><!-- close content main element --><\/div><\/div><\/div><div id='av_section_2'  class='avia-section av-7l3uvg0-c85ec6249fcf73253660edc8783b77cd main_color avia-section-default avia-no-shadow  avia-builder-el-4  el_after_av_section  el_before_av_section  avia-bg-style-scroll container_wrap sidebar_right'  ><div class='container av-section-cont-open' ><div class='template-page content  av-content-small alpha units'><div class='post-entry post-entry-type-page post-entry-45328'><div class='entry-content-wrapper clearfix'>\n<section  class='av_textblock_section av-lsragjo1-d517d9fb17c54d07bcba9630abdf29fd '   itemscope=\"itemscope\" itemtype=\"https:\/\/schema.org\/CreativeWork\" ><div class='avia_textblock'  itemprop=\"text\" ><p style=\"text-align: justify;\"><span style=\"font-weight: 400;\">Az Open betonhat\u00e1s\u00fa burkolatcsal\u00e1dja az urbanista st\u00edlus k\u00e9pvisel\u0151je. Az alaplapok k\u00e9tf\u00e9le fel\u00fclettel \u00e9rhet\u0151ek el, amelyekhez mozaikot vagy murettot t\u00e1rs\u00edthatunk, hogy megt\u00f6rj\u00fck az egyhang\u00fa fel\u00fcleteket. T\u00edz \u00e1rnyalata visszafogott l\u00e1gy t\u00f3nusokat \u00e9s meleg f\u00f6ldsz\u00edneket k\u00edn\u00e1l. Ezzel a kollekci\u00f3val letisztult, modern enteri\u0151r\u00f6ket alkothatunk, de t\u00f6k\u00e9letes v\u00e1laszt\u00e1s a kert\u00fcnkbe vagy a teraszokra is. K\u00fclt\u00e9rre a n\u00e9pszer\u0171 20mm-es vastags\u00e1g mellett ez a kollekci\u00f3 30mm-es vastags\u00e1got is k\u00edn\u00e1l antracit \u00e1rnyalatban. T\u00f6k\u00e9letes v\u00e1laszt\u00e1s azok sz\u00e1m\u00e1ra, akik szeretik az egys\u00e9ges, homog\u00e9n megjelen\u00e9st otthonuk minden r\u00e9sz\u00e9ben.<\/span><\/p>\n<\/div><\/section>\n<section  class='av_textblock_section av-76gw3ww-996f56274df3db338ce702069ddf74ac '   itemscope=\"itemscope\" itemtype=\"https:\/\/schema.org\/CreativeWork\" ><div class='avia_textblock'  itemprop=\"text\" ><p style=\"text-align: right;\"><mark><strong><a href=\"#ajanlat\">Aj\u00e1nlatot k\u00e9rek!<\/a><\/strong><\/mark><\/p>\n<\/div><\/section>\n<div  class='av_promobox av-lsrai1t9-ba0038281e3948f8a59d8271e0a4aa8f avia-button-yes  avia-builder-el-7  el_after_av_textblock  el_before_av_hr '><div class='avia-promocontent'><p>R\u00e9szletesebb inform\u00e1ci\u00f3t \u00e9s technikai adatokat a katal\u00f3gusban tal\u00e1l.<\/p>\n<\/div><div  class='avia-button-wrap av-lsrai1t9-5362bcbe579272782a0b5d83fbc314db-wrap avia-button-right '><a href='https:\/\/www.bau-styl.hu\/furdoszobaszalon\/wp-content\/uploads\/2024\/02\/CAT_OPEN.pdf'  class='avia-button av-lsrai1t9-5362bcbe579272782a0b5d83fbc314db av-link-btn avia-icon_select-no avia-size-large avia-position-right avia-color-theme-color'  target=\"_blank\"  rel=\"noopener noreferrer\"  aria-label=\"Katal\u00f3gus megtekint\u00e9se\"><span class='avia_iconbox_title' >Katal\u00f3gus megtekint\u00e9se<\/span><\/a><\/div><\/div>\n\n<style type=\"text\/css\" data-created_by=\"avia_inline_auto\" id=\"style-css-av-6nge1ps-24f2146f3d0d12943868f9c3855e9a9d\">\n#top .hr.hr-invisible.av-6nge1ps-24f2146f3d0d12943868f9c3855e9a9d{\nheight:50px;\n}\n<\/style>\n<div  class='hr av-6nge1ps-24f2146f3d0d12943868f9c3855e9a9d hr-invisible  avia-builder-el-8  el_after_av_promobox  el_before_av_masonry_gallery  avia-builder-el-last '><span class='hr-inner '><span class=\"hr-inner-style\"><\/span><\/span><\/div>\n<div id='av-masonry-1' class='av-masonry av-6elmkfk-c833bf49d71d0266cfc4808047e7e9f0 noHover av-fixed-size av-large-gap av-hover-overlay- av-masonry-animation-active av-masonry-col-5 av-caption-always av-caption-style- av-masonry-gallery av-medium-columns-overwrite av-medium-columns-4 av-small-columns-overwrite av-small-columns-4 av-mini-columns-overwrite av-mini-columns-4 ' data-post_id=\"45328\"><div class=\"av-masonry-container isotope av-js-disabled\"><div class='av-masonry-entry isotope-item av-masonry-item-no-image '><\/div><a href=\"https:\/\/www.bau-styl.hu\/furdoszobaszalon\/wp-content\/uploads\/2024\/02\/NovaBell-Open-6.jpg\" data-srcset=\"https:\/\/www.bau-styl.hu\/furdoszobaszalon\/wp-content\/uploads\/2024\/02\/NovaBell-Open-6.jpg 1800w, https:\/\/www.bau-styl.hu\/furdoszobaszalon\/wp-content\/uploads\/2024\/02\/NovaBell-Open-6-300x188.jpg 300w, https:\/\/www.bau-styl.hu\/furdoszobaszalon\/wp-content\/uploads\/2024\/02\/NovaBell-Open-6-1030x644.jpg 1030w, https:\/\/www.bau-styl.hu\/furdoszobaszalon\/wp-content\/uploads\/2024\/02\/NovaBell-Open-6-768x480.jpg 768w, https:\/\/www.bau-styl.hu\/furdoszobaszalon\/wp-content\/uploads\/2024\/02\/NovaBell-Open-6-1536x960.jpg 1536w, https:\/\/www.bau-styl.hu\/furdoszobaszalon\/wp-content\/uploads\/2024\/02\/NovaBell-Open-6-1500x938.jpg 1500w, https:\/\/www.bau-styl.hu\/furdoszobaszalon\/wp-content\/uploads\/2024\/02\/NovaBell-Open-6-705x441.jpg 705w\" data-sizes=\"(max-width: 1800px) 100vw, 1800px\"  aria-label=\"image NovaBell Open (6)\"  id='av-masonry-1-item-45449' data-av-masonry-item='45449' class='av-masonry-entry isotope-item post-45449 attachment type-attachment status-inherit hentry  av-masonry-item-with-image' title=\"NovaBell Open (6)\" alt=\"\"    itemprop=\"thumbnailUrl\" ><div class='av-inner-masonry-sizer'><\/div><figure class='av-inner-masonry main_color'><div class=\"av-masonry-outerimage-container\"><div class='av-masonry-image-container' style=\"background-image: url(https:\/\/www.bau-styl.hu\/furdoszobaszalon\/wp-content\/uploads\/2024\/02\/NovaBell-Open-6-495x400.jpg);\"  title=\"NovaBell Open (6)\" ><\/div><\/div><\/figure><\/a><!--end av-masonry entry--><a href=\"https:\/\/www.bau-styl.hu\/furdoszobaszalon\/wp-content\/uploads\/2024\/02\/NovaBell-Open-5.jpg\" data-srcset=\"https:\/\/www.bau-styl.hu\/furdoszobaszalon\/wp-content\/uploads\/2024\/02\/NovaBell-Open-5.jpg 1800w, https:\/\/www.bau-styl.hu\/furdoszobaszalon\/wp-content\/uploads\/2024\/02\/NovaBell-Open-5-300x180.jpg 300w, https:\/\/www.bau-styl.hu\/furdoszobaszalon\/wp-content\/uploads\/2024\/02\/NovaBell-Open-5-1030x618.jpg 1030w, https:\/\/www.bau-styl.hu\/furdoszobaszalon\/wp-content\/uploads\/2024\/02\/NovaBell-Open-5-768x461.jpg 768w, https:\/\/www.bau-styl.hu\/furdoszobaszalon\/wp-content\/uploads\/2024\/02\/NovaBell-Open-5-1536x922.jpg 1536w, https:\/\/www.bau-styl.hu\/furdoszobaszalon\/wp-content\/uploads\/2024\/02\/NovaBell-Open-5-1500x900.jpg 1500w, https:\/\/www.bau-styl.hu\/furdoszobaszalon\/wp-content\/uploads\/2024\/02\/NovaBell-Open-5-705x423.jpg 705w\" data-sizes=\"(max-width: 1800px) 100vw, 1800px\"  aria-label=\"image NovaBell Open (5)\"  id='av-masonry-1-item-45448' data-av-masonry-item='45448' class='av-masonry-entry isotope-item post-45448 attachment type-attachment status-inherit hentry  av-masonry-item-with-image' title=\"NovaBell Open (5)\" alt=\"\"    itemprop=\"thumbnailUrl\" ><div class='av-inner-masonry-sizer'><\/div><figure class='av-inner-masonry main_color'><div class=\"av-masonry-outerimage-container\"><div class='av-masonry-image-container' style=\"background-image: url(https:\/\/www.bau-styl.hu\/furdoszobaszalon\/wp-content\/uploads\/2024\/02\/NovaBell-Open-5-495x400.jpg);\"  title=\"NovaBell Open (5)\" ><\/div><\/div><\/figure><\/a><!--end av-masonry entry--><a href=\"https:\/\/www.bau-styl.hu\/furdoszobaszalon\/wp-content\/uploads\/2024\/02\/NovaBell-Open-4.jpg\" data-srcset=\"https:\/\/www.bau-styl.hu\/furdoszobaszalon\/wp-content\/uploads\/2024\/02\/NovaBell-Open-4.jpg 1800w, https:\/\/www.bau-styl.hu\/furdoszobaszalon\/wp-content\/uploads\/2024\/02\/NovaBell-Open-4-300x180.jpg 300w, https:\/\/www.bau-styl.hu\/furdoszobaszalon\/wp-content\/uploads\/2024\/02\/NovaBell-Open-4-1030x618.jpg 1030w, https:\/\/www.bau-styl.hu\/furdoszobaszalon\/wp-content\/uploads\/2024\/02\/NovaBell-Open-4-768x461.jpg 768w, https:\/\/www.bau-styl.hu\/furdoszobaszalon\/wp-content\/uploads\/2024\/02\/NovaBell-Open-4-1536x922.jpg 1536w, https:\/\/www.bau-styl.hu\/furdoszobaszalon\/wp-content\/uploads\/2024\/02\/NovaBell-Open-4-1500x900.jpg 1500w, https:\/\/www.bau-styl.hu\/furdoszobaszalon\/wp-content\/uploads\/2024\/02\/NovaBell-Open-4-705x423.jpg 705w\" data-sizes=\"(max-width: 1800px) 100vw, 1800px\"  aria-label=\"image NovaBell Open (4)\"  id='av-masonry-1-item-45447' data-av-masonry-item='45447' class='av-masonry-entry isotope-item post-45447 attachment type-attachment status-inherit hentry  av-masonry-item-with-image' title=\"NovaBell Open (4)\" alt=\"\"    itemprop=\"thumbnailUrl\" ><div class='av-inner-masonry-sizer'><\/div><figure class='av-inner-masonry main_color'><div class=\"av-masonry-outerimage-container\"><div class='av-masonry-image-container' style=\"background-image: url(https:\/\/www.bau-styl.hu\/furdoszobaszalon\/wp-content\/uploads\/2024\/02\/NovaBell-Open-4-495x400.jpg);\"  title=\"NovaBell Open (4)\" ><\/div><\/div><\/figure><\/a><!--end av-masonry entry--><a href=\"https:\/\/www.bau-styl.hu\/furdoszobaszalon\/wp-content\/uploads\/2024\/02\/NovaBell-Open-3.jpg\" data-srcset=\"https:\/\/www.bau-styl.hu\/furdoszobaszalon\/wp-content\/uploads\/2024\/02\/NovaBell-Open-3.jpg 1800w, https:\/\/www.bau-styl.hu\/furdoszobaszalon\/wp-content\/uploads\/2024\/02\/NovaBell-Open-3-300x180.jpg 300w, https:\/\/www.bau-styl.hu\/furdoszobaszalon\/wp-content\/uploads\/2024\/02\/NovaBell-Open-3-1030x618.jpg 1030w, https:\/\/www.bau-styl.hu\/furdoszobaszalon\/wp-content\/uploads\/2024\/02\/NovaBell-Open-3-768x461.jpg 768w, https:\/\/www.bau-styl.hu\/furdoszobaszalon\/wp-content\/uploads\/2024\/02\/NovaBell-Open-3-1536x922.jpg 1536w, https:\/\/www.bau-styl.hu\/furdoszobaszalon\/wp-content\/uploads\/2024\/02\/NovaBell-Open-3-1500x900.jpg 1500w, https:\/\/www.bau-styl.hu\/furdoszobaszalon\/wp-content\/uploads\/2024\/02\/NovaBell-Open-3-705x423.jpg 705w\" data-sizes=\"(max-width: 1800px) 100vw, 1800px\"  aria-label=\"image NovaBell Open (3)\"  id='av-masonry-1-item-45446' data-av-masonry-item='45446' class='av-masonry-entry isotope-item post-45446 attachment type-attachment status-inherit hentry  av-masonry-item-with-image' title=\"NovaBell Open (3)\" alt=\"\"    itemprop=\"thumbnailUrl\" ><div class='av-inner-masonry-sizer'><\/div><figure class='av-inner-masonry main_color'><div class=\"av-masonry-outerimage-container\"><div class='av-masonry-image-container' style=\"background-image: url(https:\/\/www.bau-styl.hu\/furdoszobaszalon\/wp-content\/uploads\/2024\/02\/NovaBell-Open-3-495x400.jpg);\"  title=\"NovaBell Open (3)\" ><\/div><\/div><\/figure><\/a><!--end av-masonry entry--><a href=\"https:\/\/www.bau-styl.hu\/furdoszobaszalon\/wp-content\/uploads\/2024\/02\/NovaBell-Open-2.jpg\" data-srcset=\"https:\/\/www.bau-styl.hu\/furdoszobaszalon\/wp-content\/uploads\/2024\/02\/NovaBell-Open-2.jpg 1800w, https:\/\/www.bau-styl.hu\/furdoszobaszalon\/wp-content\/uploads\/2024\/02\/NovaBell-Open-2-246x300.jpg 246w, https:\/\/www.bau-styl.hu\/furdoszobaszalon\/wp-content\/uploads\/2024\/02\/NovaBell-Open-2-846x1030.jpg 846w, https:\/\/www.bau-styl.hu\/furdoszobaszalon\/wp-content\/uploads\/2024\/02\/NovaBell-Open-2-768x935.jpg 768w, https:\/\/www.bau-styl.hu\/furdoszobaszalon\/wp-content\/uploads\/2024\/02\/NovaBell-Open-2-1262x1536.jpg 1262w, https:\/\/www.bau-styl.hu\/furdoszobaszalon\/wp-content\/uploads\/2024\/02\/NovaBell-Open-2-1683x2048.jpg 1683w, https:\/\/www.bau-styl.hu\/furdoszobaszalon\/wp-content\/uploads\/2024\/02\/NovaBell-Open-2-1232x1500.jpg 1232w, https:\/\/www.bau-styl.hu\/furdoszobaszalon\/wp-content\/uploads\/2024\/02\/NovaBell-Open-2-579x705.jpg 579w\" data-sizes=\"(max-width: 1800px) 100vw, 1800px\"  aria-label=\"image NovaBell Open (2)\"  id='av-masonry-1-item-45444' data-av-masonry-item='45444' class='av-masonry-entry isotope-item post-45444 attachment type-attachment status-inherit hentry  av-masonry-item-with-image' title=\"NovaBell Open (2)\" alt=\"\"    itemprop=\"thumbnailUrl\" ><div class='av-inner-masonry-sizer'><\/div><figure class='av-inner-masonry main_color'><div class=\"av-masonry-outerimage-container\"><div class='av-masonry-image-container' style=\"background-image: url(https:\/\/www.bau-styl.hu\/furdoszobaszalon\/wp-content\/uploads\/2024\/02\/NovaBell-Open-2-495x400.jpg);\"  title=\"NovaBell Open (2)\" ><\/div><\/div><\/figure><\/a><!--end av-masonry entry--><a href=\"https:\/\/www.bau-styl.hu\/furdoszobaszalon\/wp-content\/uploads\/2024\/02\/NovaBell-Open-1.jpg\" data-srcset=\"https:\/\/www.bau-styl.hu\/furdoszobaszalon\/wp-content\/uploads\/2024\/02\/NovaBell-Open-1.jpg 1800w, https:\/\/www.bau-styl.hu\/furdoszobaszalon\/wp-content\/uploads\/2024\/02\/NovaBell-Open-1-300x180.jpg 300w, https:\/\/www.bau-styl.hu\/furdoszobaszalon\/wp-content\/uploads\/2024\/02\/NovaBell-Open-1-1030x618.jpg 1030w, https:\/\/www.bau-styl.hu\/furdoszobaszalon\/wp-content\/uploads\/2024\/02\/NovaBell-Open-1-768x461.jpg 768w, https:\/\/www.bau-styl.hu\/furdoszobaszalon\/wp-content\/uploads\/2024\/02\/NovaBell-Open-1-1536x922.jpg 1536w, https:\/\/www.bau-styl.hu\/furdoszobaszalon\/wp-content\/uploads\/2024\/02\/NovaBell-Open-1-1500x900.jpg 1500w, https:\/\/www.bau-styl.hu\/furdoszobaszalon\/wp-content\/uploads\/2024\/02\/NovaBell-Open-1-705x423.jpg 705w\" data-sizes=\"(max-width: 1800px) 100vw, 1800px\"  aria-label=\"image NovaBell Open (1)\"  id='av-masonry-1-item-45443' data-av-masonry-item='45443' class='av-masonry-entry isotope-item post-45443 attachment type-attachment status-inherit hentry  av-masonry-item-with-image' title=\"NovaBell Open (1)\" alt=\"\"    itemprop=\"thumbnailUrl\" ><div class='av-inner-masonry-sizer'><\/div><figure class='av-inner-masonry main_color'><div class=\"av-masonry-outerimage-container\"><div class='av-masonry-image-container' style=\"background-image: url(https:\/\/www.bau-styl.hu\/furdoszobaszalon\/wp-content\/uploads\/2024\/02\/NovaBell-Open-1-495x400.jpg);\"  title=\"NovaBell Open (1)\" ><\/div><\/div><\/figure><\/a><!--end av-masonry entry--><a href=\"https:\/\/www.bau-styl.hu\/furdoszobaszalon\/wp-content\/uploads\/2024\/02\/NovaBell-Open-7.jpg\" data-srcset=\"https:\/\/www.bau-styl.hu\/furdoszobaszalon\/wp-content\/uploads\/2024\/02\/NovaBell-Open-7.jpg 1800w, https:\/\/www.bau-styl.hu\/furdoszobaszalon\/wp-content\/uploads\/2024\/02\/NovaBell-Open-7-300x172.jpg 300w, https:\/\/www.bau-styl.hu\/furdoszobaszalon\/wp-content\/uploads\/2024\/02\/NovaBell-Open-7-1030x589.jpg 1030w, https:\/\/www.bau-styl.hu\/furdoszobaszalon\/wp-content\/uploads\/2024\/02\/NovaBell-Open-7-768x439.jpg 768w, https:\/\/www.bau-styl.hu\/furdoszobaszalon\/wp-content\/uploads\/2024\/02\/NovaBell-Open-7-1536x878.jpg 1536w, https:\/\/www.bau-styl.hu\/furdoszobaszalon\/wp-content\/uploads\/2024\/02\/NovaBell-Open-7-1500x858.jpg 1500w, https:\/\/www.bau-styl.hu\/furdoszobaszalon\/wp-content\/uploads\/2024\/02\/NovaBell-Open-7-705x403.jpg 705w\" data-sizes=\"(max-width: 1800px) 100vw, 1800px\"  aria-label=\"image NovaBell Open (7)\"  id='av-masonry-1-item-45442' data-av-masonry-item='45442' class='av-masonry-entry isotope-item post-45442 attachment type-attachment status-inherit hentry  av-masonry-item-with-image' title=\"NovaBell Open (7)\" alt=\"\"    itemprop=\"thumbnailUrl\" ><div class='av-inner-masonry-sizer'><\/div><figure class='av-inner-masonry main_color'><div class=\"av-masonry-outerimage-container\"><div class='av-masonry-image-container' style=\"background-image: url(https:\/\/www.bau-styl.hu\/furdoszobaszalon\/wp-content\/uploads\/2024\/02\/NovaBell-Open-7-495x400.jpg);\"  title=\"NovaBell Open (7)\" ><\/div><\/div><\/figure><\/a><!--end av-masonry entry--><\/div><\/div>\n\n<\/div><\/div><\/div><!-- close content main div --><\/div><\/div>\n<style type=\"text\/css\" data-created_by=\"avia_inline_auto\" id=\"style-css-av-lsrahq5s-3a9dea79f823c0dd4bfe9c86e33ecb2b\">\n.avia-section.av-lsrahq5s-3a9dea79f823c0dd4bfe9c86e33ecb2b{\nbackground-repeat:no-repeat;\nbackground-image:url(https:\/\/www.bau-styl.hu\/furdoszobaszalon\/wp-content\/uploads\/2024\/02\/NovaBell-Open-1.jpg);\nbackground-position:50% 50%;\nbackground-attachment:scroll;\n}\n.avia-section.av-lsrahq5s-3a9dea79f823c0dd4bfe9c86e33ecb2b .av-section-color-overlay{\nopacity:0.5;\nbackground-color:#000000;\n}\n<\/style>\n<div id='ajanlat'  class='avia-section av-lsrahq5s-3a9dea79f823c0dd4bfe9c86e33ecb2b main_color avia-section-default avia-no-shadow  avia-builder-el-10  el_after_av_section  avia-builder-el-last  avia-full-stretch avia-bg-style-scroll av-section-color-overlay-active container_wrap sidebar_right'  data-section-bg-repeat='stretch'><div class=\"av-section-color-overlay-wrap\"><div class=\"av-section-color-overlay\"><\/div><div class='container av-section-cont-open' ><div class='template-page content  av-content-small alpha units'><div class='post-entry post-entry-type-page post-entry-45328'><div class='entry-content-wrapper clearfix'>\n\n<style type=\"text\/css\" data-created_by=\"avia_inline_auto\" id=\"style-css-av-5p8srqo-c967375b7c00554b218a01cd8a1b34db\">\n#top .hr.hr-invisible.av-5p8srqo-c967375b7c00554b218a01cd8a1b34db{\nheight:50px;\n}\n<\/style>\n<div  class='hr av-5p8srqo-c967375b7c00554b218a01cd8a1b34db hr-invisible  avia-builder-el-11  el_before_av_one_fifth  avia-builder-el-first '><span class='hr-inner '><span class=\"hr-inner-style\"><\/span><\/span><\/div>\n\n<style type=\"text\/css\" data-created_by=\"avia_inline_auto\" id=\"style-css-av-59u7hqo-784e0268216c5c61ffbb1be993260553\">\n.flex_column.av-59u7hqo-784e0268216c5c61ffbb1be993260553{\nborder-radius:0px 0px 0px 0px;\npadding:0px 0px 0px 0px;\n}\n<\/style>\n<div  class='flex_column av-59u7hqo-784e0268216c5c61ffbb1be993260553 av_one_fifth  avia-builder-el-12  el_after_av_hr  el_before_av_three_fifth  first flex_column_div av-zero-column-padding  '     ><\/div>\n<style type=\"text\/css\" data-created_by=\"avia_inline_auto\" id=\"style-css-av-4rv7qnk-cf114b0f8f6c787b6a570e18c1162358\">\n.flex_column.av-4rv7qnk-cf114b0f8f6c787b6a570e18c1162358{\nborder-radius:0px 0px 0px 0px;\npadding:30px 30px 30px 30px;\nbackground-color:rgba(35,35,35,0.57);\n}\n<\/style>\n<div  class='flex_column av-4rv7qnk-cf114b0f8f6c787b6a570e18c1162358 av_three_fifth  avia-builder-el-13  el_after_av_one_fifth  el_before_av_one_fifth  flex_column_div  '     ><style type=\"text\/css\" data-created_by=\"avia_inline_auto\" id=\"style-css-av-4h7k0fk-5bc32384d1be9beedfb4ffce25ac33fa\">\n#top .av_textblock_section.av-4h7k0fk-5bc32384d1be9beedfb4ffce25ac33fa .avia_textblock{\nfont-size:16px;\ncolor:#ffffff;\n}\n<\/style>\n<section  class='av_textblock_section av-4h7k0fk-5bc32384d1be9beedfb4ffce25ac33fa '   itemscope=\"itemscope\" itemtype=\"https:\/\/schema.org\/CreativeWork\" ><div class='avia_textblock av_inherit_color'  itemprop=\"text\" ><p style=\"text-align: center;\"><strong>Ha elnyerte tetsz\u00e9s\u00e9t ez a kollekci\u00f3, forduljon hozz\u00e1nk bizalommal!<\/strong><\/p>\n<p style=\"text-align: center;\"><strong>Adja meg el\u00e9rhet\u0151s\u00e9g\u00e9t \u00e9s munkat\u00e1rsaink hamarosan felveszik \u00d6nnel a kapcsolatot!\u00a0<\/strong><\/p>\n<\/div><\/section><br \/>\n<form action=\"https:\/\/www.bau-styl.hu\/furdoszobaszalon\/novabell-open\/\" method=\"post\" data-fields-with-error=\"Found errors in the following field(s):\" class=\"avia_ajax_form av-form-labels-hidden   avia-builder-el-15  el_after_av_textblock  avia-builder-el-last  av-custom-form-color av-light-form \" data-avia-form-id=\"1\" data-avia-redirect='https:\/\/www.bau-styl.hu\/furdoszobaszalon\/koszonjuk-erdeklodeset\/' ><fieldset><p class='  first_form  form_element form_element_third' id='element_avia_1_1'><label for=\"avia_1_1\">N\u00e9v <abbr class=\"required\" title=\"required\">*<\/abbr><\/label> <input name=\"avia_1_1\" class=\"text_input is_empty\" type=\"text\" id=\"avia_1_1\" value=\"\"  placeholder='N\u00e9v*'\/><\/p><p class='  form_element form_element_third' id='element_avia_2_1'><label for=\"avia_2_1\">E-Mail c\u00edm <abbr class=\"required\" title=\"required\">*<\/abbr><\/label> <input name=\"avia_2_1\" class=\"text_input is_email\" type=\"text\" id=\"avia_2_1\" value=\"\"  placeholder='E-Mail c\u00edm*'\/><\/p><p class='  form_element form_element_third' id='element_avia_3_1'><label for=\"avia_3_1\">Telefonsz\u00e1m <abbr class=\"required\" title=\"required\">*<\/abbr><\/label> <input name=\"avia_3_1\" class=\"text_input is_phone\" type=\"text\" id=\"avia_3_1\" value=\"\"  placeholder='Telefonsz\u00e1m*'\/><\/p><p class='  first_form  form_element form_fullwidth' id='element_avia_4_1'><label for=\"avia_4_1\">C\u00edm <abbr class=\"required\" title=\"required\">*<\/abbr><\/label> <input name=\"avia_4_1\" class=\"text_input is_empty\" type=\"text\" id=\"avia_4_1\" value=\"\"  placeholder='C\u00edm*'\/><\/p><p class='  first_form  form_element form_fullwidth' id='element_avia_5_1'><label for=\"avia_5_1\" class=\"textare_label hidden textare_label_avia_5_1\">Megjegyz\u00e9s<\/label><textarea  placeholder='Megjegyz\u00e9s' name=\"avia_5_1\" class=\"text_area \" cols=\"40\" rows=\"7\" id=\"avia_5_1\" ><\/textarea><\/p><p class=\"hidden\"><input type=\"text\" name=\"avia_6_1\" class=\"hidden \" id=\"avia_6_1\" value=\"\" \/><\/p><p class=' av_form_privacy_check av_contact_privacy_check first_form  form_element form_fullwidth' id='element_avia_7_1'><input  name=\"avia_7_1\" class=\"input_checkbox is_empty\" type=\"checkbox\" id=\"avia_7_1\" value=\"true\"\/><label class=\"input_checkbox_label\" for=\"avia_7_1\">Elfogadom az adatkezel\u00e9si nyilatkozatot <abbr class=\"required\" title=\"required\">*<\/abbr><\/label><\/p><p class=\"form_element \"><input type=\"hidden\" value=\"1\" name=\"avia_generated_form1\" \/><input type=\"submit\" value=\"K\u00fcld\u00e9s\" class=\"button\"  data-sending-label=\"K\u00fcld\u00e9s\"\/><\/p><\/fieldset><\/form><div id=\"ajaxresponse_1\" class=\"ajaxresponse ajaxresponse_1 hidden\"><\/div><\/p><\/div>\n<style type=\"text\/css\" data-created_by=\"avia_inline_auto\" id=\"style-css-av-15qowog-7838b1a591a27552292a2d8dcc3aa3dc\">\n.flex_column.av-15qowog-7838b1a591a27552292a2d8dcc3aa3dc{\nborder-radius:0px 0px 0px 0px;\npadding:0px 0px 0px 0px;\n}\n<\/style>\n<div  class='flex_column av-15qowog-7838b1a591a27552292a2d8dcc3aa3dc av_one_fifth  avia-builder-el-16  el_after_av_three_fifth  el_before_av_hr  flex_column_div av-zero-column-padding  '     ><\/div>\n<style type=\"text\/css\" data-created_by=\"avia_inline_auto\" id=\"style-css-av-oql5n4-0f4243107e330294098045ebcd5857e4\">\n#top .hr.hr-invisible.av-oql5n4-0f4243107e330294098045ebcd5857e4{\nheight:50px;\n}\n<\/style>\n<div  class='hr av-oql5n4-0f4243107e330294098045ebcd5857e4 hr-invisible  avia-builder-el-17  el_after_av_one_fifth  avia-builder-el-last '><span class='hr-inner '><span class=\"hr-inner-style\"><\/span><\/span><\/div>\n<\/div><\/div><\/div><!-- close content main div --><\/div><\/div><\/div><div id='after_section_3'  class='main_color av_default_container_wrap container_wrap sidebar_right'  ><div class='container av-section-cont-open' ><div class='template-page content  av-content-small alpha units'><div class='post-entry post-entry-type-page post-entry-45328'><div class='entry-content-wrapper clearfix'>\n","protected":false},"excerpt":{"rendered":"","protected":false},"author":2,"featured_media":0,"parent":0,"menu_order":0,"comment_status":"closed","ping_status":"closed","template":"","meta":{"footnotes":""},"class_list":["post-45328","page","type-page","status-publish","hentry"],"aioseo_notices":[],"_links":{"self":[{"href":"https:\/\/www.bau-styl.hu\/furdoszobaszalon\/wp-json\/wp\/v2\/pages\/45328","targetHints":{"allow":["GET"]}}],"collection":[{"href":"https:\/\/www.bau-styl.hu\/furdoszobaszalon\/wp-json\/wp\/v2\/pages"}],"about":[{"href":"https:\/\/www.bau-styl.hu\/furdoszobaszalon\/wp-json\/wp\/v2\/types\/page"}],"author":[{"embeddable":true,"href":"https:\/\/www.bau-styl.hu\/furdoszobaszalon\/wp-json\/wp\/v2\/users\/2"}],"replies":[{"embeddable":true,"href":"https:\/\/www.bau-styl.hu\/furdoszobaszalon\/wp-json\/wp\/v2\/comments?post=45328"}],"version-history":[{"count":0,"href":"https:\/\/www.bau-styl.hu\/furdoszobaszalon\/wp-json\/wp\/v2\/pages\/45328\/revisions"}],"wp:attachment":[{"href":"https:\/\/www.bau-styl.hu\/furdoszobaszalon\/wp-json\/wp\/v2\/media?parent=45328"}],"curies":[{"name":"wp","href":"https:\/\/api.w.org\/{rel}","templated":true}]}}