{"id":7002,"date":"2016-06-13T14:15:41","date_gmt":"2016-06-13T13:15:41","guid":{"rendered":"https:\/\/www.bau-styl.hu\/furdoszobaszalon\/?page_id=7002"},"modified":"2024-11-20T09:38:10","modified_gmt":"2024-11-20T08:38:10","slug":"gedy","status":"publish","type":"page","link":"https:\/\/www.bau-styl.hu\/furdoszobaszalon\/gedy\/","title":{"rendered":"Gedy"},"content":{"rendered":"<div  class='flex_column av-1is8ru-e3dd0785d43681f174038544799133b0 av_one_fifth  avia-builder-el-0  el_before_av_four_fifth  avia-builder-el-first  first flex_column_div  '     ><style type=\"text\/css\" data-created_by=\"avia_inline_auto\" id=\"style-css-av-el6tu2-51eaea98a87319c4b0bde300ff947291\">\n.avia-image-container.av-el6tu2-51eaea98a87319c4b0bde300ff947291 img.avia_image{\nbox-shadow:none;\n}\n.avia-image-container.av-el6tu2-51eaea98a87319c4b0bde300ff947291 .av-image-caption-overlay-center{\ncolor:#ffffff;\n}\n<\/style>\n<div  class='avia-image-container av-el6tu2-51eaea98a87319c4b0bde300ff947291 av-styling- avia-align-center  avia-builder-el-1  avia-builder-el-no-sibling '   itemprop=\"image\" itemscope=\"itemscope\" itemtype=\"https:\/\/schema.org\/ImageObject\" ><div class=\"avia-image-container-inner\"><div class=\"avia-image-overlay-wrap\"><img decoding=\"async\" fetchpriority=\"high\" class='wp-image-7004 avia-img-lazy-loading-not-7004 avia_image ' src=\"https:\/\/www.bau-styl.hu\/furdoszobaszalon\/wp-content\/uploads\/2016\/06\/logo_gedy.jpg\" alt='Gedy' title='logo_gedy'  height=\"300\" width=\"300\"  itemprop=\"thumbnailUrl\" srcset=\"https:\/\/www.bau-styl.hu\/furdoszobaszalon\/wp-content\/uploads\/2016\/06\/logo_gedy.jpg 300w, https:\/\/www.bau-styl.hu\/furdoszobaszalon\/wp-content\/uploads\/2016\/06\/logo_gedy-80x80.jpg 80w, https:\/\/www.bau-styl.hu\/furdoszobaszalon\/wp-content\/uploads\/2016\/06\/logo_gedy-36x36.jpg 36w, https:\/\/www.bau-styl.hu\/furdoszobaszalon\/wp-content\/uploads\/2016\/06\/logo_gedy-180x180.jpg 180w, https:\/\/www.bau-styl.hu\/furdoszobaszalon\/wp-content\/uploads\/2016\/06\/logo_gedy-120x120.jpg 120w\" sizes=\"(max-width: 300px) 100vw, 300px\" \/><\/div><\/div><\/div><\/div>\n<div  class='flex_column av-cx9c2y-ace6cdc852dfcff58c79402f2cde29dd av_four_fifth  avia-builder-el-2  el_after_av_one_fifth  el_before_av_hr  flex_column_div  '     ><section  class='av_textblock_section av-14qubu-19001fbf9be1f872cc57d7e91e843dd0 '   itemscope=\"itemscope\" itemtype=\"https:\/\/schema.org\/CreativeWork\" ><div class='avia_textblock'  itemprop=\"text\" ><p><strong>GEDY<\/strong><\/p>\n<hr \/>\n<p style=\"text-align: justify;\">Ez az olasz v\u00e1llalat t\u00f6bb, mint 60 \u00e9ves m\u00faltra tekinthet vissza a f\u00fcrd\u0151szoba kieg\u00e9sz\u00edt\u0151k ter\u00e9n. Hossz\u00fa utat tettek meg az els\u0151 m\u0171anyag kollekci\u00f3jukt\u00f3l kezdve, mely a sz\u00ednes megjelen\u00e9s\u00e9vel hatalmas \u00faj\u00edt\u00e1snak sz\u00e1m\u00edtott a piacon.\u00a0 Az Innovat\u00edv gy\u00e1rt\u00e1si folyamatoknak \u00e9s a dekorat\u00edv design-nak k\u00f6sz\u00f6nhet\u0151en a mai napra sz\u00e9les term\u00e9kpalett\u00e1juk mag\u00e1ban foglalja a pultra \u00e9s falra szerelhet\u0151 kieg\u00e9sz\u00edt\u0151ket, melyek alapanyaga t\u00f6bbek k\u00f6z\u00f6tt \u00fcveg, s\u00e1rgar\u00e9z \u00e9s rozsdamentes ac\u00e9l.<\/p>\n<\/div><\/section><\/div>\n\n<style type=\"text\/css\" data-created_by=\"avia_inline_auto\" id=\"style-css-av-9kwzkq-dfc0d0b77ba327b17995bcb01fdb60f8\">\n#top .hr.hr-invisible.av-9kwzkq-dfc0d0b77ba327b17995bcb01fdb60f8{\nheight:50px;\n}\n<\/style>\n<div  class='hr av-9kwzkq-dfc0d0b77ba327b17995bcb01fdb60f8 hr-invisible  avia-builder-el-4  el_after_av_four_fifth  el_before_av_one_third '><span class='hr-inner '><span class=\"hr-inner-style\"><\/span><\/span><\/div>\n<div  class='flex_column av-1ea4zp3-a1c1c243c9bfac826ebac8e86ef57625 av_one_third  avia-builder-el-5  el_after_av_hr  el_before_av_one_third  first flex_column_div  '     ><p><section  class='av_textblock_section av-1c6kfvr-f2a7c6f5f2e94a27d4a5dd1018849119 '   itemscope=\"itemscope\" itemtype=\"https:\/\/schema.org\/CreativeWork\" ><div class='avia_textblock'  itemprop=\"text\" ><p><strong>AFRODITE<\/strong><\/p>\n<\/div><\/section><br \/>\n\n<style type=\"text\/css\" data-created_by=\"avia_inline_auto\" id=\"style-css-av-4nr9gn-e6973f7659bc156266758ef68ae15e2a\">\n.avia-image-container.av-4nr9gn-e6973f7659bc156266758ef68ae15e2a img.avia_image{\nbox-shadow:none;\n}\n.avia-image-container.av-4nr9gn-e6973f7659bc156266758ef68ae15e2a .av-image-caption-overlay-center{\ncolor:#ffffff;\n}\n<\/style>\n<div  class='avia-image-container av-4nr9gn-e6973f7659bc156266758ef68ae15e2a av-styling- av-hover-grow av-hide-overflow av-img-linked avia-align-center  avia-builder-el-7  el_after_av_textblock  avia-builder-el-last '   itemprop=\"image\" itemscope=\"itemscope\" itemtype=\"https:\/\/schema.org\/ImageObject\" ><div class=\"avia-image-container-inner\"><div class=\"avia-image-overlay-wrap\"><a href=\"https:\/\/www.bau-styl.hu\/furdoszobaszalon\/gedy-afrodite\/\" class='avia_image '  aria-label='Gedy Afrodite'><img decoding=\"async\" fetchpriority=\"high\" class='wp-image-16661 avia-img-lazy-loading-not-16661 avia_image ' src=\"https:\/\/www.bau-styl.hu\/furdoszobaszalon\/wp-content\/uploads\/2020\/02\/Gedy-Afrodite-2-495x400.jpg\" alt='Gedy Afrodite' title='Gedy Afrodite'  height=\"400\" width=\"495\"  itemprop=\"thumbnailUrl\" srcset=\"https:\/\/www.bau-styl.hu\/furdoszobaszalon\/wp-content\/uploads\/2020\/02\/Gedy-Afrodite-2-495x400.jpg 495w, https:\/\/www.bau-styl.hu\/furdoszobaszalon\/wp-content\/uploads\/2020\/02\/Gedy-Afrodite-2-845x684.jpg 845w\" sizes=\"(max-width: 495px) 100vw, 495px\" \/><\/a><\/div><\/div><\/div><\/p><\/div>\n<div  class='flex_column av-1ea4zp3-98ee696e204499d66f6eb87dde65476a av_one_third  avia-builder-el-8  el_after_av_one_third  el_before_av_one_third  flex_column_div  '     ><p><section  class='av_textblock_section av-1c6kfvr-f2a7c6f5f2e94a27d4a5dd1018849119 '   itemscope=\"itemscope\" itemtype=\"https:\/\/schema.org\/CreativeWork\" ><div class='avia_textblock'  itemprop=\"text\" ><p><strong>CANARIE<\/strong><\/p>\n<\/div><\/section><br \/>\n\n<style type=\"text\/css\" data-created_by=\"avia_inline_auto\" id=\"style-css-av-4nr9gn-27046fc736a019d174212eca29fcc95d\">\n.avia-image-container.av-4nr9gn-27046fc736a019d174212eca29fcc95d img.avia_image{\nbox-shadow:none;\n}\n.avia-image-container.av-4nr9gn-27046fc736a019d174212eca29fcc95d .av-image-caption-overlay-center{\ncolor:#ffffff;\n}\n<\/style>\n<div  class='avia-image-container av-4nr9gn-27046fc736a019d174212eca29fcc95d av-styling- av-hover-grow av-hide-overflow av-img-linked avia-align-center  avia-builder-el-10  el_after_av_textblock  avia-builder-el-last '   itemprop=\"image\" itemscope=\"itemscope\" itemtype=\"https:\/\/schema.org\/ImageObject\" ><div class=\"avia-image-container-inner\"><div class=\"avia-image-overlay-wrap\"><a href=\"https:\/\/www.bau-styl.hu\/furdoszobaszalon\/gedy-canarie\/\" class='avia_image '  aria-label='Gedy Canarie'><img decoding=\"async\" fetchpriority=\"high\" class='wp-image-16664 avia-img-lazy-loading-not-16664 avia_image ' src=\"https:\/\/www.bau-styl.hu\/furdoszobaszalon\/wp-content\/uploads\/2020\/02\/Gedy-Canarie-2-495x400.jpg\" alt='Gedy Canarie' title='Gedy Canarie'  height=\"400\" width=\"495\"  itemprop=\"thumbnailUrl\" srcset=\"https:\/\/www.bau-styl.hu\/furdoszobaszalon\/wp-content\/uploads\/2020\/02\/Gedy-Canarie-2-495x400.jpg 495w, https:\/\/www.bau-styl.hu\/furdoszobaszalon\/wp-content\/uploads\/2020\/02\/Gedy-Canarie-2-845x684.jpg 845w\" sizes=\"(max-width: 495px) 100vw, 495px\" \/><\/a><\/div><\/div><\/div><\/p><\/div>\n<div  class='flex_column av-1ea4zp3-98ee696e204499d66f6eb87dde65476a av_one_third  avia-builder-el-11  el_after_av_one_third  el_before_av_one_third  flex_column_div  '     ><p><section  class='av_textblock_section av-1c6kfvr-f2a7c6f5f2e94a27d4a5dd1018849119 '   itemscope=\"itemscope\" itemtype=\"https:\/\/schema.org\/CreativeWork\" ><div class='avia_textblock'  itemprop=\"text\" ><p><strong>DAFNE<\/strong><\/p>\n<\/div><\/section><br \/>\n\n<style type=\"text\/css\" data-created_by=\"avia_inline_auto\" id=\"style-css-av-4nr9gn-31c487d248dac6c549e39e079ea5b2d1\">\n.avia-image-container.av-4nr9gn-31c487d248dac6c549e39e079ea5b2d1 img.avia_image{\nbox-shadow:none;\n}\n.avia-image-container.av-4nr9gn-31c487d248dac6c549e39e079ea5b2d1 .av-image-caption-overlay-center{\ncolor:#ffffff;\n}\n<\/style>\n<div  class='avia-image-container av-4nr9gn-31c487d248dac6c549e39e079ea5b2d1 av-styling- av-hover-grow av-hide-overflow av-img-linked avia-align-center  avia-builder-el-13  el_after_av_textblock  avia-builder-el-last '   itemprop=\"image\" itemscope=\"itemscope\" itemtype=\"https:\/\/schema.org\/ImageObject\" ><div class=\"avia-image-container-inner\"><div class=\"avia-image-overlay-wrap\"><a href=\"https:\/\/www.bau-styl.hu\/furdoszobaszalon\/gedy-dafne\/\" class='avia_image '  aria-label='Gedy Dafne'><img decoding=\"async\" fetchpriority=\"high\" class='wp-image-16669 avia-img-lazy-loading-not-16669 avia_image ' src=\"https:\/\/www.bau-styl.hu\/furdoszobaszalon\/wp-content\/uploads\/2020\/02\/Gedy-Dafne-4-495x400.jpg\" alt='Gedy Dafne' title='Gedy Dafne'  height=\"400\" width=\"495\"  itemprop=\"thumbnailUrl\" srcset=\"https:\/\/www.bau-styl.hu\/furdoszobaszalon\/wp-content\/uploads\/2020\/02\/Gedy-Dafne-4-495x400.jpg 495w, https:\/\/www.bau-styl.hu\/furdoszobaszalon\/wp-content\/uploads\/2020\/02\/Gedy-Dafne-4-845x684.jpg 845w\" sizes=\"(max-width: 495px) 100vw, 495px\" \/><\/a><\/div><\/div><\/div><\/p><\/div>\n<div  class='flex_column av-1ea4zp3-a1c1c243c9bfac826ebac8e86ef57625 av_one_third  avia-builder-el-14  el_after_av_one_third  el_before_av_one_third  first flex_column_div  column-top-margin'     ><p><section  class='av_textblock_section av-1c6kfvr-f2a7c6f5f2e94a27d4a5dd1018849119 '   itemscope=\"itemscope\" itemtype=\"https:\/\/schema.org\/CreativeWork\" ><div class='avia_textblock'  itemprop=\"text\" ><p><strong>LOUNGE<\/strong><\/p>\n<\/div><\/section><br \/>\n\n<style type=\"text\/css\" data-created_by=\"avia_inline_auto\" id=\"style-css-av-4nr9gn-eba895b56d5d9323d587e3d0516884f1\">\n.avia-image-container.av-4nr9gn-eba895b56d5d9323d587e3d0516884f1 img.avia_image{\nbox-shadow:none;\n}\n.avia-image-container.av-4nr9gn-eba895b56d5d9323d587e3d0516884f1 .av-image-caption-overlay-center{\ncolor:#ffffff;\n}\n<\/style>\n<div  class='avia-image-container av-4nr9gn-eba895b56d5d9323d587e3d0516884f1 av-styling- av-hover-grow av-hide-overflow av-img-linked avia-align-center  avia-builder-el-16  el_after_av_textblock  avia-builder-el-last '   itemprop=\"image\" itemscope=\"itemscope\" itemtype=\"https:\/\/schema.org\/ImageObject\" ><div class=\"avia-image-container-inner\"><div class=\"avia-image-overlay-wrap\"><a href=\"https:\/\/www.bau-styl.hu\/furdoszobaszalon\/gedy-lounge\/\" class='avia_image '  aria-label='Gedy Lounge'><img decoding=\"async\" fetchpriority=\"high\" class='wp-image-16671 avia-img-lazy-loading-not-16671 avia_image ' src=\"https:\/\/www.bau-styl.hu\/furdoszobaszalon\/wp-content\/uploads\/2020\/02\/Gedy-Lounge-2-1-495x400.jpg\" alt='Gedy Lounge' title='Gedy Lounge'  height=\"400\" width=\"495\"  itemprop=\"thumbnailUrl\" srcset=\"https:\/\/www.bau-styl.hu\/furdoszobaszalon\/wp-content\/uploads\/2020\/02\/Gedy-Lounge-2-1-495x400.jpg 495w, https:\/\/www.bau-styl.hu\/furdoszobaszalon\/wp-content\/uploads\/2020\/02\/Gedy-Lounge-2-1-845x684.jpg 845w\" sizes=\"(max-width: 495px) 100vw, 495px\" \/><\/a><\/div><\/div><\/div><\/p><\/div>\n<div  class='flex_column av-1ea4zp3-98ee696e204499d66f6eb87dde65476a av_one_third  avia-builder-el-17  el_after_av_one_third  el_before_av_one_third  flex_column_div  column-top-margin'     ><p><section  class='av_textblock_section av-1c6kfvr-f2a7c6f5f2e94a27d4a5dd1018849119 '   itemscope=\"itemscope\" itemtype=\"https:\/\/schema.org\/CreativeWork\" ><div class='avia_textblock'  itemprop=\"text\" ><p><strong>NINFEA<\/strong><\/p>\n<\/div><\/section><br \/>\n\n<style type=\"text\/css\" data-created_by=\"avia_inline_auto\" id=\"style-css-av-4nr9gn-f6f76518af41ea692a78eee4ac849d92\">\n.avia-image-container.av-4nr9gn-f6f76518af41ea692a78eee4ac849d92 img.avia_image{\nbox-shadow:none;\n}\n.avia-image-container.av-4nr9gn-f6f76518af41ea692a78eee4ac849d92 .av-image-caption-overlay-center{\ncolor:#ffffff;\n}\n<\/style>\n<div  class='avia-image-container av-4nr9gn-f6f76518af41ea692a78eee4ac849d92 av-styling- av-hover-grow av-hide-overflow av-img-linked avia-align-center  avia-builder-el-19  el_after_av_textblock  avia-builder-el-last '   itemprop=\"image\" itemscope=\"itemscope\" itemtype=\"https:\/\/schema.org\/ImageObject\" ><div class=\"avia-image-container-inner\"><div class=\"avia-image-overlay-wrap\"><a href=\"https:\/\/www.bau-styl.hu\/furdoszobaszalon\/gedy-ninfea\/\" class='avia_image '  aria-label='Gedy Ninfea'><img decoding=\"async\" fetchpriority=\"high\" class='wp-image-16673 avia-img-lazy-loading-not-16673 avia_image ' src=\"https:\/\/www.bau-styl.hu\/furdoszobaszalon\/wp-content\/uploads\/2020\/02\/Gedy-Ninfea-2-495x400.jpg\" alt='Gedy Ninfea' title='Gedy Ninfea'  height=\"400\" width=\"495\"  itemprop=\"thumbnailUrl\" srcset=\"https:\/\/www.bau-styl.hu\/furdoszobaszalon\/wp-content\/uploads\/2020\/02\/Gedy-Ninfea-2-495x400.jpg 495w, https:\/\/www.bau-styl.hu\/furdoszobaszalon\/wp-content\/uploads\/2020\/02\/Gedy-Ninfea-2-845x684.jpg 845w\" sizes=\"(max-width: 495px) 100vw, 495px\" \/><\/a><\/div><\/div><\/div><\/p><\/div>\n<div  class='flex_column av-1ea4zp3-98ee696e204499d66f6eb87dde65476a av_one_third  avia-builder-el-20  el_after_av_one_third  el_before_av_one_third  flex_column_div  column-top-margin'     ><p><section  class='av_textblock_section av-1c6kfvr-f2a7c6f5f2e94a27d4a5dd1018849119 '   itemscope=\"itemscope\" itemtype=\"https:\/\/schema.org\/CreativeWork\" ><div class='avia_textblock'  itemprop=\"text\" ><p><strong>PETRA<\/strong><\/p>\n<\/div><\/section><br \/>\n\n<style type=\"text\/css\" data-created_by=\"avia_inline_auto\" id=\"style-css-av-4nr9gn-76cabc21681836f38914acee619b9561\">\n.avia-image-container.av-4nr9gn-76cabc21681836f38914acee619b9561 img.avia_image{\nbox-shadow:none;\n}\n.avia-image-container.av-4nr9gn-76cabc21681836f38914acee619b9561 .av-image-caption-overlay-center{\ncolor:#ffffff;\n}\n<\/style>\n<div  class='avia-image-container av-4nr9gn-76cabc21681836f38914acee619b9561 av-styling- av-hover-grow av-hide-overflow av-img-linked avia-align-center  avia-builder-el-22  el_after_av_textblock  avia-builder-el-last '   itemprop=\"image\" itemscope=\"itemscope\" itemtype=\"https:\/\/schema.org\/ImageObject\" ><div class=\"avia-image-container-inner\"><div class=\"avia-image-overlay-wrap\"><a href=\"https:\/\/www.bau-styl.hu\/furdoszobaszalon\/gedy-petra\/\" class='avia_image '  aria-label='Gedy Petra'><img decoding=\"async\" fetchpriority=\"high\" class='wp-image-16678 avia-img-lazy-loading-not-16678 avia_image ' src=\"https:\/\/www.bau-styl.hu\/furdoszobaszalon\/wp-content\/uploads\/2020\/02\/Gedy-Petra-2-495x400.jpg\" alt='Gedy Petra' title='Gedy Petra'  height=\"400\" width=\"495\"  itemprop=\"thumbnailUrl\" srcset=\"https:\/\/www.bau-styl.hu\/furdoszobaszalon\/wp-content\/uploads\/2020\/02\/Gedy-Petra-2-495x400.jpg 495w, https:\/\/www.bau-styl.hu\/furdoszobaszalon\/wp-content\/uploads\/2020\/02\/Gedy-Petra-2-845x684.jpg 845w\" sizes=\"(max-width: 495px) 100vw, 495px\" \/><\/a><\/div><\/div><\/div><\/p><\/div>\n<div  class='flex_column av-1ea4zp3-a1c1c243c9bfac826ebac8e86ef57625 av_one_third  avia-builder-el-23  el_after_av_one_third  avia-builder-el-last  first flex_column_div  column-top-margin'     ><p><section  class='av_textblock_section av-1c6kfvr-406bba7d3757a31f02a26b11ded6548e '   itemscope=\"itemscope\" itemtype=\"https:\/\/schema.org\/CreativeWork\" ><div class='avia_textblock'  itemprop=\"text\" ><p><strong>PIRENEI<\/strong><\/p>\n<\/div><\/section><br \/>\n\n<style type=\"text\/css\" data-created_by=\"avia_inline_auto\" id=\"style-css-av-4nr9gn-e8d4ac45613cee2f15ad77a051de9ac6\">\n.avia-image-container.av-4nr9gn-e8d4ac45613cee2f15ad77a051de9ac6 img.avia_image{\nbox-shadow:none;\n}\n.avia-image-container.av-4nr9gn-e8d4ac45613cee2f15ad77a051de9ac6 .av-image-caption-overlay-center{\ncolor:#ffffff;\n}\n<\/style>\n<div  class='avia-image-container av-4nr9gn-e8d4ac45613cee2f15ad77a051de9ac6 av-styling- av-hover-grow av-hide-overflow av-img-linked avia-align-center  avia-builder-el-25  el_after_av_textblock  avia-builder-el-last '   itemprop=\"image\" itemscope=\"itemscope\" itemtype=\"https:\/\/schema.org\/ImageObject\" ><div class=\"avia-image-container-inner\"><div class=\"avia-image-overlay-wrap\"><a href=\"https:\/\/www.bau-styl.hu\/furdoszobaszalon\/gedy-pirenei\/\" class='avia_image '  aria-label='Gedy Pirenei (3)'><img decoding=\"async\" fetchpriority=\"high\" class='wp-image-30151 avia-img-lazy-loading-not-30151 avia_image ' src=\"https:\/\/www.bau-styl.hu\/furdoszobaszalon\/wp-content\/uploads\/2021\/02\/Gedy-Pirenei-3-495x400.jpg\" alt='Gedy Pirenei' title='Gedy Pirenei (3)'  height=\"400\" width=\"495\"  itemprop=\"thumbnailUrl\" srcset=\"https:\/\/www.bau-styl.hu\/furdoszobaszalon\/wp-content\/uploads\/2021\/02\/Gedy-Pirenei-3-495x400.jpg 495w, https:\/\/www.bau-styl.hu\/furdoszobaszalon\/wp-content\/uploads\/2021\/02\/Gedy-Pirenei-3-845x684.jpg 845w\" sizes=\"(max-width: 495px) 100vw, 495px\" \/><\/a><\/div><\/div><\/div><\/p><\/div>\n","protected":false},"excerpt":{"rendered":"","protected":false},"author":2,"featured_media":0,"parent":0,"menu_order":0,"comment_status":"closed","ping_status":"closed","template":"","meta":{"footnotes":""},"class_list":["post-7002","page","type-page","status-publish","hentry"],"aioseo_notices":[],"_links":{"self":[{"href":"https:\/\/www.bau-styl.hu\/furdoszobaszalon\/wp-json\/wp\/v2\/pages\/7002","targetHints":{"allow":["GET"]}}],"collection":[{"href":"https:\/\/www.bau-styl.hu\/furdoszobaszalon\/wp-json\/wp\/v2\/pages"}],"about":[{"href":"https:\/\/www.bau-styl.hu\/furdoszobaszalon\/wp-json\/wp\/v2\/types\/page"}],"author":[{"embeddable":true,"href":"https:\/\/www.bau-styl.hu\/furdoszobaszalon\/wp-json\/wp\/v2\/users\/2"}],"replies":[{"embeddable":true,"href":"https:\/\/www.bau-styl.hu\/furdoszobaszalon\/wp-json\/wp\/v2\/comments?post=7002"}],"version-history":[{"count":0,"href":"https:\/\/www.bau-styl.hu\/furdoszobaszalon\/wp-json\/wp\/v2\/pages\/7002\/revisions"}],"wp:attachment":[{"href":"https:\/\/www.bau-styl.hu\/furdoszobaszalon\/wp-json\/wp\/v2\/media?parent=7002"}],"curies":[{"name":"wp","href":"https:\/\/api.w.org\/{rel}","templated":true}]}}