{"id":7668,"date":"2024-01-19T06:53:41","date_gmt":"2024-01-19T05:53:41","guid":{"rendered":"https:\/\/www.bau-styl.hu\/furdoszobaszalon\/?page_id=7668"},"modified":"2024-01-19T06:53:41","modified_gmt":"2024-01-19T05:53:41","slug":"grohe-rainshower-smartcontrol","status":"publish","type":"page","link":"https:\/\/www.bau-styl.hu\/furdoszobaszalon\/grohe-rainshower-smartcontrol\/","title":{"rendered":"Grohe Rainshower SmartControl"},"content":{"rendered":"\n<style type=\"text\/css\" data-created_by=\"avia_inline_auto\" id=\"style-css-av-10m5ftg-9319e420c40a31024225f707093514fc\">\n.avia-section.av-10m5ftg-9319e420c40a31024225f707093514fc{\nbackground-repeat:no-repeat;\nbackground-image:url(https:\/\/www.bau-styl.hu\/furdoszobaszalon\/wp-content\/uploads\/2016\/10\/3_GROHE_SmartControl-e1595053702169.jpg);\nbackground-position:50% 50%;\nbackground-attachment:scroll;\n}\n.avia-section.av-10m5ftg-9319e420c40a31024225f707093514fc .av-section-color-overlay{\nopacity:0.5;\nbackground-color:#000000;\n}\n<\/style>\n<div id='av_section_1'  class='avia-section av-10m5ftg-9319e420c40a31024225f707093514fc main_color avia-section-default avia-no-shadow  avia-builder-el-0  el_before_av_section  avia-builder-el-first  avia-full-stretch avia-bg-style-scroll av-section-color-overlay-active container_wrap sidebar_right'  data-section-bg-repeat='stretch'><div class=\"av-section-color-overlay-wrap\"><div class=\"av-section-color-overlay\"><\/div><div class='container av-section-cont-open' ><main  role=\"main\" itemprop=\"mainContentOfPage\"  class='template-page content  av-content-small alpha units'><div class='post-entry post-entry-type-page post-entry-7668'><div class='entry-content-wrapper clearfix'>\n\n<style type=\"text\/css\" data-created_by=\"avia_inline_auto\" id=\"style-css-av-z2d4fo-e0e54e103f376b0dec464a3b3892f0c5\">\n#top .hr.hr-invisible.av-z2d4fo-e0e54e103f376b0dec464a3b3892f0c5{\nheight:50px;\n}\n<\/style>\n<div  class='hr av-z2d4fo-e0e54e103f376b0dec464a3b3892f0c5 hr-invisible  avia-builder-el-1  el_before_av_textblock  avia-builder-el-first '><span class='hr-inner '><span class=\"hr-inner-style\"><\/span><\/span><\/div>\n\n<style type=\"text\/css\" data-created_by=\"avia_inline_auto\" id=\"style-css-av-yh4dkk-ee0021aad7499246afb9092b70da8f8b\">\n#top .av_textblock_section.av-yh4dkk-ee0021aad7499246afb9092b70da8f8b .avia_textblock{\nfont-size:24px;\ncolor:#ffffff;\n}\n<\/style>\n<section  class='av_textblock_section av-yh4dkk-ee0021aad7499246afb9092b70da8f8b '   itemscope=\"itemscope\" itemtype=\"https:\/\/schema.org\/CreativeWork\" ><div class='avia_textblock av_inherit_color'  itemprop=\"text\" ><p style=\"text-align: center;\"><strong>RAINSHOWER SMART CONTROL<\/strong><\/p>\n<\/div><\/section>\n\n<style type=\"text\/css\" data-created_by=\"avia_inline_auto\" id=\"style-css-av-w992ro-483084a5d7749196cdc96d52683769f8\">\n#top .hr.hr-invisible.av-w992ro-483084a5d7749196cdc96d52683769f8{\nheight:50px;\n}\n<\/style>\n<div  class='hr av-w992ro-483084a5d7749196cdc96d52683769f8 hr-invisible  avia-builder-el-3  el_after_av_textblock  avia-builder-el-last '><span class='hr-inner '><span class=\"hr-inner-style\"><\/span><\/span><\/div>\n\n<\/div><\/div><\/main><!-- close content main element --><\/div><\/div><\/div><div id='av_section_2'  class='avia-section av-uka2pg-5f1c9d744745bfb020d5b2ec5aa55959 main_color avia-section-default avia-no-shadow  avia-builder-el-4  el_after_av_section  el_before_av_section  avia-bg-style-scroll container_wrap sidebar_right'  ><div class='container av-section-cont-open' ><div class='template-page content  av-content-small alpha units'><div class='post-entry post-entry-type-page post-entry-7668'><div class='entry-content-wrapper clearfix'>\n<section  class='av_textblock_section av-2x1vw4-675d0a7b32bdb69ec2059acc5793209e '   itemscope=\"itemscope\" itemtype=\"https:\/\/schema.org\/CreativeWork\" ><div class='avia_textblock'  itemprop=\"text\" ><p style=\"text-align: justify;\">100%-ban szem\u00e9lyre szabhat\u00f3 \u00e9lm\u00e9nyt biztos\u00edt a Rainshower SmartControl p\u00e1ratlan rendszere. Nem csak a zuhanyfej sz\u00f3r\u00e1smint\u00e1j\u00e1t, a v\u00edz h\u0151m\u00e9rs\u00e9klet\u00e9t \u00e9s a sz\u00fcks\u00e9ges v\u00edzmennyis\u00e9get szab\u00e1lyozhatja, hanem mindezt t\u00e1rolhatja is a mem\u00f3riafunkci\u00f3val. A Grohe <a href=\"https:\/\/www.bau-styl.hu\/furdoszobaszalon\/a-grohe-egyedulallo-technologiai\/\">TurboStat<\/a> technol\u00f3gi\u00e1ja gondoskodik r\u00f3la, hogy a k\u00edv\u00e1nt h\u0151m\u00e9rs\u00e9kletet p\u00e1r m\u00e1sodperc alatt el\u00e9rj\u00fck. A vez\u00e9rl\u0151 praktikus kialak\u00edt\u00e1sa lehet\u0151v\u00e9 teszi, hogy tart\u00f3k\u00e9nt is funkcion\u00e1ljon, \u00edgy a tusf\u00fcrd\u0151ket, samponokat is elhelyezhetj\u00fck rajta. A maxim\u00e1lis \u00e9lvezet \u00e9rdek\u00e9ben sz\u00e1mtalan zuhanyfej k\u00f6z\u00fcl v\u00e1laszthatunk, ak\u00e1r massz\u00e1zs funkci\u00f3val.<\/p>\n<\/div><\/section>\n<section  class='av_textblock_section av-pd983y-b1fa89478f6804fa4b17eb2c905af87b '   itemscope=\"itemscope\" itemtype=\"https:\/\/schema.org\/CreativeWork\" ><div class='avia_textblock'  itemprop=\"text\" ><p style=\"text-align: right;\"><mark><strong><a href=\"#ajanlat\">Aj\u00e1nlatot k\u00e9rek!<\/a><\/strong><\/mark><\/p>\n<\/div><\/section>\n\n<style type=\"text\/css\" data-created_by=\"avia_inline_auto\" id=\"style-css-av-rx9xpg-62b4a3a139c653093564b620527b58d0\">\n#top .hr.hr-invisible.av-rx9xpg-62b4a3a139c653093564b620527b58d0{\nheight:50px;\n}\n<\/style>\n<div  class='hr av-rx9xpg-62b4a3a139c653093564b620527b58d0 hr-invisible  avia-builder-el-7  el_after_av_textblock  el_before_av_gallery '><span class='hr-inner '><span class=\"hr-inner-style\"><\/span><\/span><\/div>\n\n<style type=\"text\/css\" data-created_by=\"avia_inline_auto\" id=\"style-css-av-pb8azo-7331c779ff84574300c0411f5d8ec2ac\">\n#top .avia-gallery.av-pb8azo-7331c779ff84574300c0411f5d8ec2ac .avia-gallery-thumb a{\nwidth:20%;\n}\n<\/style>\n<div  class='avia-gallery av-pb8azo-7331c779ff84574300c0411f5d8ec2ac avia_animate_when_visible  avia-builder-el-8  el_after_av_hr  el_before_av_hr  deactivate_avia_lazyload avia-gallery-animate avia-gallery-1'  itemprop=\"image\" itemscope=\"itemscope\" itemtype=\"https:\/\/schema.org\/ImageObject\" ><meta itemprop=\"contentURL\" content=\"https:\/\/www.bau-styl.hu\/furdoszobaszalon\/grohe-rainshower-smartcontrol\/\"><div class='avia-gallery-thumb'><a href=\"https:\/\/www.bau-styl.hu\/furdoszobaszalon\/wp-content\/uploads\/2016\/10\/2_GROHE_SmartControl-1030x998.jpg\" data-rel='gallery-1' data-prev-img='https:\/\/www.bau-styl.hu\/furdoszobaszalon\/wp-content\/uploads\/2016\/10\/2_GROHE_SmartControl-495x400.jpg' class='first_thumb lightbox ' data-onclick='1' title='Grohe Rainshower Smart Control'  itemprop=\"thumbnailUrl\"  ><img decoding=\"async\" fetchpriority=\"high\" class=\"wp-image-7671 avia-img-lazy-loading-not-7671\"   src=\"https:\/\/www.bau-styl.hu\/furdoszobaszalon\/wp-content\/uploads\/2016\/10\/2_GROHE_SmartControl-495x400.jpg\" width=\"495\" height=\"400\"  title='Grohe Rainshower Smart Control' alt='Grohe Rainshower Smart Control' \/><div class='big-prev-fake'><img decoding=\"async\" loading=\"lazy\" class=\"wp-image-7671 avia-img-lazy-loading-7671\"  width=\"495\" height=\"400\" src=\"https:\/\/www.bau-styl.hu\/furdoszobaszalon\/wp-content\/uploads\/2016\/10\/2_GROHE_SmartControl-495x400.jpg\" title='Grohe Rainshower Smart Control' alt='Grohe Rainshower Smart Control' \/><\/div><\/a><a href=\"https:\/\/www.bau-styl.hu\/furdoszobaszalon\/wp-content\/uploads\/2016\/10\/3_GROHE_SmartControl-772x1030.jpg\" data-rel='gallery-1' data-prev-img='https:\/\/www.bau-styl.hu\/furdoszobaszalon\/wp-content\/uploads\/2016\/10\/3_GROHE_SmartControl-495x400.jpg' class='lightbox ' data-onclick='2' title='Grohe Rainshower Smart Control'  itemprop=\"thumbnailUrl\"  ><img decoding=\"async\" fetchpriority=\"high\" class=\"wp-image-7672 avia-img-lazy-loading-not-7672\"   src=\"https:\/\/www.bau-styl.hu\/furdoszobaszalon\/wp-content\/uploads\/2016\/10\/3_GROHE_SmartControl-495x400.jpg\" width=\"495\" height=\"400\"  title='Grohe Rainshower Smart Control' alt='Grohe Rainshower Smart Control' \/><div class='big-prev-fake'><img decoding=\"async\" loading=\"lazy\" class=\"wp-image-7672 avia-img-lazy-loading-7672\"  width=\"495\" height=\"400\" src=\"https:\/\/www.bau-styl.hu\/furdoszobaszalon\/wp-content\/uploads\/2016\/10\/3_GROHE_SmartControl-495x400.jpg\" title='Grohe Rainshower Smart Control' alt='Grohe Rainshower Smart Control' \/><\/div><\/a><a href=\"https:\/\/www.bau-styl.hu\/furdoszobaszalon\/wp-content\/uploads\/2016\/10\/4_GROHE_SmartControl-1030x772.jpg\" data-srcset=\"https:\/\/www.bau-styl.hu\/furdoszobaszalon\/wp-content\/uploads\/2016\/10\/4_GROHE_SmartControl-1030x772.jpg 1030w, https:\/\/www.bau-styl.hu\/furdoszobaszalon\/wp-content\/uploads\/2016\/10\/4_GROHE_SmartControl-300x225.jpg 300w, https:\/\/www.bau-styl.hu\/furdoszobaszalon\/wp-content\/uploads\/2016\/10\/4_GROHE_SmartControl-768x576.jpg 768w, https:\/\/www.bau-styl.hu\/furdoszobaszalon\/wp-content\/uploads\/2016\/10\/4_GROHE_SmartControl-1500x1124.jpg 1500w, https:\/\/www.bau-styl.hu\/furdoszobaszalon\/wp-content\/uploads\/2016\/10\/4_GROHE_SmartControl-705x528.jpg 705w, https:\/\/www.bau-styl.hu\/furdoszobaszalon\/wp-content\/uploads\/2016\/10\/4_GROHE_SmartControl-450x337.jpg 450w\" data-sizes=\"(max-width: 1030px) 100vw, 1030px\" data-rel='gallery-1' data-prev-img='https:\/\/www.bau-styl.hu\/furdoszobaszalon\/wp-content\/uploads\/2016\/10\/4_GROHE_SmartControl-495x400.jpg' class='lightbox ' data-onclick='3' title='Grohe Rainshower Smart Control'  itemprop=\"thumbnailUrl\"  ><img decoding=\"async\" fetchpriority=\"high\" class=\"wp-image-7673 avia-img-lazy-loading-not-7673\"   src=\"https:\/\/www.bau-styl.hu\/furdoszobaszalon\/wp-content\/uploads\/2016\/10\/4_GROHE_SmartControl-495x400.jpg\" width=\"495\" height=\"400\"  title='Grohe Rainshower Smart Control' alt='Grohe Rainshower Smart Control' srcset=\"https:\/\/www.bau-styl.hu\/furdoszobaszalon\/wp-content\/uploads\/2016\/10\/4_GROHE_SmartControl-495x400.jpg 495w, https:\/\/www.bau-styl.hu\/furdoszobaszalon\/wp-content\/uploads\/2016\/10\/4_GROHE_SmartControl-845x684.jpg 845w\" sizes=\"(max-width: 495px) 100vw, 495px\" \/><div class='big-prev-fake'><img decoding=\"async\" loading=\"lazy\" class=\"wp-image-7673 avia-img-lazy-loading-7673\"  width=\"495\" height=\"400\" src=\"https:\/\/www.bau-styl.hu\/furdoszobaszalon\/wp-content\/uploads\/2016\/10\/4_GROHE_SmartControl-495x400.jpg\" title='Grohe Rainshower Smart Control' alt='Grohe Rainshower Smart Control' srcset=\"https:\/\/www.bau-styl.hu\/furdoszobaszalon\/wp-content\/uploads\/2016\/10\/4_GROHE_SmartControl-495x400.jpg 495w, https:\/\/www.bau-styl.hu\/furdoszobaszalon\/wp-content\/uploads\/2016\/10\/4_GROHE_SmartControl-845x684.jpg 845w\" sizes=\"auto, (max-width: 495px) 100vw, 495px\" \/><\/div><\/a><a href=\"https:\/\/www.bau-styl.hu\/furdoszobaszalon\/wp-content\/uploads\/2016\/10\/5_GROHE_SmartControl-772x1030.jpg\" data-rel='gallery-1' data-prev-img='https:\/\/www.bau-styl.hu\/furdoszobaszalon\/wp-content\/uploads\/2016\/10\/5_GROHE_SmartControl-495x400.jpg' class='lightbox ' data-onclick='4' title='Grohe Rainshower Smart Control'  itemprop=\"thumbnailUrl\"  ><img decoding=\"async\" fetchpriority=\"high\" class=\"wp-image-7674 avia-img-lazy-loading-not-7674\"   src=\"https:\/\/www.bau-styl.hu\/furdoszobaszalon\/wp-content\/uploads\/2016\/10\/5_GROHE_SmartControl-495x400.jpg\" width=\"495\" height=\"400\"  title='Grohe Rainshower Smart Control' alt='Grohe Rainshower Smart Control' \/><div class='big-prev-fake'><img decoding=\"async\" loading=\"lazy\" class=\"wp-image-7674 avia-img-lazy-loading-7674\"  width=\"495\" height=\"400\" src=\"https:\/\/www.bau-styl.hu\/furdoszobaszalon\/wp-content\/uploads\/2016\/10\/5_GROHE_SmartControl-495x400.jpg\" title='Grohe Rainshower Smart Control' alt='Grohe Rainshower Smart Control' \/><\/div><\/a><a href=\"https:\/\/www.bau-styl.hu\/furdoszobaszalon\/wp-content\/uploads\/2016\/10\/rainshower-smart_control.jpg\" data-srcset=\"https:\/\/www.bau-styl.hu\/furdoszobaszalon\/wp-content\/uploads\/2016\/10\/rainshower-smart_control.jpg 840w, https:\/\/www.bau-styl.hu\/furdoszobaszalon\/wp-content\/uploads\/2016\/10\/rainshower-smart_control-300x193.jpg 300w, https:\/\/www.bau-styl.hu\/furdoszobaszalon\/wp-content\/uploads\/2016\/10\/rainshower-smart_control-768x494.jpg 768w, https:\/\/www.bau-styl.hu\/furdoszobaszalon\/wp-content\/uploads\/2016\/10\/rainshower-smart_control-705x453.jpg 705w, https:\/\/www.bau-styl.hu\/furdoszobaszalon\/wp-content\/uploads\/2016\/10\/rainshower-smart_control-450x289.jpg 450w\" data-sizes=\"(max-width: 840px) 100vw, 840px\" data-rel='gallery-1' data-prev-img='https:\/\/www.bau-styl.hu\/furdoszobaszalon\/wp-content\/uploads\/2016\/10\/rainshower-smart_control-495x400.jpg' class='lightbox ' data-onclick='5' title='Grohe Rainshower Smart Control'  itemprop=\"thumbnailUrl\"  ><img decoding=\"async\" fetchpriority=\"high\" class=\"wp-image-7676 avia-img-lazy-loading-not-7676\"   src=\"https:\/\/www.bau-styl.hu\/furdoszobaszalon\/wp-content\/uploads\/2016\/10\/rainshower-smart_control-495x400.jpg\" width=\"495\" height=\"400\"  title='Grohe Rainshower Smart Control' alt='Grohe Rainshower Smart Control' \/><div class='big-prev-fake'><img decoding=\"async\" loading=\"lazy\" class=\"wp-image-7676 avia-img-lazy-loading-7676\"  width=\"495\" height=\"400\" src=\"https:\/\/www.bau-styl.hu\/furdoszobaszalon\/wp-content\/uploads\/2016\/10\/rainshower-smart_control-495x400.jpg\" title='Grohe Rainshower Smart Control' alt='Grohe Rainshower Smart Control' \/><\/div><\/a><\/div><\/div>\n\n<style type=\"text\/css\" data-created_by=\"avia_inline_auto\" id=\"style-css-av-nd55no-80e2cbe113b60e109a3ddae237baee2a\">\n#top .hr.hr-invisible.av-nd55no-80e2cbe113b60e109a3ddae237baee2a{\nheight:50px;\n}\n<\/style>\n<div  class='hr av-nd55no-80e2cbe113b60e109a3ddae237baee2a hr-invisible  avia-builder-el-9  el_after_av_gallery  el_before_av_one_full '><span class='hr-inner '><span class=\"hr-inner-style\"><\/span><\/span><\/div>\n\n<style type=\"text\/css\" data-created_by=\"avia_inline_auto\" id=\"style-css-av-tetkvb-3ef41c2f1f640cd589dee9b33c83cf85\">\n.flex_column.av-tetkvb-3ef41c2f1f640cd589dee9b33c83cf85{\nborder-radius:0px 0px 0px 0px;\npadding:0px 0px 0px 0px;\n}\n<\/style>\n<div  class='flex_column av-tetkvb-3ef41c2f1f640cd589dee9b33c83cf85 av_one_full  avia-builder-el-10  el_after_av_hr  avia-builder-el-last  first flex_column_div av-zero-column-padding  '     ><section  class='av_textblock_section av-k6tfxpen-742ec54894f8b28555c7357493501403 '   itemscope=\"itemscope\" itemtype=\"https:\/\/schema.org\/CreativeWork\" ><div class='avia_textblock'  itemprop=\"text\" ><p style=\"text-align: right;\"><a href=\"https:\/\/www.bau-styl.hu\/furdoszobaszalon\/index.php\/grohe\/\">Vissza minden Grohe kollekci\u00f3hoz<\/a><\/p>\n<\/div><\/section><\/div><\/div><\/div><\/div><!-- close content main div --><\/div><\/div>\n<style type=\"text\/css\" data-created_by=\"avia_inline_auto\" id=\"style-css-av-mx7lic-6107899063c74d4e94bb8fccfaa0366d\">\n.avia-section.av-mx7lic-6107899063c74d4e94bb8fccfaa0366d{\nbackground-repeat:no-repeat;\nbackground-image:url(https:\/\/www.bau-styl.hu\/furdoszobaszalon\/wp-content\/uploads\/2016\/10\/3_GROHE_SmartControl-e1595053702169.jpg);\nbackground-position:50% 50%;\nbackground-attachment:scroll;\n}\n.avia-section.av-mx7lic-6107899063c74d4e94bb8fccfaa0366d .av-section-color-overlay{\nopacity:0.5;\nbackground-color:#000000;\n}\n<\/style>\n<div id='ajanlat'  class='avia-section av-mx7lic-6107899063c74d4e94bb8fccfaa0366d main_color avia-section-default avia-no-shadow  avia-builder-el-12  el_after_av_section  avia-builder-el-last  avia-full-stretch avia-bg-style-scroll av-section-color-overlay-active container_wrap sidebar_right'  data-section-bg-repeat='stretch'><div class=\"av-section-color-overlay-wrap\"><div class=\"av-section-color-overlay\"><\/div><div class='container av-section-cont-open' ><div class='template-page content  av-content-small alpha units'><div class='post-entry post-entry-type-page post-entry-7668'><div class='entry-content-wrapper clearfix'>\n\n<style type=\"text\/css\" data-created_by=\"avia_inline_auto\" id=\"style-css-av-kstwb8-5855ec87b9e318d3e9fd4d020897c28e\">\n#top .hr.hr-invisible.av-kstwb8-5855ec87b9e318d3e9fd4d020897c28e{\nheight:50px;\n}\n<\/style>\n<div  class='hr av-kstwb8-5855ec87b9e318d3e9fd4d020897c28e hr-invisible  avia-builder-el-13  el_before_av_one_fifth  avia-builder-el-first '><span class='hr-inner '><span class=\"hr-inner-style\"><\/span><\/span><\/div>\n\n<style type=\"text\/css\" data-created_by=\"avia_inline_auto\" id=\"style-css-av-jq9810-e365560ef4238d46e1de2d3be503f307\">\n.flex_column.av-jq9810-e365560ef4238d46e1de2d3be503f307{\nborder-radius:0px 0px 0px 0px;\npadding:0px 0px 0px 0px;\n}\n<\/style>\n<div  class='flex_column av-jq9810-e365560ef4238d46e1de2d3be503f307 av_one_fifth  avia-builder-el-14  el_after_av_hr  el_before_av_three_fifth  first flex_column_div av-zero-column-padding  '     ><\/div>\n<style type=\"text\/css\" data-created_by=\"avia_inline_auto\" id=\"style-css-av-h5zw4k-ef5873ba0140c17c05ecef8aa9359277\">\n.flex_column.av-h5zw4k-ef5873ba0140c17c05ecef8aa9359277{\nborder-radius:0px 0px 0px 0px;\npadding:0px 0px 0px 0px;\n}\n<\/style>\n<div  class='flex_column av-h5zw4k-ef5873ba0140c17c05ecef8aa9359277 av_three_fifth  avia-builder-el-15  el_after_av_one_fifth  el_before_av_one_fifth  flex_column_div av-zero-column-padding  '     ><style type=\"text\/css\" data-created_by=\"avia_inline_auto\" id=\"style-css-av-1j7ouc-99ef2c346d9d212ce1ed33ef0b2542bc\">\n#top .av_textblock_section.av-1j7ouc-99ef2c346d9d212ce1ed33ef0b2542bc .avia_textblock{\nfont-size:24px;\ncolor:#ffffff;\n}\n<\/style>\n<section  class='av_textblock_section av-1j7ouc-99ef2c346d9d212ce1ed33ef0b2542bc '   itemscope=\"itemscope\" itemtype=\"https:\/\/schema.org\/CreativeWork\" ><div class='avia_textblock av_inherit_color'  itemprop=\"text\" ><p style=\"text-align: center;\"><strong>Ha elnyerte tetsz\u00e9s\u00e9t ez a kollekci\u00f3, forduljon hozz\u00e1nk bizalommal!<\/strong><\/p>\n<p style=\"text-align: center;\"><strong>Adja meg el\u00e9rhet\u0151s\u00e9g\u00e9t \u00e9s munkat\u00e1rsaink hamarosan felveszik \u00d6nnel a kapcsolatot!\u00a0<\/strong><\/p>\n<\/div><\/section><br \/>\n<form action=\"https:\/\/www.bau-styl.hu\/furdoszobaszalon\/grohe-rainshower-smartcontrol\/\" method=\"post\" data-fields-with-error=\"Found errors in the following field(s):\" class=\"avia_ajax_form av-form-labels-visible   avia-builder-el-17  el_after_av_textblock  avia-builder-el-last  av-custom-form-color av-light-form \" data-avia-form-id=\"1\" data-avia-redirect='https:\/\/www.bau-styl.hu\/furdoszobaszalon\/koszonjuk-erdeklodeset\/' ><fieldset><p class='  first_form  form_element form_element_third' id='element_avia_1_1'><label for=\"avia_1_1\">N\u00e9v <abbr class=\"required\" title=\"required\">*<\/abbr><\/label> <input name=\"avia_1_1\" class=\"text_input is_empty\" type=\"text\" id=\"avia_1_1\" value=\"\" \/><\/p><p class='  form_element form_element_third' id='element_avia_2_1'><label for=\"avia_2_1\">E-Mail c\u00edm <abbr class=\"required\" title=\"required\">*<\/abbr><\/label> <input name=\"avia_2_1\" class=\"text_input is_email\" type=\"text\" id=\"avia_2_1\" value=\"\" \/><\/p><p class='  form_element form_element_third' id='element_avia_3_1'><label for=\"avia_3_1\">Telefonsz\u00e1m <abbr class=\"required\" title=\"required\">*<\/abbr><\/label> <input name=\"avia_3_1\" class=\"text_input is_phone\" type=\"text\" id=\"avia_3_1\" value=\"\" \/><\/p><p class='  first_form  form_element form_fullwidth' id='element_avia_4_1'><label for=\"avia_4_1\">C\u00edm <abbr class=\"required\" title=\"required\">*<\/abbr><\/label> <input name=\"avia_4_1\" class=\"text_input is_empty\" type=\"text\" id=\"avia_4_1\" value=\"\" \/><\/p><p class='  first_form  form_element form_fullwidth' id='element_avia_5_1'><label for=\"avia_5_1\" class=\"textare_label hidden textare_label_avia_5_1\">Megjegyz\u00e9s<\/label><textarea  name=\"avia_5_1\" class=\"text_area \" cols=\"40\" rows=\"7\" id=\"avia_5_1\" ><\/textarea><\/p><p class=\"hidden\"><input type=\"text\" name=\"avia_6_1\" class=\"hidden \" id=\"avia_6_1\" value=\"\" \/><\/p><p class=' av_form_privacy_check av_contact_privacy_check first_form  form_element form_fullwidth' id='element_avia_7_1'><input  name=\"avia_7_1\" class=\"input_checkbox is_empty\" type=\"checkbox\" id=\"avia_7_1\" value=\"true\"\/><label class=\"input_checkbox_label\" for=\"avia_7_1\">Elfogadom az adatkezel\u00e9si nyilatkozatot <abbr class=\"required\" title=\"required\">*<\/abbr><\/label><\/p><p class=\"form_element \"><input type=\"hidden\" value=\"1\" name=\"avia_generated_form1\" \/><input type=\"submit\" value=\"K\u00fcld\u00e9s\" class=\"button\"  data-sending-label=\"K\u00fcld\u00e9s\"\/><\/p><\/fieldset><\/form><div id=\"ajaxresponse_1\" class=\"ajaxresponse ajaxresponse_1 hidden\"><\/div><\/p><\/div>\n<style type=\"text\/css\" data-created_by=\"avia_inline_auto\" id=\"style-css-av-4l90v8-d6e4a9986d333e413530f36b318cbbb6\">\n.flex_column.av-4l90v8-d6e4a9986d333e413530f36b318cbbb6{\nborder-radius:0px 0px 0px 0px;\npadding:0px 0px 0px 0px;\n}\n<\/style>\n<div  class='flex_column av-4l90v8-d6e4a9986d333e413530f36b318cbbb6 av_one_fifth  avia-builder-el-18  el_after_av_three_fifth  el_before_av_hr  flex_column_div av-zero-column-padding  '     ><\/div>\n<style type=\"text\/css\" data-created_by=\"avia_inline_auto\" id=\"style-css-av-2y0lw4-2e70578e6a15a123ee5718f4a127b696\">\n#top .hr.hr-invisible.av-2y0lw4-2e70578e6a15a123ee5718f4a127b696{\nheight:50px;\n}\n<\/style>\n<div  class='hr av-2y0lw4-2e70578e6a15a123ee5718f4a127b696 hr-invisible  avia-builder-el-19  el_after_av_one_fifth  avia-builder-el-last '><span class='hr-inner '><span class=\"hr-inner-style\"><\/span><\/span><\/div>\n<\/div><\/div><\/div><!-- close content main div --><\/div><\/div><\/div><div id='after_section_3'  class='main_color av_default_container_wrap container_wrap sidebar_right'  ><div class='container av-section-cont-open' ><div class='template-page content  av-content-small alpha units'><div class='post-entry post-entry-type-page post-entry-7668'><div class='entry-content-wrapper clearfix'><\/p>\n","protected":false},"excerpt":{"rendered":"","protected":false},"author":2,"featured_media":0,"parent":0,"menu_order":0,"comment_status":"closed","ping_status":"closed","template":"","meta":{"footnotes":""},"class_list":["post-7668","page","type-page","status-publish","hentry"],"aioseo_notices":[],"_links":{"self":[{"href":"https:\/\/www.bau-styl.hu\/furdoszobaszalon\/wp-json\/wp\/v2\/pages\/7668","targetHints":{"allow":["GET"]}}],"collection":[{"href":"https:\/\/www.bau-styl.hu\/furdoszobaszalon\/wp-json\/wp\/v2\/pages"}],"about":[{"href":"https:\/\/www.bau-styl.hu\/furdoszobaszalon\/wp-json\/wp\/v2\/types\/page"}],"author":[{"embeddable":true,"href":"https:\/\/www.bau-styl.hu\/furdoszobaszalon\/wp-json\/wp\/v2\/users\/2"}],"replies":[{"embeddable":true,"href":"https:\/\/www.bau-styl.hu\/furdoszobaszalon\/wp-json\/wp\/v2\/comments?post=7668"}],"version-history":[{"count":0,"href":"https:\/\/www.bau-styl.hu\/furdoszobaszalon\/wp-json\/wp\/v2\/pages\/7668\/revisions"}],"wp:attachment":[{"href":"https:\/\/www.bau-styl.hu\/furdoszobaszalon\/wp-json\/wp\/v2\/media?parent=7668"}],"curies":[{"name":"wp","href":"https:\/\/api.w.org\/{rel}","templated":true}]}}