{"id":7685,"date":"2024-01-19T06:53:41","date_gmt":"2024-01-19T05:53:41","guid":{"rendered":"https:\/\/www.bau-styl.hu\/furdoszobaszalon\/?page_id=7685"},"modified":"2024-01-19T06:53:41","modified_gmt":"2024-01-19T05:53:41","slug":"grohe-blue","status":"publish","type":"page","link":"https:\/\/www.bau-styl.hu\/furdoszobaszalon\/grohe-blue\/","title":{"rendered":"Grohe Blue"},"content":{"rendered":"\n<style type=\"text\/css\" data-created_by=\"avia_inline_auto\" id=\"style-css-av-11fzoo5-8d5663a24b229241ff2a9f989662803c\">\n.avia-section.av-11fzoo5-8d5663a24b229241ff2a9f989662803c{\nbackground-repeat:no-repeat;\nbackground-image:url(https:\/\/www.bau-styl.hu\/furdoszobaszalon\/wp-content\/uploads\/2016\/10\/Grohe-Blue-1.jpg);\nbackground-position:50% 50%;\nbackground-attachment:scroll;\n}\n.avia-section.av-11fzoo5-8d5663a24b229241ff2a9f989662803c .av-section-color-overlay{\nopacity:0.5;\nbackground-color:#000000;\n}\n<\/style>\n<div id='av_section_1'  class='avia-section av-11fzoo5-8d5663a24b229241ff2a9f989662803c main_color avia-section-default avia-no-shadow  avia-builder-el-0  el_before_av_section  avia-builder-el-first  avia-full-stretch avia-bg-style-scroll av-section-color-overlay-active container_wrap sidebar_right'  data-section-bg-repeat='stretch'><div class=\"av-section-color-overlay-wrap\"><div class=\"av-section-color-overlay\"><\/div><div class='container av-section-cont-open' ><main  role=\"main\" itemprop=\"mainContentOfPage\"  class='template-page content  av-content-small alpha units'><div class='post-entry post-entry-type-page post-entry-7685'><div class='entry-content-wrapper clearfix'>\n\n<style type=\"text\/css\" data-created_by=\"avia_inline_auto\" id=\"style-css-av-zibyw5-0431b5c126e0ef709f435f784991f33b\">\n#top .hr.hr-invisible.av-zibyw5-0431b5c126e0ef709f435f784991f33b{\nheight:50px;\n}\n<\/style>\n<div  class='hr av-zibyw5-0431b5c126e0ef709f435f784991f33b hr-invisible  avia-builder-el-1  el_before_av_textblock  avia-builder-el-first '><span class='hr-inner '><span class=\"hr-inner-style\"><\/span><\/span><\/div>\n\n<style type=\"text\/css\" data-created_by=\"avia_inline_auto\" id=\"style-css-av-xu0bvp-88da7bd9aebe14de6933309bbcb1c173\">\n#top .av_textblock_section.av-xu0bvp-88da7bd9aebe14de6933309bbcb1c173 .avia_textblock{\nfont-size:24px;\ncolor:#ffffff;\n}\n<\/style>\n<section  class='av_textblock_section av-xu0bvp-88da7bd9aebe14de6933309bbcb1c173 '   itemscope=\"itemscope\" itemtype=\"https:\/\/schema.org\/CreativeWork\" ><div class='avia_textblock av_inherit_color'  itemprop=\"text\" ><p style=\"text-align: center;\"><b>BLUE<\/b><\/p>\n<\/div><\/section>\n\n<style type=\"text\/css\" data-created_by=\"avia_inline_auto\" id=\"style-css-av-wdqgyt-e7334807a47e59afc6e39699fea1b020\">\n#top .hr.hr-invisible.av-wdqgyt-e7334807a47e59afc6e39699fea1b020{\nheight:50px;\n}\n<\/style>\n<div  class='hr av-wdqgyt-e7334807a47e59afc6e39699fea1b020 hr-invisible  avia-builder-el-3  el_after_av_textblock  avia-builder-el-last '><span class='hr-inner '><span class=\"hr-inner-style\"><\/span><\/span><\/div>\n\n<\/div><\/div><\/main><!-- close content main element --><\/div><\/div><\/div><div id='av_section_2'  class='avia-section av-v8vx5h-06adb89d4ea4058b34bb24111d07ba12 main_color avia-section-default avia-no-shadow  avia-builder-el-4  el_after_av_section  el_before_av_section  avia-bg-style-scroll container_wrap sidebar_right'  ><div class='container av-section-cont-open' ><div class='template-page content  av-content-small alpha units'><div class='post-entry post-entry-type-page post-entry-7685'><div class='entry-content-wrapper clearfix'>\n<section  class='av_textblock_section av-sf7311-04f0d042328e2967fb234601c364adf2 '   itemscope=\"itemscope\" itemtype=\"https:\/\/schema.org\/CreativeWork\" ><div class='avia_textblock'  itemprop=\"text\" ><p style=\"text-align: justify;\">A Blue egy konyhai csaptelep-csal\u00e1d, melyet formatervezett design-ja mellett a Grohe Blue sz\u0171r\u0151bet\u00e9t tesz ellen\u00e1llhatatlann\u00e1. Ez a technol\u00f3gia lehet\u0151v\u00e9 teszi, hogy az \u00e1tlagos csapv\u00edzb\u0151l k\u00f6nnyed\u00e9n ihat\u00f3, tiszta vizet var\u00e1zsoljunk. A jobb oldali kar felel a v\u00edz h\u0151m\u00e9rs\u00e9klet\u00e9rt, m\u00edg a bal oldali led kijelz\u0151vel ell\u00e1tott forgat\u00f3gombbal a sz\u00e9nsav mennyis\u00e9g\u00e9t \u00e1ll\u00edthatjuk. Ez a k\u00f6rnyezettudatos megold\u00e1s nem csak praktikus, de a palackozott \u00e1sv\u00e1nyvizekhez tartoz\u00f3 m\u0171anyagflakon okozta probl\u00e9m\u00e1kt\u00f3l is teljes m\u00e9rt\u00e9kben mentes\u00fcl.<\/p>\n<\/div><\/section>\n<section  class='av_textblock_section av-pd983y-b1fa89478f6804fa4b17eb2c905af87b '   itemscope=\"itemscope\" itemtype=\"https:\/\/schema.org\/CreativeWork\" ><div class='avia_textblock'  itemprop=\"text\" ><p style=\"text-align: right;\"><mark><strong><a href=\"#ajanlat\">Aj\u00e1nlatot k\u00e9rek!<\/a><\/strong><\/mark><\/p>\n<\/div><\/section>\n\n<style type=\"text\/css\" data-created_by=\"avia_inline_auto\" id=\"style-css-av-r6xi79-a6e28236cc1c84fc734b4c82fd576168\">\n#top .hr.hr-invisible.av-r6xi79-a6e28236cc1c84fc734b4c82fd576168{\nheight:50px;\n}\n<\/style>\n<div  class='hr av-r6xi79-a6e28236cc1c84fc734b4c82fd576168 hr-invisible  avia-builder-el-7  el_after_av_textblock  el_before_av_gallery '><span class='hr-inner '><span class=\"hr-inner-style\"><\/span><\/span><\/div>\n\n<style type=\"text\/css\" data-created_by=\"avia_inline_auto\" id=\"style-css-av-pv641x-ee317bdcebbb35051b97dcfe321fcf0e\">\n#top .avia-gallery.av-pv641x-ee317bdcebbb35051b97dcfe321fcf0e .avia-gallery-thumb a{\nwidth:20%;\n}\n<\/style>\n<div  class='avia-gallery av-pv641x-ee317bdcebbb35051b97dcfe321fcf0e avia_animate_when_visible  avia-builder-el-8  el_after_av_hr  el_before_av_hr  deactivate_avia_lazyload avia-gallery-animate avia-gallery-1'  itemprop=\"image\" itemscope=\"itemscope\" itemtype=\"https:\/\/schema.org\/ImageObject\" ><meta itemprop=\"contentURL\" content=\"https:\/\/www.bau-styl.hu\/furdoszobaszalon\/grohe-blue\/\"><div class='avia-gallery-thumb'><a href=\"https:\/\/www.bau-styl.hu\/furdoszobaszalon\/wp-content\/uploads\/2016\/10\/Grohe-Blue-1-922x1030.jpg\" data-srcset=\"https:\/\/www.bau-styl.hu\/furdoszobaszalon\/wp-content\/uploads\/2016\/10\/Grohe-Blue-1-922x1030.jpg 922w, https:\/\/www.bau-styl.hu\/furdoszobaszalon\/wp-content\/uploads\/2016\/10\/Grohe-Blue-1-269x300.jpg 269w, https:\/\/www.bau-styl.hu\/furdoszobaszalon\/wp-content\/uploads\/2016\/10\/Grohe-Blue-1-768x858.jpg 768w, https:\/\/www.bau-styl.hu\/furdoszobaszalon\/wp-content\/uploads\/2016\/10\/Grohe-Blue-1-1343x1500.jpg 1343w, https:\/\/www.bau-styl.hu\/furdoszobaszalon\/wp-content\/uploads\/2016\/10\/Grohe-Blue-1-631x705.jpg 631w, https:\/\/www.bau-styl.hu\/furdoszobaszalon\/wp-content\/uploads\/2016\/10\/Grohe-Blue-1-450x502.jpg 450w, https:\/\/www.bau-styl.hu\/furdoszobaszalon\/wp-content\/uploads\/2016\/10\/Grohe-Blue-1.jpg 1509w\" data-sizes=\"(max-width: 922px) 100vw, 922px\" data-rel='gallery-1' data-prev-img='https:\/\/www.bau-styl.hu\/furdoszobaszalon\/wp-content\/uploads\/2016\/10\/Grohe-Blue-1-495x400.jpg' class='first_thumb lightbox ' data-onclick='1' title='Grohe Blue'  itemprop=\"thumbnailUrl\"  ><img decoding=\"async\" fetchpriority=\"high\" class=\"wp-image-7686 avia-img-lazy-loading-not-7686\"   src=\"https:\/\/www.bau-styl.hu\/furdoszobaszalon\/wp-content\/uploads\/2016\/10\/Grohe-Blue-1-495x400.jpg\" width=\"495\" height=\"400\"  title='Grohe Blue' alt='Grohe Blue' srcset=\"https:\/\/www.bau-styl.hu\/furdoszobaszalon\/wp-content\/uploads\/2016\/10\/Grohe-Blue-1-495x400.jpg 495w, https:\/\/www.bau-styl.hu\/furdoszobaszalon\/wp-content\/uploads\/2016\/10\/Grohe-Blue-1-845x684.jpg 845w\" sizes=\"(max-width: 495px) 100vw, 495px\" \/><div class='big-prev-fake'><img decoding=\"async\" loading=\"lazy\" class=\"wp-image-7686 avia-img-lazy-loading-7686\"  width=\"495\" height=\"400\" src=\"https:\/\/www.bau-styl.hu\/furdoszobaszalon\/wp-content\/uploads\/2016\/10\/Grohe-Blue-1-495x400.jpg\" title='Grohe Blue' alt='Grohe Blue' srcset=\"https:\/\/www.bau-styl.hu\/furdoszobaszalon\/wp-content\/uploads\/2016\/10\/Grohe-Blue-1-495x400.jpg 495w, https:\/\/www.bau-styl.hu\/furdoszobaszalon\/wp-content\/uploads\/2016\/10\/Grohe-Blue-1-845x684.jpg 845w\" sizes=\"auto, (max-width: 495px) 100vw, 495px\" \/><\/div><\/a><a href=\"https:\/\/www.bau-styl.hu\/furdoszobaszalon\/wp-content\/uploads\/2016\/10\/Grohe-Blue-2-1030x975.jpg\" data-srcset=\"https:\/\/www.bau-styl.hu\/furdoszobaszalon\/wp-content\/uploads\/2016\/10\/Grohe-Blue-2-1030x975.jpg 1030w, https:\/\/www.bau-styl.hu\/furdoszobaszalon\/wp-content\/uploads\/2016\/10\/Grohe-Blue-2-300x284.jpg 300w, https:\/\/www.bau-styl.hu\/furdoszobaszalon\/wp-content\/uploads\/2016\/10\/Grohe-Blue-2-768x727.jpg 768w, https:\/\/www.bau-styl.hu\/furdoszobaszalon\/wp-content\/uploads\/2016\/10\/Grohe-Blue-2-1500x1420.jpg 1500w, https:\/\/www.bau-styl.hu\/furdoszobaszalon\/wp-content\/uploads\/2016\/10\/Grohe-Blue-2-705x668.jpg 705w, https:\/\/www.bau-styl.hu\/furdoszobaszalon\/wp-content\/uploads\/2016\/10\/Grohe-Blue-2-450x426.jpg 450w, https:\/\/www.bau-styl.hu\/furdoszobaszalon\/wp-content\/uploads\/2016\/10\/Grohe-Blue-2.jpg 1881w\" data-sizes=\"(max-width: 1030px) 100vw, 1030px\" data-rel='gallery-1' data-prev-img='https:\/\/www.bau-styl.hu\/furdoszobaszalon\/wp-content\/uploads\/2016\/10\/Grohe-Blue-2-495x400.jpg' class='lightbox ' data-onclick='2' title='Grohe Blue'  itemprop=\"thumbnailUrl\"  ><img decoding=\"async\" fetchpriority=\"high\" class=\"wp-image-7687 avia-img-lazy-loading-not-7687\"   src=\"https:\/\/www.bau-styl.hu\/furdoszobaszalon\/wp-content\/uploads\/2016\/10\/Grohe-Blue-2-495x400.jpg\" width=\"495\" height=\"400\"  title='Grohe Blue' alt='Grohe Blue' srcset=\"https:\/\/www.bau-styl.hu\/furdoszobaszalon\/wp-content\/uploads\/2016\/10\/Grohe-Blue-2-495x400.jpg 495w, https:\/\/www.bau-styl.hu\/furdoszobaszalon\/wp-content\/uploads\/2016\/10\/Grohe-Blue-2-845x684.jpg 845w\" sizes=\"(max-width: 495px) 100vw, 495px\" \/><div class='big-prev-fake'><img decoding=\"async\" loading=\"lazy\" class=\"wp-image-7687 avia-img-lazy-loading-7687\"  width=\"495\" height=\"400\" src=\"https:\/\/www.bau-styl.hu\/furdoszobaszalon\/wp-content\/uploads\/2016\/10\/Grohe-Blue-2-495x400.jpg\" title='Grohe Blue' alt='Grohe Blue' srcset=\"https:\/\/www.bau-styl.hu\/furdoszobaszalon\/wp-content\/uploads\/2016\/10\/Grohe-Blue-2-495x400.jpg 495w, https:\/\/www.bau-styl.hu\/furdoszobaszalon\/wp-content\/uploads\/2016\/10\/Grohe-Blue-2-845x684.jpg 845w\" sizes=\"auto, (max-width: 495px) 100vw, 495px\" \/><\/div><\/a><\/div><\/div>\n\n<style type=\"text\/css\" data-created_by=\"avia_inline_auto\" id=\"style-css-av-o4edqt-91280fc697c5897d5bff0dba5793491d\">\n#top .hr.hr-invisible.av-o4edqt-91280fc697c5897d5bff0dba5793491d{\nheight:50px;\n}\n<\/style>\n<div  class='hr av-o4edqt-91280fc697c5897d5bff0dba5793491d hr-invisible  avia-builder-el-9  el_after_av_gallery  el_before_av_one_full '><span class='hr-inner '><span class=\"hr-inner-style\"><\/span><\/span><\/div>\n\n<style type=\"text\/css\" data-created_by=\"avia_inline_auto\" id=\"style-css-av-tetkvb-3ef41c2f1f640cd589dee9b33c83cf85\">\n.flex_column.av-tetkvb-3ef41c2f1f640cd589dee9b33c83cf85{\nborder-radius:0px 0px 0px 0px;\npadding:0px 0px 0px 0px;\n}\n<\/style>\n<div  class='flex_column av-tetkvb-3ef41c2f1f640cd589dee9b33c83cf85 av_one_full  avia-builder-el-10  el_after_av_hr  avia-builder-el-last  first flex_column_div av-zero-column-padding  '     ><section  class='av_textblock_section av-k6tfxpen-742ec54894f8b28555c7357493501403 '   itemscope=\"itemscope\" itemtype=\"https:\/\/schema.org\/CreativeWork\" ><div class='avia_textblock'  itemprop=\"text\" ><p style=\"text-align: right;\"><a href=\"https:\/\/www.bau-styl.hu\/furdoszobaszalon\/index.php\/grohe\/\">Vissza minden Grohe kollekci\u00f3hoz<\/a><\/p>\n<\/div><\/section><\/div>\n\n<\/div><\/div><\/div><!-- close content main div --><\/div><\/div>\n<style type=\"text\/css\" data-created_by=\"avia_inline_auto\" id=\"style-css-av-lt7p3p-64bbb407182cfedfd201da390b5a038a\">\n.avia-section.av-lt7p3p-64bbb407182cfedfd201da390b5a038a{\nbackground-repeat:no-repeat;\nbackground-image:url(https:\/\/www.bau-styl.hu\/furdoszobaszalon\/wp-content\/uploads\/2016\/10\/Grohe-Blue-2.jpg);\nbackground-position:50% 50%;\nbackground-attachment:scroll;\n}\n.avia-section.av-lt7p3p-64bbb407182cfedfd201da390b5a038a .av-section-color-overlay{\nopacity:0.5;\nbackground-color:#000000;\n}\n<\/style>\n<div id='ajanlat'  class='avia-section av-lt7p3p-64bbb407182cfedfd201da390b5a038a main_color avia-section-default avia-no-shadow  avia-builder-el-12  el_after_av_section  avia-builder-el-last  avia-full-stretch avia-bg-style-scroll av-section-color-overlay-active container_wrap sidebar_right'  data-section-bg-repeat='stretch'><div class=\"av-section-color-overlay-wrap\"><div class=\"av-section-color-overlay\"><\/div><div class='container av-section-cont-open' ><div class='template-page content  av-content-small alpha units'><div class='post-entry post-entry-type-page post-entry-7685'><div class='entry-content-wrapper clearfix'>\n\n<style type=\"text\/css\" data-created_by=\"avia_inline_auto\" id=\"style-css-av-kj9w2d-ac30db3cd73259955e584f202480e2ec\">\n#top .hr.hr-invisible.av-kj9w2d-ac30db3cd73259955e584f202480e2ec{\nheight:50px;\n}\n<\/style>\n<div  class='hr av-kj9w2d-ac30db3cd73259955e584f202480e2ec hr-invisible  avia-builder-el-13  el_before_av_one_fifth  avia-builder-el-first '><span class='hr-inner '><span class=\"hr-inner-style\"><\/span><\/span><\/div>\n\n<style type=\"text\/css\" data-created_by=\"avia_inline_auto\" id=\"style-css-av-id4ymt-e9f3fb3af4864c8ddaefdb2e9f781a53\">\n.flex_column.av-id4ymt-e9f3fb3af4864c8ddaefdb2e9f781a53{\nborder-radius:0px 0px 0px 0px;\npadding:0px 0px 0px 0px;\n}\n<\/style>\n<div  class='flex_column av-id4ymt-e9f3fb3af4864c8ddaefdb2e9f781a53 av_one_fifth  avia-builder-el-14  el_after_av_hr  el_before_av_three_fifth  first flex_column_div av-zero-column-padding  '     ><\/div>\n<style type=\"text\/css\" data-created_by=\"avia_inline_auto\" id=\"style-css-av-htt8c5-8a851e5755426cdf2023bb4a556be08d\">\n.flex_column.av-htt8c5-8a851e5755426cdf2023bb4a556be08d{\nborder-radius:0px 0px 0px 0px;\npadding:0px 0px 0px 0px;\n}\n<\/style>\n<div  class='flex_column av-htt8c5-8a851e5755426cdf2023bb4a556be08d av_three_fifth  avia-builder-el-15  el_after_av_one_fifth  el_before_av_one_fifth  flex_column_div av-zero-column-padding  '     ><style type=\"text\/css\" data-created_by=\"avia_inline_auto\" id=\"style-css-av-fkfhnp-bcd3a256992dac12ed433e6e851d0cb4\">\n#top .av_textblock_section.av-fkfhnp-bcd3a256992dac12ed433e6e851d0cb4 .avia_textblock{\nfont-size:24px;\ncolor:#ffffff;\n}\n<\/style>\n<section  class='av_textblock_section av-fkfhnp-bcd3a256992dac12ed433e6e851d0cb4 '   itemscope=\"itemscope\" itemtype=\"https:\/\/schema.org\/CreativeWork\" ><div class='avia_textblock av_inherit_color'  itemprop=\"text\" ><p style=\"text-align: center;\"><strong>Ha elnyerte tetsz\u00e9s\u00e9t ez a kollekci\u00f3, forduljon hozz\u00e1nk bizalommal!<\/strong><\/p>\n<p style=\"text-align: center;\"><strong>Adja meg el\u00e9rhet\u0151s\u00e9g\u00e9t \u00e9s munkat\u00e1rsaink hamarosan felveszik \u00d6nnel a kapcsolatot!\u00a0<\/strong><\/p>\n<\/div><\/section><br \/>\n<form action=\"https:\/\/www.bau-styl.hu\/furdoszobaszalon\/grohe-blue\/\" method=\"post\" data-fields-with-error=\"Found errors in the following field(s):\" class=\"avia_ajax_form av-form-labels-visible   avia-builder-el-17  el_after_av_textblock  avia-builder-el-last  av-custom-form-color av-light-form \" data-avia-form-id=\"1\" data-avia-redirect='https:\/\/www.bau-styl.hu\/furdoszobaszalon\/koszonjuk-erdeklodeset\/' ><fieldset><p class='  first_form  form_element form_element_third' id='element_avia_1_1'><label for=\"avia_1_1\">N\u00e9v <abbr class=\"required\" title=\"required\">*<\/abbr><\/label> <input name=\"avia_1_1\" class=\"text_input is_empty\" type=\"text\" id=\"avia_1_1\" value=\"\" \/><\/p><p class='  form_element form_element_third' id='element_avia_2_1'><label for=\"avia_2_1\">E-Mail c\u00edm <abbr class=\"required\" title=\"required\">*<\/abbr><\/label> <input name=\"avia_2_1\" class=\"text_input is_email\" type=\"text\" id=\"avia_2_1\" value=\"\" \/><\/p><p class='  form_element form_element_third' id='element_avia_3_1'><label for=\"avia_3_1\">Telefonsz\u00e1m <abbr class=\"required\" title=\"required\">*<\/abbr><\/label> <input name=\"avia_3_1\" class=\"text_input is_phone\" type=\"text\" id=\"avia_3_1\" value=\"\" \/><\/p><p class='  first_form  form_element form_fullwidth' id='element_avia_4_1'><label for=\"avia_4_1\">C\u00edm <abbr class=\"required\" title=\"required\">*<\/abbr><\/label> <input name=\"avia_4_1\" class=\"text_input is_empty\" type=\"text\" id=\"avia_4_1\" value=\"\" \/><\/p><p class='  first_form  form_element form_fullwidth' id='element_avia_5_1'><label for=\"avia_5_1\" class=\"textare_label hidden textare_label_avia_5_1\">Megjegyz\u00e9s<\/label><textarea  name=\"avia_5_1\" class=\"text_area \" cols=\"40\" rows=\"7\" id=\"avia_5_1\" ><\/textarea><\/p><p class=\"hidden\"><input type=\"text\" name=\"avia_6_1\" class=\"hidden \" id=\"avia_6_1\" value=\"\" \/><\/p><p class=' av_form_privacy_check av_contact_privacy_check first_form  form_element form_fullwidth' id='element_avia_7_1'><input  name=\"avia_7_1\" class=\"input_checkbox is_empty\" type=\"checkbox\" id=\"avia_7_1\" value=\"true\"\/><label class=\"input_checkbox_label\" for=\"avia_7_1\">Elfogadom az adatkezel\u00e9si nyilatkozatot <abbr class=\"required\" title=\"required\">*<\/abbr><\/label><\/p><p class=\"form_element \"><input type=\"hidden\" value=\"1\" name=\"avia_generated_form1\" \/><input type=\"submit\" value=\"K\u00fcld\u00e9s\" class=\"button\"  data-sending-label=\"K\u00fcld\u00e9s\"\/><\/p><\/fieldset><\/form><div id=\"ajaxresponse_1\" class=\"ajaxresponse ajaxresponse_1 hidden\"><\/div><\/p><\/div>\n<style type=\"text\/css\" data-created_by=\"avia_inline_auto\" id=\"style-css-av-4xamg5-817f6eabdd70e0b9c1454c5d5f477d86\">\n.flex_column.av-4xamg5-817f6eabdd70e0b9c1454c5d5f477d86{\nborder-radius:0px 0px 0px 0px;\npadding:0px 0px 0px 0px;\n}\n<\/style>\n<div  class='flex_column av-4xamg5-817f6eabdd70e0b9c1454c5d5f477d86 av_one_fifth  avia-builder-el-18  el_after_av_three_fifth  el_before_av_hr  flex_column_div av-zero-column-padding  '     ><\/div>\n<style type=\"text\/css\" data-created_by=\"avia_inline_auto\" id=\"style-css-av-2gyr51-23e99f56e69389da7473a413145b75b2\">\n#top .hr.hr-invisible.av-2gyr51-23e99f56e69389da7473a413145b75b2{\nheight:50px;\n}\n<\/style>\n<div  class='hr av-2gyr51-23e99f56e69389da7473a413145b75b2 hr-invisible  avia-builder-el-19  el_after_av_one_fifth  avia-builder-el-last '><span class='hr-inner '><span class=\"hr-inner-style\"><\/span><\/span><\/div>\n<\/div><\/div><\/div><!-- close content main div --><\/div><\/div><\/div><div id='after_section_3'  class='main_color av_default_container_wrap container_wrap sidebar_right'  ><div class='container av-section-cont-open' ><div class='template-page content  av-content-small alpha units'><div class='post-entry post-entry-type-page post-entry-7685'><div class='entry-content-wrapper clearfix'>\n","protected":false},"excerpt":{"rendered":"","protected":false},"author":2,"featured_media":0,"parent":0,"menu_order":0,"comment_status":"closed","ping_status":"closed","template":"","meta":{"footnotes":""},"class_list":["post-7685","page","type-page","status-publish","hentry"],"aioseo_notices":[],"_links":{"self":[{"href":"https:\/\/www.bau-styl.hu\/furdoszobaszalon\/wp-json\/wp\/v2\/pages\/7685","targetHints":{"allow":["GET"]}}],"collection":[{"href":"https:\/\/www.bau-styl.hu\/furdoszobaszalon\/wp-json\/wp\/v2\/pages"}],"about":[{"href":"https:\/\/www.bau-styl.hu\/furdoszobaszalon\/wp-json\/wp\/v2\/types\/page"}],"author":[{"embeddable":true,"href":"https:\/\/www.bau-styl.hu\/furdoszobaszalon\/wp-json\/wp\/v2\/users\/2"}],"replies":[{"embeddable":true,"href":"https:\/\/www.bau-styl.hu\/furdoszobaszalon\/wp-json\/wp\/v2\/comments?post=7685"}],"version-history":[{"count":0,"href":"https:\/\/www.bau-styl.hu\/furdoszobaszalon\/wp-json\/wp\/v2\/pages\/7685\/revisions"}],"wp:attachment":[{"href":"https:\/\/www.bau-styl.hu\/furdoszobaszalon\/wp-json\/wp\/v2\/media?parent=7685"}],"curies":[{"name":"wp","href":"https:\/\/api.w.org\/{rel}","templated":true}]}}